{"id":2761,"date":"2024-10-21T16:41:28","date_gmt":"2024-10-21T16:41:28","guid":{"rendered":"https:\/\/rfid-laundry-tag.com\/?post_type=product&#038;p=2761"},"modified":"2024-10-21T16:54:52","modified_gmt":"2024-10-21T16:54:52","slug":"iso15693-i-code-slix-patrol-nfc-tag","status":"publish","type":"product","link":"https:\/\/rfid-laundry-tag.com\/es\/iso15693-i-code-slix-patrol-nfc-tag\/","title":{"rendered":"Etiqueta NFC de patrullaje ISO15693 I CODE SLIX"},"content":{"rendered":"<h1>Etiqueta NFC de patrullaje ISO15693 I CODE SLIX<\/h1>\n<p>El\u00a0<strong>Etiqueta NFC ICODE SLI X Patrol<\/strong>\u00a0est\u00e1 dise\u00f1ado para quienes exigen confiabilidad y rendimiento en entornos desafiantes. Este avanzado\u00a0<strong>Etiqueta NFC<\/strong>\u00a0Es perfecto para aplicaciones de patrullaje, ya que permite una comunicaci\u00f3n fluida con dispositivos habilitados con NFC. Dise\u00f1ado para resistir el paso del tiempo y las duras condiciones, ofrece una incre\u00edble\u00a0<strong>IP65<\/strong>\u00a0Clasificaci\u00f3n IP65, lo que garantiza que siga funcionando incluso cuando est\u00e9 expuesto a la humedad y al polvo. Con sus opciones de personalizaci\u00f3n y su alta durabilidad, el ICODE SLI X es una herramienta esencial para el personal de seguridad, el seguimiento de activos y diversas aplicaciones industriales.<\/p>\n<h2 class=\"AnswerParser_AnswerParserH2__SIHnF\">Caracter\u00edsticas y ventajas de la etiqueta NFC ICODE SLI X<\/h2>\n<ul class=\"AnswerParser_AnswerParserUnorderedList__P_1FW\">\n<li class=\"AnswerParser_ListItem__XqLOV\" translate=\"yes\"><strong>Construcci\u00f3n duradera<\/strong>:Hecho de\u00a0<strong>abdominales<\/strong>\u00a0Material: El ICODE SLI X es resistente a da\u00f1os f\u00edsicos y factores ambientales.<\/li>\n<li class=\"AnswerParser_ListItem__XqLOV\" translate=\"yes\"><strong>Tama\u00f1os vers\u00e1tiles<\/strong>:Disponible en\u00a0<strong>25 mm, 30 mm y 52 mm<\/strong>\u00a0Opciones de di\u00e1metro, esta etiqueta se puede adaptar para satisfacer necesidades de aplicaci\u00f3n espec\u00edficas.<\/li>\n<li class=\"AnswerParser_ListItem__XqLOV\" translate=\"yes\"><strong>Rendimiento alto<\/strong>:Operando en\u00a0<strong>13,56MHz<\/strong>La etiqueta proporciona un rendimiento superior en la transferencia de datos, lo que permite una comunicaci\u00f3n r\u00e1pida y confiable.<\/li>\n<\/ul>\n<table class=\"all magic-8\">\n<tbody>\n<tr>\n<td colspan=\"1\" rowspan=\"1\">\n<div class=\"magic-9\" data-spm-anchor-id=\"a2700.details.0.i71.50be21afmO5Aid\">Chip<\/div>\n<\/td>\n<td colspan=\"1\" rowspan=\"1\">\n<div class=\"magic-10\">ICODE SLI X (Personalizado)<\/div>\n<\/td>\n<\/tr>\n<tr>\n<td colspan=\"1\" rowspan=\"1\">\n<div class=\"magic-9\">Dimensiones<\/div>\n<\/td>\n<td colspan=\"1\" rowspan=\"1\">\n<div class=\"magic-10\" data-spm-anchor-id=\"a2700.details.0.i73.50be21afmO5Aid\">25 mm, 30 mm, 52 mm de di\u00e1metro (personalizado)<\/div>\n<\/td>\n<\/tr>\n<tr>\n<td colspan=\"1\" rowspan=\"1\">\n<div class=\"magic-9\">Espesor<\/div>\n<\/td>\n<td colspan=\"1\" rowspan=\"1\">\n<div class=\"magic-10\">3 mm, tama\u00f1o del orificio: 5 mm de di\u00e1metro<\/div>\n<\/td>\n<\/tr>\n<tr>\n<td colspan=\"1\" rowspan=\"1\">\n<div class=\"magic-9\">Material<\/div>\n<\/td>\n<td colspan=\"1\" rowspan=\"1\">\n<div class=\"magic-10\">abdominales<\/div>\n<\/td>\n<\/tr>\n<tr>\n<td colspan=\"1\" rowspan=\"1\">\n<div class=\"magic-9\">Clasificaci\u00f3n IP<\/div>\n<\/td>\n<td colspan=\"1\" rowspan=\"1\">\n<div class=\"magic-10\">IP65<\/div>\n<\/td>\n<\/tr>\n<tr>\n<td colspan=\"1\" rowspan=\"1\">\n<div class=\"magic-9\">Temperatura de la aplicaci\u00f3n<\/div>\n<\/td>\n<td colspan=\"1\" rowspan=\"1\">\n<div class=\"magic-10\">-40 ~ 80\u00b0<\/div>\n<\/td>\n<\/tr>\n<tr>\n<td colspan=\"1\" rowspan=\"1\">\n<div class=\"magic-9\">Temperatura de funcionamiento<\/div>\n<\/td>\n<td colspan=\"1\" rowspan=\"1\">\n<div class=\"magic-10\" data-spm-anchor-id=\"a2700.details.0.i72.50be21afmO5Aid\">-40 ~ 70 \u00b0C<\/div>\n<\/td>\n<\/tr>\n<tr>\n<td colspan=\"1\" rowspan=\"1\">\n<div class=\"magic-9\">Memoria<\/div>\n<\/td>\n<td colspan=\"1\" rowspan=\"1\">\n<div class=\"magic-10\">1K bits (depende del chip)<\/div>\n<\/td>\n<\/tr>\n<tr>\n<td colspan=\"1\" rowspan=\"1\">\n<div class=\"magic-9\">Rango de frecuencia con el mejor rendimiento<\/div>\n<\/td>\n<td colspan=\"1\" rowspan=\"1\">\n<div class=\"magic-10\">13,56MHz<\/div>\n<\/td>\n<\/tr>\n<tr>\n<td colspan=\"1\" rowspan=\"1\">\n<div class=\"magic-9\">Vida IC<\/div>\n<\/td>\n<td colspan=\"1\" rowspan=\"1\">\n<div class=\"magic-10\">Resistencia de escritura de 100.000 ciclosRetenci\u00f3n de fecha<\/div>\n<\/td>\n<\/tr>\n<\/tbody>\n<\/table>\n<p>&nbsp;<\/p>\n<h3 class=\"AnswerParser_AnswerParserH3__Mpe4s\">1. Compatibilidad y funcionalidad de la etiqueta NFC<\/h3>\n<p><span class=\"AnswerParser_TextContainer__z_Iiv\" data-testid=\"youchat-text\">El\u00a0<strong>Etiqueta NFC ICODE SLI X<\/strong>\u00a0es compatible con una amplia gama de\u00a0<strong>Dispositivos habilitados para NFC<\/strong>, incluidos tel\u00e9fonos inteligentes y tabletas. Esta compatibilidad permite a los usuarios\u00a0<strong>leer NFC<\/strong>\u00a0etiquetas que utilizan sus dispositivos, ya sea que est\u00e9n usando un\u00a0<strong>iPhone<\/strong>\u00a0o un\u00a0<strong>Androide<\/strong>\u00a0tel\u00e9fono. La integraci\u00f3n de\u00a0<strong>Tecnolog\u00eda NFC<\/strong>\u00a0significa que los usuarios pueden acercar r\u00e1pidamente sus dispositivos a la etiqueta para obtener acceso instant\u00e1neo a los datos, lo que lo hace ideal para tarjetas de presentaci\u00f3n, sistemas de entrada seguros o intercambio de informaci\u00f3n.<\/span><span class=\"AnswerParser_TextContainer__z_Iiv\" data-testid=\"youchat-text\">La etiqueta est\u00e1 dise\u00f1ada para usarse en varias aplicaciones, lo que permite a las empresas optimizar las operaciones y mejorar la comunicaci\u00f3n. Ya sea que la use como parte de una\u00a0<strong>sistema de patrulla<\/strong>\u00a0o para el seguimiento de activos, ICODE SLI X proporciona una soluci\u00f3n confiable que puede resultar invaluable en las operaciones diarias.<\/span><\/p>\n<h3 class=\"AnswerParser_AnswerParserH3__Mpe4s\">2. Rendimiento de la etiqueta NFC sobre metal<\/h3>\n<p><span class=\"AnswerParser_TextContainer__z_Iiv\" data-testid=\"youchat-text\">Una de las caracter\u00edsticas destacadas del ICODE SLI X es su capacidad de funcionar eficazmente como un\u00a0<strong>Etiqueta NFC sobre metal<\/strong>Las etiquetas NFC tradicionales suelen tener problemas con las superficies met\u00e1licas debido a las interferencias, pero esta etiqueta utiliza tecnolog\u00eda avanzada.\u00a0<strong>tecnolog\u00eda antimetal<\/strong>\u00a0para garantizar un rendimiento confiable. Esto significa que puede fijarlo de forma segura a superficies met\u00e1licas sin perder funcionalidad, lo que lo hace perfecto para entornos industriales o puestos de control de seguridad.<\/span><span class=\"AnswerParser_TextContainer__z_Iiv\" data-testid=\"youchat-text\">Cuando se conecta al metal, el ICODE SLI X mantiene una fuerte conexi\u00f3n con los dispositivos NFC, lo que permite una transferencia de datos sin problemas sin necesidad de equipos adicionales. Esta caracter\u00edstica es particularmente beneficiosa para las empresas que buscan implementar\u00a0<strong>Soluciones sin contacto<\/strong>\u00a0en entornos hostiles.<\/span><\/p>\n<h3 class=\"AnswerParser_AnswerParserH3__Mpe4s\">3. Opciones de personalizaci\u00f3n para diversas aplicaciones<\/h3>\n<p><span class=\"AnswerParser_TextContainer__z_Iiv\" data-testid=\"youchat-text\">La personalizaci\u00f3n es clave a la hora de implementar la tecnolog\u00eda NFC en diversas industrias. El ICODE SLI X se puede adaptar para cumplir requisitos espec\u00edficos, incluidos el tama\u00f1o y la capacidad de memoria. Con opciones para\u00a0<strong>25 mm, 30 mm y 52 mm<\/strong>\u00a0di\u00e1metros, las empresas pueden elegir el tama\u00f1o perfecto para sus necesidades.<\/span><span class=\"AnswerParser_TextContainer__z_Iiv\" data-testid=\"youchat-text\">Adem\u00e1s, la capacidad de memoria se puede ajustar, lo que permite diferentes necesidades de almacenamiento de datos. Ya sea que necesite un simple\u00a0<strong>Pegatina NFC<\/strong>\u00a0Para una tarjeta de presentaci\u00f3n o una soluci\u00f3n m\u00e1s compleja para el seguimiento de activos, el ICODE SLI X se puede personalizar para ofrecer la funcionalidad adecuada.<\/span><\/p>\n<h3 class=\"AnswerParser_AnswerParserH3__Mpe4s\">4. Dise\u00f1o ambientalmente resiliente<\/h3>\n<p><span class=\"AnswerParser_TextContainer__z_Iiv\" data-testid=\"youchat-text\">Con un\u00a0<strong>IP65<\/strong>\u00a0La etiqueta ICODE SLI X, con clasificaci\u00f3n de resistencia a la corrosi\u00f3n, est\u00e1 dise\u00f1ada para soportar la exposici\u00f3n al polvo y la humedad, lo que la hace adecuada para uso industrial y en exteriores. La etiqueta puede funcionar en temperaturas que van desde\u00a0<strong>-40\u00b0C a 80\u00b0C<\/strong>, garantizando un rendimiento constante en condiciones extremas.<\/span><span class=\"AnswerParser_TextContainer__z_Iiv\" data-testid=\"youchat-text\">Esta robustez significa que las empresas pueden confiar en ICODE SLI X para\u00a0<strong>uso a largo plazo<\/strong>, lo que reduce la necesidad de reemplazos frecuentes y, en \u00faltima instancia, ahorra costos. La durabilidad de la etiqueta garantiza que pueda sobrevivir en los entornos m\u00e1s dif\u00edciles, lo que la convierte en una inversi\u00f3n inteligente para cualquier operaci\u00f3n.<\/span><\/p>\n<h3 class=\"AnswerParser_AnswerParserH3__Mpe4s\">5. F\u00e1cil instalaci\u00f3n y uso<\/h3>\n<p><span class=\"AnswerParser_TextContainer__z_Iiv\" data-testid=\"youchat-text\">La instalaci\u00f3n del ICODE SLI X es sencilla, gracias a su dise\u00f1o que incluye un\u00a0<strong>agujero de tornillo<\/strong>\u00a0para una fijaci\u00f3n segura. Ya sea que elijas adherirlo con un\u00a0<strong>Adhesivo NFC<\/strong>\u00a0Respald\u00e1ndolo o atornill\u00e1ndolo en su lugar, el proceso de instalaci\u00f3n es simple y eficiente.<\/span><span class=\"AnswerParser_TextContainer__z_Iiv\" data-testid=\"youchat-text\">Una vez instalada, la utilizaci\u00f3n de la etiqueta es igualmente sencilla. Los usuarios pueden simplemente\u00a0<strong>Toca la etiqueta<\/strong>\u00a0Con sus\u00a0<strong>Tel\u00e9fono con NFC habilitado<\/strong>\u00a0para acceder a informaci\u00f3n o ejecutar comandos. Esta facilidad de uso hace que ICODE SLI X sea una opci\u00f3n ideal para empresas que buscan implementar\u00a0<strong>comunicaci\u00f3n inal\u00e1mbrica<\/strong>\u00a0sin las complejidades de los sistemas tradicionales.<\/span><\/p>\n<h3 class=\"AnswerParser_AnswerParserH3__Mpe4s\">6. Preguntas frecuentes sobre la etiqueta NFC ICODE SLI X<\/h3>\n<p><span class=\"AnswerParser_TextContainer__z_Iiv\" data-testid=\"youchat-text\"><strong>P: \u00bfSe puede utilizar el ICODE SLI X para pagos sin contacto?<\/strong><br \/>\nR: Si bien el ICODE SLI X est\u00e1 dise\u00f1ado para la transferencia y comunicaci\u00f3n de datos, puede integrarse en sistemas que admitan pagos sin contacto, pero no es un dispositivo de procesamiento de pagos en s\u00ed.<\/span><\/p>\n<p><span class=\"AnswerParser_TextContainer__z_Iiv\" data-testid=\"youchat-text\"><strong>P: \u00bfEl ICODE SLI X es resistente al agua?<\/strong><br \/>\nR: El ICODE SLI X tiene una clasificaci\u00f3n IP65, lo que lo hace resistente al polvo y a las salpicaduras de agua, pero no es totalmente impermeable. Es adecuado para uso en exteriores en diversas condiciones clim\u00e1ticas.<\/span><\/p>\n<p><span class=\"AnswerParser_TextContainer__z_Iiv\" data-testid=\"youchat-text\"><strong>P: \u00bfCu\u00e1nto dura la bater\u00eda?<\/strong><br \/>\nR: Las etiquetas NFC como ICODE SLI X no tienen bater\u00eda; obtienen energ\u00eda del dispositivo habilitado con NFC cuando se toca, lo que garantiza una funcionalidad duradera con un mantenimiento m\u00ednimo.<\/span><\/p>","protected":false},"excerpt":{"rendered":"<p>El <strong>Etiqueta NFC ICODE SLI X Patrol<\/strong> se destaca como una soluci\u00f3n RFID confiable y vers\u00e1til para tareas de servicio y patrullaje en \u00e1reas met\u00e1licas.<\/p>","protected":false},"featured_media":2763,"template":"","meta":{"_kad_post_transparent":"default","_kad_post_title":"","_kad_post_layout":"default","_kad_post_sidebar_id":"","_kad_post_content_style":"default","_kad_post_vertical_padding":"default","_kad_post_feature":"","_kad_post_feature_position":"","_kad_post_header":false,"_kad_post_footer":false,"_kad_post_classname":""},"product_brand":[],"product_cat":[54],"product_tag":[133,320,321],"class_list":{"0":"post-2761","1":"product","2":"type-product","3":"status-publish","4":"has-post-thumbnail","6":"product_cat-hot-selling-rfid-tags","7":"product_tag-i-code-slix-nfc-tag","8":"product_tag-iso15693-nfc-tag","9":"product_tag-patrol-nfc-tag","11":"first","12":"instock","13":"shipping-taxable","14":"product-type-simple","15":"entry","16":"content-bg","17":"loop-entry"},"_links":{"self":[{"href":"https:\/\/rfid-laundry-tag.com\/es\/wp-json\/wp\/v2\/product\/2761","targetHints":{"allow":["GET"]}}],"collection":[{"href":"https:\/\/rfid-laundry-tag.com\/es\/wp-json\/wp\/v2\/product"}],"about":[{"href":"https:\/\/rfid-laundry-tag.com\/es\/wp-json\/wp\/v2\/types\/product"}],"version-history":[{"count":1,"href":"https:\/\/rfid-laundry-tag.com\/es\/wp-json\/wp\/v2\/product\/2761\/revisions"}],"predecessor-version":[{"id":2765,"href":"https:\/\/rfid-laundry-tag.com\/es\/wp-json\/wp\/v2\/product\/2761\/revisions\/2765"}],"wp:featuredmedia":[{"embeddable":true,"href":"https:\/\/rfid-laundry-tag.com\/es\/wp-json\/wp\/v2\/media\/2763"}],"wp:attachment":[{"href":"https:\/\/rfid-laundry-tag.com\/es\/wp-json\/wp\/v2\/media?parent=2761"}],"wp:term":[{"taxonomy":"product_brand","embeddable":true,"href":"https:\/\/rfid-laundry-tag.com\/es\/wp-json\/wp\/v2\/product_brand?post=2761"},{"taxonomy":"product_cat","embeddable":true,"href":"https:\/\/rfid-laundry-tag.com\/es\/wp-json\/wp\/v2\/product_cat?post=2761"},{"taxonomy":"product_tag","embeddable":true,"href":"https:\/\/rfid-laundry-tag.com\/es\/wp-json\/wp\/v2\/product_tag?post=2761"}],"curies":[{"name":"wp","href":"https:\/\/api.w.org\/{rel}","templated":true}]}}