{"id":2742,"date":"2024-10-11T16:12:50","date_gmt":"2024-10-11T16:12:50","guid":{"rendered":"https:\/\/rfid-laundry-tag.com\/?post_type=product&#038;p=2742"},"modified":"2024-10-29T14:33:03","modified_gmt":"2024-10-29T14:33:03","slug":"epoxy-menu-nfc-tags","status":"publish","type":"product","link":"https:\/\/rfid-laundry-tag.com\/es\/epoxy-menu-nfc-tags\/","title":{"rendered":"Etiquetas NFC de men\u00fa epoxi"},"content":{"rendered":"<p><span class=\"AnswerParser_TextContainer__z_Iiv\" data-testid=\"youchat-text\"><strong>Etiquetas NFC de men\u00fa epoxi<\/strong>\u00a0Aproveche la tecnolog\u00eda de vanguardia NFC y de c\u00f3digos QR para transformar la forma en que los clientes interact\u00faan con los men\u00fas. Estas etiquetas innovadoras permiten a los clientes buscar y realizar pedidos r\u00e1pidamente directamente desde sus tel\u00e9fonos inteligentes, lo que mejora su experiencia gastron\u00f3mica y agiliza las operaciones de restaurantes, caf\u00e9s y bares. Con dise\u00f1os personalizables y funciones s\u00f3lidas, estas etiquetas son imprescindibles para cualquier establecimiento moderno.<\/span><\/p>\n<h2 class=\"AnswerParser_AnswerParserH2__SIHnF\">Descripci\u00f3n del producto<\/h2>\n<h3 class=\"AnswerParser_AnswerParserH3__Mpe4s\">1. \u00bfQu\u00e9 son las etiquetas NFC de men\u00fa epoxi?<\/h3>\n<p><span class=\"AnswerParser_TextContainer__z_Iiv\" data-testid=\"youchat-text\">Las etiquetas NFC de men\u00fa de epoxi son herramientas digitales avanzadas dise\u00f1adas para facilitar el acceso y la realizaci\u00f3n de pedidos al men\u00fa sin inconvenientes. Estas etiquetas, fabricadas con materiales duraderos como el PVC y equipadas con chips NFC, se pueden personalizar con logotipos, n\u00fameros de serie e incluso c\u00f3digos QR din\u00e1micos. Su superficie adhesiva de epoxi garantiza la longevidad y la resistencia, lo que las hace adecuadas para diversos entornos.<\/span><\/p>\n<h3 class=\"AnswerParser_AnswerParserH3__Mpe4s\">2. Caracter\u00edsticas principales de las etiquetas NFC de men\u00fa epoxi<\/h3>\n<ul class=\"AnswerParser_AnswerParserUnorderedList__P_1FW\">\n<li class=\"AnswerParser_ListItem__XqLOV\" translate=\"yes\"><strong>Durabilidad<\/strong>:La superficie de resina epoxi proporciona una protecci\u00f3n excepcional contra el aceite, el agua, los ara\u00f1azos y los rayos UV, lo que garantiza que las etiquetas sigan siendo funcionales y visualmente atractivas a lo largo del tiempo.<\/li>\n<li class=\"AnswerParser_ListItem__XqLOV\" translate=\"yes\"><strong>Versatilidad<\/strong>Con tama\u00f1os disponibles en redondo (\u042460 mm, \u042475 mm, \u0424100 mm) y cuadrado (80 x 80 mm), estas etiquetas se pueden adaptar para adaptarse a cualquier dise\u00f1o est\u00e9tico o requisito de marca.<\/li>\n<li class=\"AnswerParser_ListItem__XqLOV\" translate=\"yes\"><strong>Compatibilidad<\/strong>:La capa antimetal permite que estas etiquetas funcionen eficazmente tanto en superficies met\u00e1licas como no met\u00e1licas, lo que las hace ideales para diversas aplicaciones.<\/li>\n<\/ul>\n<h3 class=\"AnswerParser_AnswerParserH3__Mpe4s\">3. Especificaciones t\u00e9cnicas<\/h3>\n<table class=\"has-title all magic-15\">\n<tbody>\n<tr>\n<td colspan=\"1\" rowspan=\"1\">\n<div class=\"magic-16\" data-spm-anchor-id=\"a2700.details.0.i39.7beebf0eKrXqHT\"><span class=\"magic-17\">Art\u00edculo<\/span><\/div>\n<\/td>\n<td colspan=\"1\" rowspan=\"1\">\n<div class=\"magic-18\"><span class=\"magic-17\">Etiquetas NFC de men\u00fa epoxi <\/span><\/div>\n<\/td>\n<\/tr>\n<tr>\n<td colspan=\"1\" rowspan=\"1\">\n<div class=\"magic-16\"><span class=\"magic-17\">Caracter\u00edsticas especiales<\/span><\/div>\n<\/td>\n<td colspan=\"1\" rowspan=\"1\">\n<div class=\"magic-18\"><span class=\"magic-17\">Resistente al agua \/ a la intemperie<\/span><\/div>\n<\/td>\n<\/tr>\n<tr>\n<td colspan=\"1\" rowspan=\"1\">\n<div class=\"magic-16\"><span class=\"magic-17\">Interfaz de comunicaci\u00f3n<\/span><\/div>\n<\/td>\n<td colspan=\"1\" rowspan=\"1\">\n<div class=\"magic-18\"><span class=\"magic-17\">NFC<\/span><\/div>\n<\/td>\n<\/tr>\n<tr>\n<td colspan=\"1\" rowspan=\"1\">\n<div class=\"magic-16\"><span class=\"magic-17\">Frecuencia<\/span><\/div>\n<\/td>\n<td colspan=\"1\" rowspan=\"1\">\n<div class=\"magic-18\"><span class=\"magic-17\">13,56 MHz<\/span><\/div>\n<\/td>\n<\/tr>\n<tr>\n<td colspan=\"1\" rowspan=\"1\">\n<div class=\"magic-16\"><span class=\"magic-17\">Material<\/span><\/div>\n<\/td>\n<td colspan=\"1\" rowspan=\"1\">\n<div class=\"magic-18\">Epoxi + PET\/PVC + incrustaci\u00f3n NFC + capa antimetal + adhesivo 3M<\/div>\n<\/td>\n<\/tr>\n<tr>\n<td colspan=\"1\" rowspan=\"1\">\n<div class=\"magic-16\">Tama\u00f1o<\/div>\n<\/td>\n<td colspan=\"1\" rowspan=\"1\">\n<div class=\"magic-18\">Redondo: \u042460 mm, \u042475 mm, \u0424100 mm; Cuadrado: 80 x 80 mm o personalizado<\/div>\n<\/td>\n<\/tr>\n<tr>\n<td colspan=\"1\" rowspan=\"1\">\n<div class=\"magic-16\"><span class=\"magic-17\">Protocolo<\/span><\/div>\n<\/td>\n<td colspan=\"1\" rowspan=\"1\">\n<div class=\"magic-18\"><span class=\"magic-17\">ISO 14443A<\/span><\/div>\n<\/td>\n<\/tr>\n<tr>\n<td colspan=\"1\" rowspan=\"1\">\n<div class=\"magic-16\"><span class=\"magic-17\">Chip<\/span><\/div>\n<\/td>\n<td colspan=\"1\" rowspan=\"1\">\n<div class=\"magic-18\">NTAG213, NTAG215, NTAG216 (otros chips disponibles)<\/div>\n<\/td>\n<\/tr>\n<tr>\n<td colspan=\"1\" rowspan=\"1\">\n<div class=\"magic-16\"><span class=\"magic-17\">Memoria<\/span><\/div>\n<\/td>\n<td colspan=\"1\" rowspan=\"1\">\n<div class=\"magic-18\"><span class=\"magic-17\">144 bytes, 504 bytes, 888 bytes, etc.<\/span><\/div>\n<\/td>\n<\/tr>\n<tr>\n<td colspan=\"1\" rowspan=\"1\">\n<div class=\"magic-16\"><span class=\"magic-17\">Distancia de lectura<\/span><\/div>\n<\/td>\n<td colspan=\"1\" rowspan=\"1\">\n<div class=\"magic-18\"><span class=\"magic-17\">3-15 cm seg\u00fan el lector y el tama\u00f1o de la etiqueta<\/span><\/div>\n<\/td>\n<\/tr>\n<tr>\n<td colspan=\"1\" rowspan=\"1\">\n<div class=\"magic-16\"><span class=\"magic-17\">Impresi\u00f3n<\/span><\/div>\n<\/td>\n<td colspan=\"1\" rowspan=\"1\">\n<div class=\"magic-18\"><span class=\"magic-17\">Impresi\u00f3n\/Offset\/Serigraf\u00eda CMYK 4C<\/span><\/div>\n<\/td>\n<\/tr>\n<tr>\n<td colspan=\"1\" rowspan=\"1\">\n<div class=\"magic-16\"><span class=\"magic-17\">Artesan\u00eda<\/span><\/div>\n<\/td>\n<td colspan=\"1\" rowspan=\"1\">\n<div class=\"magic-18\"><span class=\"magic-17\">C\u00f3digo l\u00e1ser\\Tinta UV\\N\u00famero de serie\\Grabado en relieve\\Impresi\u00f3n t\u00e9rmica<\/span><\/div>\n<\/td>\n<\/tr>\n<tr>\n<td colspan=\"1\" rowspan=\"1\">\n<div class=\"magic-16\"><span class=\"magic-17\">Superficie<\/span><\/div>\n<\/td>\n<td colspan=\"1\" rowspan=\"1\">\n<div class=\"magic-18\"><span class=\"magic-17\">Brillante\/Mate\/Esmerilado\/Transparente<\/span><\/div>\n<\/td>\n<\/tr>\n<tr>\n<td colspan=\"1\" rowspan=\"1\">\n<div class=\"magic-16\"><span class=\"magic-17\">Funci\u00f3n<\/span><\/div>\n<\/td>\n<td colspan=\"1\" rowspan=\"1\">\n<div class=\"magic-18\"><span class=\"magic-17\" data-spm-anchor-id=\"a2700.details.0.i40.7beebf0eKrXqHT\">NFC redes sociales, gesti\u00f3n log\u00edstica, gesti\u00f3n de activos, gesti\u00f3n de la cadena de suministro, gesti\u00f3n de veh\u00edculos, control de producci\u00f3n, gesti\u00f3n de almacenes, gesti\u00f3n de productos, verificaci\u00f3n de productos, seguimiento de activos, seguimiento de manejo de equipaje, gesti\u00f3n de inventario, pago, pulseras, etc.Laminaci\u00f3n, superficie de impresi\u00f3n confiable y lisa.<\/span><\/div>\n<\/td>\n<\/tr>\n<tr>\n<td colspan=\"1\" rowspan=\"1\">\n<div class=\"magic-16\"><span class=\"magic-17\">Peso de tarjeta de tama\u00f1o est\u00e1ndar<\/span><\/div>\n<\/td>\n<td colspan=\"1\" rowspan=\"1\">\n<div class=\"magic-18\"><span class=\"magic-17\">120*120*4 mm 0,058 kg\/pieza\u00a0 \u00a0<\/span><\/p>\n<div data-spm-anchor-id=\"a2700.pc-decorate.0.i47.51c0333312LtHT\"><span class=\"magic-17\">Cada paquete de pegatinas con bolsa transparente Opp,\u00a0\u00a0<\/span><\/div>\n<div data-spm-anchor-id=\"a2700.pc-decorate.0.i114.51c0333312LtHT\"><span class=\"magic-17\">320 piezas\/caricatura<\/span><\/div>\n<\/div>\n<\/td>\n<\/tr>\n<\/tbody>\n<\/table>\n<h3 class=\"AnswerParser_AnswerParserH3__Mpe4s\">4. Opciones de personalizaci\u00f3n<\/h3>\n<p><span class=\"AnswerParser_TextContainer__z_Iiv\" data-testid=\"youchat-text\">Una de las caracter\u00edsticas m\u00e1s destacadas de las etiquetas NFC de Epoxy Menu es su capacidad de personalizaci\u00f3n. Las empresas pueden imprimir sus logotipos, identificadores \u00fanicos e incluso c\u00f3digos QR din\u00e1micos que se vinculan a promociones o men\u00fas espec\u00edficos. Este nivel de personalizaci\u00f3n no solo mejora la visibilidad de la marca, sino que tambi\u00e9n atrae a los clientes de una manera \u00fanica.<\/span><\/p>\n<h3 class=\"AnswerParser_AnswerParserH3__Mpe4s\">5. Aplicaciones en la industria hotelera<\/h3>\n<p><span class=\"AnswerParser_TextContainer__z_Iiv\" data-testid=\"youchat-text\">Las etiquetas NFC de men\u00fa epoxi son perfectas para diversas aplicaciones, entre ellas:<\/span><\/p>\n<ul class=\"AnswerParser_AnswerParserUnorderedList__P_1FW\">\n<li class=\"AnswerParser_ListItem__XqLOV\" translate=\"yes\"><strong>Men\u00fas digitales<\/strong>:Los hu\u00e9spedes pueden acceder al men\u00fa simplemente tocando la etiqueta con sus tel\u00e9fonos inteligentes o escaneando el c\u00f3digo QR, lo que reduce la necesidad de men\u00fas f\u00edsicos.<\/li>\n<li class=\"AnswerParser_ListItem__XqLOV\" translate=\"yes\"><strong>Pago r\u00e1pido<\/strong>:Agilice el proceso de pago integrando enlaces de pago directamente en las etiquetas NFC.<\/li>\n<li class=\"AnswerParser_ListItem__XqLOV\" translate=\"yes\"><strong>Enlaces de redes sociales<\/strong>:Incentive a los clientes a compartir sus experiencias mediante v\u00ednculos a p\u00e1ginas de redes sociales o plataformas de rese\u00f1as.<\/li>\n<\/ul>\n<h3 class=\"AnswerParser_AnswerParserH3__Mpe4s\">6. Impacto ambiental<\/h3>\n<p><span class=\"AnswerParser_TextContainer__z_Iiv\" data-testid=\"youchat-text\">El uso de etiquetas NFC de epoxi para men\u00fas puede reducir significativamente el desperdicio de papel asociado con los men\u00fas tradicionales. Al optar por soluciones digitales, las empresas contribuyen a la sostenibilidad ambiental y, al mismo tiempo, mejoran la comodidad del cliente.<\/span><\/p>\n<h3 class=\"AnswerParser_AnswerParserH3__Mpe4s\">7. Comentarios y opiniones de clientes<\/h3>\n<p><span class=\"AnswerParser_TextContainer__z_Iiv\" data-testid=\"youchat-text\">Los clientes han elogiado el\u00a0<strong>Etiquetas NFC de men\u00fa epoxi<\/strong>\u00a0Por su durabilidad y facilidad de uso. Muchos han se\u00f1alado que las etiquetas han mejorado su experiencia gastron\u00f3mica al proporcionar un acceso r\u00e1pido a los men\u00fas y reducir los tiempos de espera. La capacidad de actualizar los elementos del men\u00fa en tiempo real tambi\u00e9n se ha destacado como una ventaja significativa.<\/span><\/p>\n<h3 class=\"AnswerParser_AnswerParserH3__Mpe4s\">8. Preguntas frecuentes<\/h3>\n<p><span class=\"AnswerParser_TextContainer__z_Iiv\" data-testid=\"youchat-text\"><strong>P: \u00bfC\u00f3mo instalo las etiquetas NFC del men\u00fa Epoxy?<\/strong><br \/>\nR: Simplemente retire la parte posterior del adhesivo 3M y pegue la etiqueta en una superficie limpia y seca. Aseg\u00farese de colocarla en un lugar donde los clientes puedan acceder a ella f\u00e1cilmente.<\/span><span class=\"AnswerParser_TextContainer__z_Iiv\" data-testid=\"youchat-text\"><strong>P: \u00bfPuedo actualizar la informaci\u00f3n de las etiquetas NFC?<\/strong><br \/>\nR: \u00a1S\u00ed! La informaci\u00f3n se puede actualizar en cualquier momento, lo que te permite mantener tu men\u00fa actualizado sin necesidad de nuevas etiquetas.<\/span><span class=\"AnswerParser_TextContainer__z_Iiv\" data-testid=\"youchat-text\"><strong>P: \u00bfCu\u00e1l es la cantidad m\u00ednima de pedido?<\/strong><br \/>\nR: La cantidad m\u00ednima de pedido es de 100 piezas, con mejores precios disponibles para pedidos de 500 piezas o m\u00e1s.<\/span><\/p>\n<h3 class=\"AnswerParser_AnswerParserH3__Mpe4s\">9. \u00bfPor qu\u00e9 elegir etiquetas NFC de men\u00fa epoxi?<\/h3>\n<p><span class=\"AnswerParser_TextContainer__z_Iiv\" data-testid=\"youchat-text\">Invertir en\u00a0<strong>Etiquetas NFC de men\u00fa epoxi<\/strong>\u00a0significa invertir en un futuro en el que la experiencia del cliente sea la prioridad. Estas etiquetas no solo mejoran la eficiencia operativa, sino que tambi\u00e9n brindan un toque moderno a las experiencias gastron\u00f3micas tradicionales. Con sus caracter\u00edsticas s\u00f3lidas y opciones personalizables, son una herramienta esencial para cualquier establecimiento que busque mantenerse a la vanguardia en el competitivo mercado hotelero.<\/span><\/p>\n<h3 class=\"AnswerParser_AnswerParserH3__Mpe4s\">10. \u00a1Empiece hoy mismo!<\/h3>\n<p><span class=\"AnswerParser_TextContainer__z_Iiv\" data-testid=\"youchat-text\">\u00bfEst\u00e1s listo para mejorar tu experiencia gastron\u00f3mica?\u00a0<strong>Cont\u00e1ctenos hoy<\/strong>\u00a0Solicite una muestra gratuita de nuestras etiquetas NFC de epoxi para men\u00fas y compruebe usted mismo la diferencia. Con nuestro compromiso con la calidad y la satisfacci\u00f3n del cliente, estamos aqu\u00ed para ayudarle en cada paso del camino.<\/span><\/p>","protected":false},"excerpt":{"rendered":"<p>Renueve su comedor con las etiquetas NFC de men\u00fa de epoxi. Permita un acceso r\u00e1pido al men\u00fa y a los pedidos a trav\u00e9s de tel\u00e9fonos inteligentes, mejorando la experiencia de los clientes y optimizando las operaciones del restaurante.<\/p>","protected":false},"featured_media":2800,"template":"","meta":{"_kad_post_transparent":"default","_kad_post_title":"","_kad_post_layout":"default","_kad_post_sidebar_id":"","_kad_post_content_style":"default","_kad_post_vertical_padding":"default","_kad_post_feature":"","_kad_post_feature_position":"","_kad_post_header":false,"_kad_post_footer":false,"_kad_post_classname":""},"product_brand":[],"product_cat":[54],"product_tag":[277,333,217,332,331],"class_list":{"0":"post-2742","1":"product","2":"type-product","3":"status-publish","4":"has-post-thumbnail","6":"product_cat-hot-selling-rfid-tags","7":"product_tag-menu-nfc-tags","8":"product_tag-nfc-epoxy-sticker","9":"product_tag-nfc-tags","10":"product_tag-restaurant-desk-nfc-menu-tag","11":"product_tag-table-nfc-tags","13":"first","14":"instock","15":"shipping-taxable","16":"product-type-simple","17":"entry","18":"content-bg","19":"loop-entry"},"_links":{"self":[{"href":"https:\/\/rfid-laundry-tag.com\/es\/wp-json\/wp\/v2\/product\/2742","targetHints":{"allow":["GET"]}}],"collection":[{"href":"https:\/\/rfid-laundry-tag.com\/es\/wp-json\/wp\/v2\/product"}],"about":[{"href":"https:\/\/rfid-laundry-tag.com\/es\/wp-json\/wp\/v2\/types\/product"}],"version-history":[{"count":1,"href":"https:\/\/rfid-laundry-tag.com\/es\/wp-json\/wp\/v2\/product\/2742\/revisions"}],"predecessor-version":[{"id":2801,"href":"https:\/\/rfid-laundry-tag.com\/es\/wp-json\/wp\/v2\/product\/2742\/revisions\/2801"}],"wp:featuredmedia":[{"embeddable":true,"href":"https:\/\/rfid-laundry-tag.com\/es\/wp-json\/wp\/v2\/media\/2800"}],"wp:attachment":[{"href":"https:\/\/rfid-laundry-tag.com\/es\/wp-json\/wp\/v2\/media?parent=2742"}],"wp:term":[{"taxonomy":"product_brand","embeddable":true,"href":"https:\/\/rfid-laundry-tag.com\/es\/wp-json\/wp\/v2\/product_brand?post=2742"},{"taxonomy":"product_cat","embeddable":true,"href":"https:\/\/rfid-laundry-tag.com\/es\/wp-json\/wp\/v2\/product_cat?post=2742"},{"taxonomy":"product_tag","embeddable":true,"href":"https:\/\/rfid-laundry-tag.com\/es\/wp-json\/wp\/v2\/product_tag?post=2742"}],"curies":[{"name":"wp","href":"https:\/\/api.w.org\/{rel}","templated":true}]}}