{"id":2714,"date":"2024-09-28T14:57:16","date_gmt":"2024-09-28T14:57:16","guid":{"rendered":"https:\/\/rfid-laundry-tag.com\/?post_type=product&#038;p=2714"},"modified":"2024-09-28T15:13:47","modified_gmt":"2024-09-28T15:13:47","slug":"custom-laundry-rfid-tag","status":"publish","type":"product","link":"https:\/\/rfid-laundry-tag.com\/es\/custom-laundry-rfid-tag\/","title":{"rendered":"Etiqueta RFID para lavander\u00eda personalizada"},"content":{"rendered":"<div>\n<div class=\"auto-hide-last-sibling-br paragraph_1252f paragraph-element\">\n<table width=\"637\">\n<tbody>\n<tr>\n<td width=\"328\">Nombre del \u00e1rticulo:<\/td>\n<td width=\"309\"><strong>Etiqueta RFID para lavander\u00eda personalizada<\/strong><\/td>\n<\/tr>\n<tr>\n<td width=\"328\">Est\u00e1ndar RFID:<\/td>\n<td width=\"309\">ISO\/IEC 18000-6 Tipo C (EPC Gen2)<\/td>\n<\/tr>\n<tr>\n<td width=\"328\">Tama\u00f1o y peso:<\/td>\n<td width=\"309\">70\u00d715 mm, 0,6 g<\/td>\n<\/tr>\n<tr>\n<td width=\"328\">Tipo de chip:<\/td>\n<td width=\"309\">Impinj Monza 4QT, NXP U C\u00d3DIGO 8, NXP U C\u00d3DIGO 9<\/td>\n<\/tr>\n<tr>\n<td width=\"328\">Memoria EPC:<\/td>\n<td width=\"309\">128 bits<\/td>\n<\/tr>\n<tr>\n<td width=\"328\">Memoria de usuario:<\/td>\n<td width=\"309\">512 bits<\/td>\n<\/tr>\n<tr>\n<td width=\"328\">Rango de lectura (2W ERP FCC):<\/td>\n<td width=\"309\">8m<\/td>\n<\/tr>\n<tr>\n<td width=\"328\">Rango de lectura (2W ERP ETSI):<\/td>\n<td width=\"309\">8m<\/td>\n<\/tr>\n<tr>\n<td width=\"328\">Etiquetado:<\/td>\n<td width=\"309\">Costura, adhesivo para estampado en caliente<\/td>\n<\/tr>\n<tr>\n<td width=\"328\">Vida \u00fatil estimada:<\/td>\n<td width=\"309\">200 ciclos de lavado o 3 a\u00f1os, lo que ocurra primero<\/td>\n<\/tr>\n<tr>\n<td width=\"328\">M\u00e9todo de lavado:<\/td>\n<td width=\"309\">Lavander\u00eda, Lavado en seco<\/td>\n<\/tr>\n<tr>\n<td width=\"328\">Presi\u00f3n de extracci\u00f3n de agua:<\/td>\n<td width=\"309\">60 barras<\/td>\n<\/tr>\n<tr>\n<td width=\"328\">Resistencia al agua:<\/td>\n<td width=\"309\">Resistente al agua<\/td>\n<\/tr>\n<tr>\n<td width=\"328\">Resistencia qu\u00edmica:<\/td>\n<td width=\"309\">Detergente, suavizante, lej\u00eda (ox\u00edgeno\/cloro), \u00e1lcali<\/td>\n<\/tr>\n<tr>\n<td width=\"328\">Presecado en Tumbler:<\/td>\n<td width=\"309\">125 \u00baC durante 15-20 minutos<\/td>\n<\/tr>\n<tr>\n<td width=\"328\">Temperatura de esterilizaci\u00f3n:<\/td>\n<td width=\"309\">135\u00b0C durante 15-20 minutos<\/td>\n<\/tr>\n<tr>\n<td width=\"328\">Temperatura de lavado:<\/td>\n<td width=\"309\">90 \u00b0C, hasta 15 min.<\/td>\n<\/tr>\n<tr>\n<td width=\"328\">Humedad\/Temperatura de funcionamiento:<\/td>\n<td width=\"309\">-20 a 110\u00b0C, 8 a 95%RH<\/td>\n<\/tr>\n<tr>\n<td width=\"328\">Humedad\/Temperatura-Almacenamiento:<\/td>\n<td width=\"309\">-40 a 110\u00b0C, 8 a 95%RH<\/td>\n<\/tr>\n<\/tbody>\n<\/table>\n<\/div>\n<\/div>\n<div class=\"auto-hide-last-sibling-br paragraph_1252f paragraph-element\">\n<h2 class=\"AnswerParser_AnswerParserH2__SIHnF\">\u00bfPor qu\u00e9 elegir una etiqueta RFID de lavander\u00eda personalizada?<\/h2>\n<p><span class=\"AnswerParser_TextContainer__z_Iiv\" data-testid=\"youchat-text\">Invertir en una\u00a0<strong>Etiqueta RFID de lavander\u00eda personalizada<\/strong>\u00a0Mejora la eficiencia operativa, reduce las p\u00e9rdidas y mejora el control de inventario. Al automatizar el proceso de seguimiento, las empresas pueden ahorrar tiempo y recursos y, al mismo tiempo, garantizar registros precisos de los art\u00edculos textiles. La durabilidad y la resistencia qu\u00edmica de estas etiquetas las hacen ideales para diversos entornos de lavander\u00eda, lo que brinda tranquilidad a los usuarios.<\/span><\/p>\n<h2 class=\"AnswerParser_AnswerParserH2__SIHnF\">Caracter\u00edsticas de la etiqueta RFID de lavander\u00eda personalizada<\/h2>\n<h3 class=\"AnswerParser_AnswerParserH3__Mpe4s\">1. Dise\u00f1o duradero y lavable.<\/h3>\n<p><span class=\"AnswerParser_TextContainer__z_Iiv\" data-testid=\"youchat-text\">El\u00a0<strong>Etiqueta RFID de lavander\u00eda personalizada<\/strong>\u00a0Est\u00e1 dise\u00f1ada espec\u00edficamente para soportar los rigores del lavado comercial. Con un tama\u00f1o de 70 \u00d7 15 mm y un peso de solo 0,6 g, es liviana pero lo suficientemente resistente como para soportar hasta 200 ciclos de lavado o tres a\u00f1os de uso. Fabricada con materiales resistentes al agua y a los productos qu\u00edmicos, esta etiqueta puede sobrevivir en entornos hostiles, incluida la exposici\u00f3n a detergentes, suavizantes y blanqueadores.<\/span><\/p>\n<h3 class=\"AnswerParser_AnswerParserH3__Mpe4s\">2. Tecnolog\u00eda RFID avanzada<\/h3>\n<p><span class=\"AnswerParser_TextContainer__z_Iiv\" data-testid=\"youchat-text\">Operando seg\u00fan el est\u00e1ndar ISO\/IEC 18000-6 Tipo C (EPC Gen2), este\u00a0<strong>Etiqueta de lavander\u00eda RFID<\/strong>\u00a0Cuenta con un impresionante rango de lectura de 8 metros, lo que facilita el seguimiento de las prendas sin necesidad de una l\u00ednea de visi\u00f3n directa. Los tipos de chips avanzados, incluidos Impinj Monza 4QT y NXP U CODE 8\/9, permiten una transmisi\u00f3n de datos eficiente y un rendimiento confiable, incluso en condiciones dif\u00edciles.<\/span><\/p>\n<h3 class=\"AnswerParser_AnswerParserH3__Mpe4s\">3. Opciones de etiquetado vers\u00e1tiles<\/h3>\n<p><span class=\"AnswerParser_TextContainer__z_Iiv\" data-testid=\"youchat-text\">El\u00a0<strong>Etiqueta RFID de lavander\u00eda personalizada<\/strong>\u00a0ofrece soluciones de etiquetado flexibles, que incluyen m\u00e9todos de costura y estampado en caliente con adhesivo. Esta versatilidad permite una f\u00e1cil integraci\u00f3n en diversos art\u00edculos textiles, lo que garantiza que las etiquetas permanezcan adheridas de forma segura durante todo su ciclo de vida.<\/span><\/p>\n<h3 class=\"AnswerParser_AnswerParserH3__Mpe4s\">4. Resistencia qu\u00edmica y a la temperatura<\/h3>\n<p><span class=\"AnswerParser_TextContainer__z_Iiv\" data-testid=\"youchat-text\">Dise\u00f1ado para soportar altas temperaturas, el\u00a0<strong>Etiqueta RFID<\/strong>\u00a0Pueden soportar temperaturas de lavado de hasta 90 \u00b0C durante 15 minutos y esterilizaci\u00f3n a 135 \u00b0C durante 15-20 minutos. Con una presi\u00f3n de extracci\u00f3n de agua de 60 bar, estas etiquetas est\u00e1n dise\u00f1adas para soportar entornos de lavado dif\u00edciles, lo que las hace adecuadas para aplicaciones de lavander\u00eda industrial.<\/span><\/p>\n<h3 class=\"AnswerParser_AnswerParserH3__Mpe4s\">5. Gesti\u00f3n de inventario mejorada<\/h3>\n<p><span class=\"AnswerParser_TextContainer__z_Iiv\" data-testid=\"youchat-text\">Utilizando\u00a0<strong>Seguimiento de lavander\u00eda por RFID<\/strong>\u00a0La tecnolog\u00eda permite a las empresas optimizar sus operaciones de lavander\u00eda. Las etiquetas facilitan la gesti\u00f3n eficiente del inventario, lo que ayuda a evitar p\u00e9rdidas y garantiza que se contabilicen todos los art\u00edculos. Este nivel de seguimiento es esencial para los centros de atenci\u00f3n m\u00e9dica, los hoteles y otras organizaciones con grandes vol\u00famenes de lavander\u00eda.<\/span><\/p>\n<h3 class=\"AnswerParser_AnswerParserH3__Mpe4s\">6. Impacto ambiental<\/h3>\n<p><span class=\"AnswerParser_TextContainer__z_Iiv\" data-testid=\"youchat-text\">El\u00a0<strong>Etiqueta RFID de lavander\u00eda personalizada<\/strong>\u00a0No solo son duraderas, sino que tambi\u00e9n son respetuosas con el medio ambiente. Al reducir la necesidad de seguimiento manual y minimizar las p\u00e9rdidas de textiles, estas etiquetas contribuyen a pr\u00e1cticas de lavander\u00eda m\u00e1s sostenibles. La implementaci\u00f3n de la tecnolog\u00eda RFID puede reducir los desechos y mejorar los esfuerzos de reciclaje.<\/span><\/div>\n<div><\/div>\n<div>\n<h2 class=\"AnswerParser_AnswerParserH2__SIHnF\">Instrucciones de uso<\/h2>\n<ol class=\"AnswerParser_AnswerParserOrderedList__kl_2Y\">\n<li class=\"AnswerParser_ListItem__XqLOV\" translate=\"yes\"><strong>Etiquetado<\/strong>:Elija su m\u00e9todo de etiquetado preferido (costura o estampado en caliente) para colocar la etiqueta RFID de forma segura en su prenda o ropa de cama.<\/li>\n<li class=\"AnswerParser_ListItem__XqLOV\" translate=\"yes\"><strong>Lavado<\/strong>:Siga las instrucciones de lavado, asegur\u00e1ndose de que la etiqueta est\u00e9 expuesta a las temperaturas y configuraciones qu\u00edmicas recomendadas.<\/li>\n<li class=\"AnswerParser_ListItem__XqLOV\" translate=\"yes\"><strong>Seguimiento<\/strong>:Utilice un lector RFID para rastrear y administrar su inventario de lavander\u00eda de manera eficiente, garantizando registros precisos y minimizando las p\u00e9rdidas.<\/li>\n<\/ol>\n<h2 class=\"AnswerParser_AnswerParserH2__SIHnF\">Rese\u00f1as de clientes<\/h2>\n<p><span class=\"AnswerParser_TextContainer__z_Iiv\" data-testid=\"youchat-text\">\u201cUsando el\u00a0<strong>Etiqueta RFID de lavander\u00eda personalizada<\/strong>\u00a0\u201cHa transformado nuestras operaciones de lavander\u00eda. Podemos hacer un seguimiento de nuestra ropa de cama sin problemas y hemos visto una reducci\u00f3n significativa en las p\u00e9rdidas\u201d. \u2013 Sarah, gerente del hotel<\/span><span class=\"AnswerParser_TextContainer__z_Iiv\" data-testid=\"youchat-text\">\u201cEsta soluci\u00f3n RFID es duradera y resiste nuestros procesos de lavander\u00eda industrial sin ning\u00fan problema. \u00a1La recomiendo encarecidamente!\u201d \u2013 Mark, director de operaciones<\/span><\/p>\n<h2 class=\"AnswerParser_AnswerParserH2__SIHnF\">Preguntas frecuentes (FAQ)<\/h2>\n<p><span class=\"AnswerParser_TextContainer__z_Iiv\" data-testid=\"youchat-text\"><strong>P: \u00bfCu\u00e1nto dura la etiqueta RFID?<\/strong><br \/>\nA: El\u00a0<strong>Etiqueta RFID de lavander\u00eda personalizada<\/strong>\u00a0Est\u00e1 dise\u00f1ado para durar hasta 200 ciclos de lavado o tres a\u00f1os, lo que ocurra primero.<\/span><\/div>\n<div><span class=\"AnswerParser_TextContainer__z_Iiv\" data-testid=\"youchat-text\"><strong>P: \u00bfPuede la etiqueta soportar altas temperaturas?<\/strong><br \/>\nR: S\u00ed, la etiqueta est\u00e1 dise\u00f1ada para soportar temperaturas de lavado de hasta 90 \u00b0C y temperaturas de esterilizaci\u00f3n de 135 \u00b0C.<\/span><\/div>\n<div><span class=\"AnswerParser_TextContainer__z_Iiv\" data-testid=\"youchat-text\"><strong>P: \u00bfC\u00f3mo coloco la etiqueta RFID en mis textiles?<\/strong><br \/>\nR: La etiqueta se puede coser a la tela o fijar con adhesivo de estampaci\u00f3n en caliente, seg\u00fan su preferencia.<\/span><\/div>\n<div><span class=\"AnswerParser_TextContainer__z_Iiv\" data-testid=\"youchat-text\"><strong>P: \u00bfLa etiqueta RFID es resistente al agua?<\/strong><br \/>\nR: S\u00ed, la etiqueta es resistente al agua y puede soportar la exposici\u00f3n a diversos productos qu\u00edmicos y condiciones de lavado.<\/span><\/p>\n<h3 class=\"AnswerParser_AnswerParserH3__Mpe4s\">Productos relacionados<\/h3>\n<ul class=\"AnswerParser_AnswerParserUnorderedList__P_1FW\">\n<li class=\"AnswerParser_ListItem__XqLOV\" translate=\"yes\"><strong>Etiquetas RFID de lino<\/strong>:Ideal para el seguimiento de ropa de cama en hoteles e instalaciones sanitarias.<\/li>\n<li class=\"AnswerParser_ListItem__XqLOV\" translate=\"yes\"><strong>Etiquetas RFID lavables<\/strong>:Perfecto para prendas que requieren lavado y seguimiento frecuente.<\/li>\n<li class=\"AnswerParser_ListItem__XqLOV\" translate=\"yes\"><strong>Soluciones de lavander\u00eda industrial<\/strong>:Soluciones RFID personalizadas para operaciones de lavander\u00eda de gran volumen.<\/li>\n<\/ul>\n<\/div>\n<div data-spm-anchor-id=\"a2700.details.0.i57.23b419c7xXORP0\">\n<div class=\"auto-hide-last-sibling-br paragraph_1252f paragraph-element\"><\/div>\n<\/div>\n<div class=\"auto-hide-last-sibling-br paragraph_1252f paragraph-element\"><\/div>","protected":false},"excerpt":{"rendered":"<p>Etiquete de forma segura sus prendas con etiquetas duraderas <strong>Etiquetas RFID para lavander\u00eda<\/strong>Dise\u00f1ado para altas temperaturas, resistente al agua e ideal para un seguimiento eficiente de la ropa.<\/p>","protected":false},"featured_media":2715,"template":"","meta":{"_kad_post_transparent":"default","_kad_post_title":"","_kad_post_layout":"default","_kad_post_sidebar_id":"","_kad_post_content_style":"default","_kad_post_vertical_padding":"default","_kad_post_feature":"","_kad_post_feature_position":"","_kad_post_header":false,"_kad_post_footer":false,"_kad_post_classname":""},"product_brand":[],"product_cat":[19],"product_tag":[315,297,31,30],"class_list":{"0":"post-2714","1":"product","2":"type-product","3":"status-publish","4":"has-post-thumbnail","6":"product_cat-textile-rfid-laundry-tag","7":"product_tag-custom-laundry-rfid-tag","8":"product_tag-rfid-chips-for-uniform","9":"product_tag-rfid-tag-for-linen-laundry","10":"product_tag-uhf-rfid-laundry-tag","12":"first","13":"instock","14":"featured","15":"shipping-taxable","16":"product-type-simple","17":"entry","18":"content-bg","19":"loop-entry"},"_links":{"self":[{"href":"https:\/\/rfid-laundry-tag.com\/es\/wp-json\/wp\/v2\/product\/2714","targetHints":{"allow":["GET"]}}],"collection":[{"href":"https:\/\/rfid-laundry-tag.com\/es\/wp-json\/wp\/v2\/product"}],"about":[{"href":"https:\/\/rfid-laundry-tag.com\/es\/wp-json\/wp\/v2\/types\/product"}],"version-history":[{"count":1,"href":"https:\/\/rfid-laundry-tag.com\/es\/wp-json\/wp\/v2\/product\/2714\/revisions"}],"predecessor-version":[{"id":2716,"href":"https:\/\/rfid-laundry-tag.com\/es\/wp-json\/wp\/v2\/product\/2714\/revisions\/2716"}],"wp:featuredmedia":[{"embeddable":true,"href":"https:\/\/rfid-laundry-tag.com\/es\/wp-json\/wp\/v2\/media\/2715"}],"wp:attachment":[{"href":"https:\/\/rfid-laundry-tag.com\/es\/wp-json\/wp\/v2\/media?parent=2714"}],"wp:term":[{"taxonomy":"product_brand","embeddable":true,"href":"https:\/\/rfid-laundry-tag.com\/es\/wp-json\/wp\/v2\/product_brand?post=2714"},{"taxonomy":"product_cat","embeddable":true,"href":"https:\/\/rfid-laundry-tag.com\/es\/wp-json\/wp\/v2\/product_cat?post=2714"},{"taxonomy":"product_tag","embeddable":true,"href":"https:\/\/rfid-laundry-tag.com\/es\/wp-json\/wp\/v2\/product_tag?post=2714"}],"curies":[{"name":"wp","href":"https:\/\/api.w.org\/{rel}","templated":true}]}}