{"id":2689,"date":"2024-09-26T09:32:20","date_gmt":"2024-09-26T09:32:20","guid":{"rendered":"https:\/\/rfid-laundry-tag.com\/?post_type=product&#038;p=2689"},"modified":"2024-09-26T14:30:31","modified_gmt":"2024-09-26T14:30:31","slug":"rfid-nfc-mifare-desfire-inlay","status":"publish","type":"product","link":"https:\/\/rfid-laundry-tag.com\/es\/rfid-nfc-mifare-desfire-inlay\/","title":{"rendered":"RFID NFC MIFARE Desfire INCRUSTACI\u00d3N"},"content":{"rendered":"<h1>RFID NFC MIFARE Desfire INCRUSTACI\u00d3N<\/h1>\n<p>El<strong> RFID NFC MIFARE Desfire INCRUSTACI\u00d3N<\/strong>\u00a0es una soluci\u00f3n avanzada dise\u00f1ada para aplicaciones que requieren una seguridad s\u00f3lida y un rendimiento excepcional. Con su chip RFID integrado y funciones personalizables, esta incrustaci\u00f3n ofrece una experiencia perfecta para diversos usos, desde el control de acceso hasta los sistemas de pago. Ya sea que se trate de una empresa que busca actualizar sus m\u00e9todos de identificaci\u00f3n o de una persona que busca transacciones seguras, las incrustaciones MIFARE DESFire presentan una opci\u00f3n atractiva.<\/p>\n<h3>Caracter\u00edsticas de MIFARE_DESFIRE EV2 2K\/4k\/8K<\/h3>\n<div id=\"featuresXsp\" class=\"features-list toggle-opacity in\">\n<div class=\"features-xsp\">\n<div class=\"collapse-mobile ste-list\">\n<h3>Interfaz RF: ISO\/IEC 14443 Tipo A<\/h3>\n<ul class=\"boxes\">\n<li>Interfaz sin contacto conforme a la norma ISO\/IEC 14443-2\/3 A<\/li>\n<li>Hmin bajo que permite una distancia de funcionamiento de hasta 100 mm (dependiendo de la potencia proporcionada por el PCD y la geometr\u00eda de la antena)<\/li>\n<li>Transferencia r\u00e1pida de datos: 106 kbit\/s, 212 kbit\/s, 424 kbit\/s, 848 kbit\/s<\/li>\n<li>Identificador \u00fanico de 7 bytes (opci\u00f3n de ID aleatorio)<\/li>\n<li>Utiliza el protocolo de transmisi\u00f3n ISO\/IEC 14443-4<\/li>\n<li>FSCI configurable para admitir un tama\u00f1o de trama de hasta 128 bytes (nuevo)<\/li>\n<\/ul>\n<\/div>\n<div class=\"collapse-mobile ste-list\">\n<h3>Memoria no vol\u00e1til<\/h3>\n<ul class=\"boxes\">\n<li>NV de 2 kB, 4 kB, 8 kB, 16 kB o 32 kB<\/li>\n<li>Conservaci\u00f3n de datos durante 25 a\u00f1os<\/li>\n<li>Resistencia de escritura t\u00edpica de 500 000 ciclos<\/li>\n<li>Ciclos de programaci\u00f3n r\u00e1pidos (borrar\/escribir)<\/li>\n<\/ul>\n<\/div>\n<div class=\"collapse-mobile ste-list\">\n<h3>Organizaci\u00f3n de la memoria NV<\/h3>\n<ul class=\"boxes\">\n<li>Sistema de archivos flexible: el usuario puede definir libremente las estructuras de aplicaci\u00f3n en PICC<\/li>\n<li>Pr\u00e1cticamente no hay l\u00edmite en el n\u00famero de aplicaciones por PICC (nuevo)<\/li>\n<li>Hasta 32 archivos en cada aplicaci\u00f3n (6 tipos de archivos disponibles: archivo de datos est\u00e1ndar, archivo de datos de respaldo, archivo de valores, archivo de registro lineal, archivo de registro c\u00edclico y archivo MAC de transacci\u00f3n)<\/li>\n<li>El tama\u00f1o del archivo se determina durante la creaci\u00f3n (no para el archivo MAC de transacci\u00f3n)<\/li>\n<\/ul>\n<\/div>\n<\/div>\n<\/div>\n<h2>Principales ventajas de la RFID NFC MIFARE Desfire INLAY<\/h2>\n<p>DesFire MIFARE <a href=\"https:\/\/rfid-laundry-tag.com\/es\/rfid-inlay\/\">Incrustaciones RFID<\/a> No son solo etiquetas, sino que representan un paso hacia un futuro en el que coexisten la eficiencia, la flexibilidad y la seguridad. Estas incrustaciones se pueden personalizar para adaptarse a sus necesidades espec\u00edficas, mostrando su marca y proporcionando una funcionalidad mejorada. La versatilidad de la plataforma MIFARE DESFire permite aplicaciones que van desde pagos sin contacto hasta sistemas de control de acceso seguro.<\/p>\n<h3>Caracter\u00edsticas de la incrustaci\u00f3n RFID MIFARE DESFire<\/h3>\n<p>El MIFARE DESFire <a href=\"https:\/\/rfid-laundry-tag.com\/es\/rfid-inlay\/\">Incrustaci\u00f3n RFID<\/a> Ofrece numerosas caracter\u00edsticas que lo convierten en una herramienta esencial en las aplicaciones RFID modernas. Entre ellas, se incluyen la compatibilidad con dispositivos habilitados para NFC, m\u00faltiples capacidades de datos (hasta 32k) y est\u00e1ndares de cifrado seguro que protegen los datos del usuario.<\/p>\n<h3>El poder de la tecnolog\u00eda MIFARE DESFire<\/h3>\n<p>La tecnolog\u00eda MIFARE DESFire est\u00e1 a la vanguardia de la industria RFID, conocida por su eficiencia en la transmisi\u00f3n de datos y seguridad. La plataforma cumple con la certificaci\u00f3n de seguridad Common Criteria EAL5+, lo que la hace confiable para aplicaciones sensibles como tarjetas bancarias y pasaportes electr\u00f3nicos.<\/p>\n<h3>Aplicaciones vers\u00e1tiles de las incrustaciones RFID<\/h3>\n<p>Las opciones de personalizaci\u00f3n para MIFARE DESFire <a href=\"https:\/\/rfid-laundry-tag.com\/es\/rfid-inlay\/\">Incrustaciones RFID<\/a> Las funcionalidades son muy amplias. Desde servicios de ciudades inteligentes hasta programas de fidelizaci\u00f3n y soluciones de pago sin efectivo, las funcionalidades est\u00e1n dise\u00f1adas para satisfacer las demandas de la tecnolog\u00eda moderna.<\/p>\n<h3>Opciones de personalizaci\u00f3n para su negocio<\/h3>\n<p>Con MIFARE DESFire <a href=\"https:\/\/rfid-laundry-tag.com\/es\/rfid-inlay\/\">Incrustaciones RFID<\/a>Puede personalizar todo, desde la forma y el tama\u00f1o hasta los logotipos impresos y los n\u00fameros de serie. Esta flexibilidad mejora la visibilidad de la marca y brinda una experiencia de usuario \u00fanica adaptada a las necesidades comerciales espec\u00edficas.<\/p>\n<h3>Funciones de seguridad mejoradas<\/h3>\n<p>Las medidas de seguridad incorporadas en los inlays RFID MIFARE DESFire son incomparables. Con autenticaci\u00f3n mutua de tres pasos y cifrado AES para la transmisi\u00f3n de datos, los usuarios pueden estar seguros de que su informaci\u00f3n se mantiene privada y segura.<\/p>\n<h3>Consideraciones ecol\u00f3gicas<\/h3>\n<p>Como la tecnolog\u00eda RFID adopta la sostenibilidad, las incrustaciones MIFARE DESFire se pueden producir con materiales ecol\u00f3gicos. Este aspecto no solo reduce el impacto ambiental, sino que tambi\u00e9n alinea su negocio con los valores de los consumidores modernos.<\/p>\n<h3>Especificaciones t\u00e9cnicas de un vistazo<\/h3>\n<div>\n<div class=\"overflow-x-auto custom-scrollbar custom-scrollbar-wide mb-2\">\n<table class=\"w-fit !mb-2 !max-w-none\">\n<thead>\n<tr>\n<th style=\"text-align: left;\"><strong>Especificaci\u00f3n<\/strong><\/th>\n<th style=\"text-align: left;\"><strong>Descripci\u00f3n<\/strong><\/th>\n<\/tr>\n<\/thead>\n<tbody>\n<tr>\n<td><strong>Interfaz RF<\/strong><\/td>\n<td>ISO\/IEC 14443 Tipo A<\/td>\n<\/tr>\n<tr>\n<td><strong>Distancia de funcionamiento<\/strong><\/td>\n<td>Hasta 100 mm<\/td>\n<\/tr>\n<tr>\n<td><strong>Tasas de transferencia de datos<\/strong><\/td>\n<td>De 106 kbit\/s a 848 kbit\/s<\/td>\n<\/tr>\n<tr>\n<td><strong>Opciones de memoria<\/strong><\/td>\n<td>NV 2k, 4k, 8k, 16k o 32k<\/td>\n<\/tr>\n<tr>\n<td><strong>Identificador \u00fanico<\/strong><\/td>\n<td>7 bytes con opci\u00f3n de ID aleatoria<\/td>\n<\/tr>\n<tr>\n<td><strong>Certificaci\u00f3n de seguridad<\/strong><\/td>\n<td>Criterios comunes EAL5+<\/td>\n<\/tr>\n<\/tbody>\n<\/table>\n<\/div>\n<\/div>\n<h3>Testimonios de clientes<\/h3>\n<p>Los clientes de diversos sectores han elogiado las tarjetas MIFARE DESFire por su rendimiento y fiabilidad. Los comentarios destacan la facilidad de integraci\u00f3n, la eficiencia en las operaciones y la satisfacci\u00f3n general con las funciones de seguridad.<\/p>\n<h3>Preguntas frecuentes (FAQ)<\/h3>\n<p><strong>\u00bfCu\u00e1l es el tama\u00f1o m\u00e1ximo de memoria para las tarjetas MIFARE DESFire?<\/strong><\/p>\n<ul>\n<li style=\"list-style-type: none;\">\n<ul>\n<li>El tama\u00f1o m\u00e1ximo de memoria disponible es 32k.<\/li>\n<\/ul>\n<\/li>\n<\/ul>\n<p><strong>\u00bfEstas incrustaciones son compatibles con los lectores NFC existentes?<\/strong><\/p>\n<ul>\n<li style=\"list-style-type: none;\">\n<ul>\n<li>S\u00ed, son totalmente compatibles con la infraestructura de lectores NFC existente.<\/li>\n<\/ul>\n<\/li>\n<\/ul>\n<p><strong>\u00bfPuedo personalizar la configuraci\u00f3n de transmisi\u00f3n de datos?<\/strong><\/p>\n<ul>\n<li style=\"list-style-type: none;\">\n<ul>\n<li>S\u00ed, puede configurar el tama\u00f1o del marco para adaptarlo a las necesidades de su aplicaci\u00f3n.<\/li>\n<\/ul>\n<\/li>\n<\/ul>\n<h3>Reflexiones finales sobre las incrustaciones RFID MIFARE DESFire<\/h3>\n<p>La incrustaci\u00f3n RFID MIFARE DESFire encarna la fusi\u00f3n perfecta de seguridad, rendimiento y versatilidad. Con opciones de personalizaci\u00f3n, est\u00e1ndares de alta seguridad y una variedad de aplicaciones, invertir en esta tecnolog\u00eda es una opci\u00f3n inteligente tanto para empresas como para particulares.<\/p>\n<p>Desbloquee seguridad y eficiencia de nivel superior con\u00a0<strong>Incrustaciones RFID MIFARE DESFire<\/strong>.\u00a0<strong>Cont\u00e1ctenos<\/strong>\u00a0Cont\u00e1ctenos hoy para explorar c\u00f3mo nuestras soluciones pueden satisfacer sus necesidades y mejorar las capacidades de su negocio. Ya sea que est\u00e9 buscando mejorar los controles de acceso, optimizar los sistemas de pago o integrar una soluci\u00f3n de seguimiento inteligente, la tecnolog\u00eda MIFARE DESFire es su clave para un futuro seguro.<\/p>","protected":false},"excerpt":{"rendered":"<p>Descubra RFID NFC MIFARE Desfire INLAY: soluciones seguras, vers\u00e1tiles y personalizables para control de acceso y pagos, garantizando una mayor eficiencia y seguridad.<\/p>","protected":false},"featured_media":2673,"template":"","meta":{"_kad_post_transparent":"default","_kad_post_title":"","_kad_post_layout":"default","_kad_post_sidebar_id":"","_kad_post_content_style":"default","_kad_post_vertical_padding":"default","_kad_post_feature":"","_kad_post_feature_position":"","_kad_post_header":false,"_kad_post_footer":false,"_kad_post_classname":""},"product_brand":[],"product_cat":[189],"product_tag":[313,111,108],"class_list":{"0":"post-2689","1":"product","2":"type-product","3":"status-publish","4":"has-post-thumbnail","6":"product_cat-rfid-inlay","7":"product_tag-mifare-desfire-inlay","8":"product_tag-nfc-inlay","9":"product_tag-rfid-inlay","11":"first","12":"instock","13":"shipping-taxable","14":"product-type-simple","15":"entry","16":"content-bg","17":"loop-entry"},"_links":{"self":[{"href":"https:\/\/rfid-laundry-tag.com\/es\/wp-json\/wp\/v2\/product\/2689","targetHints":{"allow":["GET"]}}],"collection":[{"href":"https:\/\/rfid-laundry-tag.com\/es\/wp-json\/wp\/v2\/product"}],"about":[{"href":"https:\/\/rfid-laundry-tag.com\/es\/wp-json\/wp\/v2\/types\/product"}],"version-history":[{"count":2,"href":"https:\/\/rfid-laundry-tag.com\/es\/wp-json\/wp\/v2\/product\/2689\/revisions"}],"predecessor-version":[{"id":2693,"href":"https:\/\/rfid-laundry-tag.com\/es\/wp-json\/wp\/v2\/product\/2689\/revisions\/2693"}],"wp:featuredmedia":[{"embeddable":true,"href":"https:\/\/rfid-laundry-tag.com\/es\/wp-json\/wp\/v2\/media\/2673"}],"wp:attachment":[{"href":"https:\/\/rfid-laundry-tag.com\/es\/wp-json\/wp\/v2\/media?parent=2689"}],"wp:term":[{"taxonomy":"product_brand","embeddable":true,"href":"https:\/\/rfid-laundry-tag.com\/es\/wp-json\/wp\/v2\/product_brand?post=2689"},{"taxonomy":"product_cat","embeddable":true,"href":"https:\/\/rfid-laundry-tag.com\/es\/wp-json\/wp\/v2\/product_cat?post=2689"},{"taxonomy":"product_tag","embeddable":true,"href":"https:\/\/rfid-laundry-tag.com\/es\/wp-json\/wp\/v2\/product_tag?post=2689"}],"curies":[{"name":"wp","href":"https:\/\/api.w.org\/{rel}","templated":true}]}}