{"id":268,"date":"2024-06-21T15:32:44","date_gmt":"2024-06-21T15:32:44","guid":{"rendered":"https:\/\/rfid-laundry-tag.com\/?post_type=product&#038;p=268"},"modified":"2024-06-28T10:04:38","modified_gmt":"2024-06-28T10:04:38","slug":"uhf-rfid-label-alien-h9","status":"publish","type":"product","link":"https:\/\/rfid-laundry-tag.com\/es\/uhf-rfid-label-alien-h9\/","title":{"rendered":"Etiqueta RFID UHF Alien H9"},"content":{"rendered":"<h2>Etiqueta RFID UHF Alien H9<\/h2>\n<p><span style=\"font-family: inherit; font-size: 24px; font-weight: bold;\">Etiqueta RFID UHF para seguimiento de inventario<\/span><\/p>\n<div class=\"J_module\">\n<div class=\"ife-detail-decorate-table\">\n<table class=\"all magic-10\">\n<tbody>\n<tr>\n<td colspan=\"1\" rowspan=\"1\">\n<div class=\"magic-11\">Chip<\/div>\n<\/td>\n<td colspan=\"1\" rowspan=\"1\">\n<div class=\"magic-12\">Extraterrestre H9<\/div>\n<\/td>\n<\/tr>\n<tr>\n<td colspan=\"1\" rowspan=\"1\">\n<div class=\"magic-11\">Frecuencia<\/div>\n<\/td>\n<td colspan=\"1\" rowspan=\"1\">\n<div class=\"magic-12\">860\uff5e960 MHz<\/div>\n<\/td>\n<\/tr>\n<tr>\n<td colspan=\"1\" rowspan=\"1\">\n<div class=\"magic-11\">Material<\/div>\n<\/td>\n<td colspan=\"1\" rowspan=\"1\">\n<div class=\"magic-12\">Papel estucado\/PET\/Papel sint\u00e9tico\/Papel t\u00e9rmico\/Personalizaci\u00f3n<\/div>\n<\/td>\n<\/tr>\n<tr>\n<td colspan=\"1\" rowspan=\"1\">\n<div class=\"magic-11\">Modo de trabajo<\/div>\n<\/td>\n<td colspan=\"1\" rowspan=\"1\">\n<div class=\"magic-12\">Pasivo<\/div>\n<\/td>\n<\/tr>\n<tr>\n<td colspan=\"1\" rowspan=\"1\">\n<div class=\"magic-11\">Vida IC<\/div>\n<\/td>\n<td colspan=\"1\" rowspan=\"1\">\n<div class=\"magic-12\">100.000 ciclos de programaci\u00f3n, 10 a\u00f1os de retenci\u00f3n de datos<\/div>\n<\/td>\n<\/tr>\n<tr>\n<td colspan=\"1\" rowspan=\"1\">\n<div class=\"magic-11\">Temperatura\/humedad de funcionamiento<\/div>\n<\/td>\n<td colspan=\"1\" rowspan=\"1\">\n<div class=\"magic-12\">-25 ~ 50 \u2103\/20% ~ 80% humedad relativa<\/div>\n<\/td>\n<\/tr>\n<tr>\n<td colspan=\"1\" rowspan=\"1\">\n<div class=\"magic-11\">Temperatura\/humedad de almacenamiento<\/div>\n<\/td>\n<td colspan=\"1\" rowspan=\"1\">\n<div class=\"magic-12\">+23\u00b0C\u00b15\u00b0C\/ 50%\u00b110% RH (sin condensaci\u00f3n).<\/div>\n<\/td>\n<\/tr>\n<tr>\n<td colspan=\"1\" rowspan=\"1\">\n<div class=\"magic-11\">Antena<\/div>\n<\/td>\n<td colspan=\"1\" rowspan=\"1\">\n<div class=\"magic-12\">Grabado en aluminio, 94,8 x 8,1 mm<\/div>\n<\/td>\n<\/tr>\n<tr>\n<td colspan=\"1\" rowspan=\"1\">\n<div class=\"magic-11\">Incrustaci\u00f3n h\u00fameda\/Tama\u00f1o de la etiqueta<\/div>\n<\/td>\n<td colspan=\"1\" rowspan=\"1\">\n<div class=\"magic-12\">98*15 mm o personalizaci\u00f3n<\/div>\n<\/td>\n<\/tr>\n<tr>\n<td colspan=\"1\" rowspan=\"1\">\n<div class=\"magic-11\">Impresi\u00f3n<\/div>\n<\/td>\n<td colspan=\"1\" rowspan=\"1\">\n<div class=\"magic-12\">Impresi\u00f3n a todo color, logotipo, c\u00f3digo de barras, c\u00f3digo QR, etc.<\/div>\n<\/td>\n<\/tr>\n<tr>\n<td colspan=\"1\" rowspan=\"1\">\n<div class=\"magic-11\">Muestra<\/div>\n<\/td>\n<td colspan=\"1\" rowspan=\"1\">\n<div class=\"magic-12\">La muestra es gratuita para su prueba de calidad.<\/div>\n<\/td>\n<\/tr>\n<tr>\n<td colspan=\"1\" rowspan=\"1\">\n<div class=\"magic-11\">Protocolo<\/div>\n<\/td>\n<td colspan=\"1\" rowspan=\"1\">\n<div class=\"magic-12\">ISO\/IEC 18000-6C EPC Clase 1 Gen2<\/div>\n<\/td>\n<\/tr>\n<tr>\n<td colspan=\"1\" rowspan=\"1\">\n<div class=\"magic-11\">Embalaje<\/div>\n<\/td>\n<td colspan=\"1\" rowspan=\"1\">\n<div class=\"magic-12\">1000-5000 piezas\/rollo, 4 rollos\/caja<\/div>\n<\/td>\n<\/tr>\n<tr>\n<td colspan=\"1\" rowspan=\"1\">\n<div class=\"magic-11\">Lugar de origen<\/div>\n<\/td>\n<td colspan=\"1\" rowspan=\"1\">\n<div class=\"magic-12\">Chengdu, China<\/div>\n<\/td>\n<\/tr>\n<tr>\n<td colspan=\"1\" rowspan=\"4\">\n<div class=\"magic-11\">Aplicaci\u00f3n\/Soluci\u00f3n<\/div>\n<\/td>\n<td colspan=\"1\" rowspan=\"1\">\n<div class=\"magic-12\">Control de admisi\u00f3n seguro\/Pago sin efectivo Programas de membres\u00eda y fidelizaci\u00f3n<\/div>\n<\/td>\n<\/tr>\n<tr>\n<td colspan=\"1\" rowspan=\"1\">\n<div class=\"magic-12\" data-spm-anchor-id=\"a2700.details.0.i80.59c943e8HVzkHD\">Acceso a eventos y marca\/redes sociales\/venta minorista<\/div>\n<\/td>\n<\/tr>\n<tr>\n<td colspan=\"1\" rowspan=\"1\">\n<div class=\"magic-12\">Medio ambiente\/Juegos y juguetes Ubicaci\u00f3n\/Electr\u00f3nica\/Ferias<\/div>\n<\/td>\n<\/tr>\n<tr>\n<td colspan=\"1\" rowspan=\"1\">\n<div class=\"magic-12\">Eventos\/Solicitud de llamada\/Tarjetas de presentaci\u00f3n<\/div>\n<\/td>\n<\/tr>\n<\/tbody>\n<\/table>\n<p>&nbsp;<\/p>\n<\/div>\n<\/div>\n<div class=\"J_module\">\n<div><\/div>\n<div class=\"auto-hide-last-sibling-br paragraph_9dc5f paragraph-element\">Las etiquetas RFID UHF (etiquetas de identificaci\u00f3n por radiofrecuencia de ultra alta frecuencia) son herramientas realmente vers\u00e1tiles con amplias aplicaciones en diversos sectores.<\/div>\n<div class=\"auto-hide-last-sibling-br paragraph_9dc5f paragraph-element\">Identificaci\u00f3n: Estas etiquetas pueden almacenar f\u00e1cilmente datos personales, lo que es \u00fatil en escenarios de verificaci\u00f3n de identidad, lo que las convierte en una opci\u00f3n confiable para diversas instituciones que requieren m\u00e9todos de identificaci\u00f3n seguros y eficientes.<\/div>\n<div><\/div>\n<div class=\"auto-hide-last-sibling-br paragraph_9dc5f paragraph-element\">Transporte p\u00fablico y venta de entradas para eventos: Las etiquetas RFID UHF se utilizan habitualmente en sistemas automatizados de venta de entradas, como fichas de metro o autob\u00fas, as\u00ed como en la venta de entradas para eventos, donde permiten una entrada r\u00e1pida y eficiente.<\/div>\n<div><\/div>\n<div class=\"auto-hide-last-sibling-br paragraph_9dc5f paragraph-element\">Cobro electr\u00f3nico de peajes: El uso de etiquetas RFID UHF permite pagos de peajes r\u00e1pidos sin necesidad de que los veh\u00edculos se detengan, lo que reduce significativamente el tr\u00e1fico y mejora la comodidad del usuario.<\/div>\n<div><\/div>\n<div class=\"auto-hide-last-sibling-br paragraph_9dc5f paragraph-element\">Gesti\u00f3n de activos: Las etiquetas se pueden colocar en los activos, lo que permite el seguimiento, la ubicaci\u00f3n y la actualizaci\u00f3n de la informaci\u00f3n en tiempo real, mejorando la gesti\u00f3n del inventario y reduciendo p\u00e9rdidas o robos.<\/div>\n<div><\/div>\n<div class=\"auto-hide-last-sibling-br paragraph_9dc5f paragraph-element\">Bibliotecas y alquileres: Se utilizan para hacer un seguimiento de los libros u otros art\u00edculos que entran y salen de una biblioteca, lo que hace que el proceso de pr\u00e9stamo y devoluci\u00f3n sea m\u00e1s eficiente. Tambi\u00e9n se pueden aplicar en servicios de alquiler para una mejor gesti\u00f3n de los art\u00edculos alquilados.<\/div>\n<div><\/div>\n<div class=\"auto-hide-last-sibling-br paragraph_9dc5f paragraph-element\">Sistema de fidelizaci\u00f3n: Las etiquetas RFID UHF se pueden utilizar en tarjetas de fidelizaci\u00f3n o recompensa para empresas, mejorando la retenci\u00f3n de clientes y brindando una excelente experiencia de usuario.<\/div>\n<div><\/div>\n<div class=\"auto-hide-last-sibling-br paragraph_9dc5f paragraph-element\">Gesti\u00f3n de control de acceso: En lugares que requieren acceso seguro como oficinas, \u00e1reas residenciales o ciertas \u00e1reas p\u00fablicas, estas etiquetas se pueden utilizar para un control de acceso eficiente, agregando una capa adicional de seguridad.<\/div>\n<div><\/div>\n<div class=\"auto-hide-last-sibling-br paragraph_9dc5f paragraph-element\">Adem\u00e1s, nuestros servicios de programaci\u00f3n y codificaci\u00f3n personalizados pueden adaptarse a las necesidades espec\u00edficas del cliente, lo que hace que las etiquetas RFID UHF sean una soluci\u00f3n altamente rentable y conveniente para muchas empresas y servicios.<\/div>\n<div><\/div>\n<\/div>\n<div><\/div>\n<div><strong>\u00bfPor qu\u00e9 elegirnos?<\/strong><\/div>\n<div><\/div>\n<div>Somos el proveedor l\u00edder de tecnolog\u00eda RFID con m\u00e1s de 11 a\u00f1os de experiencia, que aporta eficiencia, confiabilidad y precisi\u00f3n avanzadas a las cadenas de suministro globales de los clientes con productos, soluciones y tecnolog\u00edas l\u00edderes en la industria. Como fabricante a nivel mundial, ofrecemos a los clientes una plataforma de tecnolog\u00edas fundamentales, que incluyen control de acceso, etiquetado de animales, comunicaci\u00f3n de campo cercano (NFC), varios lectores y soluciones RFID. Nuestras soluciones cuentan con marcos de aplicaci\u00f3n altamente configurables e interfaces de usuario elegantes con an\u00e1lisis avanzados, lo que permite inteligencia empresarial de extremo a extremo y visibilidad de datos en m\u00faltiples industrias.<\/div>","protected":false},"excerpt":{"rendered":"<p>La etiqueta RFID UHF se puede aplicar ampliamente en identificaci\u00f3n, transporte p\u00fablico, cobro electr\u00f3nico de peajes para eventos, gesti\u00f3n de activos, bibliotecas y alquiler, sistema de fidelizaci\u00f3n y gesti\u00f3n de control de acceso, etc. Brindamos servicios de programaci\u00f3n y codificaci\u00f3n que se ajustan exactamente a los requisitos de programaci\u00f3n o codificaci\u00f3n del cliente.<\/p>","protected":false},"featured_media":270,"template":"","meta":{"_kad_post_transparent":"default","_kad_post_title":"","_kad_post_layout":"default","_kad_post_sidebar_id":"","_kad_post_content_style":"default","_kad_post_vertical_padding":"default","_kad_post_feature":"","_kad_post_feature_position":"","_kad_post_header":false,"_kad_post_footer":false,"_kad_post_classname":""},"product_brand":[],"product_cat":[54],"product_tag":[102,100,98],"class_list":{"0":"post-268","1":"product","2":"type-product","3":"status-publish","4":"has-post-thumbnail","6":"product_cat-hot-selling-rfid-tags","7":"product_tag-paper-uhf-rfid-sticker","8":"product_tag-rfid-label","9":"product_tag-uhf-rfid-label","11":"first","12":"instock","13":"shipping-taxable","14":"product-type-simple","15":"entry","16":"content-bg","17":"loop-entry"},"_links":{"self":[{"href":"https:\/\/rfid-laundry-tag.com\/es\/wp-json\/wp\/v2\/product\/268","targetHints":{"allow":["GET"]}}],"collection":[{"href":"https:\/\/rfid-laundry-tag.com\/es\/wp-json\/wp\/v2\/product"}],"about":[{"href":"https:\/\/rfid-laundry-tag.com\/es\/wp-json\/wp\/v2\/types\/product"}],"version-history":[{"count":0,"href":"https:\/\/rfid-laundry-tag.com\/es\/wp-json\/wp\/v2\/product\/268\/revisions"}],"wp:featuredmedia":[{"embeddable":true,"href":"https:\/\/rfid-laundry-tag.com\/es\/wp-json\/wp\/v2\/media\/270"}],"wp:attachment":[{"href":"https:\/\/rfid-laundry-tag.com\/es\/wp-json\/wp\/v2\/media?parent=268"}],"wp:term":[{"taxonomy":"product_brand","embeddable":true,"href":"https:\/\/rfid-laundry-tag.com\/es\/wp-json\/wp\/v2\/product_brand?post=268"},{"taxonomy":"product_cat","embeddable":true,"href":"https:\/\/rfid-laundry-tag.com\/es\/wp-json\/wp\/v2\/product_cat?post=268"},{"taxonomy":"product_tag","embeddable":true,"href":"https:\/\/rfid-laundry-tag.com\/es\/wp-json\/wp\/v2\/product_tag?post=268"}],"curies":[{"name":"wp","href":"https:\/\/api.w.org\/{rel}","templated":true}]}}