{"id":265,"date":"2024-06-21T15:26:22","date_gmt":"2024-06-21T15:26:22","guid":{"rendered":"https:\/\/rfid-laundry-tag.com\/?post_type=product&#038;p=265"},"modified":"2024-08-14T16:48:09","modified_gmt":"2024-08-14T16:48:09","slug":"uhf-rfid-sticker-nxp-u-code-9","status":"publish","type":"product","link":"https:\/\/rfid-laundry-tag.com\/es\/uhf-rfid-sticker-nxp-u-code-9\/","title":{"rendered":"Etiqueta adhesiva RFID UHF - NXP U CODE 9"},"content":{"rendered":"<h2>Etiqueta adhesiva RFID UHF - NXP U CODE 9<\/h2>\n<p><span style=\"font-family: inherit; font-size: 24px; font-weight: bold;\">Etiqueta adhesiva RFID UHF para gesti\u00f3n de inventario y seguimiento de origen<\/span><\/p>\n<div class=\"J_module\">\n<div class=\"ife-detail-decorate-table\">\n<table class=\"all magic-10\">\n<tbody>\n<tr>\n<td colspan=\"1\" rowspan=\"1\">\n<div class=\"magic-11\">Chip<\/div>\n<\/td>\n<td colspan=\"1\" rowspan=\"1\">\n<div class=\"magic-12\">C\u00f3digo NXP U 9<\/div>\n<\/td>\n<\/tr>\n<tr>\n<td colspan=\"1\" rowspan=\"1\">\n<div class=\"magic-11\">Frecuencia<\/div>\n<\/td>\n<td colspan=\"1\" rowspan=\"1\">\n<div class=\"magic-12\">860\uff5e960 MHz<\/div>\n<\/td>\n<\/tr>\n<tr>\n<td colspan=\"1\" rowspan=\"1\">\n<div class=\"magic-11\">Material<\/div>\n<\/td>\n<td colspan=\"1\" rowspan=\"1\">\n<div class=\"magic-12\">Papel estucado\/PET\/Papel sint\u00e9tico\/Papel t\u00e9rmico\/Personalizaci\u00f3n<\/div>\n<\/td>\n<\/tr>\n<tr>\n<td colspan=\"1\" rowspan=\"1\">\n<div class=\"magic-11\">Modo de trabajo<\/div>\n<\/td>\n<td colspan=\"1\" rowspan=\"1\">\n<div class=\"magic-12\">Pasivo<\/div>\n<\/td>\n<\/tr>\n<tr>\n<td colspan=\"1\" rowspan=\"1\">\n<div class=\"magic-11\">Vida IC<\/div>\n<\/td>\n<td colspan=\"1\" rowspan=\"1\">\n<div class=\"magic-12\">100.000 ciclos de programaci\u00f3n, 10 a\u00f1os de retenci\u00f3n de datos<\/div>\n<\/td>\n<\/tr>\n<tr>\n<td colspan=\"1\" rowspan=\"1\">\n<div class=\"magic-11\">Temperatura\/humedad de funcionamiento<\/div>\n<\/td>\n<td colspan=\"1\" rowspan=\"1\">\n<div class=\"magic-12\">-25 ~ 50 \u2103\/20% ~ 80% humedad relativa<\/div>\n<\/td>\n<\/tr>\n<tr>\n<td colspan=\"1\" rowspan=\"1\">\n<div class=\"magic-11\">Temperatura\/humedad de almacenamiento<\/div>\n<\/td>\n<td colspan=\"1\" rowspan=\"1\">\n<div class=\"magic-12\">+23\u00b0C\u00b15\u00b0C\/ 50%\u00b110% RH (sin condensaci\u00f3n).<\/div>\n<\/td>\n<\/tr>\n<tr>\n<td colspan=\"1\" rowspan=\"1\">\n<div class=\"magic-11\">Antena<\/div>\n<\/td>\n<td colspan=\"1\" rowspan=\"1\">\n<div class=\"magic-12\">Grabado en aluminio, 94,8 x 8,1 mm<\/div>\n<\/td>\n<\/tr>\n<tr>\n<td colspan=\"1\" rowspan=\"1\">\n<div class=\"magic-11\">Incrustaci\u00f3n h\u00fameda\/Tama\u00f1o de la etiqueta<\/div>\n<\/td>\n<td colspan=\"1\" rowspan=\"1\">\n<div class=\"magic-12\">98*15 mm o personalizaci\u00f3n<\/div>\n<\/td>\n<\/tr>\n<tr>\n<td colspan=\"1\" rowspan=\"1\">\n<div class=\"magic-11\">Impresi\u00f3n<\/div>\n<\/td>\n<td colspan=\"1\" rowspan=\"1\">\n<div class=\"magic-12\">Impresi\u00f3n a todo color, logotipo, c\u00f3digo de barras, c\u00f3digo QR, etc.<\/div>\n<\/td>\n<\/tr>\n<tr>\n<td colspan=\"1\" rowspan=\"1\">\n<div class=\"magic-11\">Muestra<\/div>\n<\/td>\n<td colspan=\"1\" rowspan=\"1\">\n<div class=\"magic-12\">La muestra es gratuita para su prueba de calidad.<\/div>\n<\/td>\n<\/tr>\n<tr>\n<td colspan=\"1\" rowspan=\"1\">\n<div class=\"magic-11\">Protocolo<\/div>\n<\/td>\n<td colspan=\"1\" rowspan=\"1\">\n<div class=\"magic-12\">ISO\/IEC 18000-6C EPC Clase 1 Gen2<\/div>\n<\/td>\n<\/tr>\n<tr>\n<td colspan=\"1\" rowspan=\"1\">\n<div class=\"magic-11\">Embalaje<\/div>\n<\/td>\n<td colspan=\"1\" rowspan=\"1\">\n<div class=\"magic-12\">1000-5000 piezas\/rollo, 4 rollos\/caja<\/div>\n<\/td>\n<\/tr>\n<tr>\n<td colspan=\"1\" rowspan=\"1\">\n<div class=\"magic-11\">Lugar de origen<\/div>\n<\/td>\n<td colspan=\"1\" rowspan=\"1\">\n<div class=\"magic-12\">Chengdu, China<\/div>\n<\/td>\n<\/tr>\n<tr>\n<td colspan=\"1\" rowspan=\"4\">\n<div class=\"magic-11\">Aplicaci\u00f3n\/Soluci\u00f3n<\/div>\n<\/td>\n<td colspan=\"1\" rowspan=\"1\">\n<div class=\"magic-12\">Control de admisi\u00f3n seguro\/Pago sin efectivo Programas de membres\u00eda y fidelizaci\u00f3n<\/div>\n<\/td>\n<\/tr>\n<tr>\n<td colspan=\"1\" rowspan=\"1\">\n<div class=\"magic-12\" data-spm-anchor-id=\"a2700.details.0.i80.59c943e8HVzkHD\">Acceso a eventos y marca\/redes sociales\/venta minorista<\/div>\n<\/td>\n<\/tr>\n<tr>\n<td colspan=\"1\" rowspan=\"1\">\n<div class=\"magic-12\">Medio ambiente\/Juegos y juguetes Ubicaci\u00f3n\/Electr\u00f3nica\/Ferias<\/div>\n<\/td>\n<\/tr>\n<tr>\n<td colspan=\"1\" rowspan=\"1\">\n<div class=\"magic-12\">Eventos\/Solicitud de llamada\/Tarjetas de presentaci\u00f3n<\/div>\n<\/td>\n<\/tr>\n<\/tbody>\n<\/table>\n<p>&nbsp;<\/p>\n<\/div>\n<\/div>\n<div class=\"text-title\"><span class=\"magic-26\" style=\"color: #000000;\">Modo de servicio del sistema<\/span><\/div>\n<div class=\"text-content\" data-spm-anchor-id=\"a2700.details.0.i55.72f139f1jxVcfh\">Proporcionamos soluciones de gesti\u00f3n inteligente basadas en tecnolog\u00eda RFID, que pueden ayudar a las empresas en la gesti\u00f3n digital en los \u00e1mbitos de la gesti\u00f3n de activos, leasing, almacenes y log\u00edstica.<\/div>\n<div data-spm-anchor-id=\"a2700.details.0.i55.72f139f1jxVcfh\"><\/div>\n<div class=\"J_module\">\n<p>RFID Inlay es un t\u00e9rmino especial para la industria RFID, que se refiere a un producto prelaminado compuesto de PVC multicapa u otros materiales que contienen chips y bobinas. Despu\u00e9s de diferentes formas de empaquetado, se pueden hacer diferentes tipos de etiquetas RFID. La incrustaci\u00f3n puede entenderse como productos semiacabados sin encapsulaci\u00f3n de etiquetas RFID. La incrustaci\u00f3n RFID se puede dividir en incrustaci\u00f3n seca e incrustaci\u00f3n h\u00fameda. La incrustaci\u00f3n seca RFID no contiene pegamento posterior, y su estructura es antena + chip + paquete de chip; la incrustaci\u00f3n h\u00fameda RFID contiene pegamento posterior, que se puede unir directamente a los objetos. La estructura es antena + chip + paquete de chip + PET + pegamento + papel desprendible Requisitos de frecuencia: 869-915mhz-uhf \/ 13.56mhz-iso14443 \/ 13.56mhz-iso 15693. MIND tiene t\u00e9cnicos y ofrece servicio de dise\u00f1o de antena para satisfacer varios requisitos de los clientes.<\/p>\n<\/div>","protected":false},"excerpt":{"rendered":"<p>Etiqueta RFID UHF - NXP U CODE 9. La etiqueta RFID UHF cumple con el est\u00e1ndar EPC C1G2 (ISO18000-6C), lo que permite su uso universal debido a la frecuencia de funcionamiento de 860-960 MHz. Cada etiqueta viene con una identificaci\u00f3n distintiva y puede contener datos personalizados. Esta caracter\u00edstica permite su aplicaci\u00f3n generalizada en la gesti\u00f3n de diversos sectores, incluidos la indumentaria, el seguimiento de equipaje en aeropuertos, la log\u00edstica y la gesti\u00f3n de activos.<\/p>","protected":false},"featured_media":267,"template":"","meta":{"_kad_post_transparent":"default","_kad_post_title":"","_kad_post_layout":"default","_kad_post_sidebar_id":"","_kad_post_content_style":"default","_kad_post_vertical_padding":"default","_kad_post_feature":"","_kad_post_feature_position":"","_kad_post_header":false,"_kad_post_footer":false,"_kad_post_classname":""},"product_brand":[],"product_cat":[54],"product_tag":[102],"class_list":{"0":"post-265","1":"product","2":"type-product","3":"status-publish","4":"has-post-thumbnail","6":"product_cat-hot-selling-rfid-tags","7":"product_tag-paper-uhf-rfid-sticker","9":"first","10":"instock","11":"shipping-taxable","12":"product-type-simple","13":"entry","14":"content-bg","15":"loop-entry"},"_links":{"self":[{"href":"https:\/\/rfid-laundry-tag.com\/es\/wp-json\/wp\/v2\/product\/265","targetHints":{"allow":["GET"]}}],"collection":[{"href":"https:\/\/rfid-laundry-tag.com\/es\/wp-json\/wp\/v2\/product"}],"about":[{"href":"https:\/\/rfid-laundry-tag.com\/es\/wp-json\/wp\/v2\/types\/product"}],"version-history":[{"count":1,"href":"https:\/\/rfid-laundry-tag.com\/es\/wp-json\/wp\/v2\/product\/265\/revisions"}],"predecessor-version":[{"id":1337,"href":"https:\/\/rfid-laundry-tag.com\/es\/wp-json\/wp\/v2\/product\/265\/revisions\/1337"}],"wp:featuredmedia":[{"embeddable":true,"href":"https:\/\/rfid-laundry-tag.com\/es\/wp-json\/wp\/v2\/media\/267"}],"wp:attachment":[{"href":"https:\/\/rfid-laundry-tag.com\/es\/wp-json\/wp\/v2\/media?parent=265"}],"wp:term":[{"taxonomy":"product_brand","embeddable":true,"href":"https:\/\/rfid-laundry-tag.com\/es\/wp-json\/wp\/v2\/product_brand?post=265"},{"taxonomy":"product_cat","embeddable":true,"href":"https:\/\/rfid-laundry-tag.com\/es\/wp-json\/wp\/v2\/product_cat?post=265"},{"taxonomy":"product_tag","embeddable":true,"href":"https:\/\/rfid-laundry-tag.com\/es\/wp-json\/wp\/v2\/product_tag?post=265"}],"curies":[{"name":"wp","href":"https:\/\/api.w.org\/{rel}","templated":true}]}}