{"id":2641,"date":"2024-09-22T15:06:11","date_gmt":"2024-09-22T15:06:11","guid":{"rendered":"https:\/\/rfid-laundry-tag.com\/?post_type=product&#038;p=2641"},"modified":"2024-09-22T15:36:05","modified_gmt":"2024-09-22T15:36:05","slug":"on-heavy-duty-nfc-tag-for-patrol","status":"publish","type":"product","link":"https:\/\/rfid-laundry-tag.com\/es\/on-heavy-duty-nfc-tag-for-patrol\/","title":{"rendered":"Etiqueta NFC de alta resistencia para patrulla"},"content":{"rendered":"<p>La gesti\u00f3n eficiente de patrullas es crucial para la seguridad y las operaciones efectivas en diversas industrias, como edificios, f\u00e1bricas y almacenes.\u00a0<strong>Etiqueta NFC de alta resistencia para patrulla<\/strong>\u00a0est\u00e1 dise\u00f1ado para mejorar los procesos de monitoreo del personal de patrulla, garantizando registros completos y una rendici\u00f3n de cuentas sin igual. Esta tecnolog\u00eda innovadora no solo simplifica el seguimiento de las patrullas, sino que tambi\u00e9n crea un entorno propicio para la seguridad y la eficiencia operativa.<\/p>\n<h2>\u00a0Introducci\u00f3n a las etiquetas NFC de On Heavy Duty<\/h2>\n<p>En un entorno que exige constantemente responsabilidad y precisi\u00f3n, la\u00a0<strong>Etiquetas NFC de alta resistencia<\/strong>\u00a0Proporcionan una soluci\u00f3n confiable para la gesti\u00f3n de patrullas. Estas etiquetas permiten a los gerentes y l\u00edderes controlar las actividades de patrulla, lo que garantiza que cada paso se controle y registre con precisi\u00f3n.\u00a0<strong>NFC met\u00e1lico<\/strong>\u00a0Tecnolog\u00eda, estas etiquetas est\u00e1n dise\u00f1adas para adherirse a superficies en los entornos m\u00e1s exigentes.<\/p>\n<p>El\u00a0<strong>Etiqueta NFC<\/strong>\u00a0presta servicios a m\u00faltiples industrias y ayuda a cerrar la brecha entre los sistemas de seguimiento manuales y los procesos de monitoreo automatizados y eficientes. Al integrar esta tecnolog\u00eda avanzada en sus operaciones de seguridad, puede esperar un nivel de servicio y eficiencia incomparables.<\/p>\n<h2>Caracter\u00edsticas principales de las etiquetas NFC<\/h2>\n<p><strong>Etiquetas NFC de alta resistencia<\/strong>\u00a0Constan de varias caracter\u00edsticas clave que los hacen destacar en el mercado:<\/p>\n<ul>\n<li><strong>Construcci\u00f3n duradera:<\/strong>\u00a0Dise\u00f1adas para uso intensivo, estas etiquetas pueden soportar condiciones adversas y est\u00e1n dise\u00f1adas para colocarse en cualquier superficie met\u00e1lica. Su dise\u00f1o robusto es resistente al desgaste, lo que garantiza un rendimiento duradero.<\/li>\n<li><strong>Tecnolog\u00eda NTAG avanzada:<\/strong>\u00a0La incorporaci\u00f3n de la\u00a0<strong>Etiqueta ntag213<\/strong>\u00a0El chip garantiza velocidades de transferencia de datos r\u00e1pidas y un funcionamiento eficiente. Con una capacidad de memoria de 180 bytes, la etiqueta es capaz de almacenar los datos necesarios para un seguimiento eficiente.<\/li>\n<li><strong>Compatibilidad con superficies met\u00e1licas:<\/strong>\u00a0El\u00a0<strong>antimetal<\/strong>\u00a0Esta caracter\u00edstica permite que estas etiquetas funcionen de manera efectiva cuando se colocan en cualquier superficie met\u00e1lica, lo que garantiza la confiabilidad en diversos entornos operativos.<\/li>\n<\/ul>\n<h2>Ventajas de utilizar etiquetas NFC en operaciones de patrullaje<\/h2>\n<p>Implementando\u00a0<strong>NFC<\/strong>\u00a0La tecnolog\u00eda en las operaciones de patrullaje aporta numerosas ventajas:<\/p>\n<ul>\n<li><strong>Seguimiento en tiempo real:<\/strong>\u00a0Los gerentes pueden observar las rutas y los tiempos de patrullaje en tiempo real, lo que ayuda significativamente a mejorar los protocolos de seguridad y garantizar que cada patrullaje se complete seg\u00fan lo programado.<\/li>\n<li><strong>Mantenimiento eficiente de registros:<\/strong>\u00a0El\u00a0<strong>Etiqueta NFC<\/strong>\u00a0permite un f\u00e1cil registro de las actividades de patrulla, lo que ayuda a minimizar el error humano y agilizar las tareas administrativas asociadas con los informes.<\/li>\n<\/ul>\n<p>Invertir en\u00a0<strong>NFC en metal<\/strong>\u00a0Las etiquetas se traducen en una mejor gesti\u00f3n de los recursos y medidas de respuesta de seguridad mejoradas.<\/p>\n<h2>C\u00f3mo instalar etiquetas NFC<\/h2>\n<p>Instalaci\u00f3n del\u00a0<strong>Etiquetas NFC de alta resistencia<\/strong>\u00a0Es muy sencillo. Aqu\u00ed te explicamos c\u00f3mo:<\/p>\n<ol>\n<li><strong>Preparaci\u00f3n de la superficie:<\/strong>\u00a0Aseg\u00farese de que la superficie met\u00e1lica elegida est\u00e9 limpia y libre de polvo o humedad para lograr una fuerte adhesi\u00f3n.<\/li>\n<li><strong>Posicionamiento de la etiqueta:<\/strong>\u00a0Determine la ubicaci\u00f3n \u00f3ptima para la etiqueta. Utilice una\u00a0<strong>agujero de tornillo<\/strong>\u00a0si es necesario para una soluci\u00f3n m\u00e1s permanente, o utilice el respaldo adhesivo para una f\u00e1cil aplicaci\u00f3n.<\/li>\n<li><strong>Probando la etiqueta:<\/strong>\u00a0Una vez aplicado, aseg\u00farese de verificar el rango de lectura y la funcionalidad para garantizar un funcionamiento adecuado.<\/li>\n<\/ol>\n<p>Una instalaci\u00f3n adecuada garantizar\u00e1 la longevidad y mejorar\u00e1 la eficiencia de su sistema de gesti\u00f3n de patrullas.<\/p>\n<p><img fetchpriority=\"high\" decoding=\"async\" class=\"alignnone wp-image-2646\" src=\"https:\/\/rfid-laundry-tag.com\/wp-content\/uploads\/2024\/09\/7_H17fee47b9eae43d5a80c5a2bc6771f13t-300x300.jpg\" alt=\"NFC TAGS\" width=\"489\" height=\"489\" srcset=\"https:\/\/rfid-laundry-tag.com\/wp-content\/uploads\/2024\/09\/7_H17fee47b9eae43d5a80c5a2bc6771f13t-300x300.jpg 300w, https:\/\/rfid-laundry-tag.com\/wp-content\/uploads\/2024\/09\/7_H17fee47b9eae43d5a80c5a2bc6771f13t-150x150.jpg 150w, https:\/\/rfid-laundry-tag.com\/wp-content\/uploads\/2024\/09\/7_H17fee47b9eae43d5a80c5a2bc6771f13t-768x768.jpg 768w, https:\/\/rfid-laundry-tag.com\/wp-content\/uploads\/2024\/09\/7_H17fee47b9eae43d5a80c5a2bc6771f13t-12x12.jpg 12w, https:\/\/rfid-laundry-tag.com\/wp-content\/uploads\/2024\/09\/7_H17fee47b9eae43d5a80c5a2bc6771f13t-600x600.jpg 600w, https:\/\/rfid-laundry-tag.com\/wp-content\/uploads\/2024\/09\/7_H17fee47b9eae43d5a80c5a2bc6771f13t-100x100.jpg 100w, https:\/\/rfid-laundry-tag.com\/wp-content\/uploads\/2024\/09\/7_H17fee47b9eae43d5a80c5a2bc6771f13t.jpg 1000w\" sizes=\"(max-width: 489px) 100vw, 489px\" \/><\/p>\n<h2>Especificaciones t\u00e9cnicas de las etiquetas NFC de On Heavy Duty<\/h2>\n<p>A continuaci\u00f3n se presentan las especificaciones t\u00e9cnicas importantes para el\u00a0<strong>Etiquetas NFC de alta resistencia<\/strong>:<\/p>\n<div>\n<div class=\"overflow-x-auto custom-scrollbar custom-scrollbar-wide mb-2\">\n<table class=\"w-fit !mb-2 !max-w-none\">\n<thead>\n<tr>\n<th style=\"text-align: left;\">Caracter\u00edstica<\/th>\n<th style=\"text-align: left;\">Especificaci\u00f3n<\/th>\n<\/tr>\n<\/thead>\n<tbody>\n<tr>\n<td>Tama\u00f1o<\/td>\n<td>25 mm, 30 mm<\/td>\n<\/tr>\n<tr>\n<td>Chip<\/td>\n<td>NTAG213<\/td>\n<\/tr>\n<tr>\n<td>Frecuencia<\/td>\n<td>13,56MHz<\/td>\n<\/tr>\n<tr>\n<td>Protocolo<\/td>\n<td>ISO\/IEC 14443A<\/td>\n<\/tr>\n<tr>\n<td>Memoria<\/td>\n<td>180 bytes<\/td>\n<\/tr>\n<tr>\n<td>Temperatura de funcionamiento<\/td>\n<td>-20 a 65 grados C<\/td>\n<\/tr>\n<tr>\n<td>Plazo de entrega<\/td>\n<td>7 d\u00edas laborables<\/td>\n<\/tr>\n<tr>\n<td>Retenci\u00f3n de datos<\/td>\n<td>\u226510 a\u00f1os<\/td>\n<\/tr>\n<tr>\n<td>Rango de lectura<\/td>\n<td>0-10 cent\u00edmetros<\/td>\n<\/tr>\n<\/tbody>\n<\/table>\n<\/div>\n<\/div>\n<p>Comprender estas especificaciones ayuda a los usuarios a determinar la mejor etiqueta para sus necesidades espec\u00edficas.<\/p>\n<h2>Impacto ambiental de las etiquetas NFC<\/h2>\n<p>El impacto ambiental del uso\u00a0<strong>Tecnolog\u00eda NFC<\/strong>\u00a0es una preocupaci\u00f3n creciente. Afortunadamente, estas etiquetas est\u00e1n dise\u00f1adas teniendo en cuenta pr\u00e1cticas sostenibles:<\/p>\n<ul>\n<li><strong>Materiales utilizados:<\/strong>\u00a0Los materiales utilizados en la fabricaci\u00f3n\u00a0<strong>NFC met\u00e1lico<\/strong>\u00a0Las etiquetas se eligen por su longevidad y reciclabilidad.<\/li>\n<li><strong>Reducci\u00f3n de residuos:<\/strong>\u00a0Al eliminar la necesidad de registros en papel y el mantenimiento manual de registros, las organizaciones pueden reducir significativamente su huella de residuos de papel.<\/li>\n<\/ul>\n<p>Abrazando\u00a0<strong>Etiquetas NFC<\/strong>\u00a0No s\u00f3lo mejora la seguridad sino que tambi\u00e9n se alinea con pr\u00e1cticas operativas ecol\u00f3gicas.<\/p>\n<h3>Experiencias y opiniones de clientes<\/h3>\n<p>Aplicaciones del mundo real de la\u00a0<strong>Etiqueta NFC<\/strong>\u00a0Puede influir en las decisiones de compra. Aqu\u00ed, profundizamos en los testimonios y experiencias de los clientes.<\/p>\n<h2>Preguntas frecuentes sobre las etiquetas NFC de alta resistencia<\/h2>\n<p><strong>P: \u00bfSe pueden utilizar estas etiquetas NFC en condiciones de mucho calor o mucho fr\u00edo?<\/strong><br \/>\nR: S\u00ed, el rango de temperatura de funcionamiento de -20 a 65 grados C los hace adecuados para diversos entornos.<\/p>\n<p><strong>P: \u00bfCu\u00e1nto tiempo duran los datos en la etiqueta?<\/strong><br \/>\nR: El per\u00edodo de retenci\u00f3n de datos es de un m\u00ednimo de 10 a\u00f1os, lo que garantiza la confiabilidad a largo plazo.<\/p>\n<p>Si tiene m\u00e1s preguntas, no dude en comunicarse con nosotros para obtener aclaraciones.<\/p>\n<p>En conclusi\u00f3n, la\u00a0<strong>Etiquetas NFC de alta resistencia para patrullas<\/strong>\u00a0Son una herramienta indispensable para las organizaciones modernas que buscan mejorar sus pr\u00e1cticas de seguridad y gesti\u00f3n. Con su tecnolog\u00eda avanzada, durabilidad y adaptabilidad, estas etiquetas ofrecen mejoras operativas significativas.<\/p>","protected":false},"excerpt":{"rendered":"<p>Mejore la eficiencia de las patrullas con nuestra etiqueta NFC On Heavy Duty, dise\u00f1ada para superficies met\u00e1licas. Duradera, confiable y perfecta para una gesti\u00f3n de seguridad optimizada.<\/p>","protected":false},"featured_media":2642,"template":"","meta":{"_kad_post_transparent":"default","_kad_post_title":"","_kad_post_layout":"default","_kad_post_sidebar_id":"","_kad_post_content_style":"default","_kad_post_vertical_padding":"default","_kad_post_feature":"","_kad_post_feature_position":"","_kad_post_header":false,"_kad_post_footer":false,"_kad_post_classname":""},"product_brand":[],"product_cat":[54],"product_tag":[305,216,290],"class_list":{"0":"post-2641","1":"product","2":"type-product","3":"status-publish","4":"has-post-thumbnail","6":"product_cat-hot-selling-rfid-tags","7":"product_tag-heavy-duty-nfc-tags","8":"product_tag-nfc-patrol-tag","9":"product_tag-nfc-tag","11":"first","12":"instock","13":"shipping-taxable","14":"product-type-simple","15":"entry","16":"content-bg","17":"loop-entry"},"_links":{"self":[{"href":"https:\/\/rfid-laundry-tag.com\/es\/wp-json\/wp\/v2\/product\/2641","targetHints":{"allow":["GET"]}}],"collection":[{"href":"https:\/\/rfid-laundry-tag.com\/es\/wp-json\/wp\/v2\/product"}],"about":[{"href":"https:\/\/rfid-laundry-tag.com\/es\/wp-json\/wp\/v2\/types\/product"}],"version-history":[{"count":1,"href":"https:\/\/rfid-laundry-tag.com\/es\/wp-json\/wp\/v2\/product\/2641\/revisions"}],"predecessor-version":[{"id":2647,"href":"https:\/\/rfid-laundry-tag.com\/es\/wp-json\/wp\/v2\/product\/2641\/revisions\/2647"}],"wp:featuredmedia":[{"embeddable":true,"href":"https:\/\/rfid-laundry-tag.com\/es\/wp-json\/wp\/v2\/media\/2642"}],"wp:attachment":[{"href":"https:\/\/rfid-laundry-tag.com\/es\/wp-json\/wp\/v2\/media?parent=2641"}],"wp:term":[{"taxonomy":"product_brand","embeddable":true,"href":"https:\/\/rfid-laundry-tag.com\/es\/wp-json\/wp\/v2\/product_brand?post=2641"},{"taxonomy":"product_cat","embeddable":true,"href":"https:\/\/rfid-laundry-tag.com\/es\/wp-json\/wp\/v2\/product_cat?post=2641"},{"taxonomy":"product_tag","embeddable":true,"href":"https:\/\/rfid-laundry-tag.com\/es\/wp-json\/wp\/v2\/product_tag?post=2641"}],"curies":[{"name":"wp","href":"https:\/\/api.w.org\/{rel}","templated":true}]}}