{"id":2581,"date":"2024-09-19T13:02:28","date_gmt":"2024-09-19T13:02:28","guid":{"rendered":"https:\/\/rfid-laundry-tag.com\/?post_type=product&#038;p=2581"},"modified":"2024-09-19T13:40:21","modified_gmt":"2024-09-19T13:40:21","slug":"on-metal-nfc-screw-tag-ntag213","status":"publish","type":"product","link":"https:\/\/rfid-laundry-tag.com\/es\/on-metal-nfc-screw-tag-ntag213\/","title":{"rendered":"Etiqueta NFC para tornillos sobre metal Ntag213"},"content":{"rendered":"<p>El <strong>Etiqueta NFC con tornillos para metal<\/strong> es una etiqueta NFC de gran durabilidad dise\u00f1ada espec\u00edficamente para uso industrial. <strong>Construcci\u00f3n en ABS o PVC<\/strong> asegura que es <strong>impermeable<\/strong> y <strong>a prueba de calor<\/strong>, lo que lo hace adecuado para entornos exigentes como alta humedad o temperaturas extremas.<\/p>\n<h3>Caracter\u00edsticas clave:<\/h3>\n<ul>\n<li><strong>Tipo de chip<\/strong>:NXP NTAG213 (compatible con todos los dispositivos m\u00f3viles)<\/li>\n<li><strong>Forma<\/strong>: Redondo<\/li>\n<li><strong>Tama\u00f1o<\/strong>:30 mm de di\u00e1metro, m\u00e1s 2,5 mm de espesor<\/li>\n<li><strong>Tama\u00f1o de la antena<\/strong>:25 mm<\/li>\n<li><strong>Memoria total<\/strong>: 144 bytes<\/li>\n<li><strong>Memoria formateada<\/strong>: 137 bytes<\/li>\n<li><strong>Frecuencia de funcionamiento<\/strong>:13,56 MHz<\/li>\n<\/ul>\n<h3>Ideal para:<\/h3>\n<ul>\n<li>\u00daselo en superficies met\u00e1licas sin interferencias.<\/li>\n<li>Larga distancia de lectura incluso en entornos industriales dif\u00edciles.<\/li>\n<li>Compatibilidad con todos los dispositivos habilitados para NFC (por ejemplo, tel\u00e9fonos inteligentes, tabletas).<\/li>\n<\/ul>\n<p>Esta etiqueta tambi\u00e9n es personalizable y ofrece diferentes tipos de chips y <strong>Opciones de impresi\u00f3n de identificaci\u00f3n<\/strong>Se puede fijar con un tornillo o adhesivo, lo que garantiza una fijaci\u00f3n segura a los objetos met\u00e1licos.<\/p>\n<h3 class=\"AnswerParser_AnswerParserH3__Mpe4s\">Especificaciones t\u00e9cnicas<\/h3>\n<div class=\"AnswerParser_TableContainer__Erb6v\" data-testid=\"table-container\">\n<table>\n<thead>\n<tr>\n<th>Caracter\u00edstica<\/th>\n<th>Especificaci\u00f3n<\/th>\n<\/tr>\n<\/thead>\n<tbody>\n<tr>\n<td>Di\u00e1metro<\/td>\n<td>30 mil\u00edmetros<\/td>\n<\/tr>\n<tr>\n<td>Espesor<\/td>\n<td>3 mil\u00edmetros<\/td>\n<\/tr>\n<tr>\n<td>Orificio para tornillo<\/td>\n<td>3 mil\u00edmetros<\/td>\n<\/tr>\n<tr>\n<td>Tipo de chip<\/td>\n<td>NTAG213<\/td>\n<\/tr>\n<tr>\n<td>Memoria<\/td>\n<td>144 bytes<\/td>\n<\/tr>\n<tr>\n<td>Frecuencia<\/td>\n<td>13,56 MHz (alta frecuencia)<\/td>\n<\/tr>\n<\/tbody>\n<\/table>\n<\/div>\n<h2 class=\"AnswerParser_AnswerParserH2__SIHnF\">Chip Ntag213: tecnolog\u00eda NFC de vanguardia<\/h2>\n<p><span class=\"AnswerParser_TextContainer__z_Iiv\" data-testid=\"youchat-text\">En el coraz\u00f3n de nuestra etiqueta de tornillo NFC sobre metal se encuentra el potente chip Ntag213, que ofrece:<\/span><\/p>\n<ul class=\"AnswerParser_AnswerParserUnorderedList__P_1FW\">\n<li class=\"AnswerParser_ListItem__XqLOV\" translate=\"yes\">144 bytes de memoria de usuario<\/li>\n<li class=\"AnswerParser_ListItem__XqLOV\" translate=\"yes\">Velocidades r\u00e1pidas de lectura y escritura<\/li>\n<li class=\"AnswerParser_ListItem__XqLOV\" translate=\"yes\">Compatibilidad con todos los dispositivos habilitados para NFC<\/li>\n<\/ul>\n<p><span class=\"AnswerParser_TextContainer__z_Iiv\" data-testid=\"youchat-text\">Este chip avanzado garantiza que sus datos se transmitan de forma r\u00e1pida y confiable, lo que lo hace perfecto para una amplia gama de aplicaciones NFC.<\/span><\/p>\n<h2 class=\"AnswerParser_AnswerParserH2__SIHnF\">Rendimiento sobre metal: c\u00f3mo superar los desaf\u00edos de las interferencias<\/h2>\n<p><span class=\"AnswerParser_TextContainer__z_Iiv\" data-testid=\"youchat-text\">Las etiquetas NFC tradicionales suelen tener problemas cuando se colocan sobre superficies met\u00e1licas debido a la interferencia de la se\u00f1al. Nuestras etiquetas NFC para tornillos sobre metal est\u00e1n dise\u00f1adas espec\u00edficamente para:<\/span><\/p>\n<ul class=\"AnswerParser_AnswerParserUnorderedList__P_1FW\">\n<li class=\"AnswerParser_ListItem__XqLOV\" translate=\"yes\">Mantener un rendimiento \u00f3ptimo en superficies met\u00e1licas.<\/li>\n<li class=\"AnswerParser_ListItem__XqLOV\" translate=\"yes\">Proporcionar rangos de lectura consistentes<\/li>\n<li class=\"AnswerParser_ListItem__XqLOV\" translate=\"yes\">Elimina la necesidad de espaciadores o adhesivos adicionales.<\/li>\n<\/ul>\n<p><span class=\"AnswerParser_TextContainer__z_Iiv\" data-testid=\"youchat-text\">Al utilizar tecnolog\u00eda antimetal avanzada, estas etiquetas garantizan una comunicaci\u00f3n confiable incluso cuando se adhieren directamente a objetos met\u00e1licos.<\/span><\/p>\n<h2 class=\"AnswerParser_AnswerParserH2__SIHnF\">F\u00e1cil integraci\u00f3n: compatible con su infraestructura NFC existente<\/h2>\n<p><span class=\"AnswerParser_TextContainer__z_Iiv\" data-testid=\"youchat-text\">Nuestras etiquetas NFC para tornillos sobre metal est\u00e1n dise\u00f1adas para integrarse perfectamente con su ecosistema NFC actual. Son:<\/span><\/p>\n<ul class=\"AnswerParser_AnswerParserUnorderedList__P_1FW\">\n<li class=\"AnswerParser_ListItem__XqLOV\" translate=\"yes\">Compatible con todos los lectores NFC est\u00e1ndar<\/li>\n<li class=\"AnswerParser_ListItem__XqLOV\" translate=\"yes\">F\u00e1cilmente programable mediante tel\u00e9fonos inteligentes habilitados con NFC<\/li>\n<li class=\"AnswerParser_ListItem__XqLOV\" translate=\"yes\">Adecuado para dispositivos Android y iOS.<\/li>\n<\/ul>\n<p><span class=\"AnswerParser_TextContainer__z_Iiv\" data-testid=\"youchat-text\">Esta versatilidad garantiza que pueda implementar estas etiquetas sin la necesidad de costosas actualizaciones de infraestructura.<\/span><\/p>\n<h2 class=\"AnswerParser_AnswerParserH2__SIHnF\">Opciones de personalizaci\u00f3n: adapte sus etiquetas a sus necesidades<\/h2>\n<p><span class=\"AnswerParser_TextContainer__z_Iiv\" data-testid=\"youchat-text\">Entendemos que cada empresa tiene requisitos \u00fanicos. Por eso ofrecemos una variedad de opciones de personalizaci\u00f3n para nuestras etiquetas NFC para tornillos sobre metal:<\/span><\/p>\n<ul class=\"AnswerParser_AnswerParserUnorderedList__P_1FW\">\n<li class=\"AnswerParser_ListItem__XqLOV\" translate=\"yes\">Impresi\u00f3n personalizada con su logotipo o marca.<\/li>\n<li class=\"AnswerParser_ListItem__XqLOV\" translate=\"yes\">Varias opciones de color para combinar con tu est\u00e9tica.<\/li>\n<li class=\"AnswerParser_ListItem__XqLOV\" translate=\"yes\">Codificaci\u00f3n personalizada con sus datos espec\u00edficos<\/li>\n<\/ul>\n<p><span class=\"AnswerParser_TextContainer__z_Iiv\" data-testid=\"youchat-text\">Nuestro equipo de expertos est\u00e1 listo para ayudarle a crear la soluci\u00f3n NFC perfecta para las necesidades de su negocio.<\/span><\/p>\n<h2 class=\"AnswerParser_AnswerParserH2__SIHnF\">Impacto ambiental: Soluciones NFC sostenibles<\/h2>\n<p><span class=\"AnswerParser_TextContainer__z_Iiv\" data-testid=\"youchat-text\">En el mundo actual, consciente de la importancia del medio ambiente, nos comprometemos a ofrecer soluciones NFC sostenibles. Nuestras etiquetas NFC para tornillos sobre metal:<\/span><\/p>\n<ul class=\"AnswerParser_AnswerParserUnorderedList__P_1FW\">\n<li class=\"AnswerParser_ListItem__XqLOV\" translate=\"yes\">Est\u00e1n hechos de materiales reciclables.<\/li>\n<li class=\"AnswerParser_ListItem__XqLOV\" translate=\"yes\">Tienen una larga vida \u00fatil, lo que reduce el desperdicio.<\/li>\n<li class=\"AnswerParser_ListItem__XqLOV\" translate=\"yes\">Contribuir a sistemas sin papel, reduciendo el impacto ambiental general<\/li>\n<\/ul>\n<p><span class=\"AnswerParser_TextContainer__z_Iiv\" data-testid=\"youchat-text\">Al elegir nuestras etiquetas, no solo est\u00e1 invirtiendo en tecnolog\u00eda de vanguardia, sino tambi\u00e9n en un futuro m\u00e1s sostenible.<\/span><\/p>\n<h2 class=\"AnswerParser_AnswerParserH2__SIHnF\">Soluci\u00f3n rentable: maximice su retorno de la inversi\u00f3n<\/h2>\n<p><span class=\"AnswerParser_TextContainer__z_Iiv\" data-testid=\"youchat-text\">Si bien el costo inicial de las etiquetas de tornillo NFC sobre metal puede ser m\u00e1s alto que el de las etiquetas adhesivas tradicionales, ofrecen importantes beneficios a largo plazo:<\/span><\/p>\n<ul class=\"AnswerParser_AnswerParserUnorderedList__P_1FW\">\n<li class=\"AnswerParser_ListItem__XqLOV\" translate=\"yes\">Costos de reemplazo reducidos debido a una durabilidad superior<\/li>\n<li class=\"AnswerParser_ListItem__XqLOV\" translate=\"yes\">Mayor eficiencia en el seguimiento y gesti\u00f3n de activos<\/li>\n<li class=\"AnswerParser_ListItem__XqLOV\" translate=\"yes\">Potencial para operaciones optimizadas y ahorro de costos<\/li>\n<\/ul>\n<p><span class=\"AnswerParser_TextContainer__z_Iiv\" data-testid=\"youchat-text\">Invertir en nuestras etiquetas NFC de alta calidad puede generar retornos de inversi\u00f3n sustanciales a lo largo del tiempo.<\/span><\/p>\n<h2 class=\"AnswerParser_AnswerParserH2__SIHnF\">Instrucciones de f\u00e1cil instalaci\u00f3n y uso<\/h2>\n<p><span class=\"AnswerParser_TextContainer__z_Iiv\" data-testid=\"youchat-text\">Comenzar a utilizar nuestras etiquetas de tornillo NFC sobre metal es sencillo:<\/span><\/p>\n<ol class=\"AnswerParser_AnswerParserOrderedList__kl_2Y\">\n<li class=\"AnswerParser_ListItem__XqLOV\" translate=\"yes\">Limpia la superficie met\u00e1lica donde colocar\u00e1s la etiqueta.<\/li>\n<li class=\"AnswerParser_ListItem__XqLOV\" translate=\"yes\">Utilice el orificio del tornillo de 3 mm para fijar firmemente la etiqueta.<\/li>\n<li class=\"AnswerParser_ListItem__XqLOV\" translate=\"yes\">Programe la etiqueta usando su dispositivo habilitado con NFC<\/li>\n<li class=\"AnswerParser_ListItem__XqLOV\" translate=\"yes\">\u00a1Comienza a utilizar tu etiqueta NFC reci\u00e9n instalada!<\/li>\n<\/ol>\n<p><span class=\"AnswerParser_TextContainer__z_Iiv\" data-testid=\"youchat-text\">Para obtener instrucciones detalladas y gu\u00edas de programaci\u00f3n, revise su bandeja de entrada despu\u00e9s de la compra para encontrar nuestro manual de usuario completo.<\/span><\/p>\n<h2 class=\"AnswerParser_AnswerParserH2__SIHnF\">Preguntas frecuentes<\/h2>\n<p><span class=\"AnswerParser_TextContainer__z_Iiv\" data-testid=\"youchat-text\"><strong>P: \u00bfSe pueden utilizar estas etiquetas en superficies no met\u00e1licas?<\/strong>\u00a0<\/span><\/p>\n<p><span class=\"AnswerParser_TextContainer__z_Iiv\" data-testid=\"youchat-text\">R: S\u00ed, aunque est\u00e1n optimizadas para superficies met\u00e1licas, nuestras etiquetas funcionan igualmente bien en materiales no met\u00e1licos.<\/span><\/p>\n<p><span class=\"AnswerParser_TextContainer__z_Iiv\" data-testid=\"youchat-text\"><strong>P: \u00bfCu\u00e1l es el rango de lectura de estas etiquetas NFC?<\/strong>\u00a0<\/span><\/p>\n<p><span class=\"AnswerParser_TextContainer__z_Iiv\" data-testid=\"youchat-text\">R: El rango de lectura t\u00edpico es de hasta 5 cm, dependiendo del dispositivo lector utilizado.<\/span><\/p>\n<p><span class=\"AnswerParser_TextContainer__z_Iiv\" data-testid=\"youchat-text\"><strong>P: \u00bfEstas etiquetas son impermeables?<\/strong>\u00a0<\/span><\/p>\n<p><span class=\"AnswerParser_TextContainer__z_Iiv\" data-testid=\"youchat-text\">R: S\u00ed, la construcci\u00f3n de metal los hace altamente resistentes al agua y otros l\u00edquidos.<\/span><\/p>","protected":false},"excerpt":{"rendered":"<p>El <strong>Etiqueta NFC con tornillos para metal<\/strong> Es una etiqueta NFC muy duradera dise\u00f1ada espec\u00edficamente para uso industrial.<\/p>","protected":false},"featured_media":2582,"template":"","meta":{"_kad_post_transparent":"default","_kad_post_title":"","_kad_post_layout":"default","_kad_post_sidebar_id":"","_kad_post_content_style":"default","_kad_post_vertical_padding":"default","_kad_post_feature":"","_kad_post_feature_position":"","_kad_post_header":false,"_kad_post_footer":false,"_kad_post_classname":""},"product_brand":[],"product_cat":[54],"product_tag":[295,216,290,294],"class_list":{"0":"post-2581","1":"product","2":"type-product","3":"status-publish","4":"has-post-thumbnail","6":"product_cat-hot-selling-rfid-tags","7":"product_tag-nfc-disc-tag","8":"product_tag-nfc-patrol-tag","9":"product_tag-nfc-tag","10":"product_tag-on-metal-nfc-screw-tag","12":"first","13":"instock","14":"shipping-taxable","15":"product-type-simple","16":"entry","17":"content-bg","18":"loop-entry"},"_links":{"self":[{"href":"https:\/\/rfid-laundry-tag.com\/es\/wp-json\/wp\/v2\/product\/2581","targetHints":{"allow":["GET"]}}],"collection":[{"href":"https:\/\/rfid-laundry-tag.com\/es\/wp-json\/wp\/v2\/product"}],"about":[{"href":"https:\/\/rfid-laundry-tag.com\/es\/wp-json\/wp\/v2\/types\/product"}],"version-history":[{"count":1,"href":"https:\/\/rfid-laundry-tag.com\/es\/wp-json\/wp\/v2\/product\/2581\/revisions"}],"predecessor-version":[{"id":2586,"href":"https:\/\/rfid-laundry-tag.com\/es\/wp-json\/wp\/v2\/product\/2581\/revisions\/2586"}],"wp:featuredmedia":[{"embeddable":true,"href":"https:\/\/rfid-laundry-tag.com\/es\/wp-json\/wp\/v2\/media\/2582"}],"wp:attachment":[{"href":"https:\/\/rfid-laundry-tag.com\/es\/wp-json\/wp\/v2\/media?parent=2581"}],"wp:term":[{"taxonomy":"product_brand","embeddable":true,"href":"https:\/\/rfid-laundry-tag.com\/es\/wp-json\/wp\/v2\/product_brand?post=2581"},{"taxonomy":"product_cat","embeddable":true,"href":"https:\/\/rfid-laundry-tag.com\/es\/wp-json\/wp\/v2\/product_cat?post=2581"},{"taxonomy":"product_tag","embeddable":true,"href":"https:\/\/rfid-laundry-tag.com\/es\/wp-json\/wp\/v2\/product_tag?post=2581"}],"curies":[{"name":"wp","href":"https:\/\/api.w.org\/{rel}","templated":true}]}}