{"id":2576,"date":"2024-09-17T14:08:34","date_gmt":"2024-09-17T14:08:34","guid":{"rendered":"https:\/\/rfid-laundry-tag.com\/?post_type=product&#038;p=2576"},"modified":"2024-09-17T14:08:35","modified_gmt":"2024-09-17T14:08:35","slug":"custom-anti-metal-nfc-coin-tag","status":"publish","type":"product","link":"https:\/\/rfid-laundry-tag.com\/es\/custom-anti-metal-nfc-coin-tag\/","title":{"rendered":"Etiqueta NFC para monedas antimetal personalizada"},"content":{"rendered":"<h3>Etiqueta NFC para monedas antimetal personalizada<\/h3>\n<h2 class=\"AnswerParser_AnswerParserH2__SIHnF\">\u00bfQu\u00e9 son las etiquetas NFC para monedas antimetal personalizadas?<\/h2>\n<p><span class=\"AnswerParser_TextContainer__z_Iiv\" data-testid=\"youchat-text\"><strong>Etiquetas NFC para monedas antimetal personalizadas<\/strong>\u00a0Son etiquetas NFC especialmente dise\u00f1adas que se pueden incorporar en diversos productos o materiales promocionales. A diferencia de las etiquetas NFC est\u00e1ndar, estas etiquetas est\u00e1n dise\u00f1adas para funcionar de manera eficaz en superficies met\u00e1licas, lo que las hace vers\u00e1tiles para numerosas aplicaciones. Las etiquetas se pueden personalizar en tama\u00f1o y dise\u00f1o, lo que permite a las empresas crear soluciones \u00fanicas que mejoran la interacci\u00f3n con los clientes.<\/span><span class=\"AnswerParser_TextContainer__z_Iiv\" data-testid=\"youchat-text\">Estas etiquetas de monedas NFC se pueden incorporar en carteles inteligentes, escaparates e incluso directamente en los productos, lo que permite a los consumidores acercar sus tel\u00e9fonos inteligentes con NFC para acceder instant\u00e1neamente a informaci\u00f3n o campa\u00f1as relevantes.<\/span><\/p>\n<h2 class=\"AnswerParser_AnswerParserH2__SIHnF\">\u00bfC\u00f3mo funciona la tecnolog\u00eda NFC?<\/h2>\n<p><span class=\"AnswerParser_TextContainer__z_Iiv\" data-testid=\"youchat-text\">La tecnolog\u00eda NFC permite la comunicaci\u00f3n de corto alcance entre dispositivos. As\u00ed es como funciona cuando un consumidor interact\u00faa con una etiqueta NFC:<\/span><\/p>\n<ol class=\"AnswerParser_AnswerParserOrderedList__kl_2Y\">\n<li class=\"AnswerParser_ListItem__XqLOV\" translate=\"yes\"><strong>Interacci\u00f3n de toque<\/strong>:Cuando un consumidor acerca su tel\u00e9fono inteligente con NFC a la etiqueta NFC, el tel\u00e9fono detecta el identificador \u00fanico de la etiqueta.<\/li>\n<li class=\"AnswerParser_ListItem__XqLOV\" translate=\"yes\"><strong>Detecci\u00f3n de URL<\/strong>:La etiqueta NFC contiene una URL vinculada a una campa\u00f1a o informaci\u00f3n espec\u00edfica.<\/li>\n<li class=\"AnswerParser_ListItem__XqLOV\" translate=\"yes\"><strong>Intercambio de datos<\/strong>:El tel\u00e9fono inteligente env\u00eda la URL a un servidor en la nube, que recupera los datos de campa\u00f1a asociados con esa URL.<\/li>\n<li class=\"AnswerParser_ListItem__XqLOV\" translate=\"yes\"><strong>Pantalla en el tel\u00e9fono inteligente<\/strong>:La informaci\u00f3n de la campa\u00f1a recuperada luego se muestra en el tel\u00e9fono inteligente del consumidor, brind\u00e1ndole acceso instant\u00e1neo a contenido como ofertas promocionales, detalles de productos o experiencias interactivas.<\/li>\n<\/ol>\n<p><span class=\"AnswerParser_TextContainer__z_Iiv\" data-testid=\"youchat-text\">Este intercambio fluido de informaci\u00f3n mejora la participaci\u00f3n del usuario y simplifica la forma en que las marcas se conectan con su audiencia.<\/span><\/p>\n<h2 class=\"AnswerParser_AnswerParserH2__SIHnF\">Beneficios de utilizar etiquetas NFC personalizadas para monedas<\/h2>\n<p><span class=\"AnswerParser_TextContainer__z_Iiv\" data-testid=\"youchat-text\">El uso de etiquetas NFC personalizadas para monedas ofrece numerosas ventajas:<\/span><\/p>\n<ul class=\"AnswerParser_AnswerParserUnorderedList__P_1FW\">\n<li class=\"AnswerParser_ListItem__XqLOV\" translate=\"yes\"><strong>Interacci\u00f3n fluida<\/strong>:A diferencia del marketing WiFi, la tecnolog\u00eda NFC no requiere que los consumidores configuren sus tel\u00e9fonos inteligentes. Los usuarios pueden acceder r\u00e1pidamente a la informaci\u00f3n con un simple toque, lo que la convierte en una experiencia f\u00e1cil de usar.<\/li>\n<li class=\"AnswerParser_ListItem__XqLOV\" translate=\"yes\"><strong>Mayor compromiso<\/strong>:Las etiquetas para monedas NFC permiten a las marcas crear campa\u00f1as de marketing interactivas y din\u00e1micas que captan la atenci\u00f3n del consumidor y promueven la lealtad a la marca.<\/li>\n<li class=\"AnswerParser_ListItem__XqLOV\" translate=\"yes\"><strong>Versatilidad<\/strong>:Estas etiquetas se pueden aplicar a diversas superficies, incluido el metal, lo que las hace adecuadas para una amplia gama de productos y materiales promocionales.<\/li>\n<\/ul>\n<p><span class=\"AnswerParser_TextContainer__z_Iiv\" data-testid=\"youchat-text\">Estos beneficios posicionan a las etiquetas para monedas NFC como una herramienta poderosa para las estrategias de marketing modernas.<\/span><\/p>\n<h2 class=\"AnswerParser_AnswerParserH2__SIHnF\">Opciones de dise\u00f1o y materiales para etiquetas NFC para monedas<\/h2>\n<p><span class=\"AnswerParser_TextContainer__z_Iiv\" data-testid=\"youchat-text\">Las etiquetas de monedas NFC personalizadas est\u00e1n hechas de materiales duraderos que garantizan longevidad y funcionalidad:<\/span><\/p>\n<ul class=\"AnswerParser_AnswerParserUnorderedList__P_1FW\">\n<li class=\"AnswerParser_ListItem__XqLOV\" translate=\"yes\"><strong>PVC\/PET<\/strong>:Estos materiales se utilizan com\u00fanmente por su resistencia y flexibilidad, lo que los hace ideales para el uso diario.<\/li>\n<li class=\"AnswerParser_ListItem__XqLOV\" translate=\"yes\"><strong>Material antimetal<\/strong>:El exclusivo dise\u00f1o antimetal permite que las etiquetas NFC se utilicen en superficies met\u00e1licas sin interferencias, lo que garantiza un rendimiento confiable.<\/li>\n<\/ul>\n<p><span class=\"AnswerParser_TextContainer__z_Iiv\" data-testid=\"youchat-text\">Adem\u00e1s, el tama\u00f1o de las etiquetas de monedas NFC se puede personalizar para satisfacer necesidades espec\u00edficas, lo que proporciona flexibilidad en el dise\u00f1o y la aplicaci\u00f3n.<\/span><\/p>\n<h2 class=\"AnswerParser_AnswerParserH2__SIHnF\">T\u00e9cnicas de impresi\u00f3n y elaboraci\u00f3n<\/h2>\n<p><span class=\"AnswerParser_TextContainer__z_Iiv\" data-testid=\"youchat-text\">Las opciones de impresi\u00f3n y elaboraci\u00f3n disponibles para etiquetas de monedas NFC personalizadas incluyen:<\/span><\/p>\n<ul class=\"AnswerParser_AnswerParserUnorderedList__P_1FW\">\n<li class=\"AnswerParser_ListItem__XqLOV\" translate=\"yes\"><strong>Impresi\u00f3n offset\/impresi\u00f3n digital CMYK<\/strong>:Estas t\u00e9cnicas permiten realizar dise\u00f1os coloridos y de alta calidad que pueden incluir logotipos, marcas y otros elementos visuales.<\/li>\n<li class=\"AnswerParser_ListItem__XqLOV\" translate=\"yes\"><strong>T\u00e9cnicas de elaboraci\u00f3n<\/strong>:Cada etiqueta se puede crear con caracter\u00edsticas \u00fanicas, como numeraci\u00f3n o codificaci\u00f3n, para mejorar la funcionalidad y la marca.<\/li>\n<\/ul>\n<p><span class=\"AnswerParser_TextContainer__z_Iiv\" data-testid=\"youchat-text\">Estas opciones garantizan que cada etiqueta de moneda NFC pueda personalizarse para reflejar la identidad de la marca manteniendo altos est\u00e1ndares de calidad.<\/span><\/p>\n<h2 class=\"AnswerParser_AnswerParserH2__SIHnF\">Aplicaciones de las etiquetas NFC para monedas en el marketing<\/h2>\n<p><span class=\"AnswerParser_TextContainer__z_Iiv\" data-testid=\"youchat-text\">Las etiquetas de monedas NFC se pueden utilizar en diversas aplicaciones de marketing, entre ellas:<\/span><\/p>\n<ul class=\"AnswerParser_AnswerParserUnorderedList__P_1FW\">\n<li class=\"AnswerParser_ListItem__XqLOV\" translate=\"yes\"><strong>Carteles inteligentes<\/strong>:Las marcas pueden incorporar etiquetas de monedas NFC en carteles para atraer a los consumidores con contenido interactivo, como v\u00eddeos u ofertas promocionales.<\/li>\n<li class=\"AnswerParser_ListItem__XqLOV\" translate=\"yes\"><strong>Embalaje del producto<\/strong>:Al integrar etiquetas NFC en el embalaje del producto, las empresas pueden ofrecer a los clientes un acceso f\u00e1cil a la informaci\u00f3n sobre el producto, incluidas instrucciones, consejos de uso y ofertas especiales.<\/li>\n<li class=\"AnswerParser_ListItem__XqLOV\" translate=\"yes\"><strong>Campa\u00f1as de eventos<\/strong>:Las etiquetas de monedas NFC se pueden utilizar en eventos para facilitar el acceso r\u00e1pido a la informaci\u00f3n del evento, horarios y materiales promocionales.<\/li>\n<\/ul>\n<p><span class=\"AnswerParser_TextContainer__z_Iiv\" data-testid=\"youchat-text\">Estas aplicaciones demuestran la versatilidad de las etiquetas de monedas NFC para mejorar los esfuerzos de marketing y la participaci\u00f3n del consumidor.<\/span><\/p>\n<h2 class=\"AnswerParser_AnswerParserH2__SIHnF\">Cantidad m\u00ednima de pedido y disponibilidad de muestras<\/h2>\n<p><span class=\"AnswerParser_TextContainer__z_Iiv\" data-testid=\"youchat-text\">Al considerar etiquetas de monedas NFC personalizadas, es esencial tener en cuenta lo siguiente:<\/span><\/p>\n<ul class=\"AnswerParser_AnswerParserUnorderedList__P_1FW\">\n<li class=\"AnswerParser_ListItem__XqLOV\" translate=\"yes\"><strong>Cantidad m\u00ednima de pedido (MOQ)<\/strong>:El MOQ para etiquetas de monedas NFC personalizadas es\u00a0<strong>500<\/strong>\u00a0unidades, lo que garantiza que las empresas puedan ampliar sus esfuerzos de promoci\u00f3n de manera efectiva.<\/li>\n<li class=\"AnswerParser_ListItem__XqLOV\" translate=\"yes\"><strong>Disponibilidad de muestra<\/strong>:Hay muestras gratuitas disponibles a pedido, lo que permite a las empresas evaluar la calidad y la funcionalidad de las etiquetas NFC antes de realizar pedidos m\u00e1s grandes.<\/li>\n<\/ul>\n<p><span class=\"AnswerParser_TextContainer__z_Iiv\" data-testid=\"youchat-text\">Esta flexibilidad facilita que las empresas incorporen la tecnolog\u00eda NFC en sus estrategias de marketing.<\/span><\/p>\n<h2 class=\"AnswerParser_AnswerParserH2__SIHnF\">Caracter\u00edsticas de seguridad de la tecnolog\u00eda NFC<\/h2>\n<p><span class=\"AnswerParser_TextContainer__z_Iiv\" data-testid=\"youchat-text\">La tecnolog\u00eda NFC incluye varias funciones de seguridad para proteger datos y transacciones:<\/span><\/p>\n<ul class=\"AnswerParser_AnswerParserUnorderedList__P_1FW\">\n<li class=\"AnswerParser_ListItem__XqLOV\" translate=\"yes\"><strong>Encriptaci\u00f3n<\/strong>:Los datos intercambiados entre la etiqueta NFC y el tel\u00e9fono inteligente se pueden cifrar, lo que garantiza que la informaci\u00f3n confidencial permanezca segura.<\/li>\n<li class=\"AnswerParser_ListItem__XqLOV\" translate=\"yes\"><strong>Resistencia a la manipulaci\u00f3n<\/strong>:Muchas etiquetas NFC est\u00e1n dise\u00f1adas para resistir la manipulaci\u00f3n, lo que proporciona una capa adicional de seguridad para las marcas y los consumidores.<\/li>\n<\/ul>\n<p><span class=\"AnswerParser_TextContainer__z_Iiv\" data-testid=\"youchat-text\">Estas caracter\u00edsticas de seguridad hacen de la tecnolog\u00eda NFC una opci\u00f3n confiable para las empresas que buscan interactuar con los clientes y al mismo tiempo proteger sus datos.<\/span><\/p>\n<h2 class=\"AnswerParser_AnswerParserH2__SIHnF\">Preguntas frecuentes sobre etiquetas NFC para monedas personalizadas y antimetal<\/h2>\n<p><span class=\"AnswerParser_TextContainer__z_Iiv\" data-testid=\"youchat-text\"><strong>P: \u00bfSe pueden reutilizar las etiquetas de monedas NFC?<\/strong><br \/>\nR: Las etiquetas de monedas NFC generalmente se pueden usar varias veces, dependiendo del tipo de chip y de si han sido programadas para almacenar nuevos datos.<\/span><\/p>\n<p><span class=\"AnswerParser_TextContainer__z_Iiv\" data-testid=\"youchat-text\"><strong>P: \u00bfQu\u00e9 dispositivos son compatibles con las etiquetas de monedas NFC?<\/strong><br \/>\nR: Las etiquetas de monedas NFC son compatibles con la mayor\u00eda de los tel\u00e9fonos inteligentes habilitados para NFC, incluidos los dispositivos Android y iPhones.<\/span><\/p>\n<p><span class=\"AnswerParser_TextContainer__z_Iiv\" data-testid=\"youchat-text\"><strong>P: \u00bfLas etiquetas de monedas NFC son resistentes al agua?<\/strong><br \/>\nR: Si bien las etiquetas NFC para monedas est\u00e1n dise\u00f1adas para durar, su resistencia al agua puede variar seg\u00fan los materiales utilizados. Es fundamental consultar las especificaciones para obtener m\u00e1s detalles.<\/span><\/p>","protected":false},"excerpt":{"rendered":"<p>Las etiquetas NFC para monedas antimetal personalizadas permiten una interacci\u00f3n fluida con el consumidor. Toque para acceder a la informaci\u00f3n al instante, perfectas para marketing en superficies met\u00e1licas.<\/p>","protected":false},"featured_media":2577,"template":"","meta":{"_kad_post_transparent":"default","_kad_post_title":"","_kad_post_layout":"default","_kad_post_sidebar_id":"","_kad_post_content_style":"default","_kad_post_vertical_padding":"default","_kad_post_feature":"","_kad_post_feature_position":"","_kad_post_header":false,"_kad_post_footer":false,"_kad_post_classname":""},"product_brand":[],"product_cat":[54],"product_tag":[292,290,293],"class_list":{"0":"post-2576","1":"product","2":"type-product","3":"status-publish","4":"has-post-thumbnail","6":"product_cat-hot-selling-rfid-tags","7":"product_tag-anti-metal-nfc-coin-tag","8":"product_tag-nfc-tag","9":"product_tag-nfc-token","11":"first","12":"instock","13":"shipping-taxable","14":"product-type-simple","15":"entry","16":"content-bg","17":"loop-entry"},"_links":{"self":[{"href":"https:\/\/rfid-laundry-tag.com\/es\/wp-json\/wp\/v2\/product\/2576","targetHints":{"allow":["GET"]}}],"collection":[{"href":"https:\/\/rfid-laundry-tag.com\/es\/wp-json\/wp\/v2\/product"}],"about":[{"href":"https:\/\/rfid-laundry-tag.com\/es\/wp-json\/wp\/v2\/types\/product"}],"version-history":[{"count":1,"href":"https:\/\/rfid-laundry-tag.com\/es\/wp-json\/wp\/v2\/product\/2576\/revisions"}],"predecessor-version":[{"id":2580,"href":"https:\/\/rfid-laundry-tag.com\/es\/wp-json\/wp\/v2\/product\/2576\/revisions\/2580"}],"wp:featuredmedia":[{"embeddable":true,"href":"https:\/\/rfid-laundry-tag.com\/es\/wp-json\/wp\/v2\/media\/2577"}],"wp:attachment":[{"href":"https:\/\/rfid-laundry-tag.com\/es\/wp-json\/wp\/v2\/media?parent=2576"}],"wp:term":[{"taxonomy":"product_brand","embeddable":true,"href":"https:\/\/rfid-laundry-tag.com\/es\/wp-json\/wp\/v2\/product_brand?post=2576"},{"taxonomy":"product_cat","embeddable":true,"href":"https:\/\/rfid-laundry-tag.com\/es\/wp-json\/wp\/v2\/product_cat?post=2576"},{"taxonomy":"product_tag","embeddable":true,"href":"https:\/\/rfid-laundry-tag.com\/es\/wp-json\/wp\/v2\/product_tag?post=2576"}],"curies":[{"name":"wp","href":"https:\/\/api.w.org\/{rel}","templated":true}]}}