{"id":2571,"date":"2024-09-17T13:42:59","date_gmt":"2024-09-17T13:42:59","guid":{"rendered":"https:\/\/rfid-laundry-tag.com\/?post_type=product&#038;p=2571"},"modified":"2024-09-17T13:43:00","modified_gmt":"2024-09-17T13:43:00","slug":"custom-guard-nfc-token-on-metal","status":"publish","type":"product","link":"https:\/\/rfid-laundry-tag.com\/es\/custom-guard-nfc-token-on-metal\/","title":{"rendered":"Token NFC Custom Guard sobre metal"},"content":{"rendered":"<h3>Token NFC Custom Guard sobre metal<\/h3>\n<h3>Caracter\u00edsticas clave:<\/h3>\n<ul>\n<li><strong>Tipo de chip<\/strong>:NTAG213, conocido por su considerable capacidad de memoria, adecuado para una variedad de aplicaciones.<\/li>\n<li><strong>Funcionalidad sobre metal<\/strong>:Equipado con una capa de aislamiento antimetal de 0,2 mm de espesor, lo que permite un funcionamiento confiable de NFC en superficies met\u00e1licas.<\/li>\n<li><strong>Material<\/strong>:Fabricado en pl\u00e1stico PVC suave y resistente, dise\u00f1ado para ser resistente al agua y espec\u00edficamente personalizable con logotipos o ilustraciones; tambi\u00e9n disponible en negro.<\/li>\n<li><strong>Adhesivo<\/strong>:Viene con cinta de tejido 3M 9448A, un adhesivo acr\u00edlico liviano que proporciona una fuerte uni\u00f3n a varias superficies; tambi\u00e9n est\u00e1 disponible una opci\u00f3n sin pegamento.<\/li>\n<li><strong>Opciones de tama\u00f1o<\/strong>:Disponible en diferentes formas, como circular (25 mm, 30 mm, 35 mm) y cuadrada (30 mm x 30 mm), con posibles tama\u00f1os personalizados.<\/li>\n<li><strong>Modos de trabajo<\/strong>:Admite funciones de lectura y escritura para el almacenamiento y recuperaci\u00f3n de datos.<\/li>\n<li><strong>Leer distancia<\/strong>:Capaz de leer desde distancias de 1 a 30 cm, dependiendo de las condiciones de uso espec\u00edficas.<\/li>\n<li><strong>Opciones de artesan\u00eda<\/strong>:Acabados personalizables que incluyen brillo, mate, holograma y opciones de numeraci\u00f3n l\u00e1ser o c\u00f3digos QR.<\/li>\n<\/ul>\n<h3>Aplicaciones:<\/h3>\n<ul>\n<li><strong>Control de acceso<\/strong>:Ideal para monitorear y controlar el acceso en diversos entornos.<\/li>\n<li><strong>Automatizaci\u00f3n<\/strong>:Puede utilizarse en sistemas automatizados para fines de seguimiento e identificaci\u00f3n.<\/li>\n<li><strong>Gesti\u00f3n de inventario<\/strong>:\u00datil para gestionar stock e inventario con identificaci\u00f3n en tiempo real de art\u00edculos etiquetados.<\/li>\n<li><strong>Recorridos de guardia<\/strong>:Dise\u00f1ado espec\u00edficamente para su uso en sistemas de rondas de vigilancia, garantizando un seguimiento eficaz del personal de seguridad.<\/li>\n<\/ul>\n<p>Este tipo de token NFC combina a la perfecci\u00f3n funcionalidad y facilidad de uso, lo que lo convierte en una excelente opci\u00f3n para diversas aplicaciones NFC en seguridad y gesti\u00f3n de activos.<\/p>","protected":false},"excerpt":{"rendered":"<p>Los tokens NFC sobre metal han revolucionado la forma en que interactuamos con la tecnolog\u00eda, especialmente en el \u00e1mbito de la seguridad y la gesti\u00f3n de activos.<\/p>","protected":false},"featured_media":2572,"template":"","meta":{"_kad_post_transparent":"default","_kad_post_title":"","_kad_post_layout":"default","_kad_post_sidebar_id":"","_kad_post_content_style":"default","_kad_post_vertical_padding":"default","_kad_post_feature":"","_kad_post_feature_position":"","_kad_post_header":false,"_kad_post_footer":false,"_kad_post_classname":""},"product_brand":[],"product_cat":[54],"product_tag":[],"class_list":{"0":"post-2571","1":"product","2":"type-product","3":"status-publish","4":"has-post-thumbnail","6":"product_cat-hot-selling-rfid-tags","8":"first","9":"instock","10":"shipping-taxable","11":"product-type-simple","12":"entry","13":"content-bg","14":"loop-entry"},"_links":{"self":[{"href":"https:\/\/rfid-laundry-tag.com\/es\/wp-json\/wp\/v2\/product\/2571","targetHints":{"allow":["GET"]}}],"collection":[{"href":"https:\/\/rfid-laundry-tag.com\/es\/wp-json\/wp\/v2\/product"}],"about":[{"href":"https:\/\/rfid-laundry-tag.com\/es\/wp-json\/wp\/v2\/types\/product"}],"version-history":[{"count":2,"href":"https:\/\/rfid-laundry-tag.com\/es\/wp-json\/wp\/v2\/product\/2571\/revisions"}],"predecessor-version":[{"id":2575,"href":"https:\/\/rfid-laundry-tag.com\/es\/wp-json\/wp\/v2\/product\/2571\/revisions\/2575"}],"wp:featuredmedia":[{"embeddable":true,"href":"https:\/\/rfid-laundry-tag.com\/es\/wp-json\/wp\/v2\/media\/2572"}],"wp:attachment":[{"href":"https:\/\/rfid-laundry-tag.com\/es\/wp-json\/wp\/v2\/media?parent=2571"}],"wp:term":[{"taxonomy":"product_brand","embeddable":true,"href":"https:\/\/rfid-laundry-tag.com\/es\/wp-json\/wp\/v2\/product_brand?post=2571"},{"taxonomy":"product_cat","embeddable":true,"href":"https:\/\/rfid-laundry-tag.com\/es\/wp-json\/wp\/v2\/product_cat?post=2571"},{"taxonomy":"product_tag","embeddable":true,"href":"https:\/\/rfid-laundry-tag.com\/es\/wp-json\/wp\/v2\/product_tag?post=2571"}],"curies":[{"name":"wp","href":"https:\/\/api.w.org\/{rel}","templated":true}]}}