{"id":204,"date":"2024-06-18T09:26:05","date_gmt":"2024-06-18T09:26:05","guid":{"rendered":"https:\/\/rfid-laundry-tag.com\/?post_type=product&#038;p=204"},"modified":"2024-09-26T03:20:13","modified_gmt":"2024-09-26T03:20:13","slug":"textile-fabric-rfid-laundry-tags","status":"publish","type":"product","link":"https:\/\/rfid-laundry-tag.com\/es\/textile-fabric-rfid-laundry-tags\/","title":{"rendered":"Etiquetas RFID para lavander\u00eda de tela textil"},"content":{"rendered":"<div>\n<div class=\"auto-hide-last-sibling-br paragraph_1252f paragraph-element\">\n<table width=\"637\">\n<tbody>\n<tr>\n<td width=\"328\">Nombre del \u00e1rticulo:<\/td>\n<td width=\"309\"><strong>Etiquetas RFID para lavander\u00eda de tela textil<\/strong><\/td>\n<\/tr>\n<tr>\n<td width=\"328\">Est\u00e1ndar RFID:<\/td>\n<td width=\"309\">ISO\/IEC 18000-6 Tipo C (EPC Gen2)<\/td>\n<\/tr>\n<tr>\n<td width=\"328\">Tama\u00f1o y peso:<\/td>\n<td width=\"309\">70\u00d715 mm, 0,6 g<\/td>\n<\/tr>\n<tr>\n<td width=\"328\">Tipo de chip:<\/td>\n<td width=\"309\">Impinj Monza 4QT, NXP U C\u00d3DIGO 8, NXP U C\u00d3DIGO 9<\/td>\n<\/tr>\n<tr>\n<td width=\"328\">Memoria EPC:<\/td>\n<td width=\"309\">128 bits<\/td>\n<\/tr>\n<tr>\n<td width=\"328\">Memoria de usuario:<\/td>\n<td width=\"309\">512 bits<\/td>\n<\/tr>\n<tr>\n<td width=\"328\">Rango de lectura (2W ERP FCC):<\/td>\n<td width=\"309\">8m<\/td>\n<\/tr>\n<tr>\n<td width=\"328\">Rango de lectura (2W ERP ETSI):<\/td>\n<td width=\"309\">8m<\/td>\n<\/tr>\n<tr>\n<td width=\"328\">Etiquetado:<\/td>\n<td width=\"309\">Costura, adhesivo para estampado en caliente<\/td>\n<\/tr>\n<tr>\n<td width=\"328\">Vida \u00fatil estimada:<\/td>\n<td width=\"309\">200 ciclos de lavado o 3 a\u00f1os, lo que ocurra primero<\/td>\n<\/tr>\n<tr>\n<td width=\"328\">M\u00e9todo de lavado:<\/td>\n<td width=\"309\">Lavander\u00eda, Lavado en seco<\/td>\n<\/tr>\n<tr>\n<td width=\"328\">Presi\u00f3n de extracci\u00f3n de agua:<\/td>\n<td width=\"309\">60 barras<\/td>\n<\/tr>\n<tr>\n<td width=\"328\">Resistencia al agua:<\/td>\n<td width=\"309\">Resistente al agua<\/td>\n<\/tr>\n<tr>\n<td width=\"328\">Resistencia qu\u00edmica:<\/td>\n<td width=\"309\">Detergente, suavizante, lej\u00eda (ox\u00edgeno\/cloro), \u00e1lcali<\/td>\n<\/tr>\n<tr>\n<td width=\"328\">Presecado en Tumbler:<\/td>\n<td width=\"309\">125 \u00baC durante 15-20 minutos<\/td>\n<\/tr>\n<tr>\n<td width=\"328\">Temperatura de esterilizaci\u00f3n:<\/td>\n<td width=\"309\">135\u00b0C durante 15-20 minutos<\/td>\n<\/tr>\n<tr>\n<td width=\"328\">Temperatura de lavado:<\/td>\n<td width=\"309\">90 \u00b0C, hasta 15 min.<\/td>\n<\/tr>\n<tr>\n<td width=\"328\">Humedad\/Temperatura de funcionamiento:<\/td>\n<td width=\"309\">-20 a 110\u00b0C, 8 a 95%RH<\/td>\n<\/tr>\n<tr>\n<td width=\"328\">Humedad\/Temperatura-Almacenamiento:<\/td>\n<td width=\"309\">-40 a 110\u00b0C, 8 a 95%RH<\/td>\n<\/tr>\n<\/tbody>\n<\/table>\n<\/div>\n<div class=\"auto-hide-last-sibling-br paragraph_1252f paragraph-element\"><\/div>\n<\/div>\n<div data-spm-anchor-id=\"a2700.details.0.i57.23b419c7xXORP0\">\n<div class=\"auto-hide-last-sibling-br paragraph_1252f paragraph-element\">\n<h2>Caracter\u00edsticas de las etiquetas RFID para lavander\u00eda de tela textil<\/h2>\n<h3>1. Durable y lavable<\/h3>\n<p>Nuestro\u00a0<strong>etiquetas RFID lavables<\/strong>\u00a0Est\u00e1n dise\u00f1ados meticulosamente para soportar duras condiciones de lavado. Pueden soportar hasta\u00a0<strong>200 ciclos de lavado<\/strong>, que resisten altas temperaturas durante los procesos de lavado y secado. Los materiales duraderos y la tecnolog\u00eda utilizada garantizan que estos\u00a0<strong>Las etiquetas se pueden coser<\/strong>\u00a0en diversos art\u00edculos, incluidas prendas de vestir y ropa de cama, sin comprometer su integridad. Ya sea lavado en caliente en\u00a0<strong>90\u00b0C<\/strong>\u00a0o esterilizaci\u00f3n en\u00a0<strong>135\u00b0C<\/strong>Estas etiquetas est\u00e1n dise\u00f1adas para soportar las demandas de la lavander\u00eda industrial.<\/p>\n<h3>2. Integraci\u00f3n perfecta con sistemas RFID<\/h3>\n<p>El\u00a0<strong>Tecnolog\u00eda RFID UHF<\/strong>\u00a0La integraci\u00f3n en las etiquetas de lavander\u00eda permite una integraci\u00f3n perfecta con los sistemas de gesti\u00f3n de lavander\u00eda existentes. Ya sea que est\u00e9 utilizando\u00a0<strong>Lectores RFID<\/strong>\u00a0para su seguimiento automatizado o su incorporaci\u00f3n a un sistema m\u00e1s amplio\u00a0<strong>Gesti\u00f3n de inventario<\/strong>\u00a0Estas etiquetas proporcionan la compatibilidad necesaria para operaciones optimizadas. El rango de lectura confiable de hasta\u00a0<strong>8 metros<\/strong>\u00a0garantiza un seguimiento preciso, manteniendo su inventario de lavander\u00eda bajo control.<\/p>\n<h3>3. Capacidades mejoradas de seguimiento y gesti\u00f3n<\/h3>\n<p>Con\u00a0<strong>Etiquetas RFID para lavander\u00eda<\/strong>, puede realizar un seguimiento de cada prenda de ropa en cada etapa del proceso.\u00a0<strong>proceso de lavado<\/strong>La identificaci\u00f3n y el seguimiento eficientes del inventario permiten obtener informaci\u00f3n \u00fatil que mejora el control general del inventario. Puede realizar un seguimiento del movimiento de cada\u00a0<strong>art\u00edculo textil<\/strong>, lo que garantiza que se devuelvan a las personas o lugares correctos con prontitud. Esta visibilidad es fundamental para mantener la satisfacci\u00f3n del cliente en sectores como la hosteler\u00eda y la atenci\u00f3n sanitaria.<\/p>\n<h3>4. Resistencia qu\u00edmica robusta<\/h3>\n<p>Nuestro\u00a0<strong>etiquetas de tela para lavander\u00eda<\/strong>\u00a0Est\u00e1n dise\u00f1adas para tolerar diversos productos qu\u00edmicos que se utilizan habitualmente en lavander\u00edas industriales. Pueden resistir detergentes, suavizantes y blanqueadores, incluidas las variantes de ox\u00edgeno y cloro. Esta resistencia qu\u00edmica extiende la vida \u00fatil de las etiquetas y garantiza un rendimiento confiable, incluso en los entornos de lavado m\u00e1s hostiles.<\/p>\n<h3>5. M\u00faltiples opciones de etiquetado<\/h3>\n<p>Las etiquetas RFID textiles para lavander\u00eda ofrecen versatilidad\u00a0<strong>opciones de etiquetado<\/strong>Los clientes pueden elegir entre\u00a0<strong>de coser<\/strong>\u00a0las etiquetas directamente en las prendas o utilizando\u00a0<strong>Adhesivo para estampaci\u00f3n en caliente<\/strong>\u00a0para una fijaci\u00f3n segura. Esta adaptabilidad permite una f\u00e1cil integraci\u00f3n en los textiles existentes sin alterar su funci\u00f3n o apariencia.<\/p>\n<h3 class=\"wp-block-heading\">Instalaci\u00f3n de etiquetas RFID para lavander\u00eda en tejidos textiles<\/h3>\n<p><strong>Etiquetado de puntadas<\/strong>: Para ser cosido en el dobladillo de un textil. Cose la etiqueta de lavander\u00eda lejos de las l\u00edneas de plegado.<br \/>\n<strong>Termosellado<\/strong>: Para termosellar directamente sobre el textil a +200\u00b0C (392\u00b0F), durante 12~14s.<br \/>\n<strong>En bolsa<\/strong>: Para coser como una etiqueta de cuidado est\u00e1ndar. Cose la etiqueta de lavander\u00eda lejos de las l\u00edneas de plegado.<\/p>\n<h2>Beneficios de la gesti\u00f3n de lavander\u00eda con RFID<\/h2>\n<h3>Mayor eficiencia operativa<\/h3>\n<p>Incorporando\u00a0<strong>Etiquetas RFID<\/strong>\u00a0En tu\u00a0<strong>gesti\u00f3n de lavander\u00eda<\/strong>\u00a0Los procesos mejoran enormemente la eficiencia operativa. Los sistemas de seguimiento automatizados eliminan la necesidad de procesos manuales que requieren mucho trabajo, lo que reduce el tiempo del personal y los costos asociados con el seguimiento de art\u00edculos. Esto permite que los empleados se concentren en tareas principales que agregan valor al negocio y mejoran la productividad general.<\/p>\n<h3>Seguimiento de activos superior<\/h3>\n<p>Con la tecnolog\u00eda RFID, puede realizar un seguimiento de cada prenda de ropa durante todo su ciclo de vida, desde el procesamiento inicial hasta su puesta en servicio. Esta capacidad superior de seguimiento de activos ayuda a evitar p\u00e9rdidas y garantiza que se contabilicen todos los art\u00edculos, lo que es especialmente importante en entornos de gran volumen, como hospitales y hoteles.<\/p>\n<h3>Cumplimiento de los est\u00e1ndares de la industria<\/h3>\n<p>Las etiquetas RFID para lavander\u00eda est\u00e1n dise\u00f1adas para cumplir con los estrictos est\u00e1ndares de la industria en cuanto a durabilidad y rendimiento. Su dise\u00f1o robusto es adecuado para entornos de alta demanda, lo que las hace ideales para aplicaciones comerciales. Al elegir nuestras etiquetas RFID textiles, alinea sus operaciones de lavander\u00eda con las pr\u00e1cticas l\u00edderes, lo que garantiza que su negocio siga siendo competitivo.<\/p>\n<hr \/>\n<h2>Testimonios de clientes<\/h2>\n<blockquote><p>\u201cDesde que implementamos las etiquetas RFID para lavander\u00eda, hemos reducido significativamente la p\u00e9rdida de ropa. \u00a1El sistema de seguimiento ha transformado la gesti\u00f3n de nuestra lavander\u00eda!\u201d\u00a0<em>Mary T., Gerente de Instalaciones<\/em><\/p><\/blockquote>\n<blockquote><p>\u201cLas etiquetas RFID no solo resisten durante los lavados, sino que tambi\u00e9n han mejorado considerablemente nuestros tiempos de respuesta\u201d.\u00a0<em>John D., Director de Operaciones<\/em><\/p><\/blockquote>\n<hr \/>\n<h2>Preguntas frecuentes (FAQ)<\/h2>\n<p><strong>P: \u00bfCu\u00e1nto tiempo pueden durar las etiquetas de lavander\u00eda RFID?<\/strong><br \/>\nA: Nuestro\u00a0<strong>Etiquetas RFID para lavander\u00eda<\/strong>\u00a0tienen una vida \u00fatil estimada de\u00a0<strong>200 ciclos de lavado o 3 a\u00f1os<\/strong>, dependiendo de las condiciones de uso.<\/p>\n<p><strong>P: \u00bfPueden estas etiquetas soportar altas temperaturas?<\/strong><br \/>\nR: S\u00ed, estas etiquetas est\u00e1n dise\u00f1adas para soportar temperaturas de lavado de hasta\u00a0<strong>90\u00b0C<\/strong>, esterilizaci\u00f3n en\u00a0<strong>135\u00b0C<\/strong>y condiciones de presecado, lo que las hace perfectas para lavander\u00edas industriales.<\/p>\n<p><strong>P: \u00bfLas etiquetas son resistentes a los productos qu\u00edmicos?<\/strong><br \/>\nR: Por supuesto. Estas etiquetas son resistentes a los productos qu\u00edmicos habituales para el lavado de ropa, incluidos detergentes, suavizantes y blanqueadores.<\/p>\n<h3>Conclusi\u00f3n<\/h3>\n<div class=\"auto-hide-last-sibling-br paragraph_1252f paragraph-element\"><strong>Etiquetas RFID para lavander\u00eda de tela textil<\/strong> Son etiquetas RFID dise\u00f1adas espec\u00edficamente para textiles que se someten a amplios procesos de lavado industrial, que incluyen esterilizaci\u00f3n y planchado.<\/div>\n<div class=\"auto-hide-last-sibling-br paragraph_1252f paragraph-element\">Estos <strong>Etiquetas RFID para lavander\u00eda de tela textil<\/strong> Son fundamentales para la identificaci\u00f3n, el seguimiento y la gesti\u00f3n eficaces de la ropa blanca y los textiles. Para las empresas que dependen de una circulaci\u00f3n continua de textiles limpios, uniformes, ropa de trabajo, ropa m\u00e9dica o suministros de limpieza, estas etiquetas de lavander\u00eda pueden mejorar significativamente el rendimiento de los sistemas automatizados. Facilitan un seguimiento m\u00e1s r\u00e1pido y preciso de una gran cantidad de art\u00edculos individuales, lo que mejora el control del inventario y reduce las p\u00e9rdidas. Esto genera un ahorro considerable de tiempo y costos, as\u00ed como una mayor productividad para dichos establecimientos.<\/div>\n<\/div>\n<\/div>\n<div class=\"auto-hide-last-sibling-br paragraph_1252f paragraph-element\">\n<div class=\"auto-hide-last-sibling-br paragraph_1252f paragraph-element\"><strong>Etiqueta textil RFID<\/strong> Los sistemas de etiquetado para uniformes y lavander\u00eda de ropa blanca son indispensables en una gran variedad de industrias, ya que impulsan de manera crucial el seguimiento eficiente de los activos, la gesti\u00f3n de inventarios y el aumento de la eficiencia operativa general. A continuaci\u00f3n, se muestra un vistazo a su aplicaci\u00f3n en varios sectores:<\/div>\n<div><\/div>\n<p>&nbsp;<\/p>\n<\/div>\n<div class=\"auto-hide-last-sibling-br paragraph_1252f paragraph-element\"><\/div>","protected":false},"excerpt":{"rendered":"<p>Las etiquetas RFID para ropa de tela, fabricadas con tecnolog\u00eda UHF avanzada (860-960 MHz), cumplen con est\u00e1ndares globales como EPC Class1 Gen2 e ISO 18000. Estas etiquetas UHF para ropa de tela ofrecen una combinaci\u00f3n de flexibilidad y robustez que puede soportar m\u00e1s de 200 ciclos de lavado y una presi\u00f3n de hasta 60 bares. La caracter\u00edstica destacable de la etiqueta RFID UHF para ropa de tela es su potencial para permitir la lectura masiva desde unos pocos metros de distancia, lo que sirve como un instrumento altamente eficiente para la gesti\u00f3n de la lavander\u00eda.<\/p>","protected":false},"featured_media":2675,"template":"","meta":{"_kad_post_transparent":"default","_kad_post_title":"","_kad_post_layout":"default","_kad_post_sidebar_id":"","_kad_post_content_style":"default","_kad_post_vertical_padding":"default","_kad_post_feature":"","_kad_post_feature_position":"","_kad_post_header":false,"_kad_post_footer":false,"_kad_post_classname":""},"product_brand":[],"product_cat":[19],"product_tag":[297,31,65,30],"class_list":{"0":"post-204","1":"product","2":"type-product","3":"status-publish","4":"has-post-thumbnail","6":"product_cat-textile-rfid-laundry-tag","7":"product_tag-rfid-chips-for-uniform","8":"product_tag-rfid-tag-for-linen-laundry","9":"product_tag-textile-rfid-laundry-tags","10":"product_tag-uhf-rfid-laundry-tag","12":"first","13":"instock","14":"featured","15":"shipping-taxable","16":"product-type-simple","17":"entry","18":"content-bg","19":"loop-entry"},"_links":{"self":[{"href":"https:\/\/rfid-laundry-tag.com\/es\/wp-json\/wp\/v2\/product\/204","targetHints":{"allow":["GET"]}}],"collection":[{"href":"https:\/\/rfid-laundry-tag.com\/es\/wp-json\/wp\/v2\/product"}],"about":[{"href":"https:\/\/rfid-laundry-tag.com\/es\/wp-json\/wp\/v2\/types\/product"}],"version-history":[{"count":3,"href":"https:\/\/rfid-laundry-tag.com\/es\/wp-json\/wp\/v2\/product\/204\/revisions"}],"predecessor-version":[{"id":2678,"href":"https:\/\/rfid-laundry-tag.com\/es\/wp-json\/wp\/v2\/product\/204\/revisions\/2678"}],"wp:featuredmedia":[{"embeddable":true,"href":"https:\/\/rfid-laundry-tag.com\/es\/wp-json\/wp\/v2\/media\/2675"}],"wp:attachment":[{"href":"https:\/\/rfid-laundry-tag.com\/es\/wp-json\/wp\/v2\/media?parent=204"}],"wp:term":[{"taxonomy":"product_brand","embeddable":true,"href":"https:\/\/rfid-laundry-tag.com\/es\/wp-json\/wp\/v2\/product_brand?post=204"},{"taxonomy":"product_cat","embeddable":true,"href":"https:\/\/rfid-laundry-tag.com\/es\/wp-json\/wp\/v2\/product_cat?post=204"},{"taxonomy":"product_tag","embeddable":true,"href":"https:\/\/rfid-laundry-tag.com\/es\/wp-json\/wp\/v2\/product_tag?post=204"}],"curies":[{"name":"wp","href":"https:\/\/api.w.org\/{rel}","templated":true}]}}