{"id":193,"date":"2024-06-16T05:59:05","date_gmt":"2024-06-16T05:59:05","guid":{"rendered":"https:\/\/rfid-laundry-tag.com\/?post_type=product&#038;p=193"},"modified":"2024-09-23T09:29:31","modified_gmt":"2024-09-23T09:29:31","slug":"rfid-chips-in-clothing","status":"publish","type":"product","link":"https:\/\/rfid-laundry-tag.com\/es\/rfid-chips-in-clothing\/","title":{"rendered":"Chips RFID en la ropa"},"content":{"rendered":"<div class=\"J_module\">\n<div class=\"ife-detail-decorate-table\">\n<table class=\"hight-light-first-column all magic-14\">\n<tbody>\n<tr>\n<td colspan=\"1\" rowspan=\"1\">\n<div class=\"magic-15\" data-spm-anchor-id=\"a2700.details.0.i95.236a58c1ycsfva\">Nombre de la producci\u00f3n:<\/div>\n<\/td>\n<td colspan=\"1\" rowspan=\"1\">\n<div class=\"magic-16\"><strong>Chips RFID en la ropa<\/strong><\/div>\n<\/td>\n<\/tr>\n<tr>\n<td colspan=\"1\" rowspan=\"1\">\n<div class=\"magic-15\"><span class=\"magic-17\">Material:<\/span><\/div>\n<\/td>\n<td colspan=\"1\" rowspan=\"1\">\n<div class=\"magic-16\">Poli\u00e9ster\/Composici\u00f3n\/Sat\u00e9n\/Algod\u00f3n\/No tejido\/PET, etc.<\/div>\n<\/td>\n<\/tr>\n<tr>\n<td colspan=\"1\" rowspan=\"1\">\n<div class=\"magic-15\"><span class=\"magic-17\">Tama\u00f1o:<\/span><\/div>\n<\/td>\n<td colspan=\"1\" rowspan=\"1\">\n<div class=\"magic-16\"><span class=\"magic-17\">80*38 mm\/60*30 mm o personalizado<\/span><\/div>\n<\/td>\n<\/tr>\n<tr>\n<td colspan=\"1\" rowspan=\"1\">\n<div class=\"magic-15\"><span class=\"magic-17\">Tipo:<\/span><\/div>\n<\/td>\n<td colspan=\"1\" rowspan=\"1\">\n<div class=\"magic-16\"><span class=\"magic-17\">Pasivo, RFID<\/span><\/div>\n<\/td>\n<\/tr>\n<tr>\n<td colspan=\"1\" rowspan=\"1\">\n<div class=\"magic-15\">Protocolo RF:<\/div>\n<\/td>\n<td colspan=\"1\" rowspan=\"1\">\n<div class=\"magic-16\">ISO 18000-6C; EPC Clase 1 Gen 2<\/div>\n<\/td>\n<\/tr>\n<tr>\n<td colspan=\"1\" rowspan=\"1\">\n<div class=\"magic-15\"><span class=\"magic-17\">Frecuencia:<\/span><\/div>\n<\/td>\n<td colspan=\"1\" rowspan=\"1\">\n<div class=\"magic-16\"><span class=\"magic-17\">860 ~ 960 MHz<\/span><\/div>\n<\/td>\n<\/tr>\n<tr>\n<td colspan=\"1\" rowspan=\"1\">\n<div class=\"magic-15\">Chip<\/div>\n<\/td>\n<td colspan=\"1\" rowspan=\"1\">\n<div class=\"magic-16\">Higgs alien\u00edgena, Monza 3, Monza 4D, Monza 4QT, Monza R6, Monza R6-P, Impinj M730, Impinj M750, etc.<\/div>\n<\/td>\n<\/tr>\n<tr>\n<td colspan=\"1\" rowspan=\"1\">\n<div class=\"magic-15\"><span class=\"magic-17\">Distancia de lectura:<\/span><\/div>\n<\/td>\n<td colspan=\"1\" rowspan=\"1\">\n<div class=\"magic-16\"><span class=\"magic-17\">UHF: 1~10 m (depende del lector y la antena)<\/span><\/div>\n<\/td>\n<\/tr>\n<tr>\n<td colspan=\"1\" rowspan=\"1\">\n<div class=\"magic-15\"><span class=\"magic-17\">Manera fija:<\/span><\/div>\n<\/td>\n<td colspan=\"1\" rowspan=\"1\">\n<div class=\"magic-16\"><span class=\"magic-17\">Coser \/ planchar<\/span><\/div>\n<\/td>\n<\/tr>\n<tr>\n<td colspan=\"1\" rowspan=\"1\">\n<div class=\"magic-15\"><span class=\"magic-17\">Impresi\u00f3n:<\/span><\/div>\n<\/td>\n<td colspan=\"1\" rowspan=\"1\">\n<div class=\"magic-16\"><span class=\"magic-17\">Impresi\u00f3n, codificaci\u00f3n, n\u00famero de serie, dise\u00f1o, etc.<\/span><\/div>\n<\/td>\n<\/tr>\n<tr>\n<td colspan=\"1\" rowspan=\"1\">\n<div class=\"magic-15\"><span class=\"magic-17\">Vida de IC:<\/span><\/div>\n<\/td>\n<td colspan=\"1\" rowspan=\"1\">\n<div class=\"magic-16\" data-spm-anchor-id=\"a2700.details.0.i94.236a58c1ycsfva\"><span class=\"magic-17\">100.000 ciclos de programaci\u00f3n<br \/>\nRetenci\u00f3n de datos durante 10 a\u00f1os<\/span><\/div>\n<\/td>\n<\/tr>\n<tr>\n<td colspan=\"1\" rowspan=\"1\">\n<div class=\"magic-15\"><span class=\"magic-17\">Disponibilidad de muestra:<\/span><\/div>\n<\/td>\n<td colspan=\"1\" rowspan=\"1\">\n<div class=\"magic-16\"><span class=\"magic-17\">Muestras gratuitas disponibles a pedido.<\/span><\/div>\n<\/td>\n<\/tr>\n<tr>\n<td colspan=\"1\" rowspan=\"1\">\n<div class=\"magic-15\"><span class=\"magic-17\">Aplicaciones:\u00a0<\/span><\/div>\n<\/td>\n<td colspan=\"1\" rowspan=\"1\">\n<div class=\"magic-16\"><span class=\"magic-17\">\u00b7 Gesti\u00f3n de inventario<br \/>\n\u00b7 Cadena de suministro<br \/>\n\u00b7 Minorista<\/span><\/div>\n<\/td>\n<\/tr>\n<tr>\n<td colspan=\"1\" rowspan=\"1\">\n<div class=\"magic-15\"><span class=\"magic-17\">Usar<\/span><\/div>\n<\/td>\n<td colspan=\"1\" rowspan=\"1\">\n<div class=\"magic-16\"><span class=\"magic-17\">Prendas de vestir, ropa, bolsos, zapatos, etc.<\/span><\/div>\n<\/td>\n<\/tr>\n<\/tbody>\n<\/table>\n<\/div>\n<\/div>\n<div class=\"J_module\">\n<div class=\"detail-decorate-json-renderer-container\">\n<div class=\"magic-1\">\n<div class=\"magic-5\">\n<div class=\"magic-6\">\n<div>\n<h2 class=\"AnswerParser_AnswerParserH2__SIHnF\">El poder de la tecnolog\u00eda RFID en el seguimiento de prendas<\/h2>\n<p><span class=\"AnswerParser_TextContainer__z_Iiv\" data-testid=\"youchat-text\">La tecnolog\u00eda RFID (identificaci\u00f3n por radiofrecuencia) ha revolucionado la gesti\u00f3n de inventarios en diversas industrias y ahora est\u00e1 causando sensaci\u00f3n en el sector de la indumentaria. Nuestras etiquetas de cuidado del lavado con RFID UHF aprovechan esta poderosa tecnolog\u00eda para brindar capacidades de seguimiento incomparables para sus prendas de vestir.<\/span><span class=\"AnswerParser_TextContainer__z_Iiv\" data-testid=\"youchat-text\">Estas etiquetas utilizan se\u00f1ales de radiofrecuencia para comunicarse con los lectores RFID, lo que permite una identificaci\u00f3n r\u00e1pida y precisa de las prendas sin necesidad de escanearlas en l\u00ednea de visi\u00f3n. Esto significa que puede realizar un seguimiento sin esfuerzo de varios art\u00edculos simult\u00e1neamente, lo que reduce significativamente el tiempo y el esfuerzo necesarios para los controles de inventario.<\/span><\/div>\n<\/div>\n<div>\n<div class=\"auto-hide-last-sibling-br paragraph_1252f paragraph-element\">\n<div class=\"auto-hide-last-sibling-br paragraph_1252f paragraph-element\">\n<div class=\"auto-hide-last-sibling-br paragraph_1252f paragraph-element\">\n<div class=\"auto-hide-last-sibling-br paragraph_1252f paragraph-element\">Destacarse entre la multitud y gestionar el inventario de manera eficiente son desaf\u00edos clave para las marcas de ropa. La introducci\u00f3n de etiquetas RFID para ropa puede resolver estos problemas, ayudando a las empresas no solo a mejorar su imagen y valor de marca, sino tambi\u00e9n a agilizar sus operaciones de cadena de suministro global.<\/div>\n<p>&nbsp;<\/p>\n<div class=\"auto-hide-last-sibling-br paragraph_1252f paragraph-element\">Nuestra gama de productos abarca desde etiquetas adornadas con gr\u00e1ficos hasta envases respetuosos con el medio ambiente equipados con identificaci\u00f3n por radiofrecuencia (RFID). Estas ofertas mejoran el atractivo de las prendas para los consumidores y optimizan los procesos de inventario y almacenamiento. Al mismo tiempo, refuerzan la seguridad de los productos y permiten a los minoristas dedicar m\u00e1s tiempo a sus clientes.<\/div>\n<p>&nbsp;<\/p>\n<div class=\"auto-hide-last-sibling-br paragraph_1252f paragraph-element\">De esta manera, las etiquetas RFID para prendas de vestir sirven como una herramienta de doble prop\u00f3sito: amplifican el atractivo de la marca y garantizan la eficiencia operativa.<\/div>\n<\/div>\n<\/div>\n<div>\n<h2 class=\"AnswerParser_AnswerParserH2__SIHnF\">Aplicaciones en la industria minorista y m\u00e1s all\u00e1<\/h2>\n<p><span class=\"AnswerParser_TextContainer__z_Iiv\" data-testid=\"youchat-text\">La versatilidad de nuestras etiquetas de cuidado de lavado RFID las hace adecuadas para una amplia gama de aplicaciones:<\/span><\/p>\n<ol class=\"AnswerParser_AnswerParserOrderedList__kl_2Y\">\n<li class=\"AnswerParser_ListItem__XqLOV\" translate=\"yes\"><strong>Tiendas minoristas<\/strong>:Optimice la gesti\u00f3n del inventario y mejore la visibilidad del producto.<\/li>\n<li class=\"AnswerParser_ListItem__XqLOV\" translate=\"yes\"><strong>Servicios de lavander\u00eda<\/strong>:Realice un seguimiento de las prendas individuales a trav\u00e9s de los ciclos de lavado con facilidad.<\/li>\n<li class=\"AnswerParser_ListItem__XqLOV\" translate=\"yes\"><strong>Uniformes y ropa de trabajo<\/strong>:Gestione grandes cantidades de art\u00edculos similares de manera eficiente.<\/li>\n<li class=\"AnswerParser_ListItem__XqLOV\" translate=\"yes\"><strong>Industria hotelera<\/strong>:Mantener un registro de la ropa de cama, toallas y uniformes del personal.<\/li>\n<li class=\"AnswerParser_ListItem__XqLOV\" translate=\"yes\"><strong>Uniformes m\u00e9dicos<\/strong>:Garantizar la limpieza y distribuci\u00f3n adecuada de las prendas sanitarias.<\/li>\n<li class=\"AnswerParser_ListItem__XqLOV\" translate=\"yes\"><strong>Alquiler de disfraces<\/strong>:Simplifique el proceso de check-out y devoluci\u00f3n para empresas de alquiler.<\/li>\n<\/ol>\n<\/div>\n<div class=\"auto-hide-last-sibling-br paragraph_1252f paragraph-element\">\n<div class=\"auto-hide-last-sibling-br paragraph_1252f paragraph-element\">\n<h2 class=\"AnswerParser_AnswerParserH2__SIHnF\">Mejore la visibilidad de su cadena de suministro<\/h2>\n<p><span class=\"AnswerParser_TextContainer__z_Iiv\" data-testid=\"youchat-text\">Al incorporar nuestras etiquetas RFID para el cuidado del lavado en sus prendas, obtendr\u00e1 una visibilidad sin precedentes de su cadena de suministro. Realice un seguimiento de su ropa desde la fabricaci\u00f3n hasta la venta, e incluso a trav\u00e9s de m\u00faltiples ciclos de lavado en lavander\u00edas industriales.<\/span><span class=\"AnswerParser_TextContainer__z_Iiv\" data-testid=\"youchat-text\">Esta visibilidad mejorada le permite:<\/span><\/p>\n<ul class=\"AnswerParser_AnswerParserUnorderedList__P_1FW\">\n<li class=\"AnswerParser_ListItem__XqLOV\" translate=\"yes\">Reducir la contracci\u00f3n y la p\u00e9rdida<\/li>\n<li class=\"AnswerParser_ListItem__XqLOV\" translate=\"yes\">Mejorar la eficiencia de reemplazo de productos<\/li>\n<li class=\"AnswerParser_ListItem__XqLOV\" translate=\"yes\">Optimizar los niveles de stock<\/li>\n<li class=\"AnswerParser_ListItem__XqLOV\" translate=\"yes\">Mejore la satisfacci\u00f3n del cliente a trav\u00e9s de una mejor disponibilidad del producto<\/li>\n<\/ul>\n<h2 class=\"AnswerParser_AnswerParserH2__SIHnF\">F\u00e1cil instalaci\u00f3n y uso<\/h2>\n<p><span class=\"AnswerParser_TextContainer__z_Iiv\" data-testid=\"youchat-text\">Nuestras etiquetas de cuidado de lavado RFID est\u00e1n dise\u00f1adas para una integraci\u00f3n perfecta en sus prendas:<\/span><\/p>\n<ol class=\"AnswerParser_AnswerParserOrderedList__kl_2Y\">\n<li class=\"AnswerParser_ListItem__XqLOV\" translate=\"yes\"><strong>Opci\u00f3n de coser<\/strong>:M\u00e9todo de fijaci\u00f3n tradicional para mayor durabilidad.<\/li>\n<li class=\"AnswerParser_ListItem__XqLOV\" translate=\"yes\"><strong>Aplicaci\u00f3n con plancha<\/strong>:Instalaci\u00f3n r\u00e1pida y sencilla mediante tecnolog\u00eda de transferencia de calor.<\/li>\n<\/ol>\n<p><span class=\"AnswerParser_TextContainer__z_Iiv\" data-testid=\"youchat-text\">Ambos m\u00e9todos garantizan que la etiqueta permanezca adherida de forma segura durante todo el ciclo de vida de la prenda.<\/span><\/p>\n<div class=\"auto-hide-last-sibling-br paragraph_1252f paragraph-element\"><strong>A continuaci\u00f3n se muestran algunos ejemplos de c\u00f3mo las marcas de ropa de primer nivel han implementado con \u00e9xito etiquetas RFID UHF:<\/strong><\/div>\n<ol class=\"auto-hide-last-sibling-br\">\n<li>\n<div class=\"auto-hide-last-sibling-br paragraph_1252f paragraph-element\"><strong>Prada<\/strong>:Esta famosa marca de lujo italiana adopt\u00f3 las etiquetas RFID en 2001, lo que permite registrar informaci\u00f3n detallada como el estilo, la talla, el color y el precio. Curiosamente, cuando los consumidores que visten prendas de Prada pasan por sus tiendas, las prendas correspondientes se muestran en los modelos de la tienda, imitando una pasarela de alta costura en Mil\u00e1n. Este uso innovador de la tecnolog\u00eda RFID mejora la satisfacci\u00f3n posterior a la compra de los consumidores de Prada.<\/div>\n<\/li>\n<li>\n<div class=\"auto-hide-last-sibling-br paragraph_1252f paragraph-element\"><strong>H&amp;M<\/strong>:Esta marca internacional comenz\u00f3 a utilizar tecnolog\u00eda RFID en 2014. En las 1.800 tiendas planificadas, la tecnolog\u00eda RFID permite el seguimiento autom\u00e1tico de las categor\u00edas de productos, cantidades y consumo.<\/div>\n<\/li>\n<li>\n<div class=\"auto-hide-last-sibling-br paragraph_1252f paragraph-element\"><strong>ZARA<\/strong>:En el primer semestre de 2016, la matriz de ZARA, Inditex, afirm\u00f3 que la aplicaci\u00f3n de la tecnolog\u00eda RFID mejor\u00f3 la gesti\u00f3n de inventarios y suministros de alrededor de 700.000 millones de sus marcas. Esta implementaci\u00f3n se tradujo en un aumento de las ventas del 11,11% y un aumento del beneficio del 7,5%, hasta los 1.260 millones de euros.<\/div>\n<\/li>\n<li>\n<div class=\"auto-hide-last-sibling-br paragraph_1252f paragraph-element\"><strong>Uniqlo<\/strong>En 2017, Uniqlo anunci\u00f3 su plan de implementar etiquetas RFID UHF en 3.000 tiendas a nivel mundial, convirti\u00e9ndose en el primer minorista japon\u00e9s en utilizar etiquetas electr\u00f3nicas en todo el mundo.<\/div>\n<\/li>\n<\/ol>\n<div class=\"auto-hide-last-sibling-br paragraph_1252f paragraph-element\">Estos son solo algunos ejemplos de c\u00f3mo las principales marcas de ropa est\u00e1n aprovechando las etiquetas RFID. En 2019, pr\u00e1cticamente todas las marcas de clase mundial han aplicado etiquetas RFID a sus prendas, lo que ha dado como resultado m\u00e1s de 20 mil millones de prendas etiquetadas, una cifra que sigue creciendo considerablemente. Otras marcas destacadas que han adoptado esta tecnolog\u00eda son NIKE y Walmart.<\/div>\n<\/div>\n<\/div>\n<\/div>\n<h2 class=\"AnswerParser_AnswerParserH2__SIHnF\">Cont\u00e1ctenos para una soluci\u00f3n personalizada<\/h2>\n<p><span class=\"AnswerParser_TextContainer__z_Iiv\" data-testid=\"youchat-text\">\u00bfEst\u00e1 listo para revolucionar la gesti\u00f3n de sus prendas con nuestras etiquetas de cuidado del lavado con RFID UHF? Estamos aqu\u00ed para ayudarlo a encontrar la soluci\u00f3n perfecta para sus necesidades.<\/span><\/p>\n<ul class=\"AnswerParser_AnswerParserUnorderedList__P_1FW\">\n<li class=\"AnswerParser_ListItem__XqLOV\" translate=\"yes\"><strong>Muestras gratis<\/strong>:Solicite muestras gratuitas para probar en su entorno.<\/li>\n<li class=\"AnswerParser_ListItem__XqLOV\" translate=\"yes\"><strong>Personalizaci\u00f3n<\/strong>:H\u00e1ganos saber sus requisitos espec\u00edficos para una soluci\u00f3n personalizada.<\/li>\n<li class=\"AnswerParser_ListItem__XqLOV\" translate=\"yes\"><strong>Consulta de expertos<\/strong>:Nuestro equipo de especialistas en RFID est\u00e1 listo para responder sus preguntas.<\/li>\n<\/ul>\n<p><span class=\"AnswerParser_TextContainer__z_Iiv\" data-testid=\"youchat-text\">No permita que una gesti\u00f3n de inventario ineficiente frene su negocio. Adopte el futuro del seguimiento de prendas con nuestras innovadoras etiquetas RFID para el cuidado del lavado. Complete nuestro formulario de consulta hoy mismo para comenzar su viaje hacia una gesti\u00f3n de prendas m\u00e1s inteligente y eficiente.<\/span><span class=\"AnswerParser_TextContainer__z_Iiv\" data-testid=\"youchat-text\">Productos relacionados:<\/span><\/p>\n<ul class=\"AnswerParser_AnswerParserUnorderedList__P_1FW\">\n<li class=\"AnswerParser_ListItem__XqLOV\" translate=\"yes\">Etiquetas RFID colgantes para comercio minorista<\/li>\n<li class=\"AnswerParser_ListItem__XqLOV\" translate=\"yes\">Etiquetas de cuidado con tecnolog\u00eda NFC<\/li>\n<li class=\"AnswerParser_ListItem__XqLOV\" translate=\"yes\">Rastreadores de activos Bluetooth de bajo consumo (BLE)<\/li>\n<\/ul>\n<p><span class=\"AnswerParser_TextContainer__z_Iiv\" data-testid=\"youchat-text\">Experimente el poder de la tecnolog\u00eda RFID en su negocio de indumentaria. Cont\u00e1ctenos ahora para conocer c\u00f3mo nuestras etiquetas RFID lavables pueden transformar sus operaciones y brindarle una ventaja competitiva en el vertiginoso mundo de la moda y los textiles.<\/span><\/p>\n<\/div>\n<div class=\"magic-6\">\n<div><\/div>\n<\/div>\n<\/div>\n<\/div>\n<\/div>\n<\/div>","protected":false},"excerpt":{"rendered":"<p>El proceso comienza con la aplicaci\u00f3n de chips RFID en prendas de vestir individuales. Estas etiquetas se pueden escanear en varios puntos de la cadena de suministro, lo que permite el seguimiento del inventario en tiempo real, la verificaci\u00f3n de la ubicaci\u00f3n y el seguimiento del movimiento de los componentes y los productos terminados. Este sistema proporciona un mecanismo integral e instant\u00e1neo para gestionar y supervisar el inventario y los productos.<\/p>","protected":false},"featured_media":177,"template":"","meta":{"_kad_post_transparent":"default","_kad_post_title":"","_kad_post_layout":"default","_kad_post_sidebar_id":"","_kad_post_content_style":"default","_kad_post_vertical_padding":"default","_kad_post_feature":"","_kad_post_feature_position":"","_kad_post_header":false,"_kad_post_footer":false,"_kad_post_classname":""},"product_brand":[],"product_cat":[81,53],"product_tag":[87,93,83],"class_list":{"0":"post-193","1":"product","2":"type-product","3":"status-publish","4":"has-post-thumbnail","6":"product_cat-rfid-wash-care-clothing-label","7":"product_cat-rfid-clothes-tag","8":"product_tag-fabric-uhf-rfid-wash-care-tag","9":"product_tag-rfid-chips-in-clothing","10":"product_tag-rfid-wash-care-label","12":"first","13":"instock","14":"shipping-taxable","15":"product-type-simple","16":"entry","17":"content-bg","18":"loop-entry"},"_links":{"self":[{"href":"https:\/\/rfid-laundry-tag.com\/es\/wp-json\/wp\/v2\/product\/193","targetHints":{"allow":["GET"]}}],"collection":[{"href":"https:\/\/rfid-laundry-tag.com\/es\/wp-json\/wp\/v2\/product"}],"about":[{"href":"https:\/\/rfid-laundry-tag.com\/es\/wp-json\/wp\/v2\/types\/product"}],"version-history":[{"count":2,"href":"https:\/\/rfid-laundry-tag.com\/es\/wp-json\/wp\/v2\/product\/193\/revisions"}],"predecessor-version":[{"id":2652,"href":"https:\/\/rfid-laundry-tag.com\/es\/wp-json\/wp\/v2\/product\/193\/revisions\/2652"}],"wp:featuredmedia":[{"embeddable":true,"href":"https:\/\/rfid-laundry-tag.com\/es\/wp-json\/wp\/v2\/media\/177"}],"wp:attachment":[{"href":"https:\/\/rfid-laundry-tag.com\/es\/wp-json\/wp\/v2\/media?parent=193"}],"wp:term":[{"taxonomy":"product_brand","embeddable":true,"href":"https:\/\/rfid-laundry-tag.com\/es\/wp-json\/wp\/v2\/product_brand?post=193"},{"taxonomy":"product_cat","embeddable":true,"href":"https:\/\/rfid-laundry-tag.com\/es\/wp-json\/wp\/v2\/product_cat?post=193"},{"taxonomy":"product_tag","embeddable":true,"href":"https:\/\/rfid-laundry-tag.com\/es\/wp-json\/wp\/v2\/product_tag?post=193"}],"curies":[{"name":"wp","href":"https:\/\/api.w.org\/{rel}","templated":true}]}}