{"id":192,"date":"2024-06-16T05:58:44","date_gmt":"2024-06-16T05:58:44","guid":{"rendered":"https:\/\/rfid-laundry-tag.com\/?post_type=product&#038;p=192"},"modified":"2024-06-16T06:39:29","modified_gmt":"2024-06-16T06:39:29","slug":"uhf-rfid-paper-tags","status":"publish","type":"product","link":"https:\/\/rfid-laundry-tag.com\/es\/uhf-rfid-paper-tags\/","title":{"rendered":"Etiquetas de papel RFID UHF"},"content":{"rendered":"<table class=\"has-title all magic-1\">\n<tbody>\n<tr>\n<td colspan=\"1\" rowspan=\"1\">\n<div class=\"magic-2\" data-spm-anchor-id=\"a2700.details.0.i84.7cea6afbA2IkLB\">Nombre del \u00e1rticulo<\/div>\n<\/td>\n<td colspan=\"1\" rowspan=\"1\">\n<div class=\"magic-3\">Etiquetas de papel RFID UHF<\/div>\n<\/td>\n<\/tr>\n<tr>\n<td colspan=\"1\" rowspan=\"1\">\n<div class=\"magic-2\">Tama\u00f1o<\/div>\n<\/td>\n<td colspan=\"1\" rowspan=\"1\">\n<div class=\"magic-3\">90x40mm o personalizado<\/div>\n<\/td>\n<\/tr>\n<tr>\n<td colspan=\"1\" rowspan=\"1\">\n<div class=\"magic-2\">Frecuencia<\/div>\n<\/td>\n<td colspan=\"1\" rowspan=\"1\">\n<div class=\"magic-3\">860-960 mhz<\/div>\n<\/td>\n<\/tr>\n<tr>\n<td colspan=\"1\" rowspan=\"1\">\n<div class=\"magic-2\">Tipo de circuito integrado (chip)<\/div>\n<\/td>\n<td colspan=\"1\" rowspan=\"1\">\n<div class=\"magic-3\">C\u00f3digo U 8 o 9 de NXP<\/div>\n<\/td>\n<\/tr>\n<tr>\n<td colspan=\"1\" rowspan=\"1\">\n<div class=\"magic-2\">Protocolo<\/div>\n<\/td>\n<td colspan=\"1\" rowspan=\"1\">\n<div class=\"magic-3\">ISO18000 6C<\/div>\n<\/td>\n<\/tr>\n<tr>\n<td colspan=\"1\" rowspan=\"1\">\n<div class=\"magic-4\">Memoria<\/div>\n<\/td>\n<td colspan=\"1\" rowspan=\"1\">\n<div class=\"magic-3\">EPC de 96 bits<\/div>\n<\/td>\n<\/tr>\n<tr>\n<td colspan=\"1\" rowspan=\"1\">\n<div class=\"magic-2\">Material<\/div>\n<\/td>\n<td colspan=\"1\" rowspan=\"1\">\n<div class=\"magic-3\">Papel, PET, ETC.<\/div>\n<\/td>\n<\/tr>\n<tr>\n<td colspan=\"1\" rowspan=\"1\">\n<div class=\"magic-2\">Impresi\u00f3n<\/div>\n<\/td>\n<td colspan=\"1\" rowspan=\"1\">\n<div class=\"magic-3\" data-spm-anchor-id=\"a2700.details.0.i85.7cea6afbA2IkLB\">Logotipo, c\u00f3digo QR, c\u00f3digo de barras, n\u00famero de serie<\/div>\n<\/td>\n<\/tr>\n<tr>\n<td colspan=\"1\" rowspan=\"1\">\n<div class=\"magic-2\">Temperatura de funcionamiento<\/div>\n<\/td>\n<td colspan=\"1\" rowspan=\"1\">\n<div class=\"magic-3\">-30 \u00b0C \u2013 +80 \u00b0C<\/div>\n<\/td>\n<\/tr>\n<tr>\n<td colspan=\"1\" rowspan=\"1\">\n<div class=\"magic-2\">Leer distancia<\/div>\n<\/td>\n<td colspan=\"1\" rowspan=\"1\">\n<div class=\"magic-3\">Hasta 15m<\/div>\n<\/td>\n<\/tr>\n<tr>\n<td colspan=\"1\" rowspan=\"1\">\n<div class=\"magic-5\">Se fija a<\/div>\n<\/td>\n<td colspan=\"1\" rowspan=\"1\">\n<div class=\"magic-3\">Ropa de cama y prendas<\/div>\n<\/td>\n<\/tr>\n<tr>\n<td colspan=\"1\" rowspan=\"1\">\n<div class=\"magic-4\">Clasificaci\u00f3n del IP<\/div>\n<\/td>\n<td colspan=\"1\" rowspan=\"1\">\n<div class=\"magic-3\">IP67<\/div>\n<\/td>\n<\/tr>\n<tr>\n<td colspan=\"1\" rowspan=\"1\">\n<div class=\"magic-4\">Color<\/div>\n<\/td>\n<td colspan=\"1\" rowspan=\"1\">\n<div class=\"magic-3\">Blanco<\/div>\n<\/td>\n<\/tr>\n<\/tbody>\n<\/table>\n<div class=\"auto-hide-last-sibling-br paragraph_1252f paragraph-element\">\n<div><\/div>\n<div class=\"auto-hide-last-sibling-br paragraph_1252f paragraph-element\">Las etiquetas de papel RFID UHF son parte integral del sector minorista y ofrecen soluciones para la gesti\u00f3n integral del inventario, la protecci\u00f3n contra robos y el perfeccionamiento de los procesos de la cadena de suministro.<\/div>\n<p><br class=\"container_e695a wrapper_ad07b undefined\" \/><\/p>\n<div class=\"auto-hide-last-sibling-br paragraph_1252f paragraph-element\">En un esfuerzo por mejorar sus estrategias de gesti\u00f3n de inventario, los minoristas colocan etiquetas RFID en las prendas individuales. Estas etiquetas son compatibles con los lectores RFID y se pueden escanear con rapidez y precisi\u00f3n, lo que aumenta significativamente tanto la velocidad como la eficiencia de las evaluaciones de inventario.<\/div>\n<\/div>\n<p>&nbsp;<\/p>\n<div class=\"auto-hide-last-sibling-br paragraph_1252f paragraph-element\">A continuaci\u00f3n se presentan algunas ventajas notables del uso de etiquetas RFID para ropa:<\/div>\n<div class=\"auto-hide-last-sibling-br paragraph_1252f paragraph-element\">Prevenci\u00f3n de p\u00e9rdidas: estas etiquetas proporcionan una medida s\u00f3lida para prevenir robos. Si un art\u00edculo etiquetado pasa por una salida sin desactivarse, se activa una alarma que notifica al personal de la tienda sobre un posible incidente de robo.<\/div>\n<div class=\"auto-hide-last-sibling-br paragraph_1252f paragraph-element\"><\/div>\n<div><\/div>\n<div>\n<div class=\"auto-hide-last-sibling-br paragraph_1252f paragraph-element\">Las etiquetas colgantes de papel RFID UHF tienen el potencial de revolucionar las operaciones en industrias como la gesti\u00f3n minorista de prendas de vestir, la gesti\u00f3n de inventario de prendas de vestir y la gesti\u00f3n de la cadena de suministro de prendas de vestir.<\/div>\n<p>&nbsp;<\/p>\n<div class=\"auto-hide-last-sibling-br paragraph_1252f paragraph-element\"><\/div>\n<\/div>\n<p>&nbsp;<\/p>\n<p>&nbsp;<\/p>","protected":false},"excerpt":{"rendered":"<div class=\"auto-hide-last-sibling-br paragraph_1252f paragraph-element\">\n<div class=\"auto-hide-last-sibling-br paragraph_1252f paragraph-element\">\n<div class=\"auto-hide-last-sibling-br paragraph_1252f paragraph-element\">Las etiquetas de papel RFID UHF son una herramienta revolucionaria para optimizar el control de existencias, especialmente en la industria de la confecci\u00f3n. Los minoristas y los fabricantes de prendas consideran que estas etiquetas son especialmente \u00fatiles, ya que facilitan un sistema de seguimiento eficiente.<\/div>\n<div class=\"auto-hide-last-sibling-br paragraph_1252f paragraph-element\">Estas etiquetas, que incluyen un chip RFID UHF central envuelto en papel, permiten realizar escaneos de inventario remotos, lo que simplifica enormemente el proceso de gesti\u00f3n de inventario. Ofrecemos estas etiquetas en una variedad de dise\u00f1os y tama\u00f1os adaptados a las necesidades \u00fanicas de cada cliente.<\/div>\n<\/div>\n<\/div>","protected":false},"featured_media":194,"template":"","meta":{"_kad_post_transparent":"default","_kad_post_title":"","_kad_post_layout":"default","_kad_post_sidebar_id":"","_kad_post_content_style":"default","_kad_post_vertical_padding":"default","_kad_post_feature":"","_kad_post_feature_position":"","_kad_post_header":false,"_kad_post_footer":false,"_kad_post_classname":""},"product_brand":[],"product_cat":[53],"product_tag":[92,89,91,94],"class_list":{"0":"post-192","1":"product","2":"type-product","3":"status-publish","4":"has-post-thumbnail","6":"product_cat-rfid-clothes-tag","7":"product_tag-paper-rfid-clothes-tag","8":"product_tag-rfid-clothing-tags","9":"product_tag-uhf-rfid-paper-hang-tags","10":"product_tag-uhf-rfid-paper-tags","12":"first","13":"instock","14":"shipping-taxable","15":"product-type-simple","16":"entry","17":"content-bg","18":"loop-entry"},"_links":{"self":[{"href":"https:\/\/rfid-laundry-tag.com\/es\/wp-json\/wp\/v2\/product\/192","targetHints":{"allow":["GET"]}}],"collection":[{"href":"https:\/\/rfid-laundry-tag.com\/es\/wp-json\/wp\/v2\/product"}],"about":[{"href":"https:\/\/rfid-laundry-tag.com\/es\/wp-json\/wp\/v2\/types\/product"}],"version-history":[{"count":0,"href":"https:\/\/rfid-laundry-tag.com\/es\/wp-json\/wp\/v2\/product\/192\/revisions"}],"wp:featuredmedia":[{"embeddable":true,"href":"https:\/\/rfid-laundry-tag.com\/es\/wp-json\/wp\/v2\/media\/194"}],"wp:attachment":[{"href":"https:\/\/rfid-laundry-tag.com\/es\/wp-json\/wp\/v2\/media?parent=192"}],"wp:term":[{"taxonomy":"product_brand","embeddable":true,"href":"https:\/\/rfid-laundry-tag.com\/es\/wp-json\/wp\/v2\/product_brand?post=192"},{"taxonomy":"product_cat","embeddable":true,"href":"https:\/\/rfid-laundry-tag.com\/es\/wp-json\/wp\/v2\/product_cat?post=192"},{"taxonomy":"product_tag","embeddable":true,"href":"https:\/\/rfid-laundry-tag.com\/es\/wp-json\/wp\/v2\/product_tag?post=192"}],"curies":[{"name":"wp","href":"https:\/\/api.w.org\/{rel}","templated":true}]}}