{"id":190,"date":"2024-06-16T05:17:47","date_gmt":"2024-06-16T05:17:47","guid":{"rendered":"https:\/\/rfid-laundry-tag.com\/?post_type=product&#038;p=190"},"modified":"2024-07-06T08:07:23","modified_gmt":"2024-07-06T08:07:23","slug":"paper-rfid-clothes-tag","status":"publish","type":"product","link":"https:\/\/rfid-laundry-tag.com\/es\/paper-rfid-clothes-tag\/","title":{"rendered":"Etiqueta de papel RFID para ropa"},"content":{"rendered":"<table class=\"has-title all magic-1\">\n<tbody>\n<tr>\n<td colspan=\"1\" rowspan=\"1\">\n<div class=\"magic-2\" data-spm-anchor-id=\"a2700.details.0.i84.7cea6afbA2IkLB\">Nombre del \u00e1rticulo<\/div>\n<\/td>\n<td colspan=\"1\" rowspan=\"1\">\n<div class=\"magic-3\">Etiqueta de papel RFID para ropa<\/div>\n<\/td>\n<\/tr>\n<tr>\n<td colspan=\"1\" rowspan=\"1\">\n<div class=\"magic-2\">Tama\u00f1o<\/div>\n<\/td>\n<td colspan=\"1\" rowspan=\"1\">\n<div class=\"magic-3\">90x40mm o personalizado<\/div>\n<\/td>\n<\/tr>\n<tr>\n<td colspan=\"1\" rowspan=\"1\">\n<div class=\"magic-2\">Frecuencia<\/div>\n<\/td>\n<td colspan=\"1\" rowspan=\"1\">\n<div class=\"magic-3\">860-960 mhz<\/div>\n<\/td>\n<\/tr>\n<tr>\n<td colspan=\"1\" rowspan=\"1\">\n<div class=\"magic-2\">Tipo de circuito integrado (chip)<\/div>\n<\/td>\n<td colspan=\"1\" rowspan=\"1\">\n<div class=\"magic-3\">C\u00f3digo U 8 o 9 de NXP<\/div>\n<\/td>\n<\/tr>\n<tr>\n<td colspan=\"1\" rowspan=\"1\">\n<div class=\"magic-2\">Protocolo<\/div>\n<\/td>\n<td colspan=\"1\" rowspan=\"1\">\n<div class=\"magic-3\">ISO18000 6C<\/div>\n<\/td>\n<\/tr>\n<tr>\n<td colspan=\"1\" rowspan=\"1\">\n<div class=\"magic-4\">Memoria<\/div>\n<\/td>\n<td colspan=\"1\" rowspan=\"1\">\n<div class=\"magic-3\">EPC de 96 bits<\/div>\n<\/td>\n<\/tr>\n<tr>\n<td colspan=\"1\" rowspan=\"1\">\n<div class=\"magic-2\">Material<\/div>\n<\/td>\n<td colspan=\"1\" rowspan=\"1\">\n<div class=\"magic-3\">Papel, PET, ETC.<\/div>\n<\/td>\n<\/tr>\n<tr>\n<td colspan=\"1\" rowspan=\"1\">\n<div class=\"magic-2\">Impresi\u00f3n<\/div>\n<\/td>\n<td colspan=\"1\" rowspan=\"1\">\n<div class=\"magic-3\" data-spm-anchor-id=\"a2700.details.0.i85.7cea6afbA2IkLB\">Logotipo, c\u00f3digo QR, c\u00f3digo de barras, n\u00famero de serie<\/div>\n<\/td>\n<\/tr>\n<tr>\n<td colspan=\"1\" rowspan=\"1\">\n<div class=\"magic-2\">Temperatura de funcionamiento<\/div>\n<\/td>\n<td colspan=\"1\" rowspan=\"1\">\n<div class=\"magic-3\">-30 \u00b0C \u2013 +80 \u00b0C<\/div>\n<\/td>\n<\/tr>\n<tr>\n<td colspan=\"1\" rowspan=\"1\">\n<div class=\"magic-2\">Leer distancia<\/div>\n<\/td>\n<td colspan=\"1\" rowspan=\"1\">\n<div class=\"magic-3\">Hasta 15m<\/div>\n<\/td>\n<\/tr>\n<tr>\n<td colspan=\"1\" rowspan=\"1\">\n<div class=\"magic-5\">Se fija a<\/div>\n<\/td>\n<td colspan=\"1\" rowspan=\"1\">\n<div class=\"magic-3\">Ropa de cama y prendas<\/div>\n<\/td>\n<\/tr>\n<tr>\n<td colspan=\"1\" rowspan=\"1\">\n<div class=\"magic-4\">Clasificaci\u00f3n del IP<\/div>\n<\/td>\n<td colspan=\"1\" rowspan=\"1\">\n<div class=\"magic-3\">IP67<\/div>\n<\/td>\n<\/tr>\n<tr>\n<td colspan=\"1\" rowspan=\"1\">\n<div class=\"magic-4\">Color<\/div>\n<\/td>\n<td colspan=\"1\" rowspan=\"1\">\n<div class=\"magic-3\">Blanco<\/div>\n<\/td>\n<\/tr>\n<\/tbody>\n<\/table>\n<div><\/div>\n<div>Estas etiquetas, fabricadas a partir de papel con un chip RFID UHF central, facilitan el escaneo remoto. Actualmente disponibles en una variedad de dise\u00f1os y dimensiones, nuestras etiquetas RFID tambi\u00e9n pueden adornarse con ilustraciones personalizadas. Esta caracter\u00edstica permite que las etiquetas sirvan como veh\u00edculos de marca sin comprometer su prop\u00f3sito principal.<\/div>\n<div><\/div>\n<div class=\"auto-hide-last-sibling-br paragraph_1252f paragraph-element\">Las etiquetas de ropa RFID desempe\u00f1an un papel vital en la industria minorista y cumplen una multitud de funciones, desde la gesti\u00f3n de inventario y la prevenci\u00f3n de robos hasta la optimizaci\u00f3n de la cadena de suministro.<\/div>\n<p>&nbsp;<\/p>\n<div class=\"auto-hide-last-sibling-br paragraph_1252f paragraph-element\">Para gestionar su inventario de forma m\u00e1s eficaz, los minoristas colocan una etiqueta RFID en cada prenda de vestir. Estas etiquetas se pueden leer de forma r\u00e1pida y precisa con lectores RFID, lo que mejora dr\u00e1sticamente la velocidad y la eficiencia de los recuentos de inventario.<\/div>\n<p>&nbsp;<\/p>\n<div class=\"auto-hide-last-sibling-br paragraph_1252f paragraph-element\">A continuaci\u00f3n se presentan algunas ventajas notables del uso de etiquetas RFID para ropa:<\/div>\n<div class=\"auto-hide-last-sibling-br paragraph_1252f paragraph-element\">Prevenci\u00f3n de p\u00e9rdidas: estas etiquetas proporcionan una medida s\u00f3lida para prevenir robos. Si un art\u00edculo etiquetado pasa por una salida sin desactivarse, se activa una alarma que notifica al personal de la tienda sobre un posible incidente de robo.<\/div>\n<p>&nbsp;<\/p>\n<div class=\"auto-hide-last-sibling-br paragraph_1252f paragraph-element\">Optimizaci\u00f3n de la cadena de suministro: mediante el uso de etiquetas RFID se consigue una mejor visibilidad y seguimiento de las prendas de vestir a lo largo de la cadena de suministro. Este seguimiento en tiempo real permite a los fabricantes, distribuidores y minoristas mejorar la log\u00edstica y el control de inventario.<\/div>\n<div class=\"auto-hide-last-sibling-br paragraph_1252f paragraph-element\">Colocaci\u00f3n de la etiqueta: la versatilidad es una gran ventaja de las etiquetas RFID. Se pueden coser a la prenda, insertar en una etiqueta o en una etiqueta colgante, o incorporar en etiquetas de seguridad especializadas.<\/div>\n<div class=\"auto-hide-last-sibling-br paragraph_1252f paragraph-element\">Variantes de etiquetas: Las etiquetas RFID vienen en diferentes variantes, incluidas las etiquetas pasivas y activas. Las etiquetas pasivas dependen de la energ\u00eda del lector RFID para transmitir datos. Por el contrario, las etiquetas activas tienen su propia fuente de energ\u00eda, lo que les permite transmitir datos a distancias m\u00e1s largas.<\/div>\n<div class=\"auto-hide-last-sibling-br paragraph_1252f paragraph-element\">Seguridad de los datos: La privacidad del cliente es una prioridad en los sistemas RFID. Para evitar el acceso no autorizado a informaci\u00f3n confidencial, se emplean habitualmente protocolos de cifrado y autenticaci\u00f3n.<\/div>\n<div><\/div>\n<div>\n<div class=\"auto-hide-last-sibling-br paragraph_1252f paragraph-element\">Las etiquetas colgantes de papel RFID UHF tienen el potencial de revolucionar las operaciones en industrias como la gesti\u00f3n minorista de prendas de vestir, la gesti\u00f3n de inventario de prendas de vestir y la gesti\u00f3n de la cadena de suministro de prendas de vestir.<\/div>\n<p>&nbsp;<\/p>\n<div class=\"auto-hide-last-sibling-br paragraph_1252f paragraph-element\">La implementaci\u00f3n de estas etiquetas genera un aumento de la eficiencia: ya no es necesario dedicar horas manuales a realizar recuentos de inventario o realizar el seguimiento de los env\u00edos. La tecnolog\u00eda RFID lo hace por usted, de manera precisa y r\u00e1pida, lo que permite que su equipo se concentre en otras tareas vitales.<\/div>\n<p>&nbsp;<\/p>\n<div class=\"auto-hide-last-sibling-br paragraph_1252f paragraph-element\">Otra ventaja importante de nuestras etiquetas RFID es la mayor precisi\u00f3n. Con estas etiquetas automatizadas, se reduce de manera eficaz el riesgo de error humano en el seguimiento manual y la entrada de datos. Esta mayor precisi\u00f3n en la recopilaci\u00f3n de datos permite obtener informaci\u00f3n m\u00e1s precisa, lo que ayuda a tomar decisiones eficaces en las operaciones de su empresa.<\/div>\n<p>&nbsp;<\/p>\n<div class=\"auto-hide-last-sibling-br paragraph_1252f paragraph-element\">Una mayor eficiencia y precisi\u00f3n en conjunto agilizan sus operaciones y conducen a una mayor rentabilidad. Al invertir en nuestras etiquetas colgantes de papel con RFID UHF, no solo mejora su eficiencia operativa actual, sino que tambi\u00e9n garantiza un crecimiento sostenible y rentable para su negocio a largo plazo.<\/div>\n<\/div>\n<p>&nbsp;<\/p>\n<p>&nbsp;<\/p>","protected":false},"excerpt":{"rendered":"<div class=\"auto-hide-last-sibling-br paragraph_1252f paragraph-element\">\n<div class=\"auto-hide-last-sibling-br paragraph_1252f paragraph-element\">\u00a0Las etiquetas RFID de papel para ropa ofrecen una soluci\u00f3n din\u00e1mica para supervisar y controlar el inventario en el sector de la indumentaria. Estas etiquetas, que se utilizan principalmente en tiendas minoristas y f\u00e1bricas de indumentaria, permiten un seguimiento eficiente de las prendas de vestir.<\/div>\n<p>&nbsp;<\/p>\n<div class=\"auto-hide-last-sibling-br paragraph_1252f paragraph-element\"><\/div>\n<\/div>","protected":false},"featured_media":191,"template":"","meta":{"_kad_post_transparent":"default","_kad_post_title":"","_kad_post_layout":"default","_kad_post_sidebar_id":"","_kad_post_content_style":"default","_kad_post_vertical_padding":"default","_kad_post_feature":"","_kad_post_feature_position":"","_kad_post_header":false,"_kad_post_footer":false,"_kad_post_classname":""},"product_brand":[],"product_cat":[53],"product_tag":[92,89,91],"class_list":{"0":"post-190","1":"product","2":"type-product","3":"status-publish","4":"has-post-thumbnail","6":"product_cat-rfid-clothes-tag","7":"product_tag-paper-rfid-clothes-tag","8":"product_tag-rfid-clothing-tags","9":"product_tag-uhf-rfid-paper-hang-tags","11":"first","12":"instock","13":"shipping-taxable","14":"product-type-simple","15":"entry","16":"content-bg","17":"loop-entry"},"_links":{"self":[{"href":"https:\/\/rfid-laundry-tag.com\/es\/wp-json\/wp\/v2\/product\/190","targetHints":{"allow":["GET"]}}],"collection":[{"href":"https:\/\/rfid-laundry-tag.com\/es\/wp-json\/wp\/v2\/product"}],"about":[{"href":"https:\/\/rfid-laundry-tag.com\/es\/wp-json\/wp\/v2\/types\/product"}],"version-history":[{"count":0,"href":"https:\/\/rfid-laundry-tag.com\/es\/wp-json\/wp\/v2\/product\/190\/revisions"}],"wp:featuredmedia":[{"embeddable":true,"href":"https:\/\/rfid-laundry-tag.com\/es\/wp-json\/wp\/v2\/media\/191"}],"wp:attachment":[{"href":"https:\/\/rfid-laundry-tag.com\/es\/wp-json\/wp\/v2\/media?parent=190"}],"wp:term":[{"taxonomy":"product_brand","embeddable":true,"href":"https:\/\/rfid-laundry-tag.com\/es\/wp-json\/wp\/v2\/product_brand?post=190"},{"taxonomy":"product_cat","embeddable":true,"href":"https:\/\/rfid-laundry-tag.com\/es\/wp-json\/wp\/v2\/product_cat?post=190"},{"taxonomy":"product_tag","embeddable":true,"href":"https:\/\/rfid-laundry-tag.com\/es\/wp-json\/wp\/v2\/product_tag?post=190"}],"curies":[{"name":"wp","href":"https:\/\/api.w.org\/{rel}","templated":true}]}}