{"id":181,"date":"2024-06-15T17:00:44","date_gmt":"2024-06-15T17:00:44","guid":{"rendered":"https:\/\/rfid-laundry-tag.com\/?post_type=product&#038;p=181"},"modified":"2024-08-14T15:40:24","modified_gmt":"2024-08-14T15:40:24","slug":"satin-uhf-rfid-wash-label","status":"publish","type":"product","link":"https:\/\/rfid-laundry-tag.com\/es\/satin-uhf-rfid-wash-label\/","title":{"rendered":"Etiqueta lavable RFID UHF satinada"},"content":{"rendered":"<div class=\"J_module\">\n<div class=\"ife-detail-decorate-table\">\n<table class=\"hight-light-first-column all magic-14\">\n<tbody>\n<tr>\n<td colspan=\"1\" rowspan=\"1\">\n<div class=\"magic-15\" data-spm-anchor-id=\"a2700.details.0.i95.236a58c1ycsfva\">Nombre de la producci\u00f3n:<\/div>\n<\/td>\n<td colspan=\"1\" rowspan=\"1\">\n<div class=\"magic-16\">Etiqueta lavable RFID UHF satinada<\/div>\n<\/td>\n<\/tr>\n<tr>\n<td colspan=\"1\" rowspan=\"1\">\n<div class=\"magic-15\"><span class=\"magic-17\">Material:<\/span><\/div>\n<\/td>\n<td colspan=\"1\" rowspan=\"1\">\n<div class=\"magic-16\">Poli\u00e9ster\/Composici\u00f3n\/Sat\u00e9n\/Algod\u00f3n\/No tejido\/PET, etc.<\/div>\n<\/td>\n<\/tr>\n<tr>\n<td colspan=\"1\" rowspan=\"1\">\n<div class=\"magic-15\"><span class=\"magic-17\">Tama\u00f1o:<\/span><\/div>\n<\/td>\n<td colspan=\"1\" rowspan=\"1\">\n<div class=\"magic-16\"><span class=\"magic-17\">80*38 mm\/60*30 mm o personalizado<\/span><\/div>\n<\/td>\n<\/tr>\n<tr>\n<td colspan=\"1\" rowspan=\"1\">\n<div class=\"magic-15\"><span class=\"magic-17\">Tipo:<\/span><\/div>\n<\/td>\n<td colspan=\"1\" rowspan=\"1\">\n<div class=\"magic-16\"><span class=\"magic-17\">Pasivo, RFID<\/span><\/div>\n<\/td>\n<\/tr>\n<tr>\n<td colspan=\"1\" rowspan=\"1\">\n<div class=\"magic-15\">Protocolo RF:<\/div>\n<\/td>\n<td colspan=\"1\" rowspan=\"1\">\n<div class=\"magic-16\">ISO 18000-6C; EPC Clase 1 Gen 2<\/div>\n<\/td>\n<\/tr>\n<tr>\n<td colspan=\"1\" rowspan=\"1\">\n<div class=\"magic-15\"><span class=\"magic-17\">Frecuencia:<\/span><\/div>\n<\/td>\n<td colspan=\"1\" rowspan=\"1\">\n<div class=\"magic-16\"><span class=\"magic-17\">860 ~ 960 MHz<\/span><\/div>\n<\/td>\n<\/tr>\n<tr>\n<td colspan=\"1\" rowspan=\"1\">\n<div class=\"magic-15\">Chip<\/div>\n<\/td>\n<td colspan=\"1\" rowspan=\"1\">\n<div class=\"magic-16\">Higgs alien\u00edgena, Monza 3, Monza 4D, Monza 4QT, Monza R6, Monza R6-P, Impinj M730, Impinj M750, etc.<\/div>\n<\/td>\n<\/tr>\n<tr>\n<td colspan=\"1\" rowspan=\"1\">\n<div class=\"magic-15\"><span class=\"magic-17\">Distancia de lectura:<\/span><\/div>\n<\/td>\n<td colspan=\"1\" rowspan=\"1\">\n<div class=\"magic-16\"><span class=\"magic-17\">UHF: 1~10 m (depende del lector y la antena)<\/span><\/div>\n<\/td>\n<\/tr>\n<tr>\n<td colspan=\"1\" rowspan=\"1\">\n<div class=\"magic-15\"><span class=\"magic-17\">Manera fija:<\/span><\/div>\n<\/td>\n<td colspan=\"1\" rowspan=\"1\">\n<div class=\"magic-16\"><span class=\"magic-17\">Coser \/ planchar<\/span><\/div>\n<\/td>\n<\/tr>\n<tr>\n<td colspan=\"1\" rowspan=\"1\">\n<div class=\"magic-15\"><span class=\"magic-17\">Impresi\u00f3n:<\/span><\/div>\n<\/td>\n<td colspan=\"1\" rowspan=\"1\">\n<div class=\"magic-16\"><span class=\"magic-17\">Impresi\u00f3n, codificaci\u00f3n, n\u00famero de serie, dise\u00f1o, etc.<\/span><\/div>\n<\/td>\n<\/tr>\n<tr>\n<td colspan=\"1\" rowspan=\"1\">\n<div class=\"magic-15\"><span class=\"magic-17\">Vida de IC:<\/span><\/div>\n<\/td>\n<td colspan=\"1\" rowspan=\"1\">\n<div class=\"magic-16\" data-spm-anchor-id=\"a2700.details.0.i94.236a58c1ycsfva\"><span class=\"magic-17\">100.000 ciclos de programaci\u00f3n<br \/>\nRetenci\u00f3n de datos durante 10 a\u00f1os<\/span><\/div>\n<\/td>\n<\/tr>\n<tr>\n<td colspan=\"1\" rowspan=\"1\">\n<div class=\"magic-15\"><span class=\"magic-17\">Disponibilidad de muestra:<\/span><\/div>\n<\/td>\n<td colspan=\"1\" rowspan=\"1\">\n<div class=\"magic-16\"><span class=\"magic-17\">Muestras gratuitas disponibles a pedido.<\/span><\/div>\n<\/td>\n<\/tr>\n<tr>\n<td colspan=\"1\" rowspan=\"1\">\n<div class=\"magic-15\"><span class=\"magic-17\">Aplicaciones:\u00a0<\/span><\/div>\n<\/td>\n<td colspan=\"1\" rowspan=\"1\">\n<div class=\"magic-16\"><span class=\"magic-17\">\u00b7 Gesti\u00f3n de inventario<br \/>\n\u00b7 Cadena de suministro<br \/>\n\u00b7 Minorista<\/span><\/div>\n<\/td>\n<\/tr>\n<tr>\n<td colspan=\"1\" rowspan=\"1\">\n<div class=\"magic-15\"><span class=\"magic-17\">Usar<\/span><\/div>\n<\/td>\n<td colspan=\"1\" rowspan=\"1\">\n<div class=\"magic-16\"><span class=\"magic-17\">Prendas de vestir, ropa, bolsos, zapatos, etc.<\/span><\/div>\n<\/td>\n<\/tr>\n<\/tbody>\n<\/table>\n<\/div>\n<\/div>\n<div class=\"J_module\">\n<div class=\"detail-decorate-json-renderer-container\">\n<div class=\"magic-1\">\n<div class=\"magic-5\">\n<div class=\"magic-6\">\n<div><\/div>\n<\/div>\n<div>\n<div class=\"auto-hide-last-sibling-br paragraph_1252f paragraph-element\">\n<div class=\"auto-hide-last-sibling-br paragraph_1252f paragraph-element\">\n<div class=\"auto-hide-last-sibling-br paragraph_1252f paragraph-element\">La etiqueta de lavado RFID UHF satinada es una innovaci\u00f3n revolucionaria que combina lo mejor de ambos mundos: las etiquetas de cuidado de prendas convencionales y la tecnolog\u00eda RFID avanzada. Estas etiquetas est\u00e1n dise\u00f1adas para cumplir con los est\u00e1ndares ISO18000-6C EPC Clase 1 Gen2 y encapsulan una incrustaci\u00f3n RFID UHF pasiva de 860-960 MHz.<\/div>\n<div><\/div>\n<div class=\"auto-hide-last-sibling-br paragraph_1252f paragraph-element\"><strong>Caracter\u00edsticas principales de las etiquetas de cuidado RFID:<\/strong><\/div>\n<ol class=\"auto-hide-last-sibling-br\">\n<li>\n<div class=\"auto-hide-last-sibling-br paragraph_1252f paragraph-element\"><strong>Variedad de materiales:<\/strong>\u00a0Estas etiquetas de cuidado pueden estar hechas de diversos materiales, desde telas tejidas hasta cintas, lo que proporciona flexibilidad en el dise\u00f1o y la aplicaci\u00f3n.<\/div>\n<\/li>\n<li>\n<div class=\"auto-hide-last-sibling-br paragraph_1252f paragraph-element\"><strong>Durabilidad:<\/strong>\u00a0Una caracter\u00edstica distintiva de estas etiquetas de cuidado es su resistencia. Tienen propiedades resistentes al planchado y al lavado que garantizan que mantengan su rendimiento y legibilidad, incluso despu\u00e9s de ciclos de lavado rigurosos.<\/div>\n<\/li>\n<li>\n<div class=\"auto-hide-last-sibling-br paragraph_1252f paragraph-element\"><strong>Impresi\u00f3n de superficie:<\/strong>\u00a0Estas etiquetas tambi\u00e9n pueden admitir la impresi\u00f3n en la superficie, lo que permite la inclusi\u00f3n de informaci\u00f3n tradicional que se encuentra en las etiquetas de las prendas, como instrucciones de cuidado, tama\u00f1o, contenido del material, marca y m\u00e1s.<\/div>\n<\/li>\n<li>\n<div class=\"auto-hide-last-sibling-br paragraph_1252f paragraph-element\"><strong>Flexibilidad de tama\u00f1o y embalaje:<\/strong>\u00a0Las etiquetas de cuidado RFID vienen en una amplia variedad de tama\u00f1os para adaptarse a diferentes prendas y requisitos de uso. Adem\u00e1s, ofrecen materiales de embalaje flexibles para aplicaciones vers\u00e1tiles.<\/div>\n<\/li>\n<li>\n<div class=\"auto-hide-last-sibling-br paragraph_1252f paragraph-element\"><strong>Coser ropa:<\/strong>\u00a0Por \u00faltimo, una vez que estas etiquetas RFID se cosen en las prendas, pueden reemplazar de manera efectiva las etiquetas de lavado convencionales. Permanecer\u00e1n adheridas a la prenda mientras dure, lo que permitir\u00e1 un seguimiento y una gesti\u00f3n efectivos a largo plazo.<\/div>\n<\/li>\n<\/ol>\n<div class=\"auto-hide-last-sibling-br paragraph_1252f paragraph-element\"><strong>Beneficios:<\/strong><br class=\"container_e695a wrapper_ad07b undefined\" \/>Nuestra amplia experiencia en la fabricaci\u00f3n de RFID garantiza soluciones de productos personalizadas para nuestros clientes.<br class=\"container_e695a wrapper_ad07b undefined\" \/>Garantizamos la finalizaci\u00f3n r\u00e1pida de los pedidos, incluso para solicitudes de gran volumen.<br class=\"container_e695a wrapper_ad07b undefined\" \/>Nos destacamos en el manejo de procesos de datos variables, entre los que se incluyen c\u00f3digos QR, c\u00f3digos de barras, numeraci\u00f3n secuencial y codificaci\u00f3n de chips, entre otros.<br class=\"container_e695a wrapper_ad07b undefined\" \/>Estamos preparados para satisfacer las necesidades espec\u00edficas de nuestros clientes y ofrecemos una variedad de etiquetas de cuidado RFID. Nuestra oferta abarca desde etiquetas de cuidado RFID de sat\u00e9n ultrasuave y etiquetas de cuidado RFID de nailon resistente hasta etiquetas de cuidado RFID de tafet\u00e1n suave, lujosas etiquetas de cuidado RFID de seda e incluso etiquetas de cuidado de lavado resistentes al agua.<\/div>\n<\/div>\n<p>&nbsp;<\/p>\n<\/div>\n<\/div>\n<div class=\"magic-6\">\n<div><\/div>\n<\/div>\n<\/div>\n<\/div>\n<\/div>\n<\/div>","protected":false},"excerpt":{"rendered":"<p>La etiqueta de lavado RFID UHF satinada est\u00e1 dise\u00f1ada para durar toda la vida \u00fatil de la prenda, lo que facilita el seguimiento optimizado de cada art\u00edculo desde su creaci\u00f3n hasta su almacenamiento y venta, y potencialmente incluso el seguimiento posterior a la compra.<\/p>","protected":false},"featured_media":182,"template":"","meta":{"_kad_post_transparent":"default","_kad_post_title":"","_kad_post_layout":"default","_kad_post_sidebar_id":"","_kad_post_content_style":"default","_kad_post_vertical_padding":"default","_kad_post_feature":"","_kad_post_feature_position":"","_kad_post_header":false,"_kad_post_footer":false,"_kad_post_classname":""},"product_brand":[],"product_cat":[81],"product_tag":[85,83,86],"class_list":{"0":"post-181","1":"product","2":"type-product","3":"status-publish","4":"has-post-thumbnail","6":"product_cat-rfid-wash-care-clothing-label","7":"product_tag-laundry-rfid-wash-care-label","8":"product_tag-rfid-wash-care-label","9":"product_tag-satin-uhf-rfid-wash-label","11":"first","12":"instock","13":"shipping-taxable","14":"product-type-simple","15":"entry","16":"content-bg","17":"loop-entry"},"_links":{"self":[{"href":"https:\/\/rfid-laundry-tag.com\/es\/wp-json\/wp\/v2\/product\/181","targetHints":{"allow":["GET"]}}],"collection":[{"href":"https:\/\/rfid-laundry-tag.com\/es\/wp-json\/wp\/v2\/product"}],"about":[{"href":"https:\/\/rfid-laundry-tag.com\/es\/wp-json\/wp\/v2\/types\/product"}],"version-history":[{"count":1,"href":"https:\/\/rfid-laundry-tag.com\/es\/wp-json\/wp\/v2\/product\/181\/revisions"}],"predecessor-version":[{"id":1298,"href":"https:\/\/rfid-laundry-tag.com\/es\/wp-json\/wp\/v2\/product\/181\/revisions\/1298"}],"wp:featuredmedia":[{"embeddable":true,"href":"https:\/\/rfid-laundry-tag.com\/es\/wp-json\/wp\/v2\/media\/182"}],"wp:attachment":[{"href":"https:\/\/rfid-laundry-tag.com\/es\/wp-json\/wp\/v2\/media?parent=181"}],"wp:term":[{"taxonomy":"product_brand","embeddable":true,"href":"https:\/\/rfid-laundry-tag.com\/es\/wp-json\/wp\/v2\/product_brand?post=181"},{"taxonomy":"product_cat","embeddable":true,"href":"https:\/\/rfid-laundry-tag.com\/es\/wp-json\/wp\/v2\/product_cat?post=181"},{"taxonomy":"product_tag","embeddable":true,"href":"https:\/\/rfid-laundry-tag.com\/es\/wp-json\/wp\/v2\/product_tag?post=181"}],"curies":[{"name":"wp","href":"https:\/\/api.w.org\/{rel}","templated":true}]}}