{"id":1785,"date":"2024-09-02T08:15:43","date_gmt":"2024-09-02T08:15:43","guid":{"rendered":"https:\/\/rfid-laundry-tag.com\/?post_type=product&#038;p=1785"},"modified":"2024-09-08T04:11:02","modified_gmt":"2024-09-08T04:11:02","slug":"uhf-rfid-label-tag-led-flash-light-location-for-library-management","status":"publish","type":"product","link":"https:\/\/rfid-laundry-tag.com\/es\/uhf-rfid-label-tag-led-flash-light-location-for-library-management\/","title":{"rendered":"Etiqueta RFID UHF Etiqueta LED Flash Ubicaci\u00f3n de la luz Para la gesti\u00f3n de bibliotecas"},"content":{"rendered":"<div data-elementor-type=\"product-post\" data-elementor-id=\"1785\" class=\"elementor elementor-1785\" data-elementor-settings=\"{&quot;ha_cmc_init_switcher&quot;:&quot;no&quot;}\" data-elementor-post-type=\"product\">\n\t\t\t\t<div class=\"elementor-element elementor-element-1c13a178 e-flex e-con-boxed e-con e-parent\" data-id=\"1c13a178\" data-element_type=\"container\" data-e-type=\"container\" data-settings=\"{&quot;_ha_eqh_enable&quot;:false}\">\n\t\t\t\t\t<div class=\"e-con-inner\">\n\t\t\t\t<div class=\"elementor-element elementor-element-7e836d6a elementor-widget elementor-widget-text-editor\" data-id=\"7e836d6a\" data-element_type=\"widget\" data-e-type=\"widget\" data-widget_type=\"text-editor.default\">\n\t\t\t\t<div class=\"elementor-widget-container\">\n\t\t\t\t\t\t\t\t\t<p><span style=\"color: #000000;\">Las etiquetas RFID UHF con luz LED flash son una soluci\u00f3n innovadora que combina el poder de la tecnolog\u00eda RFID con un indicador LED visual, mejorando la eficiencia de la gesti\u00f3n de inventario y activos. Estas etiquetas son totalmente personalizables, lo que le permite elegir las dimensiones, el color de la luz LED y m\u00e1s para adaptarse a sus requisitos espec\u00edficos. Con tama\u00f1os disponibles de 18 x 75 mm y 14 x 96 mm, y un elegante grosor de solo 0,2 mm, estas etiquetas est\u00e1n fabricadas con material PET resistente, lo que garantiza la durabilidad incluso en entornos dif\u00edciles.<\/span><\/p><p><span style=\"color: #000000;\">Estas etiquetas, que funcionan en un rango de frecuencia de 900 a 928 MHz, ofrecen un rendimiento \u00f3ptimo, lo que las hace ideales para diversas industrias. Las especificaciones de memoria incluyen TID de 96 bits, EPC de 160 bits y USER de 1312 bits, lo que ofrece un amplio almacenamiento de datos para fines de seguimiento e identificaci\u00f3n. Dise\u00f1adas para soportar temperaturas de funcionamiento de -20 \u00b0C a 70 \u00b0C, estas etiquetas RFID UHF con luz LED flash son adecuadas para una amplia gama de aplicaciones, que incluyen seguimiento de activos, gesti\u00f3n de inventario y m\u00e1s.<\/span><\/p><table class=\"all magic-10\"><tbody><tr><td colspan=\"1\" rowspan=\"1\"><div class=\"magic-11\" data-spm-anchor-id=\"a2700.details.0.i38.105812c6mFAirA\"><span style=\"color: #000000;\">Chip<\/span><\/div><\/td><td colspan=\"1\" rowspan=\"1\"><div class=\"magic-12\"><span style=\"color: #000000;\">Personalizado<\/span><\/div><\/td><\/tr><tr><td colspan=\"1\" rowspan=\"1\"><div class=\"magic-11\" data-spm-anchor-id=\"a2700.details.0.i47.105812c6mFAirA\"><span style=\"color: #000000;\">Dimensiones<\/span><\/div><\/td><td colspan=\"1\" rowspan=\"1\"><div class=\"magic-12\"><span style=\"color: #000000;\">18 x 75 mm, 14 x 96 mm, 100 x 10 mm<\/span><\/div><\/td><\/tr><tr><td colspan=\"1\" rowspan=\"1\"><div class=\"magic-11\"><span style=\"color: #000000;\">Espesor<\/span><\/div><\/td><td colspan=\"1\" rowspan=\"1\"><div class=\"magic-12\"><span style=\"color: #000000;\">0,2 mm<\/span><\/div><\/td><\/tr><tr><td colspan=\"1\" rowspan=\"1\"><div class=\"magic-11\"><span style=\"color: #000000;\">Material<\/span><\/div><\/td><td colspan=\"1\" rowspan=\"1\"><div class=\"magic-12\"><span style=\"color: #000000;\">MASCOTA<\/span><\/div><\/td><\/tr><tr><td colspan=\"1\" rowspan=\"1\"><div class=\"magic-11\"><span style=\"color: #000000;\">Clasificaci\u00f3n del IP<\/span><\/div><\/td><td colspan=\"1\" rowspan=\"1\"><div class=\"magic-12\"><span style=\"color: #000000;\">N \/ A<\/span><\/div><\/td><\/tr><tr><td colspan=\"1\" rowspan=\"1\"><div class=\"magic-11\"><span style=\"color: #000000;\">Temperatura de la aplicaci\u00f3n<\/span><\/div><\/td><td colspan=\"1\" rowspan=\"1\"><div class=\"magic-12\"><span style=\"color: #000000;\">-20 ~ 70 \u2103<\/span><\/div><\/td><\/tr><tr><td colspan=\"1\" rowspan=\"1\"><div class=\"magic-11\"><span style=\"color: #000000;\">Temperatura de funcionamiento<\/span><\/div><\/td><td colspan=\"1\" rowspan=\"1\"><div class=\"magic-12\"><span style=\"color: #000000;\">-20 ~ 70 \u2103<\/span><\/div><\/td><\/tr><tr><td colspan=\"1\" rowspan=\"1\"><div class=\"magic-11\"><span style=\"color: #000000;\">Memoria<\/span><\/div><\/td><td colspan=\"1\" rowspan=\"1\"><div class=\"magic-12\"><span style=\"color: #000000;\">TID 96 bits; EPC 160 bits; USUARIO 1312 bits<\/span><\/div><\/td><\/tr><tr><td colspan=\"1\" rowspan=\"1\"><div class=\"magic-11\"><span style=\"color: #000000;\">Rango de frecuencia con el mejor rendimiento<\/span><\/div><\/td><td colspan=\"1\" rowspan=\"1\"><div class=\"magic-12\"><span style=\"color: #000000;\">900-928 MHz (personalizado)<\/span><\/div><\/td><\/tr><tr><td colspan=\"1\" rowspan=\"1\"><div class=\"magic-11\"><span style=\"color: #000000;\">Vida IC<\/span><\/div><\/td><td colspan=\"1\" rowspan=\"1\" data-spm-anchor-id=\"a2700.details.0.i45.105812c6mFAirA\"><div class=\"magic-12\" data-spm-anchor-id=\"a2700.details.0.i39.105812c6mFAirA\"><span style=\"color: #000000;\">Resistencia de escritura de 100.000 ciclos.<\/span><br \/><span style=\"color: #000000;\">Conservaci\u00f3n de datos durante 10 a\u00f1os<\/span><\/div><\/td><\/tr><tr><td colspan=\"1\" rowspan=\"1\"><div class=\"magic-11\"><span style=\"color: #000000;\">Protocolo<\/span><\/div><\/td><td colspan=\"1\" rowspan=\"1\"><div class=\"magic-12\" data-spm-anchor-id=\"a2700.details.0.i46.105812c6mFAirA\"><span style=\"color: #000000;\">ISO\/IEC 18000-6C<\/span><\/div><\/td><\/tr><\/tbody><\/table><p><a href=\"https:\/\/rfid-laundry-tag.com\/es\/producto\/uhf-rfid-label-tag-led-flash-light-location-for-library-management\/\"><img fetchpriority=\"high\" decoding=\"async\" class=\"alignnone size-full wp-image-1795\" src=\"https:\/\/rfid-laundry-tag.com\/wp-content\/uploads\/2024\/09\/4_H368fba2542f847448067aa52a880c6fdM.jpg\" alt=\"\" width=\"750\" height=\"750\" srcset=\"https:\/\/rfid-laundry-tag.com\/wp-content\/uploads\/2024\/09\/4_H368fba2542f847448067aa52a880c6fdM.jpg 750w, https:\/\/rfid-laundry-tag.com\/wp-content\/uploads\/2024\/09\/4_H368fba2542f847448067aa52a880c6fdM-300x300.jpg 300w, https:\/\/rfid-laundry-tag.com\/wp-content\/uploads\/2024\/09\/4_H368fba2542f847448067aa52a880c6fdM-150x150.jpg 150w, https:\/\/rfid-laundry-tag.com\/wp-content\/uploads\/2024\/09\/4_H368fba2542f847448067aa52a880c6fdM-12x12.jpg 12w, https:\/\/rfid-laundry-tag.com\/wp-content\/uploads\/2024\/09\/4_H368fba2542f847448067aa52a880c6fdM-600x600.jpg 600w, https:\/\/rfid-laundry-tag.com\/wp-content\/uploads\/2024\/09\/4_H368fba2542f847448067aa52a880c6fdM-100x100.jpg 100w\" sizes=\"(max-width: 750px) 100vw, 750px\" \/><\/a><\/p><p><span style=\"color: #000000;\">La exclusiva funci\u00f3n LED a\u00f1ade un componente visual a la etiqueta RFID, lo que permite una identificaci\u00f3n r\u00e1pida y sencilla, acelerando significativamente los procesos en los que es necesaria una confirmaci\u00f3n visual r\u00e1pida. Las etiquetas son compatibles con los protocolos ISO\/IEC 18000-6C, lo que garantiza una integraci\u00f3n perfecta con los sistemas RFID existentes. Con una resistencia a la escritura de 100.000 ciclos y una retenci\u00f3n de datos de hasta 10 a\u00f1os, estas etiquetas proporcionan una soluci\u00f3n fiable y duradera para sus necesidades de seguimiento. Tanto si necesita gestionar el inventario, realizar un seguimiento de los activos o implementar un sistema de identificaci\u00f3n m\u00e1s eficiente, las etiquetas LED RFID ofrecen una soluci\u00f3n vers\u00e1til y robusta adaptada a sus necesidades.<\/span><\/p><p><span style=\"color: #000000;\">La etiqueta RFID LED es una etiqueta adhesiva avanzada que integra la tecnolog\u00eda RFID con un indicador LED visual, lo que proporciona una soluci\u00f3n innovadora para el seguimiento de activos y la gesti\u00f3n de inventario. Cada etiqueta est\u00e1 equipada con un transpondedor de radiofrecuencia y una antena, lo que permite una comunicaci\u00f3n perfecta con los lectores de RF. La caracter\u00edstica destacada de esta etiqueta es el componente LED, que se ilumina al activarse, lo que ofrece una identificaci\u00f3n visual r\u00e1pida y clara de los art\u00edculos.<\/span><\/p><p><span style=\"color: #000000;\">Estas etiquetas LED son vers\u00e1tiles y se pueden utilizar en una multitud de aplicaciones, como la gesti\u00f3n de inventario, el seguimiento de activos y la log\u00edstica de la cadena de suministro. La naturaleza personalizable de la etiqueta LED permite realizar ajustes en el tama\u00f1o, el color de la luz LED y la capacidad de memoria para adaptarse a las necesidades operativas espec\u00edficas. Ya sea que se utilicen en almacenes, entornos minoristas o entornos industriales, estas etiquetas ayudan a agilizar los procesos al proporcionar un m\u00e9todo dual de identificaci\u00f3n (escaneo RFID y confirmaci\u00f3n visual), lo que las hace indispensables para mejorar la precisi\u00f3n y la eficiencia en el seguimiento de activos valiosos.<\/span><\/p>\t\t\t\t\t\t\t\t<\/div>\n\t\t\t\t<\/div>\n\t\t\t\t\t<\/div>\n\t\t\t\t<\/div>\n\t\t\t\t<\/div>","protected":false},"excerpt":{"rendered":"<p>Etiqueta RFID UHF con luz LED y flash con indicadores visuales para un seguimiento eficiente del inventario. PET duradero, 900-928 MHz, -20 \u00b0C a 70 \u00b0C, ideal para diversas aplicaciones.<\/p>","protected":false},"featured_media":1786,"template":"","meta":{"_kad_post_transparent":"default","_kad_post_title":"","_kad_post_layout":"default","_kad_post_sidebar_id":"","_kad_post_content_style":"default","_kad_post_vertical_padding":"default","_kad_post_feature":"","_kad_post_feature_position":"","_kad_post_header":false,"_kad_post_footer":false,"_kad_post_classname":""},"product_brand":[],"product_cat":[54],"product_tag":[275,98,269],"class_list":{"0":"post-1785","1":"product","2":"type-product","3":"status-publish","4":"has-post-thumbnail","6":"product_cat-hot-selling-rfid-tags","7":"product_tag-led-light-rfid-label","8":"product_tag-uhf-rfid-label","9":"product_tag-uhf-rfid-label-tag-led-flash-light","11":"first","12":"instock","13":"shipping-taxable","14":"product-type-simple","15":"entry","16":"content-bg","17":"loop-entry"},"_links":{"self":[{"href":"https:\/\/rfid-laundry-tag.com\/es\/wp-json\/wp\/v2\/product\/1785","targetHints":{"allow":["GET"]}}],"collection":[{"href":"https:\/\/rfid-laundry-tag.com\/es\/wp-json\/wp\/v2\/product"}],"about":[{"href":"https:\/\/rfid-laundry-tag.com\/es\/wp-json\/wp\/v2\/types\/product"}],"version-history":[{"count":5,"href":"https:\/\/rfid-laundry-tag.com\/es\/wp-json\/wp\/v2\/product\/1785\/revisions"}],"predecessor-version":[{"id":1911,"href":"https:\/\/rfid-laundry-tag.com\/es\/wp-json\/wp\/v2\/product\/1785\/revisions\/1911"}],"wp:featuredmedia":[{"embeddable":true,"href":"https:\/\/rfid-laundry-tag.com\/es\/wp-json\/wp\/v2\/media\/1786"}],"wp:attachment":[{"href":"https:\/\/rfid-laundry-tag.com\/es\/wp-json\/wp\/v2\/media?parent=1785"}],"wp:term":[{"taxonomy":"product_brand","embeddable":true,"href":"https:\/\/rfid-laundry-tag.com\/es\/wp-json\/wp\/v2\/product_brand?post=1785"},{"taxonomy":"product_cat","embeddable":true,"href":"https:\/\/rfid-laundry-tag.com\/es\/wp-json\/wp\/v2\/product_cat?post=1785"},{"taxonomy":"product_tag","embeddable":true,"href":"https:\/\/rfid-laundry-tag.com\/es\/wp-json\/wp\/v2\/product_tag?post=1785"}],"curies":[{"name":"wp","href":"https:\/\/api.w.org\/{rel}","templated":true}]}}