{"id":176,"date":"2024-06-15T16:46:13","date_gmt":"2024-06-15T16:46:13","guid":{"rendered":"https:\/\/rfid-laundry-tag.com\/?post_type=product&#038;p=176"},"modified":"2024-06-15T16:46:13","modified_gmt":"2024-06-15T16:46:13","slug":"nylon-rfid-wash-care-clothing-label","status":"publish","type":"product","link":"https:\/\/rfid-laundry-tag.com\/es\/nylon-rfid-wash-care-clothing-label\/","title":{"rendered":"Etiqueta de nailon RFID para lavado de prendas de vestir"},"content":{"rendered":"<div class=\"J_module\">\n<div class=\"ife-detail-decorate-table\">\n<table class=\"hight-light-first-column all magic-14\">\n<tbody>\n<tr>\n<td colspan=\"1\" rowspan=\"1\">\n<div class=\"magic-15\" data-spm-anchor-id=\"a2700.details.0.i95.236a58c1ycsfva\">Nombre de la producci\u00f3n:<\/div>\n<\/td>\n<td colspan=\"1\" rowspan=\"1\">\n<div class=\"magic-16\">Etiqueta de nailon RFID para lavado de prendas de vestir<\/div>\n<\/td>\n<\/tr>\n<tr>\n<td colspan=\"1\" rowspan=\"1\">\n<div class=\"magic-15\"><span class=\"magic-17\">Material:<\/span><\/div>\n<\/td>\n<td colspan=\"1\" rowspan=\"1\">\n<div class=\"magic-16\">Poli\u00e9ster\/Composici\u00f3n\/Sat\u00e9n\/Algod\u00f3n\/No tejido\/PET, etc.<\/div>\n<\/td>\n<\/tr>\n<tr>\n<td colspan=\"1\" rowspan=\"1\">\n<div class=\"magic-15\"><span class=\"magic-17\">Tama\u00f1o:<\/span><\/div>\n<\/td>\n<td colspan=\"1\" rowspan=\"1\">\n<div class=\"magic-16\"><span class=\"magic-17\">80*38 mm\/60*30 mm o personalizado<\/span><\/div>\n<\/td>\n<\/tr>\n<tr>\n<td colspan=\"1\" rowspan=\"1\">\n<div class=\"magic-15\"><span class=\"magic-17\">Tipo:<\/span><\/div>\n<\/td>\n<td colspan=\"1\" rowspan=\"1\">\n<div class=\"magic-16\"><span class=\"magic-17\">Pasivo, RFID<\/span><\/div>\n<\/td>\n<\/tr>\n<tr>\n<td colspan=\"1\" rowspan=\"1\">\n<div class=\"magic-15\">Protocolo RF:<\/div>\n<\/td>\n<td colspan=\"1\" rowspan=\"1\">\n<div class=\"magic-16\">ISO 18000-6C; EPC Clase 1 Gen 2<\/div>\n<\/td>\n<\/tr>\n<tr>\n<td colspan=\"1\" rowspan=\"1\">\n<div class=\"magic-15\"><span class=\"magic-17\">Frecuencia:<\/span><\/div>\n<\/td>\n<td colspan=\"1\" rowspan=\"1\">\n<div class=\"magic-16\"><span class=\"magic-17\">860 ~ 960 MHz<\/span><\/div>\n<\/td>\n<\/tr>\n<tr>\n<td colspan=\"1\" rowspan=\"1\">\n<div class=\"magic-15\">Chip<\/div>\n<\/td>\n<td colspan=\"1\" rowspan=\"1\">\n<div class=\"magic-16\">Impinj Monza R6\/R6-P, NXP UCODE8\/UCODE9, etc.<\/div>\n<\/td>\n<\/tr>\n<tr>\n<td colspan=\"1\" rowspan=\"1\">\n<div class=\"magic-15\"><span class=\"magic-17\">Distancia de lectura:<\/span><\/div>\n<\/td>\n<td colspan=\"1\" rowspan=\"1\">\n<div class=\"magic-16\"><span class=\"magic-17\">UHF: 1~10 m (depende del lector y la antena)<\/span><\/div>\n<\/td>\n<\/tr>\n<tr>\n<td colspan=\"1\" rowspan=\"1\">\n<div class=\"magic-15\"><span class=\"magic-17\">Manera fija:<\/span><\/div>\n<\/td>\n<td colspan=\"1\" rowspan=\"1\">\n<div class=\"magic-16\"><span class=\"magic-17\">Coser \/ planchar<\/span><\/div>\n<\/td>\n<\/tr>\n<tr>\n<td colspan=\"1\" rowspan=\"1\">\n<div class=\"magic-15\"><span class=\"magic-17\">Impresi\u00f3n:<\/span><\/div>\n<\/td>\n<td colspan=\"1\" rowspan=\"1\">\n<div class=\"magic-16\"><span class=\"magic-17\">Impresi\u00f3n, codificaci\u00f3n, n\u00famero de serie, dise\u00f1o, etc.<\/span><\/div>\n<\/td>\n<\/tr>\n<tr>\n<td colspan=\"1\" rowspan=\"1\">\n<div class=\"magic-15\"><span class=\"magic-17\">Vida de IC:<\/span><\/div>\n<\/td>\n<td colspan=\"1\" rowspan=\"1\">\n<div class=\"magic-16\" data-spm-anchor-id=\"a2700.details.0.i94.236a58c1ycsfva\"><span class=\"magic-17\">100.000 ciclos de programaci\u00f3n<br \/>\nRetenci\u00f3n de datos durante 10 a\u00f1os<\/span><\/div>\n<\/td>\n<\/tr>\n<tr>\n<td colspan=\"1\" rowspan=\"1\">\n<div class=\"magic-15\"><span class=\"magic-17\">Disponibilidad de muestra:<\/span><\/div>\n<\/td>\n<td colspan=\"1\" rowspan=\"1\">\n<div class=\"magic-16\"><span class=\"magic-17\">Muestras gratuitas disponibles a pedido.<\/span><\/div>\n<\/td>\n<\/tr>\n<tr>\n<td colspan=\"1\" rowspan=\"1\">\n<div class=\"magic-15\"><span class=\"magic-17\">Aplicaciones:\u00a0<\/span><\/div>\n<\/td>\n<td colspan=\"1\" rowspan=\"1\">\n<div class=\"magic-16\"><span class=\"magic-17\">\u00b7 Gesti\u00f3n de inventario<br \/>\n\u00b7 Cadena de suministro<br \/>\n\u00b7 Minorista<\/span><\/div>\n<\/td>\n<\/tr>\n<tr>\n<td colspan=\"1\" rowspan=\"1\">\n<div class=\"magic-15\"><span class=\"magic-17\">Usar<\/span><\/div>\n<\/td>\n<td colspan=\"1\" rowspan=\"1\">\n<div class=\"magic-16\"><span class=\"magic-17\">Prendas de vestir, ropa, bolsos, zapatos, etc.<\/span><\/div>\n<\/td>\n<\/tr>\n<\/tbody>\n<\/table>\n<\/div>\n<\/div>\n<div class=\"J_module\">\n<div class=\"detail-decorate-json-renderer-container\">\n<div class=\"magic-1\">\n<div class=\"magic-5\">\n<div class=\"magic-6\">\n<div class=\"magic-7\"><span class=\"magic-10\">UCODE son marcas registradas de NXP BV y se utilizan bajo licencia.<\/span><\/div>\n<div><\/div>\n<\/div>\n<div>\n<div class=\"auto-hide-last-sibling-br paragraph_1252f paragraph-element\">Los art\u00edculos de moda, como las prendas de vestir, est\u00e1n sujetos a diversos factores que influyen en las ventas, como las variaciones estacionales, la ubicaci\u00f3n geogr\u00e1fica, las preferencias de los clientes, las tendencias de moda y los precios. El papel de las etiquetas de cuidado RFID resulta crucial en este caso, ya que permiten a las empresas de indumentaria controlar la din\u00e1mica de las ventas en tiempo real.<\/div>\n<p><br class=\"container_e695a wrapper_ad07b undefined\" \/><\/p>\n<div class=\"auto-hide-last-sibling-br paragraph_1252f paragraph-element\">\n<div class=\"auto-hide-last-sibling-br paragraph_1252f paragraph-element\"><strong>Caracter\u00edsticas de la etiqueta RFID de nailon para lavado de ropa:<\/strong><\/div>\n<p><br class=\"container_e695a wrapper_ad07b undefined\" \/><\/p>\n<ol class=\"auto-hide-last-sibling-br\">\n<li>\n<div class=\"auto-hide-last-sibling-br paragraph_1252f paragraph-element\"><strong>Material:<\/strong>\u00a0La etiqueta est\u00e1 hecha de nailon, un material resistente y duradero que puede soportar altas temperaturas, presi\u00f3n y manejo brusco, lo que garantiza que la etiqueta est\u00e9 intacta independientemente de la naturaleza del procedimiento de manipulaci\u00f3n y lavado de la prenda.<\/div>\n<\/li>\n<li>\n<div class=\"auto-hide-last-sibling-br paragraph_1252f paragraph-element\"><strong>Seguimiento de datos:<\/strong>\u00a0Habilitado con tecnolog\u00eda RFID, permite el seguimiento en tiempo real y la recopilaci\u00f3n de datos relevantes como el historial, la ubicaci\u00f3n y el estado del producto, proporcionando informaci\u00f3n valiosa para las empresas de indumentaria.<\/div>\n<\/li>\n<li>\n<div class=\"auto-hide-last-sibling-br paragraph_1252f paragraph-element\"><strong>Funcionalidad:<\/strong>\u00a0La etiqueta RFID funciona en diversos entornos hostiles y tambi\u00e9n puede identificar m\u00faltiples etiquetas simult\u00e1neamente, incluso en art\u00edculos de r\u00e1pido movimiento.<\/div>\n<\/li>\n<li>\n<div class=\"auto-hide-last-sibling-br paragraph_1252f paragraph-element\"><strong>Persistencia:<\/strong>\u00a0A diferencia de las etiquetas colgantes tradicionales, las etiquetas RFID generalmente est\u00e1n cosidas o estampadas en la prenda, lo que reduce las posibilidades de que se caigan durante el transporte o la manipulaci\u00f3n.<\/div>\n<\/li>\n<li>\n<div class=\"auto-hide-last-sibling-br paragraph_1252f paragraph-element\"><strong>Verde y seguro:<\/strong>\u00a0Las etiquetas son ecol\u00f3gicas y seguras, ya que tienen el menor impacto en el medio ambiente despu\u00e9s de su eliminaci\u00f3n.<\/div>\n<\/li>\n<\/ol>\n<p><br class=\"container_e695a wrapper_ad07b undefined\" \/><\/p>\n<div class=\"auto-hide-last-sibling-br paragraph_1252f paragraph-element\"><strong>Aplicaciones de la etiqueta RFID de nailon para lavado de ropa:<\/strong><\/div>\n<p><br class=\"container_e695a wrapper_ad07b undefined\" \/><\/p>\n<ol class=\"auto-hide-last-sibling-br\">\n<li>\n<div class=\"auto-hide-last-sibling-br paragraph_1252f paragraph-element\"><strong>Gesti\u00f3n de inventario:<\/strong>\u00a0Las etiquetas ayudan a realizar el seguimiento del inventario en tiempo real, lo que hace que el proceso de gesti\u00f3n de existencias sea eficiente para las empresas.<\/div>\n<\/li>\n<li>\n<div class=\"auto-hide-last-sibling-br paragraph_1252f paragraph-element\"><strong>Cadena de suministro:<\/strong>\u00a0Ayudan a optimizar toda la cadena de suministro, desde la agilizaci\u00f3n de los procesos de fabricaci\u00f3n hasta un almacenamiento y una log\u00edstica m\u00e1s eficientes.<\/div>\n<\/li>\n<li>\n<div class=\"auto-hide-last-sibling-br paragraph_1252f paragraph-element\"><strong>Gesti\u00f3n de tiendas minoristas:<\/strong>\u00a0En el comercio minorista, estas etiquetas mejoran el proceso de pago al acelerar el proceso de escaneo y reducir las colas.<\/div>\n<\/li>\n<li>\n<div class=\"auto-hide-last-sibling-br paragraph_1252f paragraph-element\"><strong>Antirrobo:<\/strong>\u00a0Cuando se incorporan al sistema de seguridad de las tiendas, pueden servir como herramientas contra el hurto.<\/div>\n<\/li>\n<li>\n<div class=\"auto-hide-last-sibling-br paragraph_1252f paragraph-element\"><strong>Autenticidad del producto:<\/strong>\u00a0Las etiquetas se pueden utilizar para garantizar y verificar la autenticidad del producto, evitando as\u00ed la falsificaci\u00f3n.<\/div>\n<\/li>\n<li>\n<div class=\"auto-hide-last-sibling-br paragraph_1252f paragraph-element\"><strong>Uso por parte del consumidor:<\/strong>\u00a0Para el consumidor final, estas etiquetas contienen informaci\u00f3n valiosa sobre el producto y su cuidado. Adem\u00e1s, el hecho de que la etiqueta permanezca con la prenda durante toda su vida \u00fatil permite un mejor seguimiento posventa.<\/div>\n<\/li>\n<\/ol>\n<p><br class=\"container_e695a wrapper_ad07b undefined\" \/><\/p>\n<div class=\"auto-hide-last-sibling-br paragraph_1252f paragraph-element\">Estas etiquetas revolucionan el modo en que se manejan las prendas desde la planta de producci\u00f3n hasta la tienda minorista y luego hasta el consumidor final, convirti\u00e9ndose as\u00ed en una parte integral de la industria de la confecci\u00f3n.<\/div>\n<\/div>\n<\/div>\n<div class=\"magic-6\">\n<div><\/div>\n<\/div>\n<\/div>\n<\/div>\n<\/div>\n<\/div>","protected":false},"excerpt":{"rendered":"<p>La etiqueta RFID de nailon para el lavado es un avance revolucionario en la industria textil y de la confecci\u00f3n. La tecnolog\u00eda RFID, uno de los avances tecnol\u00f3gicos m\u00e1s prometedores, facilita numerosas aplicaciones en este sector. Desempe\u00f1a un papel crucial en los procesos de fabricaci\u00f3n, manteniendo el control de inventario, gestionando almacenes, agilizando la distribuci\u00f3n y la log\u00edstica, permitiendo el seguimiento autom\u00e1tico de objetos y optimizando la gesti\u00f3n de la cadena de suministro. Este enfoque innovador ha mejorado sustancialmente la eficiencia y la productividad en el campo textil y de la confecci\u00f3n.<\/p>","protected":false},"featured_media":177,"template":"","meta":{"_kad_post_transparent":"default","_kad_post_title":"","_kad_post_layout":"default","_kad_post_sidebar_id":"","_kad_post_content_style":"default","_kad_post_vertical_padding":"default","_kad_post_feature":"","_kad_post_feature_position":"","_kad_post_header":false,"_kad_post_footer":false,"_kad_post_classname":""},"product_brand":[],"product_cat":[81],"product_tag":[84,82,83],"class_list":{"0":"post-176","1":"product","2":"type-product","3":"status-publish","4":"has-post-thumbnail","6":"product_cat-rfid-wash-care-clothing-label","7":"product_tag-heat-transfer-laundry-rfid-wash-care-label","8":"product_tag-rfid-wash-care-clothing-label","9":"product_tag-rfid-wash-care-label","11":"first","12":"instock","13":"shipping-taxable","14":"product-type-simple","15":"entry","16":"content-bg","17":"loop-entry"},"_links":{"self":[{"href":"https:\/\/rfid-laundry-tag.com\/es\/wp-json\/wp\/v2\/product\/176","targetHints":{"allow":["GET"]}}],"collection":[{"href":"https:\/\/rfid-laundry-tag.com\/es\/wp-json\/wp\/v2\/product"}],"about":[{"href":"https:\/\/rfid-laundry-tag.com\/es\/wp-json\/wp\/v2\/types\/product"}],"version-history":[{"count":0,"href":"https:\/\/rfid-laundry-tag.com\/es\/wp-json\/wp\/v2\/product\/176\/revisions"}],"wp:featuredmedia":[{"embeddable":true,"href":"https:\/\/rfid-laundry-tag.com\/es\/wp-json\/wp\/v2\/media\/177"}],"wp:attachment":[{"href":"https:\/\/rfid-laundry-tag.com\/es\/wp-json\/wp\/v2\/media?parent=176"}],"wp:term":[{"taxonomy":"product_brand","embeddable":true,"href":"https:\/\/rfid-laundry-tag.com\/es\/wp-json\/wp\/v2\/product_brand?post=176"},{"taxonomy":"product_cat","embeddable":true,"href":"https:\/\/rfid-laundry-tag.com\/es\/wp-json\/wp\/v2\/product_cat?post=176"},{"taxonomy":"product_tag","embeddable":true,"href":"https:\/\/rfid-laundry-tag.com\/es\/wp-json\/wp\/v2\/product_tag?post=176"}],"curies":[{"name":"wp","href":"https:\/\/api.w.org\/{rel}","templated":true}]}}