{"id":171,"date":"2024-06-15T13:49:12","date_gmt":"2024-06-15T13:49:12","guid":{"rendered":"https:\/\/rfid-laundry-tag.com\/?post_type=product&#038;p=171"},"modified":"2024-06-15T14:14:22","modified_gmt":"2024-06-15T14:14:22","slug":"uhf-rfid-silicone-washing-labels","status":"publish","type":"product","link":"https:\/\/rfid-laundry-tag.com\/es\/uhf-rfid-silicone-washing-labels\/","title":{"rendered":"Etiquetas de silicona para lavado con RFID UHF"},"content":{"rendered":"<table style=\"border-collapse: collapse; width: 711px; height: 751px;\" border=\"0\" width=\"537\" cellspacing=\"0\" cellpadding=\"0\">\n<tbody>\n<tr style=\"height: 14.40pt;\">\n<td class=\"et2\" style=\"height: 14.40pt; width: 136.80pt;\" width=\"228\" height=\"24\">Material<\/td>\n<td class=\"et2\" style=\"width: 185.40pt;\" width=\"309\">Silicona<\/td>\n<\/tr>\n<tr style=\"height: 14.40pt;\">\n<td class=\"et3\" style=\"height: 14.40pt; width: 136.80pt;\" width=\"228\" height=\"24\">Tama\u00f1o<\/td>\n<td class=\"et3\" style=\"width: 185.40pt;\" width=\"309\">55x12mm, 56x20mm, 85x27mm<\/td>\n<\/tr>\n<tr style=\"height: 14.40pt;\">\n<td class=\"et3\" style=\"height: 14.40pt; width: 136.80pt;\" width=\"228\" height=\"24\">Frecuencia<\/td>\n<td class=\"et3\" style=\"width: 185.40pt;\" width=\"309\">860-960 mhz<\/td>\n<\/tr>\n<tr style=\"height: 27.60pt;\">\n<td class=\"et3\" style=\"height: 27.60pt; width: 136.80pt;\" width=\"228\" height=\"46\">Tipo de circuito integrado (chip)<\/td>\n<td class=\"et3\" style=\"width: 185.40pt;\" width=\"309\">U7\/U8 (Alien H3 e Impinj Monza R6 est\u00e1n disponibles)<\/td>\n<\/tr>\n<tr style=\"height: 27.60pt;\">\n<td class=\"et3\" style=\"height: 27.60pt; width: 136.80pt;\" width=\"228\" height=\"46\">Protocolo<\/td>\n<td class=\"et3\" style=\"width: 185.40pt;\" width=\"309\">EPC Global Clase 1 Gen2 e ISO18000-6C<\/td>\n<\/tr>\n<tr style=\"height: 14.40pt;\">\n<td class=\"et3\" style=\"height: 14.40pt; width: 136.80pt;\" width=\"228\" height=\"24\">Memoria<\/td>\n<td class=\"et3\" style=\"width: 185.40pt;\" width=\"309\">128 bits<\/td>\n<\/tr>\n<tr style=\"height: 14.40pt;\">\n<td class=\"et3\" style=\"height: 14.40pt; width: 136.80pt;\" width=\"228\" height=\"24\">Factor de forma de etiqueta<\/td>\n<td class=\"et3\" style=\"width: 185.40pt;\" width=\"309\">Flexible<\/td>\n<\/tr>\n<tr style=\"height: 14.40pt;\">\n<td class=\"et3\" style=\"height: 14.40pt; width: 136.80pt;\" width=\"228\" height=\"24\">Anti choques<\/td>\n<td class=\"et3\" style=\"width: 185.40pt;\" width=\"309\">S\u00ed<\/td>\n<\/tr>\n<tr style=\"height: 14.40pt;\">\n<td class=\"et3\" style=\"height: 14.40pt; width: 136.80pt;\" width=\"228\" height=\"24\">Temperatura de funcionamiento<\/td>\n<td class=\"et3\" style=\"width: 185.40pt;\" width=\"309\">-25\u00b0C \/ +200\u00b0C<\/td>\n<\/tr>\n<tr style=\"height: 14.40pt;\">\n<td class=\"et3\" style=\"height: 14.40pt; width: 136.80pt;\" width=\"228\" height=\"24\">Leer distancia<\/td>\n<td class=\"et3\" style=\"width: 185.40pt;\" width=\"309\">1-7m<\/td>\n<\/tr>\n<tr style=\"height: 14.40pt;\">\n<td class=\"et3\" style=\"height: 14.40pt; width: 136.80pt;\" width=\"228\" height=\"24\">Se fija a<\/td>\n<td class=\"et3\" style=\"width: 185.40pt;\" width=\"309\">Ropa de cama y prendas<\/td>\n<\/tr>\n<tr style=\"height: 14.40pt;\">\n<td class=\"et3\" style=\"height: 14.40pt; width: 136.80pt;\" width=\"228\" height=\"24\">Clasificaci\u00f3n del IP<\/td>\n<td class=\"et3\" style=\"width: 185.40pt;\" width=\"309\">IP68<\/td>\n<\/tr>\n<tr style=\"height: 14.40pt;\">\n<td class=\"et3\" style=\"height: 14.40pt; width: 136.80pt;\" width=\"228\" height=\"24\">Color<\/td>\n<td class=\"et3\" style=\"width: 185.40pt;\" width=\"309\">Blanco\/azul o personalizado<\/td>\n<\/tr>\n<tr style=\"height: 17.40pt;\">\n<td class=\"et4\" style=\"height: 17.40pt; width: 322.20pt;\" colspan=\"2\" width=\"537\" height=\"29\">Lavado<\/td>\n<\/tr>\n<tr style=\"height: 27.60pt;\">\n<td class=\"et3\" style=\"height: 27.60pt; width: 136.80pt;\" width=\"228\" height=\"46\">Resiste la exposici\u00f3n a<\/td>\n<td class=\"et3\" style=\"width: 185.40pt;\" width=\"309\">agua y todos los productos qu\u00edmicos comunes en la lavander\u00eda comercial y la limpieza en seco<\/td>\n<\/tr>\n<tr style=\"height: 14.40pt;\">\n<td class=\"et3\" style=\"height: 14.40pt; width: 136.80pt;\" width=\"228\" height=\"24\">Ciclos de lavado<\/td>\n<td class=\"et3\" style=\"width: 185.40pt;\" width=\"309\">Hasta 200 ciclos de lavado comerciales.<\/td>\n<\/tr>\n<tr style=\"height: 27.60pt;\">\n<td class=\"et3\" style=\"height: 27.60pt; width: 136.80pt;\" width=\"228\" height=\"46\">Lavado<\/td>\n<td class=\"et3\" style=\"width: 185.40pt;\" width=\"309\">150 \u00baC durante 15-20 minutos \u2013 150 ciclos<\/td>\n<\/tr>\n<tr style=\"height: 27.60pt;\">\n<td class=\"et3\" style=\"height: 27.60pt; width: 136.80pt;\" width=\"228\" height=\"46\">El secado<\/td>\n<td class=\"et3\" style=\"width: 185.40pt;\" width=\"309\">95\u00b0C (Hasta 60min.), 130\u00b0C (Hasta 30 min.)<\/td>\n<\/tr>\n<tr style=\"height: 14.40pt;\">\n<td class=\"et3\" style=\"height: 14.40pt; width: 136.80pt;\" width=\"228\" height=\"24\">Acabador de t\u00faneles<\/td>\n<td class=\"et3\" style=\"width: 185.40pt;\" width=\"309\">200\u00b0C durante 30min<\/td>\n<\/tr>\n<tr style=\"height: 14.40pt;\">\n<td class=\"et3\" style=\"height: 14.40pt; width: 136.80pt;\" width=\"228\" height=\"24\">planchado<\/td>\n<td class=\"et3\" style=\"width: 185.40pt;\" width=\"309\">250\u00b0C (hasta 60 segundos)<\/td>\n<\/tr>\n<\/tbody>\n<\/table>\n<div><\/div>\n<div><\/div>\n<div class=\"auto-hide-last-sibling-br paragraph_1252f paragraph-element\"><strong>Las etiquetas de lavado de silicona RFID UHF ofrecen las siguientes caracter\u00edsticas clave:<\/strong><\/div>\n<ol class=\"auto-hide-last-sibling-br\">\n<li>\n<div class=\"auto-hide-last-sibling-br paragraph_1252f paragraph-element\">Delgado, suave y flexible: su dise\u00f1o liviano y maleable garantiza un ajuste c\u00f3modo en cualquier material textil.<\/div>\n<\/li>\n<li>\n<div class=\"auto-hide-last-sibling-br paragraph_1252f paragraph-element\">Resistentes: Las etiquetas son impermeables y resistentes a soluciones qu\u00edmicas, lo que garantiza que mantienen su funcionalidad independientemente de los entornos a los que est\u00e9n sometidas.<\/div>\n<\/li>\n<li>\n<div class=\"auto-hide-last-sibling-br paragraph_1252f paragraph-element\">Larga duraci\u00f3n: ofrece durabilidad de hasta 200 ciclos de lavado, secado, limpieza y planchado, proporcionando un rendimiento constante.<\/div>\n<\/li>\n<li>\n<div class=\"auto-hide-last-sibling-br paragraph_1252f paragraph-element\">Resistencia excepcional: resiste altas temperaturas y entornos hostiles. La etiqueta RFID para lavander\u00eda, que funciona en el rango de frecuencia de 860 a 960 MHz, est\u00e1 dise\u00f1ada espec\u00edficamente para soportar los procesos de limpieza a alta presi\u00f3n y temperatura.<\/div>\n<\/li>\n<li>\n<div class=\"auto-hide-last-sibling-br paragraph_1252f paragraph-element\">Amplia aplicaci\u00f3n: ideal para usar en condiciones dif\u00edciles que requieren alta resistencia al calor, la corrosi\u00f3n y el desgaste, como lavander\u00edas y lavados industriales.<\/div>\n<\/li>\n<li>\n<div class=\"auto-hide-last-sibling-br paragraph_1252f paragraph-element\">F\u00e1cil integraci\u00f3n: Se incorpora f\u00e1cilmente a diversos textiles, incluidas camisas, ropa de trabajo, s\u00e1banas y otros productos textiles.<\/div>\n<\/li>\n<li>\n<div class=\"auto-hide-last-sibling-br paragraph_1252f paragraph-element\">Variedad de opciones: ofrece una gama de etiquetas de lavander\u00eda RFID, incluidas etiquetas de lavander\u00eda RFID PPS, etiquetas de lavander\u00eda de silicona RFID y etiquetas de lavander\u00eda de tela RFID.<\/div>\n<\/li>\n<li>\n<div class=\"auto-hide-last-sibling-br paragraph_1252f paragraph-element\">Amplio uso: se utiliza ampliamente en la venta minorista de prendas de vestir, s\u00e1banas de hotel, limpieza en seco de uniformes m\u00e9dicos y sectores de lavander\u00eda industrial.<\/div>\n<\/li>\n<li>\n<div class=\"auto-hide-last-sibling-br paragraph_1252f paragraph-element\">Gesti\u00f3n eficiente: La tecnolog\u00eda RFID muestra un rendimiento superior en la gesti\u00f3n efectiva, optimizaci\u00f3n del inventario y reducci\u00f3n de errores humanos durante los procesos de lavado y facturaci\u00f3n.<\/div>\n<\/li>\n<\/ol>\n<div class=\"auto-hide-last-sibling-br paragraph_1252f paragraph-element\">En resumen, estas etiquetas est\u00e1n dise\u00f1adas para condiciones de lavado dif\u00edciles, ofrecen durabilidad, eficiencia y una amplia gama de aplicaciones. Proporcionan una soluci\u00f3n inteligente para gestionar y rastrear eficazmente los art\u00edculos de lavander\u00eda en varios sectores.<\/div>\n<div><\/div>\n<p data-spm-anchor-id=\"a2700.details.0.i116.60201a70jOXdOd\"><strong>Solicitud :<\/strong><\/p>\n<ul>\n<li>Gesti\u00f3n de seguimiento de ropa de cama de hotel<\/li>\n<li>F\u00e1brica\/almac\u00e9n\/hotel\/hospital\/parque de atracciones<\/li>\n<li data-spm-anchor-id=\"a2700.details.0.i115.60201a70jOXdOd\"><span data-spm-anchor-id=\"a2700.details.0.i120.60201a70jOXdOd\">uniformes hospitalarios<\/span><\/li>\n<li data-spm-anchor-id=\"a2700.details.0.i118.60201a70jOXdOd\">Ropa de cama\/ Palets\/ Bolsas de lona<\/li>\n<li>Tintorer\u00eda<\/li>\n<li>Uso en s\u00e1banas de hotel\/ Adjunto a textil\/Ropa de trabajo.<\/li>\n<li>F\u00e1brica de prendas de vestir, F\u00e1brica de tejidos.<\/li>\n<\/ul>\n<p>&nbsp;<\/p>","protected":false},"excerpt":{"rendered":"<p>Las etiquetas de lavado de silicona con tecnolog\u00eda RFID UHF son un dise\u00f1o exclusivo que resiste los m\u00e9todos de lavado m\u00e1s rigurosos. Son especialmente adecuadas para prendas de vestir y art\u00edculos de tela que se someten a una limpieza regular. Estas etiquetas est\u00e1n fabricadas con silicona resistente, lo que garantiza su durabilidad. Adem\u00e1s, incorporan un chip RFID UHF (ultraalta frecuencia), que se puede programar con datos pertinentes sobre la prenda o el tejido. Esto hace que estas etiquetas sean una opci\u00f3n conveniente y eficiente para gestionar y rastrear los art\u00edculos de lavander\u00eda.<\/p>","protected":false},"featured_media":173,"template":"","meta":{"_kad_post_transparent":"default","_kad_post_title":"","_kad_post_layout":"default","_kad_post_sidebar_id":"","_kad_post_content_style":"default","_kad_post_vertical_padding":"default","_kad_post_feature":"","_kad_post_feature_position":"","_kad_post_header":false,"_kad_post_footer":false,"_kad_post_classname":""},"product_brand":[],"product_cat":[20,16],"product_tag":[63,62,61,79],"class_list":{"0":"post-171","1":"product","2":"type-product","3":"status-publish","4":"has-post-thumbnail","6":"product_cat-silicone-rfid-laundry-tag","7":"product_cat-uhf-rfid-laundry-tags","8":"product_tag-rfid-washing-tag","9":"product_tag-silicone-rfid-laundry-tag","10":"product_tag-silicone-washable-rfid-laundry-tag","11":"product_tag-uhf-rfid-silicone-washing-labels","13":"first","14":"instock","15":"shipping-taxable","16":"product-type-simple","17":"entry","18":"content-bg","19":"loop-entry"},"_links":{"self":[{"href":"https:\/\/rfid-laundry-tag.com\/es\/wp-json\/wp\/v2\/product\/171","targetHints":{"allow":["GET"]}}],"collection":[{"href":"https:\/\/rfid-laundry-tag.com\/es\/wp-json\/wp\/v2\/product"}],"about":[{"href":"https:\/\/rfid-laundry-tag.com\/es\/wp-json\/wp\/v2\/types\/product"}],"version-history":[{"count":0,"href":"https:\/\/rfid-laundry-tag.com\/es\/wp-json\/wp\/v2\/product\/171\/revisions"}],"wp:featuredmedia":[{"embeddable":true,"href":"https:\/\/rfid-laundry-tag.com\/es\/wp-json\/wp\/v2\/media\/173"}],"wp:attachment":[{"href":"https:\/\/rfid-laundry-tag.com\/es\/wp-json\/wp\/v2\/media?parent=171"}],"wp:term":[{"taxonomy":"product_brand","embeddable":true,"href":"https:\/\/rfid-laundry-tag.com\/es\/wp-json\/wp\/v2\/product_brand?post=171"},{"taxonomy":"product_cat","embeddable":true,"href":"https:\/\/rfid-laundry-tag.com\/es\/wp-json\/wp\/v2\/product_cat?post=171"},{"taxonomy":"product_tag","embeddable":true,"href":"https:\/\/rfid-laundry-tag.com\/es\/wp-json\/wp\/v2\/product_tag?post=171"}],"curies":[{"name":"wp","href":"https:\/\/api.w.org\/{rel}","templated":true}]}}