{"id":167,"date":"2024-06-15T13:14:42","date_gmt":"2024-06-15T13:14:42","guid":{"rendered":"https:\/\/rfid-laundry-tag.com\/?post_type=product&#038;p=167"},"modified":"2024-09-26T03:38:23","modified_gmt":"2024-09-26T03:38:23","slug":"textile-uhf-rfid-linen-tags","status":"publish","type":"product","link":"https:\/\/rfid-laundry-tag.com\/es\/textile-uhf-rfid-linen-tags\/","title":{"rendered":"Etiquetas RFID UHF para textiles y lino"},"content":{"rendered":"<div>\n<div class=\"auto-hide-last-sibling-br paragraph_1252f paragraph-element\">\n<table width=\"637\">\n<tbody>\n<tr>\n<td width=\"328\">Nombre del \u00e1rticulo:<\/td>\n<td width=\"309\"><strong>Etiquetas RFID UHF para textiles y lino<\/strong><\/td>\n<\/tr>\n<tr>\n<td width=\"328\">Est\u00e1ndar RFID:<\/td>\n<td width=\"309\">ISO\/IEC 18000-6 Tipo C (EPC Gen2)<\/td>\n<\/tr>\n<tr>\n<td width=\"328\">Tama\u00f1o y peso:<\/td>\n<td width=\"309\">70\u00d715 mm, 0,6 g<\/td>\n<\/tr>\n<tr>\n<td width=\"328\">Tipo de chip:<\/td>\n<td width=\"309\">Impinj Monza 4QT,NXP U C\u00d3DIGO 9<\/td>\n<\/tr>\n<tr>\n<td width=\"328\">Memoria EPC:<\/td>\n<td width=\"309\">128 bits<\/td>\n<\/tr>\n<tr>\n<td width=\"328\">Memoria de usuario:<\/td>\n<td width=\"309\">512 bits<\/td>\n<\/tr>\n<tr>\n<td width=\"328\">Rango de lectura (2W ERP FCC):<\/td>\n<td width=\"309\">8m<\/td>\n<\/tr>\n<tr>\n<td width=\"328\">Rango de lectura (2W ERP ETSI):<\/td>\n<td width=\"309\">8m<\/td>\n<\/tr>\n<tr>\n<td width=\"328\">Etiquetado:<\/td>\n<td width=\"309\">Costura, adhesivo para estampado en caliente<\/td>\n<\/tr>\n<tr>\n<td width=\"328\">Vida \u00fatil estimada:<\/td>\n<td width=\"309\">200 ciclos de lavado o 3 a\u00f1os, lo que ocurra primero<\/td>\n<\/tr>\n<tr>\n<td width=\"328\">M\u00e9todo de lavado:<\/td>\n<td width=\"309\">Lavander\u00eda, Lavado en seco<\/td>\n<\/tr>\n<tr>\n<td width=\"328\">Presi\u00f3n de extracci\u00f3n de agua:<\/td>\n<td width=\"309\">60 barras<\/td>\n<\/tr>\n<tr>\n<td width=\"328\">Resistencia al agua:<\/td>\n<td width=\"309\">Resistente al agua<\/td>\n<\/tr>\n<tr>\n<td width=\"328\">Resistencia qu\u00edmica:<\/td>\n<td width=\"309\">Detergente, suavizante, lej\u00eda (ox\u00edgeno\/cloro), \u00e1lcali<\/td>\n<\/tr>\n<tr>\n<td width=\"328\">Presecado en Tumbler:<\/td>\n<td width=\"309\">125 \u00baC durante 15-20 minutos<\/td>\n<\/tr>\n<tr>\n<td width=\"328\">Temperatura de esterilizaci\u00f3n:<\/td>\n<td width=\"309\">135\u00b0C durante 15-20 minutos<\/td>\n<\/tr>\n<tr>\n<td width=\"328\">Temperatura de lavado:<\/td>\n<td width=\"309\">90 \u00b0C, hasta 15 min.<\/td>\n<\/tr>\n<tr>\n<td width=\"328\">Humedad\/Temperatura de funcionamiento:<\/td>\n<td width=\"309\">-20 a 110\u00b0C, 8 a 95%RH<\/td>\n<\/tr>\n<tr>\n<td width=\"328\">Humedad\/Temperatura-Almacenamiento:<\/td>\n<td width=\"309\">-40 a 110\u00b0C, 8 a 95%RH<\/td>\n<\/tr>\n<\/tbody>\n<\/table>\n<\/div>\n<\/div>\n<div class=\"auto-hide-last-sibling-br paragraph_1252f paragraph-element\"><\/div>\n<div>\n<div class=\"auto-hide-last-sibling-br paragraph_1252f paragraph-element\">\n<h3>Principales caracter\u00edsticas de las etiquetas RFID UHF para ropa<\/h3>\n<ul>\n<li><strong>Durabilidad<\/strong>:Las etiquetas est\u00e1n dise\u00f1adas para soportar procesos de lavander\u00eda industrial. Con capacidad para soportar temperaturas extremas, detergentes y condiciones de secado, est\u00e1n dise\u00f1adas para un uso intensivo.<\/li>\n<li><strong>Naturaleza lavable<\/strong>: Estos\u00a0<strong>etiquetas RFID lavables<\/strong>\u00a0Mantienen su integridad incluso despu\u00e9s de repetidos lavados, lo que los hace ideales para cualquier sistema de gesti\u00f3n textil. Pueden soportar hasta\u00a0<strong>200 ciclos de lavado<\/strong>\u00a0sin perder funcionalidad.<\/li>\n<li><strong>RFID de alto rendimiento<\/strong>:Utilizando tecnolog\u00eda de vanguardia\u00a0<strong>Tecnolog\u00eda UHF<\/strong>Estas etiquetas proporcionan una distancia de lectura robusta, lo que facilita el seguimiento y la gesti\u00f3n eficiente de los textiles.<\/li>\n<\/ul>\n<\/div>\n<h3>Principales ventajas de las etiquetas RFID para ropa<\/h3>\n<p>Uno de los beneficios destacados de los textiles\u00a0<strong>Etiquetas RFID para ropa<\/strong>\u00a0Su capacidad para mejorar la precisi\u00f3n de la gesti\u00f3n de inventarios permite a las empresas automatizar el proceso de seguimiento y reducir significativamente el riesgo de que se pierdan o extrav\u00eden art\u00edculos. Adem\u00e1s, estas etiquetas mejoran la visibilidad de los activos, lo que permite a las lavander\u00edas mantener la transparencia en sus operaciones.<\/p>\n<p>Otro beneficio fundamental es el potencial de ahorro de costos. Con el seguimiento automatizado, los costos laborales asociados con los controles de inventario manuales disminuyen significativamente. La confiabilidad a largo plazo de estas etiquetas tambi\u00e9n agrega valor, ya que se pueden reutilizar en varios ciclos de lavado, lo que garantiza que las empresas maximicen su inversi\u00f3n.<\/p>\n<\/div>\n<div class=\"auto-hide-last-sibling-br paragraph_1252f paragraph-element\">\n<div data-spm-anchor-id=\"a2700.details.0.i57.23b419c7xXORP0\">Esta impresionante durabilidad viene acompa\u00f1ada de la garant\u00eda de mantener los extraordinarios atributos de seguimiento e inventario durante toda la vida \u00fatil de la ropa de cama, la ropa y otros art\u00edculos textiles. Por lo tanto, sirven como una herramienta eficaz y confiable para garantizar un seguimiento perfecto, un mantenimiento oportuno y una gesti\u00f3n eficiente del inventario de diversos productos textiles en diversos entornos, maximizando su ciclo de vida y facilitando operaciones fluidas.<\/div>\n<\/div>\n<div data-spm-anchor-id=\"a2700.details.0.i57.23b419c7xXORP0\">\n<h3>Durabilidad y lavabilidad de las etiquetas RFID<\/h3>\n<p>Cuando se trata de\u00a0<strong>durabilidad<\/strong>Las etiquetas RFID cuentan con un dise\u00f1o robusto que puede soportar los desaf\u00edos que plantea el lavado comercial. Con la capacidad de soportar altas temperaturas y exposiciones a productos qu\u00edmicos agresivos, como blanqueadores y suavizantes de telas, est\u00e1n optimizadas tanto para procesos de lavado como de secado.<\/p>\n<p>El\u00a0<strong>naturaleza lavable<\/strong>\u00a0Estas etiquetas permiten integrarlas sin problemas en sus prendas de lavander\u00eda existentes. Esta adaptabilidad permite una f\u00e1cil fijaci\u00f3n a las prendas y la ropa de cama mediante costura o aplicaci\u00f3n de adhesivos, evitando as\u00ed cualquier alteraci\u00f3n en la funcionalidad o apariencia de sus art\u00edculos textiles.<\/p>\n<\/div>\n<div data-spm-anchor-id=\"a2700.details.0.i57.23b419c7xXORP0\"><\/div>\n<h3 class=\"wp-block-heading\">Instalaci\u00f3n<\/h3>\n<p><strong>Etiquetado de puntadas<\/strong>: Para ser cosido en el dobladillo de un textil. Cose la etiqueta de lavander\u00eda lejos de las l\u00edneas de plegado.<br \/>\n<strong>Termosellado<\/strong>: Para termosellar directamente sobre el textil a +200\u00b0C (392\u00b0F), durante 12~14s.<br \/>\n<strong>En bolsa<\/strong>: Para coser como una etiqueta de cuidado est\u00e1ndar. Cose la etiqueta de lavander\u00eda lejos de las l\u00edneas de plegado.<\/p>\n<div class=\"auto-hide-last-sibling-br paragraph_1252f paragraph-element\">\n<h2 class=\"auto-hide-last-sibling-br paragraph_1252f paragraph-element\"><strong>Usos de la etiqueta RFID UHF lavable para lavander\u00eda textil<\/strong><\/h2>\n<ol class=\"auto-hide-last-sibling-br\">\n<li>Lavander\u00eda Industrial: Agiliza los procesos de limpieza y log\u00edstica de distribuci\u00f3n de lavander\u00eda uniforme.<\/li>\n<li>Sector Hosteler\u00eda: Mejora la gesti\u00f3n de los sistemas de lavander\u00eda de mobiliario y toallas de hotel.<\/li>\n<li>Industria de la salud: ayuda en la organizaci\u00f3n y mantenimiento de la vestimenta hospitalaria y sanitaria.<\/li>\n<\/ol>\n<h3>Consideraciones ambientales<\/h3>\n<p>Usando\u00a0<strong>Etiquetas RFID para ropa<\/strong>\u00a0Tambi\u00e9n contribuye a la sostenibilidad medioambiental. La capacidad de reutilizar y rastrear la ropa de cama ayuda a reducir los residuos, lo que garantiza que los art\u00edculos se utilicen de manera eficiente durante su ciclo de vida. Adem\u00e1s, la durabilidad de estas etiquetas significa menos reemplazos, lo que minimiza la huella medioambiental asociada con la producci\u00f3n y eliminaci\u00f3n constantes.<\/p>\n<h3>Preguntas frecuentes sobre las etiquetas RFID para ropa de cama<\/h3>\n<p><strong>P: \u00bfCu\u00e1ntos ciclos de lavado pueden soportar las etiquetas?<\/strong><br \/>\nA: Nuestro\u00a0<strong>Etiquetas RFID para ropa<\/strong>\u00a0est\u00e1n dise\u00f1ados para mantener la funcionalidad incluso despu\u00e9s\u00a0<strong>200 ciclos de lavado<\/strong>, lo que los hace muy duraderos para un uso a largo plazo.<\/p>\n<p><strong>P: \u00bfSe pueden coser las etiquetas en cualquier tela?<\/strong><br \/>\nR: S\u00ed, las etiquetas se pueden integrar perfectamente con diversos materiales textiles, lo que garantiza que permanezcan adheridas durante m\u00faltiples procesos de lavado.<\/p>\n<p><strong>P: \u00bfEs confiable la tecnolog\u00eda RFID para rastrear ropa de cama?<\/strong><br \/>\nR: \u00a1Por supuesto! Las etiquetas RFID ofrecen una precisi\u00f3n de seguimiento inigualable, lo que minimiza las p\u00e9rdidas y ayuda a gestionar de manera eficiente el inventario.<\/p>\n<h3>Conclusi\u00f3n<\/h3>\n<p>En conclusi\u00f3n,\u00a0<strong>Etiquetas RFID UHF para textiles y lino<\/strong>\u00a0Representan el futuro de la gesti\u00f3n de lavander\u00edas. Al mejorar la eficiencia de seguimiento, la durabilidad y la rentabilidad, son herramientas fundamentales para cualquier negocio que dependa de la ropa blanca y las prendas de vestir. Con tecnolog\u00eda avanzada y un rendimiento s\u00f3lido, estas etiquetas RFID est\u00e1n dise\u00f1adas para satisfacer las demandas de las operaciones de lavander\u00eda modernas.<\/p>\n<\/div>","protected":false},"excerpt":{"rendered":"<p>Las etiquetas RFID UHF para ropa textil tambi\u00e9n se denominan etiquetas RFID RAIN para ropa textil y se han dise\u00f1ado meticulosamente para que funcionen de manera constante en las duras condiciones del procesamiento de la ropa, como la esterilizaci\u00f3n, la exposici\u00f3n al calor, la limpieza, el secado y el planchado. Estas etiquetas no solo son capaces de soportar cientos de ciclos de lavado, sino que tambi\u00e9n mantienen un rendimiento RFID excelente y constante incluso despu\u00e9s de innumerables ciclos de lavado.<\/p>","protected":false},"featured_media":168,"template":"","meta":{"_kad_post_transparent":"default","_kad_post_title":"","_kad_post_layout":"default","_kad_post_sidebar_id":"","_kad_post_content_style":"default","_kad_post_vertical_padding":"default","_kad_post_feature":"","_kad_post_feature_position":"","_kad_post_header":false,"_kad_post_footer":false,"_kad_post_classname":""},"product_brand":[],"product_cat":[19],"product_tag":[31,312,65,30],"class_list":{"0":"post-167","1":"product","2":"type-product","3":"status-publish","4":"has-post-thumbnail","6":"product_cat-textile-rfid-laundry-tag","7":"product_tag-rfid-tag-for-linen-laundry","8":"product_tag-rfid-tags","9":"product_tag-textile-rfid-laundry-tags","10":"product_tag-uhf-rfid-laundry-tag","12":"first","13":"instock","14":"featured","15":"shipping-taxable","16":"product-type-simple","17":"entry","18":"content-bg","19":"loop-entry"},"_links":{"self":[{"href":"https:\/\/rfid-laundry-tag.com\/es\/wp-json\/wp\/v2\/product\/167","targetHints":{"allow":["GET"]}}],"collection":[{"href":"https:\/\/rfid-laundry-tag.com\/es\/wp-json\/wp\/v2\/product"}],"about":[{"href":"https:\/\/rfid-laundry-tag.com\/es\/wp-json\/wp\/v2\/types\/product"}],"version-history":[{"count":3,"href":"https:\/\/rfid-laundry-tag.com\/es\/wp-json\/wp\/v2\/product\/167\/revisions"}],"predecessor-version":[{"id":2680,"href":"https:\/\/rfid-laundry-tag.com\/es\/wp-json\/wp\/v2\/product\/167\/revisions\/2680"}],"wp:featuredmedia":[{"embeddable":true,"href":"https:\/\/rfid-laundry-tag.com\/es\/wp-json\/wp\/v2\/media\/168"}],"wp:attachment":[{"href":"https:\/\/rfid-laundry-tag.com\/es\/wp-json\/wp\/v2\/media?parent=167"}],"wp:term":[{"taxonomy":"product_brand","embeddable":true,"href":"https:\/\/rfid-laundry-tag.com\/es\/wp-json\/wp\/v2\/product_brand?post=167"},{"taxonomy":"product_cat","embeddable":true,"href":"https:\/\/rfid-laundry-tag.com\/es\/wp-json\/wp\/v2\/product_cat?post=167"},{"taxonomy":"product_tag","embeddable":true,"href":"https:\/\/rfid-laundry-tag.com\/es\/wp-json\/wp\/v2\/product_tag?post=167"}],"curies":[{"name":"wp","href":"https:\/\/api.w.org\/{rel}","templated":true}]}}