{"id":1669,"date":"2024-08-31T09:24:58","date_gmt":"2024-08-31T09:24:58","guid":{"rendered":"https:\/\/rfid-laundry-tag.com\/?post_type=product&#038;p=1669"},"modified":"2024-09-16T05:07:30","modified_gmt":"2024-09-16T05:07:30","slug":"uhf-rfid-laundry-button-heat-resistant-pps-tag","status":"publish","type":"product","link":"https:\/\/rfid-laundry-tag.com\/es\/uhf-rfid-laundry-button-heat-resistant-pps-tag\/","title":{"rendered":"Etiqueta PPS resistente al calor con bot\u00f3n de lavado RFID UHF"},"content":{"rendered":"<div class=\"J_module\">\n<div class=\"ife-detail-decorate-table\">\n<table class=\"has-title all magic-6\">\n<tbody>\n<tr>\n<td colspan=\"1\" rowspan=\"1\">\n<div class=\"magic-7\" data-spm-anchor-id=\"a2700.details.0.i45.77607d98vZbcDU\"><span class=\"magic-8\" style=\"color: #363535;\">Nombre del \u00e1rticulo<\/span><\/div>\n<\/td>\n<td colspan=\"1\" rowspan=\"1\">\n<div class=\"magic-9\"><span class=\"magic-8\">Etiqueta PPS resistente al calor con bot\u00f3n de lavado RFID UHF<\/span><\/div>\n<\/td>\n<\/tr>\n<tr>\n<td colspan=\"1\" rowspan=\"1\">\n<div class=\"magic-7\"><span class=\"magic-10\" data-spm-anchor-id=\"a2700.pc-decorate.0.i10.28d333330XLbTD\"><span class=\"magic-8\">Material<\/span><\/span><\/div>\n<\/td>\n<td colspan=\"1\" rowspan=\"1\">\n<div class=\"magic-9\"><span class=\"magic-8\">PPP<\/span><\/div>\n<\/td>\n<\/tr>\n<tr>\n<td colspan=\"1\" rowspan=\"1\">\n<div class=\"magic-7\"><span class=\"magic-8\">Color<\/span><\/div>\n<\/td>\n<td colspan=\"1\" rowspan=\"1\">\n<div class=\"magic-9\"><span class=\"magic-8\">Negro<\/span><\/div>\n<\/td>\n<\/tr>\n<tr>\n<td colspan=\"1\" rowspan=\"1\">Cantidad m\u00ednima de pedido<\/td>\n<td colspan=\"1\" rowspan=\"1\">500 piezas<\/td>\n<\/tr>\n<tr>\n<td colspan=\"1\" rowspan=\"1\">\n<div class=\"magic-7\"><span class=\"magic-8\">Fabricante\/chip<\/span><\/div>\n<\/td>\n<td colspan=\"1\" rowspan=\"1\">\n<div class=\"magic-9\"><span class=\"magic-8\">NXP UCODE 8, UCODE 9, Alien H3, Higgs 9, etc.<\/span><\/div>\n<\/td>\n<\/tr>\n<tr>\n<td colspan=\"1\" rowspan=\"1\">\n<div class=\"magic-7\"><span class=\"magic-8\">Frecuencia<\/span><\/div>\n<\/td>\n<td colspan=\"1\" rowspan=\"1\">\n<div class=\"magic-9\"><span class=\"magic-8\">860-960 MHz\/<\/span><\/div>\n<\/td>\n<\/tr>\n<tr>\n<td colspan=\"1\" rowspan=\"1\">\n<div class=\"magic-7\"><span class=\"magic-8\">Memoria<\/span><\/div>\n<\/td>\n<td colspan=\"1\" rowspan=\"1\">\n<div class=\"magic-9\"><span class=\"magic-8\">96 bits\/128 bits<\/span><\/div>\n<\/td>\n<\/tr>\n<tr>\n<td colspan=\"1\" rowspan=\"1\">\n<div class=\"magic-7\"><span class=\"magic-8\">Leer distancia<\/span><\/div>\n<\/td>\n<td colspan=\"1\" rowspan=\"1\">\n<div class=\"magic-9\"><span class=\"magic-8\">1-6m<\/span><\/div>\n<\/td>\n<\/tr>\n<tr>\n<td colspan=\"1\" rowspan=\"1\">\n<div class=\"magic-7\"><span class=\"magic-8\">Modo de trabajo<\/span><\/div>\n<\/td>\n<td colspan=\"1\" rowspan=\"1\">\n<div class=\"magic-9\"><span class=\"magic-8\">pasivo<\/span><\/div>\n<\/td>\n<\/tr>\n<tr>\n<td colspan=\"1\" rowspan=\"1\">\n<div class=\"magic-7\"><span class=\"magic-8\">Temperatura de trabajo<\/span><\/div>\n<\/td>\n<td colspan=\"1\" rowspan=\"1\">\n<div class=\"magic-9\"><span class=\"magic-8\">-25\u2103~+110\u2103<\/span><\/div>\n<\/td>\n<\/tr>\n<tr>\n<td colspan=\"1\" rowspan=\"1\">\n<div class=\"magic-7\"><span class=\"magic-8\">Temperatura de almacenamiento<\/span><\/div>\n<\/td>\n<td colspan=\"1\" rowspan=\"1\">\n<div class=\"magic-9\"><span class=\"magic-8\">-40\u2103~+85\u2103<\/span><\/div>\n<\/td>\n<\/tr>\n<tr>\n<td colspan=\"1\" rowspan=\"1\">\n<div class=\"magic-7\">\n<div><span class=\"magic-8\">\u00a0<\/span><\/div>\n<p><span class=\"magic-8\">Resistencia a la temperatura a corto plazo<\/span><\/p>\n<\/div>\n<\/td>\n<td colspan=\"1\" rowspan=\"1\">\n<div class=\"magic-9\"><span class=\"magic-8\">lavado: 90 \u2103, 15 minutos; presecado del convertidor: 180 \u2103, 30 minutos, 200 veces; planchado: 180 \u2103, 10 segundos, 200 veces; alto<br \/>\nesterilizaci\u00f3n a temperatura: 135 \u2103, 20 minutos<\/span><\/div>\n<\/td>\n<\/tr>\n<tr>\n<td colspan=\"1\" rowspan=\"1\">\n<div class=\"magic-7\"><span class=\"magic-8\">Caracter\u00edsticas<\/span><\/div>\n<\/td>\n<td colspan=\"1\" rowspan=\"1\">\n<div class=\"magic-9\"><span class=\"magic-8\">resistente al agua, lavable, resistente a altas temperaturas<\/span><\/div>\n<\/td>\n<\/tr>\n<tr>\n<td colspan=\"1\" rowspan=\"1\">\n<div class=\"magic-7\"><span class=\"magic-8\">Vida<\/span><\/div>\n<\/td>\n<td colspan=\"1\" rowspan=\"1\">\n<div class=\"magic-9\"><span class=\"magic-8\">lavado 200 veces o 3 a\u00f1os<\/span><\/div>\n<\/td>\n<\/tr>\n<tr>\n<td colspan=\"1\" rowspan=\"1\">\n<div class=\"magic-7\"><span class=\"magic-8\">Aplicaciones<\/span><\/div>\n<\/td>\n<td colspan=\"1\" rowspan=\"1\">\n<div class=\"magic-9\"><span class=\"magic-8\">gesti\u00f3n y seguimiento de lavander\u00eda<\/span><\/div>\n<\/td>\n<\/tr>\n<\/tbody>\n<\/table>\n<\/div>\n<\/div>\n<div class=\"J_module\">\n<div class=\"detail-decorate-json-renderer-container\">\n<div class=\"magic-1\">\n<div class=\"magic-2\">\n<div class=\"magic-3\">\n<div><\/div>\n<div class=\"magic-4\">\n<div><strong>Etiqueta de bot\u00f3n RFID<\/strong><\/div>\n<div><\/div>\n<\/div>\n<\/div>\n<div>\n<div class=\"auto-hide-last-sibling-br paragraph_1252f paragraph-element\">Las etiquetas de lavander\u00eda PPS resistentes a altas temperaturas sirven como una excelente soluci\u00f3n de seguimiento para entornos comerciales como cantinas y restaurantes donde se manipulan constantemente grandes vol\u00famenes de vajilla.<\/div>\n<\/div>\n<\/div>\n<div id=\"featuresXsp\" class=\"features-list toggle-opacity in\">\n<div class=\"features-xsp\">\n<div class=\"collapse-mobile ste-list\">\n<div class=\"collapse-mobile ste-list\"><\/div>\n<\/div>\n<\/div>\n<\/div>\n<div class=\"magic-2\">\n<div>\n<div class=\"auto-hide-last-sibling-br paragraph_1252f paragraph-element\">\n<h4>Detalles del art\u00edculo<\/h4>\n<ul>\n<li><strong>Nombre:<\/strong>\u00a0Etiqueta PPS resistente al calor con bot\u00f3n de lavado RFID UHF<\/li>\n<li><strong>Material:<\/strong>\u00a0PPS (sulfuro de polifenileno)<\/li>\n<li><strong>Color:<\/strong>\u00a0Negro<\/li>\n<li><strong>Cantidad m\u00ednima de pedido (MOQ):<\/strong>\u00a0500 piezas<\/li>\n<\/ul>\n<h4>Presupuesto<\/h4>\n<ul>\n<li><strong>Opciones de fabricante\/chip:<\/strong>\n<ul>\n<li>C\u00f3digo U de NXP 8, c\u00f3digo U de 8 m<\/li>\n<li>C\u00f3digo U de NXP 9<\/li>\n<li>Higgs extraterrestre 9<\/li>\n<\/ul>\n<\/li>\n<li><strong>Frecuencia:<\/strong>\u00a0860-960 MHz<\/li>\n<li><strong>Opciones de memoria:<\/strong>\n<ul>\n<li>96 bits<\/li>\n<li>128 bits<\/li>\n<\/ul>\n<\/li>\n<li><strong>Distancia de lectura:<\/strong>\u00a01-6 metros<\/li>\n<li><strong>Modo de trabajo:<\/strong>\u00a0Pasivo<\/li>\n<li><strong>Temperatura de funcionamiento:<\/strong>\u00a0-25\u00b0C a +110\u00b0C<\/li>\n<li><strong>Temperatura de almacenamiento:<\/strong>\u00a0-40\u00b0C a +85\u00b0C<\/li>\n<\/ul>\n<h4>Resistencia a la temperatura a corto plazo<\/h4>\n<ul>\n<li><strong>Lavado:<\/strong>\u00a090\u00b0C durante 15 minutos<\/li>\n<li><strong>Presecado del convertidor:<\/strong>\u00a0180\u00b0C durante 30 minutos (200 ciclos)<\/li>\n<li><strong>Planchado:<\/strong>\u00a0180\u00b0C durante 10 segundos (200 ciclos)<\/li>\n<li><strong>Esterilizaci\u00f3n a alta temperatura:<\/strong>\u00a0135\u00b0C durante 20 minutos<\/li>\n<\/ul>\n<h4>Caracter\u00edsticas principales<\/h4>\n<ul>\n<li>Impermeable y lavable.<\/li>\n<li>Resistencia a altas temperaturas<\/li>\n<li>Adecuado para condiciones de lavander\u00eda industrial.<\/li>\n<li>Dise\u00f1ado para una mayor durabilidad: 200 ciclos de lavado o 3 a\u00f1os.<\/li>\n<\/ul>\n<h4>Aplicaciones<\/h4>\n<ul>\n<li><strong>Usos principales:<\/strong>\u00a0Gesti\u00f3n y seguimiento de lavander\u00eda en entornos comerciales (por ejemplo, comedores, restaurantes)<\/li>\n<li><strong>Etiquetado vers\u00e1til:<\/strong>\u00a0Se puede fijar a diversos art\u00edculos textiles como calcetines, camisas y toallas para minimizar las p\u00e9rdidas.<\/li>\n<\/ul>\n<h4>Caracter\u00edsticas del chip<\/h4>\n<ul>\n<li><strong>C\u00f3digo U de NXP 8\/8 m:<\/strong>\n<ul>\n<li>Sensibilidad de lectura: -23 dBm<\/li>\n<li>Sensibilidad de escritura: -18 dBm<\/li>\n<li>Funcionalidades innovadoras para la gesti\u00f3n de inventarios<\/li>\n<\/ul>\n<\/li>\n<li><strong>C\u00f3digo U NXP 9:<\/strong>\n<ul>\n<li>Sensibilidad de lectura: -24 dBm<\/li>\n<li>Sensibilidad de escritura: -22 dBm<\/li>\n<li>Resistencia al ciclo de escritura de 100k<\/li>\n<\/ul>\n<\/li>\n<li><strong>Higgs extraterrestre 9:<\/strong>\n<ul>\n<li>1024 bits de memoria NVM\/RAM<\/li>\n<li>Cumple con GS1 Clase 1 Gen 2 e ISO\/IEC 18000-6C<\/li>\n<\/ul>\n<\/li>\n<\/ul>\n<p>Estas etiquetas ofrecen una soluci\u00f3n robusta para el seguimiento de la ropa en aplicaciones de lavander\u00eda, garantizando un alto rendimiento y durabilidad en entornos exigentes.<\/p>\n<\/div>\n<div class=\"auto-hide-last-sibling-br paragraph_1252f paragraph-element\"><\/div>\n<\/div>\n<\/div>\n<\/div>\n<\/div>\n<\/div>","protected":false},"excerpt":{"rendered":"<p>Etiqueta PPS resistente al calor con bot\u00f3n de lavander\u00eda RFID UHF para un seguimiento eficiente, soporta altas temperaturas, es impermeable e ideal para la gesti\u00f3n de lavander\u00edas comerciales<\/p>","protected":false},"featured_media":1670,"template":"","meta":{"_kad_post_transparent":"default","_kad_post_title":"","_kad_post_layout":"default","_kad_post_sidebar_id":"","_kad_post_content_style":"default","_kad_post_vertical_padding":"default","_kad_post_feature":"","_kad_post_feature_position":"","_kad_post_header":false,"_kad_post_footer":false,"_kad_post_classname":""},"product_brand":[],"product_cat":[21,16],"product_tag":[226,35,225,30],"class_list":{"0":"post-1669","1":"product","2":"type-product","3":"status-publish","4":"has-post-thumbnail","6":"product_cat-pps-rfid-laundry-tag","7":"product_cat-uhf-rfid-laundry-tags","8":"product_tag-heat-resistant-pps-rfid-tag","9":"product_tag-rfid-button","10":"product_tag-uhf-rfid-laundry-button","11":"product_tag-uhf-rfid-laundry-tag","13":"first","14":"instock","15":"shipping-taxable","16":"product-type-simple","17":"entry","18":"content-bg","19":"loop-entry"},"_links":{"self":[{"href":"https:\/\/rfid-laundry-tag.com\/es\/wp-json\/wp\/v2\/product\/1669","targetHints":{"allow":["GET"]}}],"collection":[{"href":"https:\/\/rfid-laundry-tag.com\/es\/wp-json\/wp\/v2\/product"}],"about":[{"href":"https:\/\/rfid-laundry-tag.com\/es\/wp-json\/wp\/v2\/types\/product"}],"version-history":[{"count":2,"href":"https:\/\/rfid-laundry-tag.com\/es\/wp-json\/wp\/v2\/product\/1669\/revisions"}],"predecessor-version":[{"id":1672,"href":"https:\/\/rfid-laundry-tag.com\/es\/wp-json\/wp\/v2\/product\/1669\/revisions\/1672"}],"wp:featuredmedia":[{"embeddable":true,"href":"https:\/\/rfid-laundry-tag.com\/es\/wp-json\/wp\/v2\/media\/1670"}],"wp:attachment":[{"href":"https:\/\/rfid-laundry-tag.com\/es\/wp-json\/wp\/v2\/media?parent=1669"}],"wp:term":[{"taxonomy":"product_brand","embeddable":true,"href":"https:\/\/rfid-laundry-tag.com\/es\/wp-json\/wp\/v2\/product_brand?post=1669"},{"taxonomy":"product_cat","embeddable":true,"href":"https:\/\/rfid-laundry-tag.com\/es\/wp-json\/wp\/v2\/product_cat?post=1669"},{"taxonomy":"product_tag","embeddable":true,"href":"https:\/\/rfid-laundry-tag.com\/es\/wp-json\/wp\/v2\/product_tag?post=1669"}],"curies":[{"name":"wp","href":"https:\/\/api.w.org\/{rel}","templated":true}]}}