{"id":163,"date":"2024-06-15T11:55:44","date_gmt":"2024-06-15T11:55:44","guid":{"rendered":"https:\/\/rfid-laundry-tag.com\/?post_type=product&#038;p=163"},"modified":"2024-06-15T12:33:50","modified_gmt":"2024-06-15T12:33:50","slug":"laundry-tag-rfid-silicon","status":"publish","type":"product","link":"https:\/\/rfid-laundry-tag.com\/es\/laundry-tag-rfid-silicon\/","title":{"rendered":"Etiqueta de lavander\u00eda RFID de silicona"},"content":{"rendered":"<table style=\"font-family: var(--global-body-font-family);\" width=\"537\">\n<tbody>\n<tr>\n<td width=\"228\">Nombre<\/td>\n<td width=\"309\">Etiqueta de lavander\u00eda RFID de silicona<\/td>\n<\/tr>\n<tr>\n<td width=\"228\">Modo<\/td>\n<td width=\"309\">SL-01<\/td>\n<\/tr>\n<tr>\n<td width=\"228\">Material<\/td>\n<td width=\"309\">Silicona<\/td>\n<\/tr>\n<tr>\n<td width=\"228\">Color<\/td>\n<td width=\"309\">Blanco (o personalizado)<\/td>\n<\/tr>\n<tr>\n<td width=\"228\">Tama\u00f1o<\/td>\n<td width=\"309\">55 mm * 12 mm, 2,5 mm de espesor<\/td>\n<\/tr>\n<tr>\n<td width=\"228\">Chip<\/td>\n<td width=\"309\">915Mhz NXP U c\u00f3digo 9, Alien H3, H9, etc.<\/td>\n<\/tr>\n<tr>\n<td width=\"228\">Temperatura de trabajo<\/td>\n<td width=\"309\">\u2013 25\u00baC a +75\u00baC<\/td>\n<\/tr>\n<tr>\n<td width=\"228\">Ciclo de lavado<\/td>\n<td width=\"309\">200 veces<\/td>\n<\/tr>\n<tr>\n<td width=\"228\">Impermeable<\/td>\n<td width=\"309\">S\u00ed<\/td>\n<\/tr>\n<tr>\n<td width=\"228\">Resistencia qu\u00edmica<\/td>\n<td width=\"309\">S\u00ed<\/td>\n<\/tr>\n<\/tbody>\n<\/table>\n<p data-spm-anchor-id=\"a2700.details.0.i116.60201a70jOXdOd\">\n<p data-spm-anchor-id=\"a2700.details.0.i116.60201a70jOXdOd\"><strong>Solicitud :<\/strong><\/p>\n<ol class=\"auto-hide-last-sibling-br\">\n<li>\n<div class=\"auto-hide-last-sibling-br paragraph_1252f paragraph-element\">Lavables y reutilizables: estas etiquetas est\u00e1n dise\u00f1adas para soportar m\u00faltiples ciclos de lavado, lo que las convierte en una soluci\u00f3n rentable para uso a largo plazo.<\/div>\n<\/li>\n<li>\n<div class=\"auto-hide-last-sibling-br paragraph_1252f paragraph-element\">Dise\u00f1ados para condiciones de lavado dif\u00edciles: est\u00e1n dise\u00f1ados espec\u00edficamente para soportar las duras condiciones en las que se llevan a cabo las operaciones de lavado.<\/div>\n<\/li>\n<li>\n<div class=\"auto-hide-last-sibling-br paragraph_1252f paragraph-element\">Propiedades resistentes: Estas etiquetas son resistentes a la humedad, pueden tolerar altas temperaturas y son resistentes a diversos productos qu\u00edmicos, lo que garantiza un funcionamiento sin obst\u00e1culos en diversas condiciones.<\/div>\n<\/li>\n<li>\n<div class=\"auto-hide-last-sibling-br paragraph_1252f paragraph-element\">Material de silicona ecol\u00f3gico: fabricadas con silicona ecol\u00f3gica, estas etiquetas son inofensivas tanto para el cuerpo humano como para el medio ambiente, aline\u00e1ndose con el consumo consciente y las pr\u00e1cticas sostenibles.<\/div>\n<\/li>\n<li>\n<div class=\"auto-hide-last-sibling-br paragraph_1252f paragraph-element\">Amplias aplicaciones: Estas etiquetas se pueden utilizar c\u00f3modamente para gestionar ropa, mejorar los controles de seguridad y optimizar las operaciones en lavander\u00edas (incluidas las lavander\u00edas de grado industrial), brindando una eficiencia y un control superiores.<\/div>\n<\/li>\n<\/ol>\n<div class=\"auto-hide-last-sibling-br paragraph_1252f paragraph-element\">La etiqueta RFID de silicona para lavander\u00eda, que funciona en el rango de frecuencia de 860 a 960 MHz, est\u00e1 dise\u00f1ada espec\u00edficamente para soportar altas temperaturas y presiones intensas t\u00edpicas de los procesos de limpieza. Su amplio uso se puede encontrar en entornos rigurosos que exigen resistencia a altos niveles de calor, corrosi\u00f3n y desgaste, en particular en instalaciones de lavander\u00eda, operaciones de limpieza industrial y otras.<\/div>\n<p>&nbsp;<\/p>\n<div class=\"auto-hide-last-sibling-br paragraph_1252f paragraph-element\">Estas etiquetas RFID para lavander\u00eda tienen la capacidad \u00fanica de integrarse sin problemas en una variedad de art\u00edculos textiles, como camisas, uniformes de trabajo, ropa de cama y otros productos textiles. Por ello, ofrecen una soluci\u00f3n potente y eficiente para rastrear y gestionar una amplia gama de productos textiles en diversas industrias.<\/div>\n<p>&nbsp;<\/p>","protected":false},"excerpt":{"rendered":"<p>Las etiquetas RFID de silicona para lavander\u00eda se utilizan normalmente en operaciones de alta intensidad, como procesos de lavander\u00eda industrial, gesti\u00f3n de ropa de cama de hoteles y seguimiento de uniformes m\u00e9dicos. Estas etiquetas son conocidas por su flexibilidad y resistencia a altas temperaturas, dise\u00f1adas para soportar m\u00e1s de 200 ciclos de lavado, lo que garantiza un rendimiento confiable incluso en las condiciones m\u00e1s exigentes.<\/p>","protected":false},"featured_media":164,"template":"","meta":{"_kad_post_transparent":"default","_kad_post_title":"","_kad_post_layout":"default","_kad_post_sidebar_id":"","_kad_post_content_style":"default","_kad_post_vertical_padding":"default","_kad_post_feature":"","_kad_post_feature_position":"","_kad_post_header":false,"_kad_post_footer":false,"_kad_post_classname":""},"product_brand":[],"product_cat":[20,16],"product_tag":[76,62,61],"class_list":{"0":"post-163","1":"product","2":"type-product","3":"status-publish","4":"has-post-thumbnail","6":"product_cat-silicone-rfid-laundry-tag","7":"product_cat-uhf-rfid-laundry-tags","8":"product_tag-laundry-tag-rfid-silicon","9":"product_tag-silicone-rfid-laundry-tag","10":"product_tag-silicone-washable-rfid-laundry-tag","12":"first","13":"instock","14":"shipping-taxable","15":"product-type-simple","16":"entry","17":"content-bg","18":"loop-entry"},"_links":{"self":[{"href":"https:\/\/rfid-laundry-tag.com\/es\/wp-json\/wp\/v2\/product\/163","targetHints":{"allow":["GET"]}}],"collection":[{"href":"https:\/\/rfid-laundry-tag.com\/es\/wp-json\/wp\/v2\/product"}],"about":[{"href":"https:\/\/rfid-laundry-tag.com\/es\/wp-json\/wp\/v2\/types\/product"}],"version-history":[{"count":0,"href":"https:\/\/rfid-laundry-tag.com\/es\/wp-json\/wp\/v2\/product\/163\/revisions"}],"wp:featuredmedia":[{"embeddable":true,"href":"https:\/\/rfid-laundry-tag.com\/es\/wp-json\/wp\/v2\/media\/164"}],"wp:attachment":[{"href":"https:\/\/rfid-laundry-tag.com\/es\/wp-json\/wp\/v2\/media?parent=163"}],"wp:term":[{"taxonomy":"product_brand","embeddable":true,"href":"https:\/\/rfid-laundry-tag.com\/es\/wp-json\/wp\/v2\/product_brand?post=163"},{"taxonomy":"product_cat","embeddable":true,"href":"https:\/\/rfid-laundry-tag.com\/es\/wp-json\/wp\/v2\/product_cat?post=163"},{"taxonomy":"product_tag","embeddable":true,"href":"https:\/\/rfid-laundry-tag.com\/es\/wp-json\/wp\/v2\/product_tag?post=163"}],"curies":[{"name":"wp","href":"https:\/\/api.w.org\/{rel}","templated":true}]}}