{"id":159,"date":"2024-06-15T08:13:31","date_gmt":"2024-06-15T08:13:31","guid":{"rendered":"https:\/\/rfid-laundry-tag.com\/?post_type=product&#038;p=159"},"modified":"2024-08-14T16:18:47","modified_gmt":"2024-08-14T16:18:47","slug":"nfc-laundry-token-ntag216","status":"publish","type":"product","link":"https:\/\/rfid-laundry-tag.com\/es\/nfc-laundry-token-ntag216\/","title":{"rendered":"Token de lavander\u00eda NFC NTAG216"},"content":{"rendered":"<div class=\"J_module\">\n<div class=\"ife-detail-decorate-table\">\n<table class=\"has-title all magic-6\">\n<tbody>\n<tr>\n<td colspan=\"1\" rowspan=\"1\">\n<div class=\"magic-7\" data-spm-anchor-id=\"a2700.details.0.i45.77607d98vZbcDU\"><span class=\"magic-8\" style=\"color: #363535;\">Nombre del \u00e1rticulo<\/span><\/div>\n<\/td>\n<td colspan=\"1\" rowspan=\"1\">\n<div class=\"magic-9\">Token de lavander\u00eda NFC \u2013 NTAG216<\/div>\n<\/td>\n<\/tr>\n<tr>\n<td colspan=\"1\" rowspan=\"1\">\n<div class=\"magic-7\"><span class=\"magic-10\" data-spm-anchor-id=\"a2700.pc-decorate.0.i10.28d333330XLbTD\"><span class=\"magic-8\">Material<\/span><\/span><\/div>\n<\/td>\n<td colspan=\"1\" rowspan=\"1\">\n<div class=\"magic-9\"><span class=\"magic-8\">PPP<\/span><\/div>\n<\/td>\n<\/tr>\n<tr>\n<td colspan=\"1\" rowspan=\"1\">\n<div class=\"magic-7\"><span class=\"magic-8\">Color<\/span><\/div>\n<\/td>\n<td colspan=\"1\" rowspan=\"1\">\n<div class=\"magic-9\"><span class=\"magic-8\">Negro, amarillo, etc.<\/span><\/div>\n<\/td>\n<\/tr>\n<tr>\n<td colspan=\"1\" rowspan=\"1\">Cantidad m\u00ednima de pedido<\/td>\n<td colspan=\"1\" rowspan=\"1\">500 piezas<\/td>\n<\/tr>\n<tr>\n<td colspan=\"1\" rowspan=\"1\">\n<div class=\"magic-7\"><span class=\"magic-8\">Fabricante\/chip<\/span><\/div>\n<\/td>\n<td colspan=\"1\" rowspan=\"1\">\n<div class=\"magic-9\"><span class=\"magic-8\">NXP Ntag213, Ntag215, Ntag216, Mifare ultraligero ev1, etc.<\/span><\/div>\n<\/td>\n<\/tr>\n<tr>\n<td colspan=\"1\" rowspan=\"1\">\n<div class=\"magic-7\"><span class=\"magic-8\">Frecuencia<\/span><\/div>\n<\/td>\n<td colspan=\"1\" rowspan=\"1\">\n<div class=\"magic-9\"><span class=\"magic-8\">13,56MHz<\/span><\/div>\n<\/td>\n<\/tr>\n<tr>\n<td colspan=\"1\" rowspan=\"1\">\n<div class=\"magic-7\"><span class=\"magic-8\">Memoria<\/span><\/div>\n<\/td>\n<td colspan=\"1\" rowspan=\"1\">\n<div class=\"magic-9\"><span class=\"magic-8\">144 bytes, 504 bytes, 888 bytes, 64 bytes, etc.<\/span><\/div>\n<\/td>\n<\/tr>\n<tr>\n<td colspan=\"1\" rowspan=\"1\">\n<div class=\"magic-7\"><span class=\"magic-8\">Leer distancia<\/span><\/div>\n<\/td>\n<td colspan=\"1\" rowspan=\"1\">\n<div class=\"magic-9\"><span class=\"magic-8\">1~5cm<\/span><\/div>\n<\/td>\n<\/tr>\n<tr>\n<td colspan=\"1\" rowspan=\"1\">\n<div class=\"magic-7\"><span class=\"magic-8\">Modo de trabajo<\/span><\/div>\n<\/td>\n<td colspan=\"1\" rowspan=\"1\">\n<div class=\"magic-9\"><span class=\"magic-8\">pasivo<\/span><\/div>\n<\/td>\n<\/tr>\n<tr>\n<td colspan=\"1\" rowspan=\"1\">\n<div class=\"magic-7\"><span class=\"magic-8\">Temperatura de trabajo<\/span><\/div>\n<\/td>\n<td colspan=\"1\" rowspan=\"1\">\n<div class=\"magic-9\"><span class=\"magic-8\">-25\u2103~+110\u2103<\/span><\/div>\n<\/td>\n<\/tr>\n<tr>\n<td colspan=\"1\" rowspan=\"1\">\n<div class=\"magic-7\"><span class=\"magic-8\">Temperatura de almacenamiento<\/span><\/div>\n<\/td>\n<td colspan=\"1\" rowspan=\"1\">\n<div class=\"magic-9\"><span class=\"magic-8\">-40\u2103~+85\u2103<\/span><\/div>\n<\/td>\n<\/tr>\n<tr>\n<td colspan=\"1\" rowspan=\"1\">\n<div class=\"magic-7\">\n<div><span class=\"magic-8\">\u00a0<\/span><\/div>\n<p><span class=\"magic-8\">Resistencia a la temperatura a corto plazo<\/span><\/p>\n<\/div>\n<\/td>\n<td colspan=\"1\" rowspan=\"1\">\n<div class=\"magic-9\"><span class=\"magic-8\">lavado: 90 \u2103, 15 minutos; presecado del convertidor: 180 \u2103, 30 minutos, 200 veces; planchado: 180 \u2103, 10 segundos, 200 veces; alto<br \/>\nesterilizaci\u00f3n a temperatura: 135 \u2103, 20 minutos<\/span><\/div>\n<\/td>\n<\/tr>\n<tr>\n<td colspan=\"1\" rowspan=\"1\">\n<div class=\"magic-7\"><span class=\"magic-8\">Caracter\u00edsticas<\/span><\/div>\n<\/td>\n<td colspan=\"1\" rowspan=\"1\">\n<div class=\"magic-9\"><span class=\"magic-8\">resistente al agua, lavable, resistente a altas temperaturas<\/span><\/div>\n<\/td>\n<\/tr>\n<tr>\n<td colspan=\"1\" rowspan=\"1\">\n<div class=\"magic-7\"><span class=\"magic-8\">Vida<\/span><\/div>\n<\/td>\n<td colspan=\"1\" rowspan=\"1\">\n<div class=\"magic-9\"><span class=\"magic-8\">lavado 200 veces o 3 a\u00f1os<\/span><\/div>\n<\/td>\n<\/tr>\n<tr>\n<td colspan=\"1\" rowspan=\"1\">\n<div class=\"magic-7\"><span class=\"magic-8\">Aplicaciones<\/span><\/div>\n<\/td>\n<td colspan=\"1\" rowspan=\"1\">\n<div class=\"magic-9\"><span class=\"magic-8\">gesti\u00f3n y seguimiento de lavander\u00eda<\/span><\/div>\n<\/td>\n<\/tr>\n<\/tbody>\n<\/table>\n<\/div>\n<\/div>\n<div class=\"J_module\">\n<div class=\"detail-decorate-json-renderer-container\">\n<div class=\"magic-1\">\n<div>\n<div><\/div>\n<\/div>\n<div class=\"magic-2\">\n<div class=\"auto-hide-last-sibling-br paragraph_1252f paragraph-element\">\n<div class=\"auto-hide-last-sibling-br paragraph_1252f paragraph-element\">\n<p>NTAG 213, NTAG 215 y NTAG 216 han sido desarrollados por NXP<sup>\u00ae<\/sup>\u00a0Semiconductores como circuitos integrados de etiquetas NFC est\u00e1ndar para su uso en aplicaciones del mercado masivo, como comercio minorista, juegos y electr\u00f3nica de consumo, en combinaci\u00f3n con dispositivos NFC o dispositivos de acoplamiento de proximidad compatibles con NFC. NTAG 213, NTAG 215 y NTAG 216 (de ahora en adelante, generalmente llamado NTAG 21x) est\u00e1n dise\u00f1ados para cumplir plenamente con las especificaciones NFC Forum Type 2 Tag e ISO\/IEC14443 Type A.<\/p>\n<p>Las aplicaciones de destino incluyen publicidad inteligente en medios impresos y exteriores, aplicaciones SoLoMo, autenticaci\u00f3n de productos, etiquetas NFC para estantes y etiquetas complementarias m\u00f3viles.<\/p>\n<p>Los casos de uso objetivo incluyen publicidad inteligente fuera del hogar, autenticaci\u00f3n de productos, etiquetas complementarias m\u00f3viles y Bluetooth.<sup>\u00ae<\/sup>\u00a0o emparejamiento Wi-Fi, etiquetas electr\u00f3nicas para estantes y tarjetas de presentaci\u00f3n. La memoria NTAG 21x tambi\u00e9n se puede segmentar para implementar m\u00faltiples aplicaciones al mismo tiempo.<\/p>\n<p>Gracias a la alta capacitancia de entrada, los circuitos integrados de etiquetas NTAG 21x est\u00e1n especialmente dise\u00f1ados para aplicaciones que requieren espacios reducidos, sin comprometer el rendimiento. Las peque\u00f1as etiquetas NFC se pueden incrustar m\u00e1s f\u00e1cilmente, por ejemplo, en etiquetas de productos o dispositivos electr\u00f3nicos.<\/p>\n<p>Las especificaciones mec\u00e1nicas y el\u00e9ctricas de NTAG 21x est\u00e1n dise\u00f1adas para cumplir con los requisitos de los fabricantes de incrustaciones y etiquetas.<\/p>\n<h3>Transferencia de energ\u00eda y datos sin contacto<\/h3>\n<p>La comunicaci\u00f3n con NTAG 21x solo se puede establecer cuando el IC est\u00e1 conectado a una antena.<\/p>\n<p>Cuando NTAG 21x se coloca en el campo RF, la interfaz de comunicaci\u00f3n RF de alta velocidad permite la transmisi\u00f3n de datos con una velocidad de baudios de 106 kbit\/s.<\/p>\n<h3>Implementaci\u00f3n sencilla y comodidad para el usuario<\/h3>\n<p>NTAG 21x ofrece funciones espec\u00edficas dise\u00f1adas para mejorar la integraci\u00f3n y la comodidad del usuario:<\/p>\n<ul>\n<li>La capacidad de lectura r\u00e1pida permite escanear el mensaje NDEF completo con un solo comando FAST_READ, lo que reduce la sobrecarga en entornos de producci\u00f3n de alto rendimiento.<\/li>\n<li>El rendimiento de RF mejorado permite una mayor flexibilidad en la elecci\u00f3n de forma, dimensi\u00f3n y materiales.<\/li>\n<li>La opci\u00f3n de un espesor de CI de 75 \u03bcm permite la fabricaci\u00f3n de etiquetas ultrafinas para una integraci\u00f3n m\u00e1s c\u00f3moda, por ejemplo, en revistas o tarjetas de juego.<\/li>\n<\/ul>\n<h3>Seguridad<\/h3>\n<ul>\n<li>UID de 7 bytes programado por el fabricante para cada dispositivo<\/li>\n<li>Contenedor de capacidad preprogramado con bits programables una sola vez<\/li>\n<li>Funci\u00f3n de bloqueo de solo lectura programable en campo<\/li>\n<li>Firma de originalidad basada en ECC<\/li>\n<li>Protecci\u00f3n con contrase\u00f1a de 32 bits para evitar operaciones de memoria no autorizadas<\/li>\n<\/ul>\n<h3>Cumplimiento del tipo de etiqueta 2 del foro NFC<\/h3>\n<p>NTAG 21x IC proporciona total conformidad con la especificaci\u00f3n t\u00e9cnica NFC Forum Tag 2 Type y permite configuraciones de estructura de datos NDEF.<\/p>\n<h3>Anti choques<\/h3>\n<p>Una funci\u00f3n anticolisi\u00f3n inteligente permite operar m\u00e1s de una etiqueta en el campo simult\u00e1neamente. El algoritmo anticolisi\u00f3n selecciona cada etiqueta individualmente y garantiza que la ejecuci\u00f3n de una transacci\u00f3n con una etiqueta seleccionada se realice correctamente sin interferencia de otra etiqueta en el campo.<\/p>\n<h3>Caracter\u00edsticas<\/h3>\n<div id=\"featuresXsp\" class=\"features-list toggle-opacity in\">\n<div class=\"features-xsp\">\n<div class=\"collapse-mobile ste-list-ul\">\n<ul class=\"boxes\">\n<li>Transmisi\u00f3n de datos sin contacto y suministro de energ\u00eda<\/li>\n<li>Frecuencia de funcionamiento de 13,56 MHz<\/li>\n<li>Transferencia de datos de 106 kbit\/s<\/li>\n<li>Integridad de datos de CRC de 16 bits, paridad, codificaci\u00f3n de bits, conteo de bits<\/li>\n<li>Distancia de funcionamiento de hasta 100 mm (dependiendo de varios par\u00e1metros como, por ejemplo, la intensidad del campo y la geometr\u00eda de la antena)<\/li>\n<li>N\u00famero de serie de 7 bytes (nivel de cascada 2 seg\u00fan ISO\/IEC 14443-3)<\/li>\n<li>Espejo ASCII UID para serializaci\u00f3n autom\u00e1tica de mensajes NDEF<\/li>\n<li>Contador NFC autom\u00e1tico que se activa al recibir un comando de lectura<\/li>\n<li>Espejo ASCII del contador NFC para agregar autom\u00e1ticamente el valor del contador NFC al mensaje NDEF<\/li>\n<li>Firma de originalidad basada en ECC<\/li>\n<li>Comando de lectura r\u00e1pida<\/li>\n<li>Verdadero anticolisi\u00f3n<\/li>\n<li>Capacitancia de entrada de 50 pF<\/li>\n<\/ul>\n<\/div>\n<div class=\"collapse-mobile ste-list-ul\">\n<ul class=\"boxes\">\n<li>180, 540 o 924 bytes organizados en 45, 135 o 231 p\u00e1ginas con 4 bytes por p\u00e1gina<\/li>\n<li>\u00c1rea de lectura\/escritura de usuario disponible libremente de 144, 504 u 888 bytes (36, 126 o 222 p\u00e1ginas)<\/li>\n<li>Contenedor de capacidad inicializada de 4 bytes con bits de acceso programables una sola vez<\/li>\n<li>Funci\u00f3n de bloqueo de solo lectura programable en campo por p\u00e1gina para las primeras 16 p\u00e1ginas<\/li>\n<li>Funci\u00f3n de bloqueo de solo lectura programable en campo por encima de las primeras 16 p\u00e1ginas por p\u00e1gina doble para NTAG 213 o por cada 16 p\u00e1ginas para NTAG 215 y NTAG 216<\/li>\n<li>Protecci\u00f3n de contrase\u00f1a configurable con un l\u00edmite opcional de intentos fallidos<\/li>\n<li>Soporte antidesgarro para contenedores de capacidad (CC) y bits de bloqueo<\/li>\n<li>Comprobaci\u00f3n de originalidad compatible con ECC<\/li>\n<li>Tiempo de retenci\u00f3n de datos de 10 a\u00f1os<\/li>\n<li>Escribe resistencia 100.000 ciclos<\/li>\n<\/ul>\n<\/div>\n<\/div>\n<\/div>\n<\/div>\n<p>&nbsp;<\/p>\n<div class=\"auto-hide-last-sibling-br paragraph_1252f paragraph-element\"><\/div>\n<div class=\"auto-hide-last-sibling-br paragraph_1252f paragraph-element\"><\/div>\n<\/div>\n<\/div>\n<\/div>\n<\/div>\n<\/div>","protected":false},"excerpt":{"rendered":"<p>Las etiquetas NFC para lavander\u00eda NTAG216, tambi\u00e9n conocidas como etiquetas NFC lavables PPS, est\u00e1n dise\u00f1adas para situaciones que exigen una etiqueta robusta capaz de soportar entornos operativos hostiles.<\/p>","protected":false},"featured_media":160,"template":"","meta":{"_kad_post_transparent":"default","_kad_post_title":"","_kad_post_layout":"default","_kad_post_sidebar_id":"","_kad_post_content_style":"default","_kad_post_vertical_padding":"default","_kad_post_feature":"","_kad_post_feature_position":"","_kad_post_header":false,"_kad_post_footer":false,"_kad_post_classname":""},"product_brand":[],"product_cat":[21,17],"product_tag":[37,74,42,45],"class_list":{"0":"post-159","1":"product","2":"type-product","3":"status-publish","4":"has-post-thumbnail","6":"product_cat-pps-rfid-laundry-tag","7":"product_cat-nfc-rfid-laundry-tag","8":"product_tag-nfc-button","9":"product_tag-nfc-laundry-token-ntag216","10":"product_tag-pps-nfc-laundry-tag","11":"product_tag-pps-washable-nfc-tags","13":"first","14":"instock","15":"shipping-taxable","16":"product-type-simple","17":"entry","18":"content-bg","19":"loop-entry"},"_links":{"self":[{"href":"https:\/\/rfid-laundry-tag.com\/es\/wp-json\/wp\/v2\/product\/159","targetHints":{"allow":["GET"]}}],"collection":[{"href":"https:\/\/rfid-laundry-tag.com\/es\/wp-json\/wp\/v2\/product"}],"about":[{"href":"https:\/\/rfid-laundry-tag.com\/es\/wp-json\/wp\/v2\/types\/product"}],"version-history":[{"count":1,"href":"https:\/\/rfid-laundry-tag.com\/es\/wp-json\/wp\/v2\/product\/159\/revisions"}],"predecessor-version":[{"id":1317,"href":"https:\/\/rfid-laundry-tag.com\/es\/wp-json\/wp\/v2\/product\/159\/revisions\/1317"}],"wp:featuredmedia":[{"embeddable":true,"href":"https:\/\/rfid-laundry-tag.com\/es\/wp-json\/wp\/v2\/media\/160"}],"wp:attachment":[{"href":"https:\/\/rfid-laundry-tag.com\/es\/wp-json\/wp\/v2\/media?parent=159"}],"wp:term":[{"taxonomy":"product_brand","embeddable":true,"href":"https:\/\/rfid-laundry-tag.com\/es\/wp-json\/wp\/v2\/product_brand?post=159"},{"taxonomy":"product_cat","embeddable":true,"href":"https:\/\/rfid-laundry-tag.com\/es\/wp-json\/wp\/v2\/product_cat?post=159"},{"taxonomy":"product_tag","embeddable":true,"href":"https:\/\/rfid-laundry-tag.com\/es\/wp-json\/wp\/v2\/product_tag?post=159"}],"curies":[{"name":"wp","href":"https:\/\/api.w.org\/{rel}","templated":true}]}}