{"id":148,"date":"2024-06-14T13:17:06","date_gmt":"2024-06-14T13:17:06","guid":{"rendered":"https:\/\/rfid-laundry-tag.com\/?post_type=product&#038;p=148"},"modified":"2024-06-14T13:36:44","modified_gmt":"2024-06-14T13:36:44","slug":"uhf-rfid-laundry-tag-button","status":"publish","type":"product","link":"https:\/\/rfid-laundry-tag.com\/es\/uhf-rfid-laundry-tag-button\/","title":{"rendered":"Bot\u00f3n de etiqueta de lavander\u00eda con RFID UHF"},"content":{"rendered":"<div class=\"J_module\">\n<div class=\"ife-detail-decorate-table\">\n<table class=\"has-title all magic-6\">\n<tbody>\n<tr>\n<td colspan=\"1\" rowspan=\"1\">\n<div class=\"magic-7\" data-spm-anchor-id=\"a2700.details.0.i45.77607d98vZbcDU\"><span class=\"magic-8\" style=\"color: #363535;\">Nombre del \u00e1rticulo<\/span><\/div>\n<\/td>\n<td colspan=\"1\" rowspan=\"1\">\n<div class=\"magic-9\"><strong><span class=\"magic-8\">Bot\u00f3n de etiqueta de lavander\u00eda con RFID UHF<\/span><\/strong><\/div>\n<\/td>\n<\/tr>\n<tr>\n<td colspan=\"1\" rowspan=\"1\">\n<div class=\"magic-7\"><span class=\"magic-10\" data-spm-anchor-id=\"a2700.pc-decorate.0.i10.28d333330XLbTD\"><span class=\"magic-8\">Material<\/span><\/span><\/div>\n<\/td>\n<td colspan=\"1\" rowspan=\"1\">\n<div class=\"magic-9\"><span class=\"magic-8\">PPP<\/span><\/div>\n<\/td>\n<\/tr>\n<tr>\n<td colspan=\"1\" rowspan=\"1\">\n<div class=\"magic-7\"><span class=\"magic-8\">Color<\/span><\/div>\n<\/td>\n<td colspan=\"1\" rowspan=\"1\">\n<div class=\"magic-9\"><span class=\"magic-8\">Negro<\/span><\/div>\n<\/td>\n<\/tr>\n<tr>\n<td colspan=\"1\" rowspan=\"1\">Cantidad m\u00ednima de pedido<\/td>\n<td colspan=\"1\" rowspan=\"1\">500 piezas<\/td>\n<\/tr>\n<tr>\n<td colspan=\"1\" rowspan=\"1\">\n<div class=\"magic-7\"><span class=\"magic-8\">Fabricante\/chip<\/span><\/div>\n<\/td>\n<td colspan=\"1\" rowspan=\"1\">\n<div class=\"magic-9\"><span class=\"magic-8\">C\u00f3digo UCODE 8 de NXP, C\u00f3digo UCODE 9, Higgs extraterrestre 9<\/span><\/div>\n<\/td>\n<\/tr>\n<tr>\n<td colspan=\"1\" rowspan=\"1\">\n<div class=\"magic-7\"><span class=\"magic-8\">Frecuencia<\/span><\/div>\n<\/td>\n<td colspan=\"1\" rowspan=\"1\">\n<div class=\"magic-9\"><span class=\"magic-8\">860-960 MHz\/<\/span><\/div>\n<\/td>\n<\/tr>\n<tr>\n<td colspan=\"1\" rowspan=\"1\">\n<div class=\"magic-7\"><span class=\"magic-8\">Memoria<\/span><\/div>\n<\/td>\n<td colspan=\"1\" rowspan=\"1\">\n<div class=\"magic-9\"><span class=\"magic-8\">96 bits\/128 bits<\/span><\/div>\n<\/td>\n<\/tr>\n<tr>\n<td colspan=\"1\" rowspan=\"1\">\n<div class=\"magic-7\"><span class=\"magic-8\">Leer distancia<\/span><\/div>\n<\/td>\n<td colspan=\"1\" rowspan=\"1\">\n<div class=\"magic-9\"><span class=\"magic-8\">1-6m<\/span><\/div>\n<\/td>\n<\/tr>\n<tr>\n<td colspan=\"1\" rowspan=\"1\">\n<div class=\"magic-7\"><span class=\"magic-8\">Modo de trabajo<\/span><\/div>\n<\/td>\n<td colspan=\"1\" rowspan=\"1\">\n<div class=\"magic-9\"><span class=\"magic-8\">pasivo<\/span><\/div>\n<\/td>\n<\/tr>\n<tr>\n<td colspan=\"1\" rowspan=\"1\">\n<div class=\"magic-7\"><span class=\"magic-8\">Temperatura de trabajo<\/span><\/div>\n<\/td>\n<td colspan=\"1\" rowspan=\"1\">\n<div class=\"magic-9\"><span class=\"magic-8\">-25\u2103~+110\u2103<\/span><\/div>\n<\/td>\n<\/tr>\n<tr>\n<td colspan=\"1\" rowspan=\"1\">\n<div class=\"magic-7\"><span class=\"magic-8\">Temperatura de almacenamiento<\/span><\/div>\n<\/td>\n<td colspan=\"1\" rowspan=\"1\">\n<div class=\"magic-9\"><span class=\"magic-8\">-40\u2103~+85\u2103<\/span><\/div>\n<\/td>\n<\/tr>\n<tr>\n<td colspan=\"1\" rowspan=\"1\">\n<div class=\"magic-7\">\n<div><span class=\"magic-8\">\u00a0<\/span><\/div>\n<p><span class=\"magic-8\">Resistencia a la temperatura a corto plazo<\/span><\/p>\n<\/div>\n<\/td>\n<td colspan=\"1\" rowspan=\"1\">\n<div class=\"magic-9\"><span class=\"magic-8\">lavado: 90 \u2103, 15 minutos; presecado del convertidor: 180 \u2103, 30 minutos, 200 veces; planchado: 180 \u2103, 10 segundos, 200 veces; alto<br \/>\nesterilizaci\u00f3n a temperatura: 135 \u2103, 20 minutos<\/span><\/div>\n<\/td>\n<\/tr>\n<tr>\n<td colspan=\"1\" rowspan=\"1\">\n<div class=\"magic-7\"><span class=\"magic-8\">Caracter\u00edsticas<\/span><\/div>\n<\/td>\n<td colspan=\"1\" rowspan=\"1\">\n<div class=\"magic-9\"><span class=\"magic-8\">resistente al agua, lavable, resistente a altas temperaturas<\/span><\/div>\n<\/td>\n<\/tr>\n<tr>\n<td colspan=\"1\" rowspan=\"1\">\n<div class=\"magic-7\"><span class=\"magic-8\">Vida<\/span><\/div>\n<\/td>\n<td colspan=\"1\" rowspan=\"1\">\n<div class=\"magic-9\"><span class=\"magic-8\">lavado 200 veces o 3 a\u00f1os<\/span><\/div>\n<\/td>\n<\/tr>\n<tr>\n<td colspan=\"1\" rowspan=\"1\">\n<div class=\"magic-7\"><span class=\"magic-8\">Aplicaciones<\/span><\/div>\n<\/td>\n<td colspan=\"1\" rowspan=\"1\">\n<div class=\"magic-9\"><span class=\"magic-8\">gesti\u00f3n y seguimiento de lavander\u00eda<\/span><\/div>\n<\/td>\n<\/tr>\n<\/tbody>\n<\/table>\n<\/div>\n<\/div>\n<div class=\"J_module\">\n<div class=\"detail-decorate-json-renderer-container\">\n<div class=\"magic-1\">\n<div class=\"magic-2\">\n<div class=\"magic-3\">\n<div><\/div>\n<div class=\"magic-4\">\n<div><strong>Etiqueta de bot\u00f3n RFID<\/strong><\/div>\n<div><\/div>\n<\/div>\n<\/div>\n<div>\n<div class=\"auto-hide-last-sibling-br paragraph_1252f paragraph-element\">Las etiquetas de lavander\u00eda PPS resistentes a altas temperaturas sirven como una excelente soluci\u00f3n de seguimiento para entornos comerciales como cantinas y restaurantes donde se manipulan constantemente grandes vol\u00famenes de vajilla.<\/div>\n<\/div>\n<div>\n<div><\/div>\n<\/div>\n<\/div>\n<p><strong>Opciones de chips:<\/strong><\/p>\n<p><strong>UCODE 8 de NXP<\/strong> Los circuitos integrados UCODE 8\/8m son productos de la familia UCODE. Los circuitos integrados UCODE 8\/8m ofrecen un alto rendimiento y caracter\u00edsticas para su uso en las aplicaciones de etiquetado RFID m\u00e1s exigentes.<\/p>\n<p>Especialmente adecuado para aplicaciones de gesti\u00f3n de inventario, como por ejemplo en el sector minorista y de la moda, con su rendimiento RF comprobado para cualquier factor de forma, UCODE 8\/8m permite una distancia de lectura larga y un inventario r\u00e1pido de una poblaci\u00f3n densa de etiquetas RFID. Con su dise\u00f1o de banda ancha, ofrece la posibilidad de fabricar etiquetas RFID verdaderamente globales con un alto rendimiento que cumple con las normativas mundiales.<\/p>\n<p>El dispositivo tambi\u00e9n proporciona una funci\u00f3n de autoajuste, un indicador de estado del producto para la aplicaci\u00f3n de vigilancia electr\u00f3nica de art\u00edculos (EAS), EPC de 96 bits preserializado, identificador de marca y el comando de no rastreo de conformidad con EPC Gen2v2.<\/p>\n<div id=\"featuresXsp\" class=\"features-list toggle-opacity in\">\n<div class=\"features-xsp\">\n<div class=\"collapse-mobile ste-list\">\n<h3>Caracter\u00edsticas principales<\/h3>\n<ul class=\"boxes\">\n<li>Sensibilidad de lectura -23dBm<\/li>\n<li>Sensibilidad de escritura -18dBm<\/li>\n<li>Funcionalidad innovadora\n<ul>\n<li>Autoajuste<\/li>\n<li>Salvaguardia de la memoria<\/li>\n<li>Inrastreable<\/li>\n<li>Preserializaci\u00f3n para EPC de 96 bits<\/li>\n<li>Indicador de estado del producto integrado (PSF)<\/li>\n<\/ul>\n<\/li>\n<li>Compatible con antena de una sola rendija<\/li>\n<li>EPC de hasta 128 bits<\/li>\n<li>Identificador de etiqueta \u00fanico (TID) de 96 bits bloqueado de f\u00e1brica, incluido un n\u00famero de serie \u00fanico de 48 bits<\/li>\n<li>EPC Gen2v2<\/li>\n<\/ul>\n<\/div>\n<div class=\"collapse-mobile ste-list\">\n<h3>Memoria<\/h3>\n<ul class=\"boxes\">\n<li>128 bits\/96 bits (UCODE 8\/UCODE 8m) de memoria EPC<\/li>\n<li>Admite preserializaci\u00f3n para EPC de 96 bits<\/li>\n<li>Identificador de etiqueta (TID) de 96 bits bloqueado de f\u00e1brica<\/li>\n<li>N\u00famero de serie \u00fanico de 48 bits codificado de f\u00e1brica en TID<\/li>\n<li>Memoria de usuario de 0 bits\/32 bits (UCODE 8\/UCODE 8m)<\/li>\n<li>Contrase\u00f1a de eliminaci\u00f3n de 32 bits para deshabilitar permanentemente la etiqueta<\/li>\n<li>Contrase\u00f1a de acceso de 32 bits<\/li>\n<li>Amplio rango de temperatura de funcionamiento: -40\u00a0<sup>\u00b0<\/sup>C hasta +85\u00a0<sup>\u00b0<\/sup>do<\/li>\n<li>EPC Gen2v2<\/li>\n<\/ul>\n<p><strong>UCODE 9 de NXP<\/strong><\/p>\n<p>Con UCODE 9, las exigentes aplicaciones de etiquetado RFID RAIN reciben un impulso, por lo que los minoristas y las empresas de log\u00edstica inteligente pueden acelerar su adopci\u00f3n de IoT.<\/p>\n<p>Gracias a su mayor rendimiento, UCODE 9 permite realizar recuentos de inventario de forma m\u00e1s eficiente. Adem\u00e1s, UCODE 9 permite reutilizar los dise\u00f1os de antenas de inserci\u00f3n UCODE 8 existentes, lo que ofrece una ruta de migraci\u00f3n sencilla de UCODE 8 a UCODE 9.<\/p>\n<p>Su mayor rendimiento de chip permite dise\u00f1os de incrustaciones m\u00e1s peque\u00f1as, lo que ayuda a reducir el uso de pl\u00e1stico y aluminio, promoviendo as\u00ed la sostenibilidad ambiental.<\/p>\n<div class=\"collapse-mobile ste-list\">\n<h3>Caracter\u00edsticas principales<\/h3>\n<ul class=\"boxes\">\n<li>Sensibilidad de lectura: -24 dBm<\/li>\n<li>Sensibilidad de escritura: -22 dBm<\/li>\n<li>Velocidad de codificaci\u00f3n: 32 bits en 0,96 ms<\/li>\n<li>Reemplazo de antena para UCODE 8<\/li>\n<li>Autoajuste<\/li>\n<li>Protecci\u00f3n de la memoria<\/li>\n<li>Preserializaci\u00f3n de EPC de 96 bits<\/li>\n<\/ul>\n<\/div>\n<div class=\"collapse-mobile ste-list\">\n<h3>Memoria<\/h3>\n<ul class=\"boxes\">\n<li>Memoria EPC de 96 bits<\/li>\n<li>Admite preserializaci\u00f3n de EPC de 96 bits<\/li>\n<li>Identificador de etiqueta (TID) de 96 bits bloqueado de f\u00e1brica<\/li>\n<li>N\u00famero de serie \u00fanico de 48 bits codificado de f\u00e1brica en TID<\/li>\n<li>Contrase\u00f1a de eliminaci\u00f3n de 32 bits para deshabilitar permanentemente la etiqueta<\/li>\n<li>Amplio rango de temperatura de funcionamiento: -40 \u00b0C hasta +85 \u00b0C<\/li>\n<li>Resistencia al ciclo de escritura de 100k<\/li>\n<li>20 a\u00f1os de retenci\u00f3n de datos<\/li>\n<\/ul>\n<\/div>\n<\/div>\n<\/div>\n<\/div>\n<div class=\"magic-2\">\n<div>\n<div class=\"auto-hide-last-sibling-br paragraph_1252f paragraph-element\">\n<h2>Higgs extraterrestre<span class=\"sup\">\u2122<\/span>\u00a09<\/h2>\n<p>Etiqueta RFID IC GS1 Clase 1 Gen 2 de alta capacidad<\/p>\n<h4 class=\"alternative\">Reflejos<\/h4>\n<ul>\n<li>Cumple con GS1 Clase 1 Gen 2 e ISO\/IEC 18000-6C<\/li>\n<li>Operaci\u00f3n mundial en las bandas RFID UHF (840-960 MHz)<\/li>\n<li>1024 bits de memoria NVM\/RAM<\/li>\n<li>Hasta 496 bits EPC (nominalmente 96 bits)<\/li>\n<li>Hasta 688 bits de usuario<\/li>\n<li>TID \u00fanico de 48 bits<\/li>\n<li>Acceso de 32 bits y contrase\u00f1a de eliminaci\u00f3n de 32 bits<br \/>\npalabras<\/li>\n<li>Preprogramado con un dise\u00f1o \u00fanico e inalterable.<br \/>\nN\u00famero de serie de 48 bits<\/li>\n<li>La memoria del usuario puede ser de bloque permanente.<br \/>\nContrase\u00f1a bloqueada y de lectura protegida<br \/>\nProtegido en bloques de 256 bits<\/li>\n<li>Operaci\u00f3n de bajo consumo tanto para lectura como para<br \/>\nprograma<\/li>\n<li>QuickWrite\u2122 \/ BlastWrite\u2122 \u2013 Alta velocidad<br \/>\nProgramaci\u00f3n de chips y masas<\/li>\n<li>Autenticaci\u00f3n din\u00e1micaTM anti-clonaci\u00f3n \/<br \/>\nTecnolog\u00eda anti-falsificaci\u00f3n<\/li>\n<li>Alcance operativo excepcional, hasta 13 m<br \/>\ncon antena adecuada.<\/li>\n<\/ul>\n<\/div>\n<div class=\"auto-hide-last-sibling-br paragraph_1252f paragraph-element\">Las etiquetas de lavander\u00eda con bot\u00f3n PPS y RFID UHF son identificadores compactos y livianos dise\u00f1ados para rastrear ropa blanca. Se pueden colocar en diversos objetos textiles, como calcetines, camisas y toallas, y se pueden detectar a varios metros de distancia mediante esc\u00e1neres RFID UHF. Estas etiquetas no solo garantizan un seguimiento eficiente y minimizan la p\u00e9rdida de art\u00edculos en un servicio de lavander\u00eda, sino que su estilo \u00fanico con bot\u00f3n hace que sea f\u00e1cil colocarlas en la ropa.<\/div>\n<div class=\"auto-hide-last-sibling-br paragraph_1252f paragraph-element\"><\/div>\n<\/div>\n<\/div>\n<\/div>\n<\/div>\n<\/div>","protected":false},"excerpt":{"rendered":"<p>Etiqueta RFID UHF para lavander\u00eda que funciona a 865-867 MHz. Estas etiquetas son peque\u00f1as, livianas y est\u00e1n dise\u00f1adas espec\u00edficamente para el seguimiento de art\u00edculos de lavander\u00eda, lo que las hace adecuadas para la gesti\u00f3n de prendas. Las etiquetas tienen un alcance de lectura de hasta 3 m, como se especifica.<\/p>","protected":false},"featured_media":149,"template":"","meta":{"_kad_post_transparent":"default","_kad_post_title":"","_kad_post_layout":"default","_kad_post_sidebar_id":"","_kad_post_content_style":"default","_kad_post_vertical_padding":"default","_kad_post_feature":"","_kad_post_feature_position":"","_kad_post_header":false,"_kad_post_footer":false,"_kad_post_classname":""},"product_brand":[],"product_cat":[21,16],"product_tag":[41,35,33,30],"class_list":{"0":"post-148","1":"product","2":"type-product","3":"status-publish","4":"has-post-thumbnail","6":"product_cat-pps-rfid-laundry-tag","7":"product_cat-uhf-rfid-laundry-tags","8":"product_tag-pps-uhf-rfid-laundry-tag","9":"product_tag-rfid-button","10":"product_tag-rfid-laundry-tag-button","11":"product_tag-uhf-rfid-laundry-tag","13":"first","14":"instock","15":"shipping-taxable","16":"product-type-simple","17":"entry","18":"content-bg","19":"loop-entry"},"_links":{"self":[{"href":"https:\/\/rfid-laundry-tag.com\/es\/wp-json\/wp\/v2\/product\/148","targetHints":{"allow":["GET"]}}],"collection":[{"href":"https:\/\/rfid-laundry-tag.com\/es\/wp-json\/wp\/v2\/product"}],"about":[{"href":"https:\/\/rfid-laundry-tag.com\/es\/wp-json\/wp\/v2\/types\/product"}],"version-history":[{"count":0,"href":"https:\/\/rfid-laundry-tag.com\/es\/wp-json\/wp\/v2\/product\/148\/revisions"}],"wp:featuredmedia":[{"embeddable":true,"href":"https:\/\/rfid-laundry-tag.com\/es\/wp-json\/wp\/v2\/media\/149"}],"wp:attachment":[{"href":"https:\/\/rfid-laundry-tag.com\/es\/wp-json\/wp\/v2\/media?parent=148"}],"wp:term":[{"taxonomy":"product_brand","embeddable":true,"href":"https:\/\/rfid-laundry-tag.com\/es\/wp-json\/wp\/v2\/product_brand?post=148"},{"taxonomy":"product_cat","embeddable":true,"href":"https:\/\/rfid-laundry-tag.com\/es\/wp-json\/wp\/v2\/product_cat?post=148"},{"taxonomy":"product_tag","embeddable":true,"href":"https:\/\/rfid-laundry-tag.com\/es\/wp-json\/wp\/v2\/product_tag?post=148"}],"curies":[{"name":"wp","href":"https:\/\/api.w.org\/{rel}","templated":true}]}}