{"id":145,"date":"2024-06-14T10:04:26","date_gmt":"2024-06-14T10:04:26","guid":{"rendered":"https:\/\/rfid-laundry-tag.com\/?post_type=product&#038;p=145"},"modified":"2024-09-08T04:26:06","modified_gmt":"2024-09-08T04:26:06","slug":"uhf-rfid-textile-label","status":"publish","type":"product","link":"https:\/\/rfid-laundry-tag.com\/es\/uhf-rfid-textile-label\/","title":{"rendered":"Etiqueta textil RFID UHF"},"content":{"rendered":"<div>\n<div class=\"auto-hide-last-sibling-br paragraph_1252f paragraph-element\">\n<table width=\"637\">\n<tbody>\n<tr>\n<td width=\"328\">Nombre del \u00e1rticulo:<\/td>\n<td width=\"309\">Etiqueta textil RFID UHF<\/td>\n<\/tr>\n<tr>\n<td width=\"328\">Est\u00e1ndar RFID:<\/td>\n<td width=\"309\">ISO\/IEC 18000-6 Tipo C (EPC Gen2)<\/td>\n<\/tr>\n<tr>\n<td width=\"328\">Tama\u00f1o y peso:<\/td>\n<td width=\"309\">70\u00d715 mm, 0,6 g<\/td>\n<\/tr>\n<tr>\n<td width=\"328\">Tipo de chip:<\/td>\n<td width=\"309\">Impinj Monza 4QT, NXP U C\u00d3DIGO 8, NXP U C\u00d3DIGO 9<\/td>\n<\/tr>\n<tr>\n<td width=\"328\">Memoria EPC:<\/td>\n<td width=\"309\">128 bits<\/td>\n<\/tr>\n<tr>\n<td width=\"328\">Memoria de usuario:<\/td>\n<td width=\"309\">512 bits<\/td>\n<\/tr>\n<tr>\n<td width=\"328\">Rango de lectura (2W ERP FCC):<\/td>\n<td width=\"309\">8m<\/td>\n<\/tr>\n<tr>\n<td width=\"328\">Rango de lectura (2W ERP ETSI):<\/td>\n<td width=\"309\">8m<\/td>\n<\/tr>\n<tr>\n<td width=\"328\">Etiquetado:<\/td>\n<td width=\"309\">Costura, adhesivo para estampado en caliente<\/td>\n<\/tr>\n<tr>\n<td width=\"328\">Vida \u00fatil estimada:<\/td>\n<td width=\"309\">200 ciclos de lavado o 3 a\u00f1os, lo que ocurra primero<\/td>\n<\/tr>\n<tr>\n<td width=\"328\">M\u00e9todo de lavado:<\/td>\n<td width=\"309\">Lavander\u00eda, Lavado en seco<\/td>\n<\/tr>\n<tr>\n<td width=\"328\">Presi\u00f3n de extracci\u00f3n de agua:<\/td>\n<td width=\"309\">60 barras<\/td>\n<\/tr>\n<tr>\n<td width=\"328\">Resistencia al agua:<\/td>\n<td width=\"309\">Resistente al agua<\/td>\n<\/tr>\n<tr>\n<td width=\"328\">Resistencia qu\u00edmica:<\/td>\n<td width=\"309\">Detergente, suavizante, lej\u00eda (ox\u00edgeno\/cloro), \u00e1lcali<\/td>\n<\/tr>\n<tr>\n<td width=\"328\">Presecado en Tumbler:<\/td>\n<td width=\"309\">125 \u00baC durante 15-20 minutos<\/td>\n<\/tr>\n<tr>\n<td width=\"328\">Temperatura de esterilizaci\u00f3n:<\/td>\n<td width=\"309\">135\u00b0C durante 15-20 minutos<\/td>\n<\/tr>\n<tr>\n<td width=\"328\">Temperatura de lavado:<\/td>\n<td width=\"309\">90 \u00b0C, hasta 15 min.<\/td>\n<\/tr>\n<tr>\n<td width=\"328\">Humedad\/Temperatura de funcionamiento:<\/td>\n<td width=\"309\">-20 a 110\u00b0C, 8 a 95%RH<\/td>\n<\/tr>\n<tr>\n<td width=\"328\">Humedad\/Temperatura-Almacenamiento:<\/td>\n<td width=\"309\">-40 a 110\u00b0C, 8 a 95%RH<\/td>\n<\/tr>\n<\/tbody>\n<\/table>\n<\/div>\n<div class=\"auto-hide-last-sibling-br paragraph_1252f paragraph-element\"><\/div>\n<\/div>\n<div class=\"auto-hide-last-sibling-br paragraph_1252f paragraph-element\">\n<div data-spm-anchor-id=\"a2700.details.0.i57.23b419c7xXORP0\"><span data-spm-anchor-id=\"a2700.details.0.i75.23b419c7xXORP0\"><b>Caracter\u00edstica:<\/b><br \/>\n1) Tecnolog\u00eda UHF para leer cientos de etiquetas simult\u00e1neamente.<br \/>\n2) Distancia de lectura de m\u00e1s de 8 pies.<br \/>\n3) Nuevo dise\u00f1o mec\u00e1nico para mejorar el rendimiento de la ropa plana.<br \/>\n4) Apto para extractores de alta presi\u00f3n hasta 60 bar.<br \/>\n5) Adecuado para esterilizaci\u00f3n en Autoclave.<br \/>\n6) Material peque\u00f1o, suave y flexible ideal para textiles, ropa de cama, prendas y accesorios.<\/span><\/div>\n<\/div>\n<div data-spm-anchor-id=\"a2700.details.0.i57.23b419c7xXORP0\"><\/div>\n<div data-spm-anchor-id=\"a2700.details.0.i57.23b419c7xXORP0\">\n<p><img fetchpriority=\"high\" decoding=\"async\" class=\"wp-image-55\" src=\"https:\/\/rfid-laundry-tag.com\/wp-content\/uploads\/2024\/06\/4-300x275.png\" alt=\"RFID Tag for linen laundry\" width=\"605\" height=\"555\" srcset=\"https:\/\/rfid-laundry-tag.com\/wp-content\/uploads\/2024\/06\/4-300x275.png 300w, https:\/\/rfid-laundry-tag.com\/wp-content\/uploads\/2024\/06\/4-600x550.png 600w, https:\/\/rfid-laundry-tag.com\/wp-content\/uploads\/2024\/06\/4-13x12.png 13w, https:\/\/rfid-laundry-tag.com\/wp-content\/uploads\/2024\/06\/4.png 750w\" sizes=\"(max-width: 605px) 100vw, 605px\" \/><\/p>\n<\/div>\n<h3 class=\"wp-block-heading\">Instalaci\u00f3n<\/h3>\n<p><strong>Etiquetado de puntadas<\/strong>: Para ser cosido en el dobladillo de un textil. Cose la etiqueta de lavander\u00eda lejos de las l\u00edneas de plegado.<br \/>\n<strong>Termosellado<\/strong>: Para termosellar directamente sobre el textil a +200\u00b0C (392\u00b0F), durante 12~14s.<br \/>\n<strong>En bolsa<\/strong>: Para coser como una etiqueta de cuidado est\u00e1ndar. Cose la etiqueta de lavander\u00eda lejos de las l\u00edneas de plegado.<\/p>\n<div class=\"auto-hide-last-sibling-br paragraph_1252f paragraph-element\">\n<div class=\"auto-hide-last-sibling-br paragraph_1252f paragraph-element\">Las etiquetas textiles RFID para uniformes de lavander\u00eda son indispensables en una gran variedad de industrias, ya que impulsan de manera crucial el seguimiento eficiente de activos, la gesti\u00f3n de inventario y el aumento de la eficiencia operativa general. A continuaci\u00f3n, se muestra un vistazo a su aplicaci\u00f3n en varios sectores:<\/div>\n<\/div>\n<h1 id=\"hero-title\" class=\"sp-hero-title\">UCODE 9xe: UCODE 9 con m\u00e1s memoria EPC<\/h1>\n<p>Esta variante de UCODE 9 ofrece 128 bits de memoria EPC y puede almacenar atributos importantes, como la fecha de vencimiento o la informaci\u00f3n de producci\u00f3n, directamente en el CI. Esto permite que las aplicaciones de IoT sean a\u00fan m\u00e1s inteligentes que antes.<\/p>\n<p>Dise\u00f1ado como un reemplazo directo del UCODE 9 de alto rendimiento, el UCODE 9xe ofrece el mismo conjunto de caracter\u00edsticas, rendimiento de RF y compatibilidad con antenas certificadas por Auburn ARC que el UCODE 9, pero con 128 bits de memoria de c\u00f3digo de producto electr\u00f3nico (EPC) para admitir una gama m\u00e1s amplia de casos de uso de IoT. El resultado es una etiqueta RFID RAIN que beneficia a los propietarios de marcas, minoristas y consumidores por igual.<\/p>\n<h3>Caracter\u00edsticas<\/h3>\n<div id=\"featuresXsp\" class=\"features-list\">\n<div class=\"features-xsp\">\n<div class=\"collapse-mobile ste-list-ul\">\n<ul class=\"boxes\">\n<li>Sensibilidad de lectura: 24 dBm<\/li>\n<li>Sensibilidad de escritura: 22 dBm<\/li>\n<li>Memoria EPC de 128 bits<\/li>\n<li>Reemplazo directo para UCODE 9 \/ UCODE 8<\/li>\n<li>Autoajuste<\/li>\n<li>Protecci\u00f3n de la memoria<\/li>\n<li>Preserializaci\u00f3n de EPC de 96 bits<\/li>\n<\/ul>\n<\/div>\n<\/div>\n<\/div>\n<div class=\"auto-hide-last-sibling-br paragraph_1252f paragraph-element\">\n<p>&nbsp;<\/p>\n<\/div>","protected":false},"excerpt":{"rendered":"<p>Las etiquetas textiles RFID UHF est\u00e1n dise\u00f1adas para funcionar sin problemas a pesar de estar sujetas a duros procesos de lavado, que incluyen esterilizaci\u00f3n, lavado a alta temperatura, purificaci\u00f3n, secado y prensado.<\/p>","protected":false},"featured_media":146,"template":"","meta":{"_kad_post_transparent":"default","_kad_post_title":"","_kad_post_layout":"default","_kad_post_sidebar_id":"","_kad_post_content_style":"default","_kad_post_vertical_padding":"default","_kad_post_feature":"","_kad_post_feature_position":"","_kad_post_header":false,"_kad_post_footer":false,"_kad_post_classname":""},"product_brand":[],"product_cat":[19,16],"product_tag":[65,30,68],"class_list":{"0":"post-145","1":"product","2":"type-product","3":"status-publish","4":"has-post-thumbnail","6":"product_cat-textile-rfid-laundry-tag","7":"product_cat-uhf-rfid-laundry-tags","8":"product_tag-textile-rfid-laundry-tags","9":"product_tag-uhf-rfid-laundry-tag","10":"product_tag-uhf-rfid-textile-label","12":"first","13":"instock","14":"featured","15":"shipping-taxable","16":"product-type-simple","17":"entry","18":"content-bg","19":"loop-entry"},"_links":{"self":[{"href":"https:\/\/rfid-laundry-tag.com\/es\/wp-json\/wp\/v2\/product\/145","targetHints":{"allow":["GET"]}}],"collection":[{"href":"https:\/\/rfid-laundry-tag.com\/es\/wp-json\/wp\/v2\/product"}],"about":[{"href":"https:\/\/rfid-laundry-tag.com\/es\/wp-json\/wp\/v2\/types\/product"}],"version-history":[{"count":1,"href":"https:\/\/rfid-laundry-tag.com\/es\/wp-json\/wp\/v2\/product\/145\/revisions"}],"predecessor-version":[{"id":1299,"href":"https:\/\/rfid-laundry-tag.com\/es\/wp-json\/wp\/v2\/product\/145\/revisions\/1299"}],"wp:featuredmedia":[{"embeddable":true,"href":"https:\/\/rfid-laundry-tag.com\/es\/wp-json\/wp\/v2\/media\/146"}],"wp:attachment":[{"href":"https:\/\/rfid-laundry-tag.com\/es\/wp-json\/wp\/v2\/media?parent=145"}],"wp:term":[{"taxonomy":"product_brand","embeddable":true,"href":"https:\/\/rfid-laundry-tag.com\/es\/wp-json\/wp\/v2\/product_brand?post=145"},{"taxonomy":"product_cat","embeddable":true,"href":"https:\/\/rfid-laundry-tag.com\/es\/wp-json\/wp\/v2\/product_cat?post=145"},{"taxonomy":"product_tag","embeddable":true,"href":"https:\/\/rfid-laundry-tag.com\/es\/wp-json\/wp\/v2\/product_tag?post=145"}],"curies":[{"name":"wp","href":"https:\/\/api.w.org\/{rel}","templated":true}]}}