{"id":143,"date":"2024-06-14T09:55:34","date_gmt":"2024-06-14T09:55:34","guid":{"rendered":"https:\/\/rfid-laundry-tag.com\/?post_type=product&#038;p=143"},"modified":"2024-09-26T04:10:00","modified_gmt":"2024-09-26T04:10:00","slug":"textile-rfid-tags-for-laundry","status":"publish","type":"product","link":"https:\/\/rfid-laundry-tag.com\/es\/textile-rfid-tags-for-laundry\/","title":{"rendered":"Etiquetas RFID textiles para lavander\u00eda"},"content":{"rendered":"<div>\n<div class=\"auto-hide-last-sibling-br paragraph_1252f paragraph-element\">\n<h1>Etiquetas RFID textiles para lavander\u00eda<\/h1>\n<table width=\"593\">\n<tbody>\n<tr>\n<td width=\"233\">Protocolo a\u00e9reo RF<\/td>\n<td colspan=\"4\" width=\"360\">Certificaci\u00f3n EPC Global Clase 1 Gen2 ISO18000-6C<\/td>\n<\/tr>\n<tr>\n<td width=\"233\">Frecuencia de funcionamiento<\/td>\n<td colspan=\"4\" width=\"360\">UHF 866-868 MHz (ETSI) \/UHF 902-928 MHz (FCC)<\/td>\n<\/tr>\n<tr>\n<td width=\"233\">Compatibilidad ambiental<\/td>\n<td colspan=\"4\" width=\"360\">Optimizado en el aire<\/td>\n<\/tr>\n<tr>\n<td width=\"233\">Per\u00edodo de retenci\u00f3n de datos<\/td>\n<td colspan=\"4\" width=\"360\">50 a\u00f1os<\/td>\n<\/tr>\n<tr>\n<td width=\"233\">Rango de lectura<\/td>\n<td colspan=\"4\" width=\"360\">Hasta 5,5 m (fuera de metal)<\/td>\n<\/tr>\n<tr>\n<td width=\"233\">Polarizaci\u00f3n<\/td>\n<td colspan=\"4\" width=\"360\">Lineal<\/td>\n<\/tr>\n<tr>\n<td width=\"233\">Tipo de IC<\/td>\n<td colspan=\"4\" width=\"360\">C\u00d3DIGO U 8 de NXP, C\u00d3DIGO U 9, etc.<\/td>\n<\/tr>\n<tr>\n<td width=\"233\">Configuraci\u00f3n de memoria<\/td>\n<td colspan=\"4\" width=\"360\">EPC 128 bits TID 96 bits Usuario 32 bits<\/td>\n<\/tr>\n<tr>\n<td colspan=\"5\" width=\"593\">Especificaciones mec\u00e1nicas<\/td>\n<\/tr>\n<tr>\n<td width=\"233\">Materiales de superficie<\/td>\n<td colspan=\"4\" width=\"360\">Textil<\/td>\n<\/tr>\n<tr>\n<td width=\"233\">Dimensiones (mm)<\/td>\n<td colspan=\"4\" width=\"360\">15*70*1,5 mm<\/td>\n<\/tr>\n<tr>\n<td width=\"233\">Peso (g)<\/td>\n<td colspan=\"4\" width=\"360\">0,7 g<\/td>\n<\/tr>\n<tr>\n<td rowspan=\"2\" width=\"233\">Adjunto<\/td>\n<td colspan=\"4\" width=\"360\">Coser el dobladillo o la etiqueta tejida<\/td>\n<\/tr>\n<tr>\n<td colspan=\"4\" width=\"360\">Sellado t\u00e9rmico a 215 \u2103 a 15 s y 4 bares<\/td>\n<\/tr>\n<tr>\n<td width=\"233\">Color<\/td>\n<td colspan=\"4\" width=\"360\">Blanco<\/td>\n<\/tr>\n<tr>\n<td colspan=\"5\" width=\"593\">Especificaciones ambientales<\/td>\n<\/tr>\n<tr>\n<td width=\"233\">Temperatura de funcionamiento<\/td>\n<td colspan=\"4\" width=\"360\">-30\u00b0C a +85\u00b0C<\/td>\n<\/tr>\n<tr>\n<td width=\"233\">Temperatura ambiente<\/td>\n<td colspan=\"4\" width=\"360\">-30\u00b0C a +100\u00b0C<\/td>\n<\/tr>\n<tr>\n<td width=\"233\">Resistencia mec\u00e1nica<\/td>\n<td colspan=\"4\" width=\"360\">60 barras<\/td>\n<\/tr>\n<tr>\n<td width=\"233\">Resistencia qu\u00edmica<\/td>\n<td colspan=\"4\" width=\"360\">Productos qu\u00edmicos habituales en los procesos de lavado<\/td>\n<\/tr>\n<tr>\n<td rowspan=\"4\" width=\"233\">Resistencia al calor<\/td>\n<td colspan=\"4\" width=\"360\">Lavado: 90\u2103, 15 min, 200 ciclos<\/td>\n<\/tr>\n<tr>\n<td colspan=\"4\" width=\"360\">Presecado: 180\u2103, 30 min.<\/td>\n<\/tr>\n<tr>\n<td colspan=\"4\" width=\"360\">Planchado: 180\u2103, 10 segundos, 200 ciclos<\/td>\n<\/tr>\n<tr>\n<td colspan=\"4\" width=\"360\">Esterilizaci\u00f3n: 135 \u2103, 20 minutos<\/td>\n<\/tr>\n<tr>\n<td width=\"233\">Clasificaci\u00f3n IP<\/td>\n<td colspan=\"4\" width=\"360\">IP68<\/td>\n<\/tr>\n<tr>\n<td width=\"233\">Garant\u00eda<\/td>\n<td colspan=\"4\" width=\"360\">2 a\u00f1os o 200 lavados<\/td>\n<\/tr>\n<\/tbody>\n<\/table>\n<\/div>\n<\/div>\n<div>\n<div>\n<h2>Beneficios de las etiquetas RFID UHF para lavander\u00eda<\/h2>\n<p>Invertir en\u00a0<strong>Etiquetas RFID UHF para lavander\u00eda<\/strong>\u00a0Es una decisi\u00f3n inteligente para cualquier operaci\u00f3n de lavander\u00eda que busque mejorar la productividad y la precisi\u00f3n. A continuaci\u00f3n, se indican algunos beneficios atractivos:<\/p>\n<ul>\n<li><strong>Seguimiento mejorado<\/strong>:Con la tecnolog\u00eda RFID, puede rastrear cada prenda de ropa durante todo su recorrido, desde el lavado hasta la entrega. Esto garantiza que no se pierda ninguna prenda en el proceso.<\/li>\n<li><strong>Durabilidad<\/strong>:Nuestras etiquetas est\u00e1n dise\u00f1adas para soportar altas temperaturas, m\u00faltiples lavados e incluso los rigores de las lavander\u00edas industriales, lo que las hace ideales para uso a largo plazo.<\/li>\n<li><strong>Rentable<\/strong>Al reducir las p\u00e9rdidas y mejorar la gesti\u00f3n del inventario, las etiquetas de lavander\u00eda RFID en \u00faltima instancia permiten un importante ahorro de costos.<\/li>\n<\/ul>\n<h2>Caracter\u00edsticas principales de las etiquetas RFID UHF para lavander\u00eda<\/h2>\n<h3>1.\u00a0<strong>Dise\u00f1o lavable para mayor durabilidad<\/strong><\/h3>\n<p>Nuestro\u00a0<strong>Etiquetas RFID de tela para lavander\u00eda<\/strong>\u00a0Est\u00e1n dise\u00f1adas para soportar m\u00e1s de 200 ciclos de lavado, lo que garantiza su fiabilidad y durabilidad. Estas etiquetas est\u00e1n dise\u00f1adas espec\u00edficamente para soportar condiciones de lavado extremas sin degradar su rendimiento. Incluso pueden soportar altas temperaturas sin perder su capacidad de seguimiento, lo que las hace perfectas para cualquier entorno de lavander\u00eda comercial.<\/p>\n<h3>2.\u00a0<strong>Versatilidad en la aplicaci\u00f3n<\/strong><\/h3>\n<p>Estos\u00a0<strong>etiquetas RFID textiles<\/strong>\u00a0Son vers\u00e1tiles y se pueden utilizar para diversas aplicaciones, desde el seguimiento de prendas en hoteles hasta la gesti\u00f3n de ropa de cama en centros sanitarios. Su dise\u00f1o robusto les permite adaptarse a diversos entornos de lavander\u00eda y, al mismo tiempo, garantizar un rendimiento constante.<\/p>\n<h3>3.\u00a0<strong>Facilidad de integraci\u00f3n<\/strong><\/h3>\n<p>Integrando\u00a0<strong>Etiquetas RFID UHF para lavander\u00eda<\/strong>\u00a0La integraci\u00f3n en sus sistemas de seguimiento existentes es sencilla. Las etiquetas pueden funcionar sin problemas con lectores RFID, lo que ofrece visibilidad en tiempo real de su inventario de lavander\u00eda. Esto significa procesos optimizados, mayor precisi\u00f3n y mejor gesti\u00f3n de activos, ideal para gestionar grandes vol\u00famenes de art\u00edculos textiles.<\/p>\n<h3>4.\u00a0<strong>Resistente al agua y a la temperatura.<\/strong><\/h3>\n<p>Dise\u00f1adas para soportar los rigores de las operaciones de lavander\u00eda industrial, estas etiquetas son impermeables y resistentes a altas temperaturas. Esta durabilidad garantiza su longevidad, lo que les permite mantener su funcionalidad durante numerosos ciclos de lavado y secado agresivos comunes en las lavander\u00edas comerciales.<\/p>\n<h3>5.\u00a0<strong>Gesti\u00f3n precisa de inventario<\/strong><\/h3>\n<p>Con\u00a0<strong>Seguimiento de lavander\u00eda por RFID<\/strong>Administrar su inventario se vuelve muy f\u00e1cil. Cada etiqueta contiene un identificador \u00fanico que permite el seguimiento autom\u00e1tico de cada prenda de ropa, eliminando el proceso manual de registro de entrada y salida. Esta funci\u00f3n mejora la eficiencia, asegur\u00e1ndose de que siempre sepa d\u00f3nde se encuentran sus activos.<\/p>\n<h3>6.\u00a0<strong>Impacto ambiental<\/strong><\/h3>\n<p>Promoviendo un enfoque sostenible, nuestro\u00a0<strong>etiquetas RFID lavables<\/strong>\u00a0Est\u00e1n dise\u00f1adas teniendo en cuenta el respeto al medio ambiente. Son reutilizables y est\u00e1n hechas de materiales que reducen los residuos en comparaci\u00f3n con las etiquetas de un solo uso. Este aspecto de la sostenibilidad es crucial a medida que las organizaciones priorizan cada vez m\u00e1s la responsabilidad medioambiental.<\/p>\n<\/div>\n<div><\/div>\n<div>\n<h2>Instrucciones de uso<\/h2>\n<ol>\n<li><strong>Preparaci\u00f3n<\/strong>:Antes de aplicar las etiquetas a sus textiles, aseg\u00farese de que la superficie est\u00e9 limpia y seca.<\/li>\n<li><strong>Solicitud<\/strong>:Las etiquetas se pueden coser a la prenda o adherir al lino seg\u00fan sus necesidades.<\/li>\n<li><strong>Inicializaci\u00f3n<\/strong>:Programe cada etiqueta utilizando un lector RFID para asignar un identificador \u00fanico a cada prenda de ropa.<\/li>\n<li><strong>Seguimiento<\/strong>:Utilice un lector RFID para monitorear y rastrear art\u00edculos de lavander\u00eda a trav\u00e9s de los ciclos de lavado y entrega sin problemas.<\/li>\n<\/ol>\n<\/div>\n<div><\/div>\n<div class=\"auto-hide-last-sibling-br paragraph_1252f paragraph-element\"><strong>Etiquetas RFID textiles para lavander\u00eda<\/strong> servir como una herramienta beneficiosa para establecimientos que necesitan suministros continuos de ropa de cama limpia, uniformes de trabajo, equipos m\u00e9dicos o materiales de limpieza, permitiendo que los sistemas automatizados manipulen grandes cantidades de art\u00edculos individuales de manera r\u00e1pida y precisa.<\/div>\n<p>&nbsp;<\/p>\n<\/div>\n<div>\n<div class=\"auto-hide-last-sibling-br paragraph_1252f paragraph-element\"><strong>Etiquetas textiles RFID<\/strong> Funcionan mediante un proceso especializado. Cada etiqueta est\u00e1 equipada con un chip RFID que contiene detalles importantes sobre el producto, como sus especificaciones de fabricaci\u00f3n, identificador \u00fanico, origen, composici\u00f3n del material, etc.<\/div>\n<div class=\"auto-hide-last-sibling-br paragraph_1252f paragraph-element\">El mecanismo de extracci\u00f3n de esta informaci\u00f3n incrustada incorpora una herramienta conocida como transmisor RFID o m\u00e1s com\u00fanmente como lector. Este dispositivo transmite ondas de radiofrecuencia que establecen una conexi\u00f3n con el chip RFID que se encuentra dentro de la etiqueta. Esta interacci\u00f3n facilita al lector el acceso a los datos protegidos en el chip.<\/div>\n<\/div>\n<div><\/div>\n<div><\/div>\n<div>\n<div class=\"auto-hide-last-sibling-br paragraph_1252f paragraph-element\"><span style=\"font-family: inherit; font-size: 24px; font-weight: bold;\">Instalaci\u00f3n<\/span><\/div>\n<\/div>\n<p><strong>Etiquetado de puntadas<\/strong>: Para ser cosido en el dobladillo de un textil. Cose la etiqueta de lavander\u00eda lejos de las l\u00edneas de plegado.<br \/>\n<strong>Termosellado<\/strong>: Para termosellar directamente sobre el textil a +200\u00b0C (392\u00b0F), durante 12~14s.<br \/>\n<strong>En bolsa<\/strong>: Para coser como una etiqueta de cuidado est\u00e1ndar. Cose la etiqueta de lavander\u00eda lejos de las l\u00edneas de plegado.<\/p>\n<div class=\"auto-hide-last-sibling-br paragraph_1252f paragraph-element\">\n<div class=\"auto-hide-last-sibling-br paragraph_1252f paragraph-element\"><\/div>\n<p style=\"font-weight: 400;\"><span style=\"font-style: inherit; font-weight: inherit;\" data-spm-anchor-id=\"a2700.details.0.i52.7e74253fSAfL7T\">C\u00f3mo <\/span><b><strong style=\"font-style: inherit;\">FUERTE<\/strong><\/b><span style=\"font-style: inherit; font-weight: inherit;\"> ellos son ?<\/span><\/p>\n<p><b><strong>\u2460<\/strong><\/b>.\u00bfSe da\u00f1an los chips RFID con las altas temperaturas?<span style=\"font-style: inherit; font-weight: inherit;\"> \u2013<\/span><b><strong>\u2714 Nuestras etiquetas RFID para lavander\u00eda textil est\u00e1n dise\u00f1adas para usarse a 200 \u00b0C<\/strong><\/b><span style=\"font-style: inherit; font-weight: inherit;\">.<\/span><\/p>\n<p style=\"font-weight: 400;\"><b><strong>\u2461<\/strong><\/b>\u00bfCu\u00e1ntas veces podemos lavar las etiquetas que van adheridas a los productos textiles de los uniformes? <b><strong>\u2013\u2714Nuestra etiqueta de lavander\u00eda textil RFID se puede lavar m\u00e1s de 200 veces con garant\u00eda de 2 a\u00f1os despu\u00e9s del env\u00edo.<\/strong><\/b><\/p>\n<p style=\"font-weight: 400;\"><b><strong>\u2462<\/strong><\/b>\u00bfVamos a gastar uniformes prestigiosos en productos textiles y seguir trabajando en caso de aplastamiento de virutas? <b><strong>\u2013\u2714Dise\u00f1amos nuestra etiqueta textil para lavander\u00eda para soportar 60 bares de presi\u00f3n en el proceso de prensado de sus productos textiles.<\/strong><\/b><\/p>\n<p style=\"font-weight: 400;\"><b><strong>\u2463<\/strong><\/b>\u00bfD\u00f3nde se colocan etiquetas RFID para lavander\u00eda en textiles para uniformes? <b><strong>\u2013 \u2714Las etiquetas RFID para lavander\u00eda textil se instalan de acuerdo a la disponibilidad de los uniformes.<\/strong><\/b><\/p>\n<h2>Preguntas frecuentes (FAQ)<\/h2>\n<h3>1.\u00a0<strong>\u00bfLas etiquetas de lavander\u00eda RFID son realmente lavables?<\/strong><\/h3>\n<p>S\u00ed, nuestras etiquetas de lavander\u00eda RFID est\u00e1n dise\u00f1adas para soportar m\u00e1s de 200 ciclos de lavado manteniendo su rendimiento.<\/p>\n<h3>2.\u00a0<strong>\u00bfSe pueden utilizar estas etiquetas en entornos de alta temperatura?<\/strong><\/h3>\n<p>\u00a1Por supuesto! Nuestras etiquetas son resistentes al calor y pueden soportar temperaturas de hasta 85 \u00b0C sin perder funcionalidad.<\/p>\n<h3>3.\u00a0<strong>\u00bfQu\u00e9 tan f\u00e1cil es integrar estas etiquetas en los sistemas existentes?<\/strong><\/h3>\n<p>La integraci\u00f3n es sencilla ya que estas etiquetas son compatibles con la mayor\u00eda de los lectores RFID disponibles en el mercado, lo que garantiza una implementaci\u00f3n perfecta.<\/p>\n<h3>4.\u00a0<strong>\u00bfQu\u00e9 materiales se utilizan en estas etiquetas?<\/strong><\/h3>\n<p>Las etiquetas est\u00e1n hechas de tela textil duradera, lo que proporciona tanto resistencia como flexibilidad.<\/p>\n<h2>Conclusi\u00f3n<\/h2>\n<p>Invertir en\u00a0<strong>Etiquetas RFID UHF para lavander\u00eda<\/strong>\u00a0No se trata solo de mejorar la eficiencia operativa, sino de preparar sus procesos de lavander\u00eda para el futuro frente a los desaf\u00edos del seguimiento, la gesti\u00f3n de inventario y la sostenibilidad. Con dise\u00f1os innovadores que resisten el lavado industrial y una facilidad de uso que simplemente no se puede igualar, estas etiquetas son esenciales para cualquier organizaci\u00f3n involucrada en servicios de lavander\u00eda. Si est\u00e1 listo para revolucionar sus sistemas de gesti\u00f3n textil,\u00a0<strong>\u00a1Compre etiquetas de lavander\u00eda RFID hoy y complete nuestro formulario de consulta para obtener m\u00e1s informaci\u00f3n sobre precios y muestras!<\/strong><\/p>\n<\/div>","protected":false},"excerpt":{"rendered":"<p>\u00a1Realice un seguimiento sin esfuerzo de las prendas de lavander\u00eda con las etiquetas RFID textiles duraderas! \u00a1Optimice la gesti\u00f3n de su lavander\u00eda hoy mismo, ya que son lavables y est\u00e1n dise\u00f1adas para uso industrial!<\/p>","protected":false},"featured_media":144,"template":"","meta":{"_kad_post_transparent":"default","_kad_post_title":"","_kad_post_layout":"default","_kad_post_sidebar_id":"","_kad_post_content_style":"default","_kad_post_vertical_padding":"default","_kad_post_feature":"","_kad_post_feature_position":"","_kad_post_header":false,"_kad_post_footer":false,"_kad_post_classname":""},"product_brand":[],"product_cat":[19],"product_tag":[67,31,312,65],"class_list":{"0":"post-143","1":"product","2":"type-product","3":"status-publish","4":"has-post-thumbnail","6":"product_cat-textile-rfid-laundry-tag","7":"product_tag-heating-seal-uhf-rfid-laundry-tags","8":"product_tag-rfid-tag-for-linen-laundry","9":"product_tag-rfid-tags","10":"product_tag-textile-rfid-laundry-tags","12":"first","13":"instock","14":"shipping-taxable","15":"product-type-simple","16":"entry","17":"content-bg","18":"loop-entry"},"_links":{"self":[{"href":"https:\/\/rfid-laundry-tag.com\/es\/wp-json\/wp\/v2\/product\/143","targetHints":{"allow":["GET"]}}],"collection":[{"href":"https:\/\/rfid-laundry-tag.com\/es\/wp-json\/wp\/v2\/product"}],"about":[{"href":"https:\/\/rfid-laundry-tag.com\/es\/wp-json\/wp\/v2\/types\/product"}],"version-history":[{"count":3,"href":"https:\/\/rfid-laundry-tag.com\/es\/wp-json\/wp\/v2\/product\/143\/revisions"}],"predecessor-version":[{"id":2682,"href":"https:\/\/rfid-laundry-tag.com\/es\/wp-json\/wp\/v2\/product\/143\/revisions\/2682"}],"wp:featuredmedia":[{"embeddable":true,"href":"https:\/\/rfid-laundry-tag.com\/es\/wp-json\/wp\/v2\/media\/144"}],"wp:attachment":[{"href":"https:\/\/rfid-laundry-tag.com\/es\/wp-json\/wp\/v2\/media?parent=143"}],"wp:term":[{"taxonomy":"product_brand","embeddable":true,"href":"https:\/\/rfid-laundry-tag.com\/es\/wp-json\/wp\/v2\/product_brand?post=143"},{"taxonomy":"product_cat","embeddable":true,"href":"https:\/\/rfid-laundry-tag.com\/es\/wp-json\/wp\/v2\/product_cat?post=143"},{"taxonomy":"product_tag","embeddable":true,"href":"https:\/\/rfid-laundry-tag.com\/es\/wp-json\/wp\/v2\/product_tag?post=143"}],"curies":[{"name":"wp","href":"https:\/\/api.w.org\/{rel}","templated":true}]}}