{"id":140,"date":"2024-06-14T09:40:49","date_gmt":"2024-06-14T09:40:49","guid":{"rendered":"https:\/\/rfid-laundry-tag.com\/?post_type=product&#038;p=140"},"modified":"2024-09-08T04:30:07","modified_gmt":"2024-09-08T04:30:07","slug":"rfid-textile-tag-for-uniform","status":"publish","type":"product","link":"https:\/\/rfid-laundry-tag.com\/es\/rfid-textile-tag-for-uniform\/","title":{"rendered":"Etiqueta textil RFID para uniformes"},"content":{"rendered":"<div>\n<div class=\"auto-hide-last-sibling-br paragraph_1252f paragraph-element\">\n<table width=\"637\">\n<tbody>\n<tr>\n<td width=\"328\">Nombre del \u00e1rticulo:<\/td>\n<td width=\"309\">Etiqueta textil RFID para uniformes<\/td>\n<\/tr>\n<tr>\n<td width=\"328\">Est\u00e1ndar RFID:<\/td>\n<td width=\"309\">ISO\/IEC 18000-6 Tipo C (EPC Gen2)<\/td>\n<\/tr>\n<tr>\n<td width=\"328\">Tama\u00f1o y peso:<\/td>\n<td width=\"309\">70\u00d715 mm, 0,6 g<\/td>\n<\/tr>\n<tr>\n<td width=\"328\">Tipo de chip:<\/td>\n<td width=\"309\">Impinj Monza 4QT, NXP U C\u00d3DIGO 8, NXP U C\u00d3DIGO 9<\/td>\n<\/tr>\n<tr>\n<td width=\"328\">Memoria EPC:<\/td>\n<td width=\"309\">128 bits<\/td>\n<\/tr>\n<tr>\n<td width=\"328\">Memoria de usuario:<\/td>\n<td width=\"309\">512 bits<\/td>\n<\/tr>\n<tr>\n<td width=\"328\">Rango de lectura (2W ERP FCC):<\/td>\n<td width=\"309\">8m<\/td>\n<\/tr>\n<tr>\n<td width=\"328\">Rango de lectura (2W ERP ETSI):<\/td>\n<td width=\"309\">8m<\/td>\n<\/tr>\n<tr>\n<td width=\"328\">Etiquetado:<\/td>\n<td width=\"309\">Costura, adhesivo para estampado en caliente<\/td>\n<\/tr>\n<tr>\n<td width=\"328\">Vida \u00fatil estimada:<\/td>\n<td width=\"309\">200 ciclos de lavado o 3 a\u00f1os, lo que ocurra primero<\/td>\n<\/tr>\n<tr>\n<td width=\"328\">M\u00e9todo de lavado:<\/td>\n<td width=\"309\">Lavander\u00eda, Lavado en seco<\/td>\n<\/tr>\n<tr>\n<td width=\"328\">Presi\u00f3n de extracci\u00f3n de agua:<\/td>\n<td width=\"309\">60 barras<\/td>\n<\/tr>\n<tr>\n<td width=\"328\">Resistencia al agua:<\/td>\n<td width=\"309\">Resistente al agua<\/td>\n<\/tr>\n<tr>\n<td width=\"328\">Resistencia qu\u00edmica:<\/td>\n<td width=\"309\">Detergente, suavizante, lej\u00eda (ox\u00edgeno\/cloro), \u00e1lcali<\/td>\n<\/tr>\n<tr>\n<td width=\"328\">Presecado en Tumbler:<\/td>\n<td width=\"309\">125 \u00baC durante 15-20 minutos<\/td>\n<\/tr>\n<tr>\n<td width=\"328\">Temperatura de esterilizaci\u00f3n:<\/td>\n<td width=\"309\">135\u00b0C durante 15-20 minutos<\/td>\n<\/tr>\n<tr>\n<td width=\"328\">Temperatura de lavado:<\/td>\n<td width=\"309\">90 \u00b0C, hasta 15 min.<\/td>\n<\/tr>\n<tr>\n<td width=\"328\">Humedad\/Temperatura de funcionamiento:<\/td>\n<td width=\"309\">-20 a 110\u00b0C, 8 a 95%RH<\/td>\n<\/tr>\n<tr>\n<td width=\"328\">Humedad\/Temperatura-Almacenamiento:<\/td>\n<td width=\"309\">-40 a 110\u00b0C, 8 a 95%RH<\/td>\n<\/tr>\n<\/tbody>\n<\/table>\n<\/div>\n<div class=\"auto-hide-last-sibling-br paragraph_1252f paragraph-element\"><\/div>\n<\/div>\n<div class=\"auto-hide-last-sibling-br paragraph_1252f paragraph-element\">\n<div data-spm-anchor-id=\"a2700.details.0.i57.23b419c7xXORP0\"><span data-spm-anchor-id=\"a2700.details.0.i75.23b419c7xXORP0\"><b>Caracter\u00edstica:<\/b><br \/>\n1) Tecnolog\u00eda UHF para leer cientos de etiquetas simult\u00e1neamente.<br \/>\n2) Distancia de lectura de m\u00e1s de 8 pies.<br \/>\n3) Nuevo dise\u00f1o mec\u00e1nico para mejorar el rendimiento de la ropa plana.<br \/>\n4) Apto para extractores de alta presi\u00f3n hasta 60 bar.<br \/>\n5) Adecuado para esterilizaci\u00f3n en Autoclave.<br \/>\n6) Material peque\u00f1o, suave y flexible ideal para textiles, ropa de cama, prendas y accesorios.<\/span><\/div>\n<\/div>\n<div data-spm-anchor-id=\"a2700.details.0.i57.23b419c7xXORP0\"><\/div>\n<div data-spm-anchor-id=\"a2700.details.0.i57.23b419c7xXORP0\">\n<p><img fetchpriority=\"high\" decoding=\"async\" class=\"wp-image-55\" src=\"https:\/\/rfid-laundry-tag.com\/wp-content\/uploads\/2024\/06\/4-300x275.png\" alt=\"RFID Tag for linen laundry\" width=\"605\" height=\"555\" srcset=\"https:\/\/rfid-laundry-tag.com\/wp-content\/uploads\/2024\/06\/4-300x275.png 300w, https:\/\/rfid-laundry-tag.com\/wp-content\/uploads\/2024\/06\/4-600x550.png 600w, https:\/\/rfid-laundry-tag.com\/wp-content\/uploads\/2024\/06\/4-13x12.png 13w, https:\/\/rfid-laundry-tag.com\/wp-content\/uploads\/2024\/06\/4.png 750w\" sizes=\"(max-width: 605px) 100vw, 605px\" \/><\/p>\n<\/div>\n<h3 class=\"wp-block-heading\">Instalaci\u00f3n<\/h3>\n<p><strong>Etiquetado de puntadas<\/strong>: Para ser cosido en el dobladillo de un textil. Cose la etiqueta de lavander\u00eda lejos de las l\u00edneas de plegado.<br \/>\n<strong>Termosellado<\/strong>: Para termosellar directamente sobre el textil a +200\u00b0C (392\u00b0F), durante 12~14s.<br \/>\n<strong>En bolsa<\/strong>: Para coser como una etiqueta de cuidado est\u00e1ndar. Cose la etiqueta de lavander\u00eda lejos de las l\u00edneas de plegado.<\/p>\n<div class=\"auto-hide-last-sibling-br paragraph_1252f paragraph-element\">\n<div class=\"auto-hide-last-sibling-br paragraph_1252f paragraph-element\">Las etiquetas textiles RFID para uniformes de lavander\u00eda son indispensables en una gran variedad de industrias, ya que impulsan de manera crucial el seguimiento eficiente de activos, la gesti\u00f3n de inventario y el aumento de la eficiencia operativa general. A continuaci\u00f3n, se muestra un vistazo a su aplicaci\u00f3n en varios sectores:<\/div>\n<div><\/div>\n<p style=\"font-weight: 400;\"><span style=\"font-style: inherit; font-weight: inherit;\" data-spm-anchor-id=\"a2700.details.0.i52.7e74253fSAfL7T\">C\u00f3mo <\/span><b><strong style=\"font-style: inherit;\">FUERTE<\/strong><\/b><span style=\"font-style: inherit; font-weight: inherit;\"> ellos son ?<\/span><\/p>\n<p><b><strong>\u2460<\/strong><\/b>.\u00bfSe da\u00f1an los chips RFID con las altas temperaturas?<span style=\"font-style: inherit; font-weight: inherit;\"> \u2013<\/span><b><strong>\u2714 Nuestras etiquetas RFID para lavander\u00eda textil est\u00e1n dise\u00f1adas para usarse a 200 \u00b0C<\/strong><\/b><span style=\"font-style: inherit; font-weight: inherit;\">.<\/span><\/p>\n<p style=\"font-weight: 400;\"><b><strong>\u2461<\/strong><\/b>\u00bfCu\u00e1ntas veces podemos lavar las etiquetas que van adheridas a los productos textiles de los uniformes? <b><strong>\u2013\u2714Nuestra etiqueta de lavander\u00eda textil RFID se puede lavar m\u00e1s de 200 veces con garant\u00eda de 2 a\u00f1os despu\u00e9s del env\u00edo.<\/strong><\/b><\/p>\n<p style=\"font-weight: 400;\"><b><strong>\u2462<\/strong><\/b>\u00bfVamos a gastar uniformes prestigiosos en productos textiles y seguir trabajando en caso de aplastamiento de virutas? <b><strong>\u2013\u2714Dise\u00f1amos nuestra etiqueta textil para lavander\u00eda para soportar 60 bares de presi\u00f3n en el proceso de prensado de sus productos textiles.<\/strong><\/b><\/p>\n<p style=\"font-weight: 400;\"><b><strong>\u2463<\/strong><\/b>\u00bfD\u00f3nde se colocan etiquetas RFID para lavander\u00eda en textiles para uniformes? <b><strong>\u2013 \u2714Las etiquetas RFID para lavander\u00eda textil se instalan de acuerdo a la disponibilidad de los uniformes.<\/strong><\/b><\/p>\n<p>&nbsp;<\/p>\n<\/div>\n<div class=\"auto-hide-last-sibling-br paragraph_1252f paragraph-element\">En la industria textil, las etiquetas RFID desempe\u00f1an un papel fundamental a la hora de mejorar la visibilidad y la eficiencia de la cadena de suministro, desde la producci\u00f3n hasta las ventas. Son una herramienta valiosa para las empresas textiles que gestionan grandes inventarios. La implementaci\u00f3n de etiquetas RFID ayuda a reducir los costes y optimiza el uso del tiempo. A continuaci\u00f3n, se explica por qu\u00e9 merece la pena invertir en ellas:<\/div>\n<ol class=\"auto-hide-last-sibling-br\">\n<li>\n<div class=\"auto-hide-last-sibling-br paragraph_1252f paragraph-element\"><strong>Almacenamiento de datos de gran capacidad<\/strong>:A diferencia de las etiquetas de c\u00f3digo de barras, las etiquetas RFID tienen una mayor capacidad de almacenamiento de datos. Los datos almacenados se pueden leer y modificar cuando sea necesario.<\/div>\n<\/li>\n<li>\n<div class=\"auto-hide-last-sibling-br paragraph_1252f paragraph-element\"><strong>Garant\u00eda de calidad mejorada<\/strong>:RFID facilita el seguimiento de los productos desde la fabricaci\u00f3n hasta el almacenamiento, identificando art\u00edculos falsificados o devueltos.<\/div>\n<\/li>\n<li>\n<div class=\"auto-hide-last-sibling-br paragraph_1252f paragraph-element\"><strong>Gesti\u00f3n eficaz de inventarios<\/strong>:Las etiquetas RFID permiten rastrear un producto en stock, ahorrando tiempo y facilitando la reposici\u00f3n proactiva. La actualizaci\u00f3n autom\u00e1tica de datos en los archivos de inventario seg\u00fan las ventas o las devoluciones ayuda a un control eficiente del stock.<\/div>\n<\/li>\n<li>\n<div class=\"auto-hide-last-sibling-br paragraph_1252f paragraph-element\"><strong>Resiliencia<\/strong>:En comparaci\u00f3n con las etiquetas tradicionales, las etiquetas RFID son altamente resistentes a las adversidades externas y a los malos manejos operativos. Son adaptables a todo tipo de entornos, incluidos aquellos con altas temperaturas, humedad, polvo, etc.<\/div>\n<\/li>\n<li>\n<div class=\"auto-hide-last-sibling-br paragraph_1252f paragraph-element\"><strong>Mayor eficiencia y velocidad<\/strong>:Los lectores RFID tienen la capacidad de leer simult\u00e1neamente m\u00faltiples etiquetas RFID a distancia, una caracter\u00edstica que optimiza sustancialmente los procesos desde la producci\u00f3n hasta las ventas.<\/div>\n<\/li>\n<li>\n<div class=\"auto-hide-last-sibling-br paragraph_1252f paragraph-element\"><strong>Seguridad de datos robusta<\/strong>:Cada chip RFID cuenta con una protecci\u00f3n de datos irrompible gracias al cifrado de datos que impide la copia.<\/div>\n<\/li>\n<li>\n<div class=\"auto-hide-last-sibling-br paragraph_1252f paragraph-element\"><strong>Prevenci\u00f3n de robos<\/strong>:Al momento de pagar, los chips RFID se desactivan autom\u00e1ticamente, lo que reduce el riesgo de robo y error humano.<\/div>\n<\/li>\n<li>\n<div class=\"auto-hide-last-sibling-br paragraph_1252f paragraph-element\"><strong>Costos operativos econ\u00f3micos<\/strong>:A pesar de los costos iniciales m\u00e1s altos, la tecnolog\u00eda RFID resulta rentable a largo plazo. Proporciona un servicio duradero con requisitos de mano de obra m\u00ednimos, lo que elimina la necesidad de reemplazos frecuentes y, por lo tanto, reduce los costos operativos.<\/div>\n<\/li>\n<\/ol>","protected":false},"excerpt":{"rendered":"<p>Las etiquetas textiles RFID para uniformes est\u00e1n dise\u00f1adas para funcionar de manera confiable bajo tratamientos de lavado rigurosos como esterilizaci\u00f3n, lavado a alta temperatura, limpieza, secado y planchado. Estas etiquetas aptas para textiles pueden soportar cientos de ciclos de lavado y, al mismo tiempo, mantener un nivel constante de rendimiento RFID. Incluso despu\u00e9s de repetidos lavados, garantizan atributos excepcionales de seguimiento e inventario, lo que extiende la vida \u00fatil de la ropa de cama, la ropa y otros art\u00edculos textiles.<\/p>","protected":false},"featured_media":141,"template":"","meta":{"_kad_post_transparent":"default","_kad_post_title":"","_kad_post_layout":"default","_kad_post_sidebar_id":"","_kad_post_content_style":"default","_kad_post_vertical_padding":"default","_kad_post_feature":"","_kad_post_feature_position":"","_kad_post_header":false,"_kad_post_footer":false,"_kad_post_classname":""},"product_brand":[],"product_cat":[19,16],"product_tag":[31,65,30],"class_list":{"0":"post-140","1":"product","2":"type-product","3":"status-publish","4":"has-post-thumbnail","6":"product_cat-textile-rfid-laundry-tag","7":"product_cat-uhf-rfid-laundry-tags","8":"product_tag-rfid-tag-for-linen-laundry","9":"product_tag-textile-rfid-laundry-tags","10":"product_tag-uhf-rfid-laundry-tag","12":"first","13":"instock","14":"shipping-taxable","15":"product-type-simple","16":"entry","17":"content-bg","18":"loop-entry"},"_links":{"self":[{"href":"https:\/\/rfid-laundry-tag.com\/es\/wp-json\/wp\/v2\/product\/140","targetHints":{"allow":["GET"]}}],"collection":[{"href":"https:\/\/rfid-laundry-tag.com\/es\/wp-json\/wp\/v2\/product"}],"about":[{"href":"https:\/\/rfid-laundry-tag.com\/es\/wp-json\/wp\/v2\/types\/product"}],"version-history":[{"count":1,"href":"https:\/\/rfid-laundry-tag.com\/es\/wp-json\/wp\/v2\/product\/140\/revisions"}],"predecessor-version":[{"id":1935,"href":"https:\/\/rfid-laundry-tag.com\/es\/wp-json\/wp\/v2\/product\/140\/revisions\/1935"}],"wp:featuredmedia":[{"embeddable":true,"href":"https:\/\/rfid-laundry-tag.com\/es\/wp-json\/wp\/v2\/media\/141"}],"wp:attachment":[{"href":"https:\/\/rfid-laundry-tag.com\/es\/wp-json\/wp\/v2\/media?parent=140"}],"wp:term":[{"taxonomy":"product_brand","embeddable":true,"href":"https:\/\/rfid-laundry-tag.com\/es\/wp-json\/wp\/v2\/product_brand?post=140"},{"taxonomy":"product_cat","embeddable":true,"href":"https:\/\/rfid-laundry-tag.com\/es\/wp-json\/wp\/v2\/product_cat?post=140"},{"taxonomy":"product_tag","embeddable":true,"href":"https:\/\/rfid-laundry-tag.com\/es\/wp-json\/wp\/v2\/product_tag?post=140"}],"curies":[{"name":"wp","href":"https:\/\/api.w.org\/{rel}","templated":true}]}}