{"id":136,"date":"2024-06-14T07:33:05","date_gmt":"2024-06-14T07:33:05","guid":{"rendered":"https:\/\/rfid-laundry-tag.com\/?post_type=product&#038;p=136"},"modified":"2024-09-08T04:31:40","modified_gmt":"2024-09-08T04:31:40","slug":"heating-seal-uhf-rfid-laundry-tags","status":"publish","type":"product","link":"https:\/\/rfid-laundry-tag.com\/es\/heating-seal-uhf-rfid-laundry-tags\/","title":{"rendered":"Etiquetas RFID UHF con sello t\u00e9rmico para lavander\u00eda"},"content":{"rendered":"<div>\n<div class=\"auto-hide-last-sibling-br paragraph_1252f paragraph-element\">\n<h1>Etiquetas RFID UHF con sello t\u00e9rmico para lavander\u00eda<\/h1>\n<table width=\"593\">\n<tbody>\n<tr>\n<td width=\"233\">Protocolo a\u00e9reo RF<\/td>\n<td colspan=\"4\" width=\"360\">Certificaci\u00f3n EPC Global Clase 1 Gen2 ISO18000-6C<\/td>\n<\/tr>\n<tr>\n<td width=\"233\">Frecuencia de funcionamiento<\/td>\n<td colspan=\"4\" width=\"360\">UHF 866-868 MHz (ETSI) \/UHF 902-928 MHz (FCC)<\/td>\n<\/tr>\n<tr>\n<td width=\"233\">Compatibilidad ambiental<\/td>\n<td colspan=\"4\" width=\"360\">Optimizado en el aire<\/td>\n<\/tr>\n<tr>\n<td width=\"233\">Per\u00edodo de retenci\u00f3n de datos<\/td>\n<td colspan=\"4\" width=\"360\">50 a\u00f1os<\/td>\n<\/tr>\n<tr>\n<td width=\"233\">Rango de lectura<\/td>\n<td colspan=\"4\" width=\"360\">Hasta 5,5 m (fuera de metal)<\/td>\n<\/tr>\n<tr>\n<td width=\"233\">Polarizaci\u00f3n<\/td>\n<td colspan=\"4\" width=\"360\">Lineal<\/td>\n<\/tr>\n<tr>\n<td width=\"233\">Tipo de IC<\/td>\n<td colspan=\"4\" width=\"360\">C\u00d3DIGO U 8 de NXP, C\u00d3DIGO U 9, etc.<\/td>\n<\/tr>\n<tr>\n<td width=\"233\">Configuraci\u00f3n de memoria<\/td>\n<td colspan=\"4\" width=\"360\">EPC 128 bits TID 96 bits Usuario 32 bits<\/td>\n<\/tr>\n<tr>\n<td colspan=\"5\" width=\"593\">Especificaciones mec\u00e1nicas<\/td>\n<\/tr>\n<tr>\n<td width=\"233\">Materiales de superficie<\/td>\n<td colspan=\"4\" width=\"360\">Textil<\/td>\n<\/tr>\n<tr>\n<td width=\"233\">Dimensiones (mm)<\/td>\n<td colspan=\"4\" width=\"360\">15*70*1,5 mm<\/td>\n<\/tr>\n<tr>\n<td width=\"233\">Peso (g)<\/td>\n<td colspan=\"4\" width=\"360\">0,7 g<\/td>\n<\/tr>\n<tr>\n<td rowspan=\"2\" width=\"233\">Adjunto<\/td>\n<td colspan=\"4\" width=\"360\">Coser el dobladillo o la etiqueta tejida<\/td>\n<\/tr>\n<tr>\n<td colspan=\"4\" width=\"360\">Sellado t\u00e9rmico a 215 \u2103 a 15 s y 4 bares<\/td>\n<\/tr>\n<tr>\n<td width=\"233\">Color<\/td>\n<td colspan=\"4\" width=\"360\">Blanco<\/td>\n<\/tr>\n<tr>\n<td colspan=\"5\" width=\"593\">Especificaciones ambientales<\/td>\n<\/tr>\n<tr>\n<td width=\"233\">Temperatura de funcionamiento<\/td>\n<td colspan=\"4\" width=\"360\">-30\u00b0C a +85\u00b0C<\/td>\n<\/tr>\n<tr>\n<td width=\"233\">Temperatura ambiente<\/td>\n<td colspan=\"4\" width=\"360\">-30\u00b0C a +100\u00b0C<\/td>\n<\/tr>\n<tr>\n<td width=\"233\">Resistencia mec\u00e1nica<\/td>\n<td colspan=\"4\" width=\"360\">60 barras<\/td>\n<\/tr>\n<tr>\n<td width=\"233\">Resistencia qu\u00edmica<\/td>\n<td colspan=\"4\" width=\"360\">Productos qu\u00edmicos habituales en los procesos de lavado<\/td>\n<\/tr>\n<tr>\n<td rowspan=\"4\" width=\"233\">Resistencia al calor<\/td>\n<td colspan=\"4\" width=\"360\">Lavado: 90\u2103, 15 min, 200 ciclos<\/td>\n<\/tr>\n<tr>\n<td colspan=\"4\" width=\"360\">Presecado: 180\u2103, 30 min.<\/td>\n<\/tr>\n<tr>\n<td colspan=\"4\" width=\"360\">Planchado: 180\u2103, 10 segundos, 200 ciclos<\/td>\n<\/tr>\n<tr>\n<td colspan=\"4\" width=\"360\">Esterilizaci\u00f3n: 135 \u2103, 20 minutos<\/td>\n<\/tr>\n<tr>\n<td width=\"233\">Clasificaci\u00f3n IP<\/td>\n<td colspan=\"4\" width=\"360\">IP68<\/td>\n<\/tr>\n<tr>\n<td width=\"233\">Garant\u00eda<\/td>\n<td colspan=\"4\" width=\"360\">2 a\u00f1os o 200 lavados<\/td>\n<\/tr>\n<\/tbody>\n<\/table>\n<\/div>\n<\/div>\n<div><\/div>\n<div>\n<div class=\"auto-hide-last-sibling-br paragraph_1252f paragraph-element\">Las etiquetas de lavander\u00eda RFID sirven como una herramienta beneficiosa para los establecimientos que necesitan suministros continuos de ropa de cama limpia, uniformes de trabajo, equipos m\u00e9dicos o materiales de limpieza, lo que permite que los sistemas automatizados manipulen grandes cantidades de art\u00edculos individuales de manera r\u00e1pida y precisa.<\/div>\n<p>&nbsp;<\/p>\n<div class=\"auto-hide-last-sibling-br paragraph_1252f paragraph-element\">Estas etiquetas RFID UHF de tela para lavander\u00eda, ampliamente adoptadas por proveedores de uniformes, entidades de hosteler\u00eda, servicios de limpieza comercial y establecimientos de atenci\u00f3n m\u00e9dica, simplifican el procedimiento de seguimiento de diversos activos como ropa, ropa de cama o trapos. Esto contribuye a la pr\u00e1ctica de una supervisi\u00f3n eficiente del inventario y una gesti\u00f3n precisa de las cuentas, mejorando la eficiencia operativa general. Al proporcionar datos sin errores y automatizar el proceso de seguimiento, este sistema controla la colocaci\u00f3n incorrecta y el robo de art\u00edculos, lo que reduce las p\u00e9rdidas. La naturaleza duradera de estas etiquetas garantiza que resistan los procesos de lavado industrial. Es una soluci\u00f3n \u00f3ptima para gestionar los inventarios de forma sistem\u00e1tica y organizada.<\/div>\n<\/div>\n<div><\/div>\n<div><\/div>\n<div><\/div>\n<div>\n<div class=\"auto-hide-last-sibling-br paragraph_1252f paragraph-element\"><span style=\"font-family: inherit; font-size: 24px; font-weight: bold;\">Instalaci\u00f3n<\/span><\/div>\n<\/div>\n<p><strong>Etiquetado de puntadas<\/strong>: Para ser cosido en el dobladillo de un textil. Cose la etiqueta de lavander\u00eda lejos de las l\u00edneas de plegado.<br \/>\n<strong>Termosellado<\/strong>: Para termosellar directamente sobre el textil a +200\u00b0C (392\u00b0F), durante 12~14s.<br \/>\n<strong>En bolsa<\/strong>: Para coser como una etiqueta de cuidado est\u00e1ndar. Cose la etiqueta de lavander\u00eda lejos de las l\u00edneas de plegado.<\/p>\n<p>&nbsp;<\/p>\n<div class=\"auto-hide-last-sibling-br paragraph_1252f paragraph-element\">\n<div class=\"auto-hide-last-sibling-br paragraph_1252f paragraph-element\">Las etiquetas adhesivas calefactoras UHF RFID para lavander\u00eda son indispensables en una gran variedad de industrias, ya que impulsan de manera crucial el seguimiento eficiente de activos, la gesti\u00f3n de inventario y aumentan la eficiencia operativa general. He aqu\u00ed un vistazo a su aplicaci\u00f3n en varios sectores:<\/div>\n<div class=\"auto-hide-last-sibling-br paragraph_1252f paragraph-element\"><\/div>\n<p style=\"font-weight: 400;\"><span style=\"font-style: inherit; font-weight: inherit;\" data-spm-anchor-id=\"a2700.details.0.i52.7e74253fSAfL7T\">C\u00f3mo <\/span><b><strong style=\"font-style: inherit;\">FUERTE<\/strong><\/b><span style=\"font-style: inherit; font-weight: inherit;\"> ellos son ?<\/span><\/p>\n<p><b><strong>\u2460<\/strong><\/b>.\u00bfSe da\u00f1an los chips RFID con las altas temperaturas?<span style=\"font-style: inherit; font-weight: inherit;\"> \u2013<\/span><b><strong>\u2714 Nuestras etiquetas RFID para lavander\u00eda textil est\u00e1n dise\u00f1adas para usarse a 200 \u00b0C<\/strong><\/b><span style=\"font-style: inherit; font-weight: inherit;\">.<\/span><\/p>\n<p style=\"font-weight: 400;\"><b><strong>\u2461<\/strong><\/b>\u00bfCu\u00e1ntas veces podemos lavar las etiquetas que van adheridas a los productos textiles de los uniformes? <b><strong>\u2013\u2714Nuestra etiqueta de lavander\u00eda textil RFID se puede lavar m\u00e1s de 200 veces con garant\u00eda de 2 a\u00f1os despu\u00e9s del env\u00edo.<\/strong><\/b><\/p>\n<p style=\"font-weight: 400;\"><b><strong>\u2462<\/strong><\/b>\u00bfVamos a gastar uniformes prestigiosos en productos textiles y seguir trabajando en caso de aplastamiento de virutas? <b><strong>\u2013\u2714Dise\u00f1amos nuestra etiqueta textil para lavander\u00eda para soportar 60 bares de presi\u00f3n en el proceso de prensado de sus productos textiles.<\/strong><\/b><\/p>\n<p style=\"font-weight: 400;\"><b><strong>\u2463<\/strong><\/b>\u00bfD\u00f3nde se colocan etiquetas RFID para lavander\u00eda en textiles para uniformes? <b><strong>\u2013 \u2714Las etiquetas RFID para lavander\u00eda textil se instalan de acuerdo a la disponibilidad de los uniformes.<\/strong><\/b><\/p>\n<\/div>","protected":false},"excerpt":{"rendered":"<p>Las etiquetas RFID UHF para lavander\u00eda con sello t\u00e9rmico est\u00e1n dise\u00f1adas para aplicaciones textiles comerciales e industriales. Esta etiqueta es extremadamente flexible, se puede leer desde un rango extendido y a\u00fan as\u00ed proporciona los datos m\u00e1s precisos. Los clientes pueden usarla para rastrear una gran cantidad de activos textiles mientras mantienen bajos sus costos, mejorando la eficiencia de la gesti\u00f3n.<\/p>","protected":false},"featured_media":137,"template":"","meta":{"_kad_post_transparent":"default","_kad_post_title":"","_kad_post_layout":"default","_kad_post_sidebar_id":"","_kad_post_content_style":"default","_kad_post_vertical_padding":"default","_kad_post_feature":"","_kad_post_feature_position":"","_kad_post_header":false,"_kad_post_footer":false,"_kad_post_classname":""},"product_brand":[],"product_cat":[19,16],"product_tag":[67,31,65],"class_list":{"0":"post-136","1":"product","2":"type-product","3":"status-publish","4":"has-post-thumbnail","6":"product_cat-textile-rfid-laundry-tag","7":"product_cat-uhf-rfid-laundry-tags","8":"product_tag-heating-seal-uhf-rfid-laundry-tags","9":"product_tag-rfid-tag-for-linen-laundry","10":"product_tag-textile-rfid-laundry-tags","12":"first","13":"instock","14":"shipping-taxable","15":"product-type-simple","16":"entry","17":"content-bg","18":"loop-entry"},"_links":{"self":[{"href":"https:\/\/rfid-laundry-tag.com\/es\/wp-json\/wp\/v2\/product\/136","targetHints":{"allow":["GET"]}}],"collection":[{"href":"https:\/\/rfid-laundry-tag.com\/es\/wp-json\/wp\/v2\/product"}],"about":[{"href":"https:\/\/rfid-laundry-tag.com\/es\/wp-json\/wp\/v2\/types\/product"}],"version-history":[{"count":1,"href":"https:\/\/rfid-laundry-tag.com\/es\/wp-json\/wp\/v2\/product\/136\/revisions"}],"predecessor-version":[{"id":1938,"href":"https:\/\/rfid-laundry-tag.com\/es\/wp-json\/wp\/v2\/product\/136\/revisions\/1938"}],"wp:featuredmedia":[{"embeddable":true,"href":"https:\/\/rfid-laundry-tag.com\/es\/wp-json\/wp\/v2\/media\/137"}],"wp:attachment":[{"href":"https:\/\/rfid-laundry-tag.com\/es\/wp-json\/wp\/v2\/media?parent=136"}],"wp:term":[{"taxonomy":"product_brand","embeddable":true,"href":"https:\/\/rfid-laundry-tag.com\/es\/wp-json\/wp\/v2\/product_brand?post=136"},{"taxonomy":"product_cat","embeddable":true,"href":"https:\/\/rfid-laundry-tag.com\/es\/wp-json\/wp\/v2\/product_cat?post=136"},{"taxonomy":"product_tag","embeddable":true,"href":"https:\/\/rfid-laundry-tag.com\/es\/wp-json\/wp\/v2\/product_tag?post=136"}],"curies":[{"name":"wp","href":"https:\/\/api.w.org\/{rel}","templated":true}]}}