{"id":129,"date":"2024-06-12T06:22:28","date_gmt":"2024-06-12T06:22:28","guid":{"rendered":"https:\/\/rfid-laundry-tag.com\/?post_type=product&#038;p=129"},"modified":"2024-11-05T14:44:38","modified_gmt":"2024-11-05T14:44:38","slug":"textile-uhf-rfid-laundry-tags-for-uniform","status":"publish","type":"product","link":"https:\/\/rfid-laundry-tag.com\/es\/textile-uhf-rfid-laundry-tags-for-uniform\/","title":{"rendered":"Etiquetas textiles de lavander\u00eda UHF RFID para uniformes"},"content":{"rendered":"<div>\n<div class=\"auto-hide-last-sibling-br paragraph_1252f paragraph-element\">\n<h2>Etiquetas textiles de lavander\u00eda UHF RFID para uniformes<\/h2>\n<table width=\"637\">\n<tbody>\n<tr>\n<td width=\"328\">Nombre del \u00e1rticulo:<\/td>\n<td width=\"309\">Etiquetas textiles de lavander\u00eda UHF RFID para uniformes<\/td>\n<\/tr>\n<tr>\n<td width=\"328\">Est\u00e1ndar RFID:<\/td>\n<td width=\"309\">ISO\/IEC 18000-6 Tipo C (EPC Gen2)<\/td>\n<\/tr>\n<tr>\n<td width=\"328\">Tama\u00f1o y peso:<\/td>\n<td width=\"309\">70\u00d715 mm, 0,6 g<\/td>\n<\/tr>\n<tr>\n<td width=\"328\">Tipo de chip:<\/td>\n<td width=\"309\">Impinj Monza 4QT,NXP U C\u00d3DIGO 9<\/td>\n<\/tr>\n<tr>\n<td width=\"328\">Memoria EPC:<\/td>\n<td width=\"309\">128 bits<\/td>\n<\/tr>\n<tr>\n<td width=\"328\">Memoria de usuario:<\/td>\n<td width=\"309\">512 bits<\/td>\n<\/tr>\n<tr>\n<td width=\"328\">Rango de lectura (2W ERP FCC):<\/td>\n<td width=\"309\">8m<\/td>\n<\/tr>\n<tr>\n<td width=\"328\">Rango de lectura (2W ERP ETSI):<\/td>\n<td width=\"309\">8m<\/td>\n<\/tr>\n<tr>\n<td width=\"328\">Etiquetado:<\/td>\n<td width=\"309\">Costura, adhesivo para estampado en caliente<\/td>\n<\/tr>\n<tr>\n<td width=\"328\">Vida \u00fatil estimada:<\/td>\n<td width=\"309\">200 ciclos de lavado o 3 a\u00f1os, lo que ocurra primero<\/td>\n<\/tr>\n<tr>\n<td width=\"328\">M\u00e9todo de lavado:<\/td>\n<td width=\"309\">Lavander\u00eda, Lavado en seco<\/td>\n<\/tr>\n<tr>\n<td width=\"328\">Presi\u00f3n de extracci\u00f3n de agua:<\/td>\n<td width=\"309\">60 barras<\/td>\n<\/tr>\n<tr>\n<td width=\"328\">Resistencia al agua:<\/td>\n<td width=\"309\">Resistente al agua<\/td>\n<\/tr>\n<tr>\n<td width=\"328\">Resistencia qu\u00edmica:<\/td>\n<td width=\"309\">Detergente, suavizante, lej\u00eda (ox\u00edgeno\/cloro), \u00e1lcali<\/td>\n<\/tr>\n<tr>\n<td width=\"328\">Presecado en Tumbler:<\/td>\n<td width=\"309\">125 \u00baC durante 15-20 minutos<\/td>\n<\/tr>\n<tr>\n<td width=\"328\">Temperatura de esterilizaci\u00f3n:<\/td>\n<td width=\"309\">135\u00b0C durante 15-20 minutos<\/td>\n<\/tr>\n<tr>\n<td width=\"328\">Temperatura de lavado:<\/td>\n<td width=\"309\">90 \u00b0C, hasta 15 min.<\/td>\n<\/tr>\n<tr>\n<td width=\"328\">Humedad\/Temperatura de funcionamiento:<\/td>\n<td width=\"309\">-20 a 110\u00b0C, 8 a 95%RH<\/td>\n<\/tr>\n<tr>\n<td width=\"328\">Humedad\/Temperatura-Almacenamiento:<\/td>\n<td width=\"309\">-40 a 110\u00b0C, 8 a 95%RH<\/td>\n<\/tr>\n<\/tbody>\n<\/table>\n<\/div>\n<div class=\"auto-hide-last-sibling-br paragraph_1252f paragraph-element\"><\/div>\n<\/div>\n<div><\/div>\n<div class=\"auto-hide-last-sibling-br paragraph_1252f paragraph-element\">\n<div data-spm-anchor-id=\"a2700.details.0.i57.23b419c7xXORP0\"><span data-spm-anchor-id=\"a2700.details.0.i75.23b419c7xXORP0\"><b>Caracter\u00edstica:<\/b><br \/>\n1) Tecnolog\u00eda UHF para leer cientos de etiquetas simult\u00e1neamente.<br \/>\n2) Distancia de lectura de m\u00e1s de 8 pies.<br \/>\n3) Nuevo dise\u00f1o mec\u00e1nico para mejorar el rendimiento de la ropa plana.<br \/>\n4) Apto para extractores de alta presi\u00f3n hasta 60 bar.<br \/>\n5) Adecuado para esterilizaci\u00f3n en Autoclave.<br \/>\n6) Material peque\u00f1o, suave y flexible ideal para textiles, ropa de cama, prendas y accesorios.<\/span><\/div>\n<\/div>\n<div data-spm-anchor-id=\"a2700.details.0.i57.23b419c7xXORP0\"><\/div>\n<div data-spm-anchor-id=\"a2700.details.0.i57.23b419c7xXORP0\">\n<p><img fetchpriority=\"high\" decoding=\"async\" class=\"wp-image-55\" src=\"https:\/\/rfid-laundry-tag.com\/wp-content\/uploads\/2024\/06\/4-300x275.png\" alt=\"RFID Tag for linen laundry\" width=\"605\" height=\"555\" srcset=\"https:\/\/rfid-laundry-tag.com\/wp-content\/uploads\/2024\/06\/4-300x275.png 300w, https:\/\/rfid-laundry-tag.com\/wp-content\/uploads\/2024\/06\/4-600x550.png 600w, https:\/\/rfid-laundry-tag.com\/wp-content\/uploads\/2024\/06\/4-13x12.png 13w, https:\/\/rfid-laundry-tag.com\/wp-content\/uploads\/2024\/06\/4.png 750w\" sizes=\"(max-width: 605px) 100vw, 605px\" \/><\/p>\n<p><strong>Etiquetas RFID para lavander\u00eda<\/strong> Est\u00e1n dise\u00f1adas para rastrear prendas como ropa de cama y uniformes en entornos como hospitales y hoteles. Por lo general, est\u00e1n hechas con una carcasa de goma blanda, lo que las hace resistentes al agua, los detergentes y las duras condiciones de lavado. Estas etiquetas son muy duraderas, capaces de soportar una presi\u00f3n de hasta 60 bares y sobrevivir a m\u00e1s de 50 ciclos de lavado, lo que garantiza una larga vida \u00fatil incluso con un uso constante.<\/p>\n<p>La funci\u00f3n principal de estas etiquetas es garantizar un seguimiento y una gesti\u00f3n precisos de las prendas, evitando confusiones y garantizando que las prendas se limpien correctamente antes de volver a utilizarlas. Esto es especialmente importante en sectores en los que la higiene y el saneamiento son fundamentales, como la atenci\u00f3n sanitaria y la hosteler\u00eda.<\/p>\n<\/div>\n<h3 class=\"wp-block-heading\">Instalaci\u00f3n<\/h3>\n<p><strong>Etiquetado de puntadas<\/strong>: Para ser cosido en el dobladillo de un textil. Cose la etiqueta de lavander\u00eda lejos de las l\u00edneas de plegado.<br \/>\n<strong>Termosellado<\/strong>: Para termosellar directamente sobre el textil a +200\u00b0C (392\u00b0F), durante 12~14s.<br \/>\n<strong>En bolsa<\/strong>: Para coser como una etiqueta de cuidado est\u00e1ndar. Cose la etiqueta de lavander\u00eda lejos de las l\u00edneas de plegado.<\/p>\n<div class=\"auto-hide-last-sibling-br paragraph_1252f paragraph-element\">\n<div class=\"auto-hide-last-sibling-br paragraph_1252f paragraph-element\">Las etiquetas RFID para lavander\u00eda son indispensables en innumerables industrias, ya que impulsan de manera crucial el seguimiento eficiente de activos, la gesti\u00f3n de inventario y aumentan la eficiencia operativa general. He aqu\u00ed un vistazo a su aplicaci\u00f3n en varios sectores:<\/div>\n<p>&nbsp;<\/p>\n<ul class=\"auto-hide-last-sibling-br\">\n<li>\n<div class=\"auto-hide-last-sibling-br paragraph_1252f paragraph-element\">Atenci\u00f3n sanitaria: los hospitales y otras instalaciones m\u00e9dicas utilizan etiquetas RFID para ropa para gestionar grandes inventarios de ropa de cama, toallas, batas, uniformes y ropa quir\u00fargica. Esto ayuda a minimizar las p\u00e9rdidas, gestionar los ciclos de lavado y garantizar que haya ropa de cama limpia y fresca disponible constantemente seg\u00fan las necesidades.<\/div>\n<\/li>\n<li>\n<div class=\"auto-hide-last-sibling-br paragraph_1252f paragraph-element\">Hoteles: En la industria hotelera, la gesti\u00f3n de la ropa de cama es una tarea colosal, con miles de art\u00edculos como ropa de cama, toallas, cortinas y batas en circulaci\u00f3n. Las etiquetas RFID para ropa ayudan a agilizar esta tarea, garantizando una limpieza y sustituci\u00f3n oportunas y ayudando en la detecci\u00f3n y prevenci\u00f3n de robos.<\/div>\n<\/li>\n<li>\n<div class=\"auto-hide-last-sibling-br paragraph_1252f paragraph-element\">Restaurantes: dentro de la industria de servicios de alimentos, las etiquetas RFID ayudan a monitorear la utilizaci\u00f3n y limpieza de uniformes, manteles, servilletas y delantales de chef. Esto puede mejorar los est\u00e1ndares de limpieza y ayudar a mantener una apariencia ordenada y profesional.<\/div>\n<\/li>\n<li>\n<div class=\"auto-hide-last-sibling-br paragraph_1252f paragraph-element\">Industrias de la moda: en el auge de la moda, las etiquetas RFID desempe\u00f1an un papel importante en el seguimiento de los art\u00edculos a lo largo de la cadena de suministro, desde la producci\u00f3n hasta la exhibici\u00f3n minorista. Pueden ofrecer informaci\u00f3n valiosa como origen, historial de viajes e incluso detalles complejos sobre la tela y las instrucciones de cuidado.<\/div>\n<\/li>\n<li>\n<div class=\"auto-hide-last-sibling-br paragraph_1252f paragraph-element\">Ropa de trabajo\/ropa ign\u00edfuga: las empresas utilizan etiquetas RFID para rastrear y gestionar prendas de vestir especiales. Esto incluye garantizar que la ropa ign\u00edfuga u otra protecci\u00f3n se revise peri\u00f3dicamente, se limpie adecuadamente y se reemplace cuando sea necesario.<\/div>\n<\/li>\n<li>\n<div class=\"auto-hide-last-sibling-br paragraph_1252f paragraph-element\">Calzado y m\u00e1scaras: de gran importancia en industrias como la atenci\u00f3n m\u00e9dica y la construcci\u00f3n, donde la seguridad no puede verse comprometida, el seguimiento del uso, la limpieza y el mantenimiento de art\u00edculos como m\u00e1scaras y zapatos de seguridad se simplifica con el uso de etiquetas RFID.<\/div>\n<\/li>\n<li>\n<div class=\"auto-hide-last-sibling-br paragraph_1252f paragraph-element\">Tapetes y trapeadores: las empresas que brindan servicios de limpieza o administran grandes instalaciones pueden beneficiarse de las etiquetas RFID en tapetes y trapeadores. Podr\u00e1n realizar un seguimiento del uso y el mantenimiento, garantizando herramientas limpias y eficientes en todo momento.<\/div>\n<\/li>\n<\/ul>\n<p style=\"font-weight: 400;\"><span style=\"font-style: inherit; font-weight: inherit;\" data-spm-anchor-id=\"a2700.details.0.i52.7e74253fSAfL7T\">C\u00f3mo <\/span><b><strong style=\"font-style: inherit;\">FUERTE<\/strong><\/b><span style=\"font-style: inherit; font-weight: inherit;\"> ellos son ?<\/span><\/p>\n<p><b><strong>\u2460<\/strong><\/b>.\u00bfSe da\u00f1an los chips RFID con las altas temperaturas?<span style=\"font-style: inherit; font-weight: inherit;\"> \u2013<\/span><b><strong>\u2714 Nuestras etiquetas RFID para lavander\u00eda textil est\u00e1n dise\u00f1adas para usarse a 200 \u00b0C<\/strong><\/b><span style=\"font-style: inherit; font-weight: inherit;\">.<\/span><\/p>\n<p style=\"font-weight: 400;\"><b><strong>\u2461<\/strong><\/b>\u00bfCu\u00e1ntas veces podemos lavar las etiquetas que van adheridas a los productos textiles de los uniformes? <b><strong>\u2013\u2714Nuestra etiqueta de lavander\u00eda textil RFID se puede lavar m\u00e1s de 200 veces con garant\u00eda de 2 a\u00f1os despu\u00e9s del env\u00edo.<\/strong><\/b><\/p>\n<p style=\"font-weight: 400;\"><b><strong>\u2462<\/strong><\/b>\u00bfVamos a gastar uniformes prestigiosos en productos textiles y seguir trabajando en caso de aplastamiento de virutas? <b><strong>\u2013\u2714Dise\u00f1amos nuestra etiqueta textil para lavander\u00eda para soportar 60 bares de presi\u00f3n en el proceso de prensado de sus productos textiles.<\/strong><\/b><\/p>\n<p style=\"font-weight: 400;\"><b><strong>\u2463<\/strong><\/b>\u00bfD\u00f3nde se colocan etiquetas RFID para lavander\u00eda en textiles para uniformes? <b><strong>\u2013 \u2714Las etiquetas RFID para lavander\u00eda textil se instalan de acuerdo a la disponibilidad de los uniformes.<\/strong><\/b><\/p>\n<\/div>","protected":false},"excerpt":{"rendered":"<p><strong>Etiquetas RFID UHF para lavander\u00eda<\/strong> Las etiquetas RFID est\u00e1n dise\u00f1adas para uniformes y est\u00e1n fabricadas para funcionar de manera confiable bajo tratamientos de lavado rigurosos como esterilizaci\u00f3n, lavado a alta temperatura, limpieza, secado y planchado. Estas etiquetas aptas para textiles pueden soportar cientos de ciclos de lavado y, al mismo tiempo, mantener un nivel constante de rendimiento RFID. Incluso despu\u00e9s de repetidos lavados, garantizan atributos excepcionales de seguimiento e inventario, lo que extiende la vida \u00fatil de la ropa de cama, la ropa y otros art\u00edculos textiles.<\/p>","protected":false},"featured_media":133,"template":"","meta":{"_kad_post_transparent":"default","_kad_post_title":"","_kad_post_layout":"default","_kad_post_sidebar_id":"","_kad_post_content_style":"default","_kad_post_vertical_padding":"default","_kad_post_feature":"","_kad_post_feature_position":"","_kad_post_header":false,"_kad_post_footer":false,"_kad_post_classname":""},"product_brand":[],"product_cat":[19,16],"product_tag":[31,65,30],"class_list":{"0":"post-129","1":"product","2":"type-product","3":"status-publish","4":"has-post-thumbnail","6":"product_cat-textile-rfid-laundry-tag","7":"product_cat-uhf-rfid-laundry-tags","8":"product_tag-rfid-tag-for-linen-laundry","9":"product_tag-textile-rfid-laundry-tags","10":"product_tag-uhf-rfid-laundry-tag","12":"first","13":"instock","14":"shipping-taxable","15":"product-type-simple","16":"entry","17":"content-bg","18":"loop-entry"},"_links":{"self":[{"href":"https:\/\/rfid-laundry-tag.com\/es\/wp-json\/wp\/v2\/product\/129","targetHints":{"allow":["GET"]}}],"collection":[{"href":"https:\/\/rfid-laundry-tag.com\/es\/wp-json\/wp\/v2\/product"}],"about":[{"href":"https:\/\/rfid-laundry-tag.com\/es\/wp-json\/wp\/v2\/types\/product"}],"version-history":[{"count":1,"href":"https:\/\/rfid-laundry-tag.com\/es\/wp-json\/wp\/v2\/product\/129\/revisions"}],"predecessor-version":[{"id":2871,"href":"https:\/\/rfid-laundry-tag.com\/es\/wp-json\/wp\/v2\/product\/129\/revisions\/2871"}],"wp:featuredmedia":[{"embeddable":true,"href":"https:\/\/rfid-laundry-tag.com\/es\/wp-json\/wp\/v2\/media\/133"}],"wp:attachment":[{"href":"https:\/\/rfid-laundry-tag.com\/es\/wp-json\/wp\/v2\/media?parent=129"}],"wp:term":[{"taxonomy":"product_brand","embeddable":true,"href":"https:\/\/rfid-laundry-tag.com\/es\/wp-json\/wp\/v2\/product_brand?post=129"},{"taxonomy":"product_cat","embeddable":true,"href":"https:\/\/rfid-laundry-tag.com\/es\/wp-json\/wp\/v2\/product_cat?post=129"},{"taxonomy":"product_tag","embeddable":true,"href":"https:\/\/rfid-laundry-tag.com\/es\/wp-json\/wp\/v2\/product_tag?post=129"}],"curies":[{"name":"wp","href":"https:\/\/api.w.org\/{rel}","templated":true}]}}