{"id":122,"date":"2024-06-12T06:05:12","date_gmt":"2024-06-12T06:05:12","guid":{"rendered":"https:\/\/rfid-laundry-tag.com\/?post_type=product&#038;p=122"},"modified":"2024-06-12T06:05:12","modified_gmt":"2024-06-12T06:05:12","slug":"silicone-washable-rfid-laundry-tag","status":"publish","type":"product","link":"https:\/\/rfid-laundry-tag.com\/es\/silicone-washable-rfid-laundry-tag\/","title":{"rendered":"Etiqueta de lavander\u00eda RFID lavable de silicona"},"content":{"rendered":"<table style=\"font-family: var(--global-body-font-family);\" width=\"537\">\n<tbody>\n<tr>\n<td width=\"228\">Nombre<\/td>\n<td width=\"309\">Etiqueta de lavander\u00eda RFID lavable de silicona<\/td>\n<\/tr>\n<tr>\n<td width=\"228\">Modo<\/td>\n<td width=\"309\">SL-01<\/td>\n<\/tr>\n<tr>\n<td width=\"228\">Material<\/td>\n<td width=\"309\">Silicona<\/td>\n<\/tr>\n<tr>\n<td width=\"228\">Color<\/td>\n<td width=\"309\">Blanco (o personalizado)<\/td>\n<\/tr>\n<tr>\n<td width=\"228\">Tama\u00f1o<\/td>\n<td width=\"309\">55 mm * 12 mm, 2,5 mm de espesor<\/td>\n<\/tr>\n<tr>\n<td width=\"228\">Chip<\/td>\n<td width=\"309\">915Mhz NXP U c\u00f3digo 9, Alien H3, H9, etc.<\/td>\n<\/tr>\n<tr>\n<td width=\"228\">Temperatura de trabajo<\/td>\n<td width=\"309\">\u2013 25\u00baC a +75\u00baC<\/td>\n<\/tr>\n<tr>\n<td width=\"228\">Ciclo de lavado<\/td>\n<td width=\"309\">200 veces<\/td>\n<\/tr>\n<tr>\n<td width=\"228\">Impermeable<\/td>\n<td width=\"309\">S\u00ed<\/td>\n<\/tr>\n<tr>\n<td width=\"228\">Resistencia qu\u00edmica<\/td>\n<td width=\"309\">S\u00ed<\/td>\n<\/tr>\n<\/tbody>\n<\/table>\n<p data-spm-anchor-id=\"a2700.details.0.i116.60201a70jOXdOd\">\n<p data-spm-anchor-id=\"a2700.details.0.i116.60201a70jOXdOd\"><strong>Solicitud :<\/strong><\/p>\n<ul>\n<li>Gesti\u00f3n de seguimiento de ropa de cama de hotel<\/li>\n<li>F\u00e1brica\/almac\u00e9n\/hotel\/hospital\/parque de atracciones<\/li>\n<li data-spm-anchor-id=\"a2700.details.0.i115.60201a70jOXdOd\"><span data-spm-anchor-id=\"a2700.details.0.i120.60201a70jOXdOd\">uniformes hospitalarios<\/span><\/li>\n<li data-spm-anchor-id=\"a2700.details.0.i118.60201a70jOXdOd\">Ropa de cama\/ Palets\/ Bolsas de lona<\/li>\n<li>Tintorer\u00eda<\/li>\n<li>Uso en s\u00e1banas de hotel\/ Adjunto a textil\/Ropa de trabajo.<\/li>\n<li>F\u00e1brica de prendas de vestir, F\u00e1brica de tejidos.<\/li>\n<\/ul>\n<p>&nbsp;<\/p>","protected":false},"excerpt":{"rendered":"<p>La etiqueta de silicona RFID para lavander\u00eda representa tecnolog\u00eda de punta para el monitoreo autom\u00e1tico y la gesti\u00f3n de inventario en las operaciones de lavander\u00eda. Estas etiquetas RFID, delgadas, flexibles y suaves, est\u00e1n dise\u00f1adas para ser resistentes a productos qu\u00edmicos, calor y presiones f\u00edsicas. Equipados con transpondedores RFID robustos, est\u00e1n dise\u00f1ados para soportar m\u00e1s de 200 lavados de tambor y ciclos de secado con calor, sin mencionar la limpieza y el planchado. Normalmente utilizadas en el seguimiento de lavander\u00eda a gran escala, nuestras etiquetas de silicona RFID para lavander\u00eda se pueden incorporar sin esfuerzo en una amplia variedad de materiales textiles, como ropa de cama, blusas, toallas y vestimenta m\u00e9dica.<\/p>","protected":false},"featured_media":123,"template":"","meta":{"_kad_post_transparent":"default","_kad_post_title":"","_kad_post_layout":"default","_kad_post_sidebar_id":"","_kad_post_content_style":"default","_kad_post_vertical_padding":"default","_kad_post_feature":"","_kad_post_feature_position":"","_kad_post_header":false,"_kad_post_footer":false,"_kad_post_classname":""},"product_brand":[],"product_cat":[20],"product_tag":[62,61],"class_list":{"0":"post-122","1":"product","2":"type-product","3":"status-publish","4":"has-post-thumbnail","6":"product_cat-silicone-rfid-laundry-tag","7":"product_tag-silicone-rfid-laundry-tag","8":"product_tag-silicone-washable-rfid-laundry-tag","10":"first","11":"instock","12":"shipping-taxable","13":"product-type-simple","14":"entry","15":"content-bg","16":"loop-entry"},"_links":{"self":[{"href":"https:\/\/rfid-laundry-tag.com\/es\/wp-json\/wp\/v2\/product\/122","targetHints":{"allow":["GET"]}}],"collection":[{"href":"https:\/\/rfid-laundry-tag.com\/es\/wp-json\/wp\/v2\/product"}],"about":[{"href":"https:\/\/rfid-laundry-tag.com\/es\/wp-json\/wp\/v2\/types\/product"}],"version-history":[{"count":0,"href":"https:\/\/rfid-laundry-tag.com\/es\/wp-json\/wp\/v2\/product\/122\/revisions"}],"wp:featuredmedia":[{"embeddable":true,"href":"https:\/\/rfid-laundry-tag.com\/es\/wp-json\/wp\/v2\/media\/123"}],"wp:attachment":[{"href":"https:\/\/rfid-laundry-tag.com\/es\/wp-json\/wp\/v2\/media?parent=122"}],"wp:term":[{"taxonomy":"product_brand","embeddable":true,"href":"https:\/\/rfid-laundry-tag.com\/es\/wp-json\/wp\/v2\/product_brand?post=122"},{"taxonomy":"product_cat","embeddable":true,"href":"https:\/\/rfid-laundry-tag.com\/es\/wp-json\/wp\/v2\/product_cat?post=122"},{"taxonomy":"product_tag","embeddable":true,"href":"https:\/\/rfid-laundry-tag.com\/es\/wp-json\/wp\/v2\/product_tag?post=122"}],"curies":[{"name":"wp","href":"https:\/\/api.w.org\/{rel}","templated":true}]}}