{"id":120,"date":"2024-06-12T05:14:47","date_gmt":"2024-06-12T05:14:47","guid":{"rendered":"https:\/\/rfid-laundry-tag.com\/?post_type=product&#038;p=120"},"modified":"2024-06-12T06:14:46","modified_gmt":"2024-06-12T06:14:46","slug":"pps-13-56mhz-rfid-laundry-clothes-tag","status":"publish","type":"product","link":"https:\/\/rfid-laundry-tag.com\/es\/pps-13-56mhz-rfid-laundry-clothes-tag\/","title":{"rendered":"Etiqueta de ropa de lavander\u00eda PPS 13,56 MHZ RFID"},"content":{"rendered":"<div class=\"J_module\">\n<div class=\"ife-detail-decorate-table\">\n<table class=\"has-title all magic-6\">\n<tbody>\n<tr>\n<td colspan=\"1\" rowspan=\"1\">\n<div class=\"magic-7\" data-spm-anchor-id=\"a2700.details.0.i45.77607d98vZbcDU\"><span class=\"magic-8\" style=\"color: #363535;\">Nombre del \u00e1rticulo<\/span><\/div>\n<\/td>\n<td colspan=\"1\" rowspan=\"1\">\n<div class=\"magic-9\">Etiqueta de ropa de lavander\u00eda PPS 13,56 MHZ RFID<\/div>\n<\/td>\n<\/tr>\n<tr>\n<td colspan=\"1\" rowspan=\"1\">\n<div class=\"magic-7\"><span class=\"magic-10\" data-spm-anchor-id=\"a2700.pc-decorate.0.i10.28d333330XLbTD\"><span class=\"magic-8\">Material<\/span><\/span><\/div>\n<\/td>\n<td colspan=\"1\" rowspan=\"1\">\n<div class=\"magic-9\"><span class=\"magic-8\">PPP<\/span><\/div>\n<\/td>\n<\/tr>\n<tr>\n<td colspan=\"1\" rowspan=\"1\">\n<div class=\"magic-7\"><span class=\"magic-8\">Color<\/span><\/div>\n<\/td>\n<td colspan=\"1\" rowspan=\"1\">\n<div class=\"magic-9\"><span class=\"magic-8\">Negro, etc.<\/span><\/div>\n<\/td>\n<\/tr>\n<tr>\n<td colspan=\"1\" rowspan=\"1\">Cantidad m\u00ednima de pedido<\/td>\n<td colspan=\"1\" rowspan=\"1\">500 piezas<\/td>\n<\/tr>\n<tr>\n<td colspan=\"1\" rowspan=\"1\">\n<div class=\"magic-7\"><span class=\"magic-8\">Fabricante\/chip<\/span><\/div>\n<\/td>\n<td colspan=\"1\" rowspan=\"1\">\n<div class=\"magic-9\"><span class=\"magic-8\">ISO15693: C\u00f3digo NXP I Slix; ISO14443A: Ntag213, Ntag215, Ntag216, Mifare ultraligero ev1, etc.<\/span><\/div>\n<\/td>\n<\/tr>\n<tr>\n<td colspan=\"1\" rowspan=\"1\">\n<div class=\"magic-7\"><span class=\"magic-8\">Frecuencia<\/span><\/div>\n<\/td>\n<td colspan=\"1\" rowspan=\"1\">\n<div class=\"magic-9\"><span class=\"magic-8\">13,56MHz<\/span><\/div>\n<\/td>\n<\/tr>\n<tr>\n<td colspan=\"1\" rowspan=\"1\">\n<div class=\"magic-7\"><span class=\"magic-8\">Memoria<\/span><\/div>\n<\/td>\n<td colspan=\"1\" rowspan=\"1\">\n<div class=\"magic-9\"><span class=\"magic-8\">El c\u00f3digo Slix de NXP I es de 1 kbyte; Memoria del otro chip: 144 bytes, 504 bytes, 888 bytes, 64 bytes, etc.<\/span><\/div>\n<\/td>\n<\/tr>\n<tr>\n<td colspan=\"1\" rowspan=\"1\">\n<div class=\"magic-7\"><span class=\"magic-8\">Leer distancia<\/span><\/div>\n<\/td>\n<td colspan=\"1\" rowspan=\"1\">\n<div class=\"magic-9\"><span class=\"magic-8\">1~5cm<\/span><\/div>\n<\/td>\n<\/tr>\n<tr>\n<td colspan=\"1\" rowspan=\"1\">\n<div class=\"magic-7\"><span class=\"magic-8\">Modo de trabajo<\/span><\/div>\n<\/td>\n<td colspan=\"1\" rowspan=\"1\">\n<div class=\"magic-9\"><span class=\"magic-8\">pasivo<\/span><\/div>\n<\/td>\n<\/tr>\n<tr>\n<td colspan=\"1\" rowspan=\"1\">\n<div class=\"magic-7\"><span class=\"magic-8\">Temperatura de trabajo<\/span><\/div>\n<\/td>\n<td colspan=\"1\" rowspan=\"1\">\n<div class=\"magic-9\"><span class=\"magic-8\">-25\u2103~+110\u2103<\/span><\/div>\n<\/td>\n<\/tr>\n<tr>\n<td colspan=\"1\" rowspan=\"1\">\n<div class=\"magic-7\"><span class=\"magic-8\">Temperatura de almacenamiento<\/span><\/div>\n<\/td>\n<td colspan=\"1\" rowspan=\"1\">\n<div class=\"magic-9\"><span class=\"magic-8\">-40\u2103~+85\u2103<\/span><\/div>\n<\/td>\n<\/tr>\n<tr>\n<td colspan=\"1\" rowspan=\"1\">\n<div class=\"magic-7\">\n<div><span class=\"magic-8\">\u00a0<\/span><\/div>\n<p><span class=\"magic-8\">Resistencia a la temperatura a corto plazo<\/span><\/p>\n<\/div>\n<\/td>\n<td colspan=\"1\" rowspan=\"1\">\n<div class=\"magic-9\"><span class=\"magic-8\">lavado: 90 \u2103, 15 minutos; presecado del convertidor: 180 \u2103, 30 minutos, 200 veces; planchado: 180 \u2103, 10 segundos, 200 veces; alto<br \/>\nesterilizaci\u00f3n a temperatura: 135 \u2103, 20 minutos<\/span><\/div>\n<\/td>\n<\/tr>\n<tr>\n<td colspan=\"1\" rowspan=\"1\">\n<div class=\"magic-7\"><span class=\"magic-8\">Caracter\u00edsticas<\/span><\/div>\n<\/td>\n<td colspan=\"1\" rowspan=\"1\">\n<div class=\"magic-9\"><span class=\"magic-8\">resistente al agua, lavable, resistente a altas temperaturas<\/span><\/div>\n<\/td>\n<\/tr>\n<tr>\n<td colspan=\"1\" rowspan=\"1\">\n<div class=\"magic-7\">Protocolo<\/div>\n<\/td>\n<td colspan=\"1\" rowspan=\"1\">\n<div class=\"magic-9\"><span class=\"magic-8\">ISO14443A\/15693<\/span><\/div>\n<\/td>\n<\/tr>\n<tr>\n<td colspan=\"1\" rowspan=\"1\">\n<div class=\"magic-7\"><span class=\"magic-8\">Aplicaciones<\/span><\/div>\n<\/td>\n<td colspan=\"1\" rowspan=\"1\">\n<div class=\"magic-9\"><span class=\"magic-8\">gesti\u00f3n y seguimiento de lavander\u00eda<\/span><\/div>\n<\/td>\n<\/tr>\n<\/tbody>\n<\/table>\n<\/div>\n<\/div>\n<div class=\"J_module\">\n<div class=\"detail-decorate-json-renderer-container\">\n<div class=\"magic-1\">\n<div class=\"magic-2\">\n<div class=\"auto-hide-last-sibling-br paragraph_1252f paragraph-element\">\n<div class=\"auto-hide-last-sibling-br paragraph_1252f paragraph-element\"><\/div>\n<div class=\"auto-hide-last-sibling-br paragraph_1252f paragraph-element\">\n<p><b>Solicitud\u00a0<\/b><br \/>\n\u2013 Lavado industrial.<br \/>\n\u2013 Gesti\u00f3n de uniformes.<br \/>\n\u2013 Gesti\u00f3n de indumentaria m\u00e9dica.<br \/>\n\u2013 Gesti\u00f3n de prendas EPI.<br \/>\n\u2013 Gesti\u00f3n de patrullas de personal.<br \/>\n\u2013 Gesti\u00f3n de equipos contra incendios.<br \/>\n\u2013 Gesti\u00f3n de material de esqu\u00ed.<\/p>\n<\/div>\n<div><\/div>\n<\/div>\n<\/div>\n<div>\n<p>El <strong>ICODE SLIX IC<\/strong> es un chip dedicado para aplicaciones de etiquetas inteligentes como bibliotecas, autenticaci\u00f3n de productos en diferentes industrias como la farmac\u00e9utica, de dispositivos m\u00e9dicos y de alcohol, as\u00ed como para la gesti\u00f3n de producci\u00f3n en diferentes \u00e1reas de la industria. Este IC es la tercera generaci\u00f3n de una familia de productos de IC de etiquetas inteligentes basados en las normas ISO ISO\/IEC 15693 e ISO\/IEC 18000-3, lo que prolonga la exitosa historia de NXP.<sup>\u00ae<\/sup>\u00a0en el \u00e1mbito de los sistemas de identificaci\u00f3n de proximidades.<\/p>\n<h3>Transferencia de energ\u00eda y datos sin contacto<\/h3>\n<p>Siempre que se conecte a un tipo de antena muy simple y f\u00e1cil de producir (como resultado de la frecuencia portadora de 13,56 MHz) hecha de unos pocos devanados impresos, enrollados, grabados o perforados, el ICODE SLIX IC puede funcionar sin l\u00ednea de visi\u00f3n hasta una distancia de 1,5 m (ancho de la puerta). No se necesita bater\u00eda. Cuando la etiqueta inteligente se coloca en el campo de una antena interrogadora, la interfaz de comunicaci\u00f3n RF de alta velocidad permite transmitir datos a una velocidad de hasta 53 kbit\/s.<\/p>\n<h3>Anti choques<\/h3>\n<p>Una funci\u00f3n anticolisi\u00f3n inteligente permite que varias etiquetas funcionen en el campo simult\u00e1neamente. El algoritmo anticolisi\u00f3n selecciona cada etiqueta individualmente y garantiza que la ejecuci\u00f3n de una transacci\u00f3n con una etiqueta seleccionada se realice correctamente sin que otras etiquetas en el campo da\u00f1en los datos.<\/p>\n<h3>Caracter\u00edsticas<\/h3>\n<div id=\"featuresXsp\" class=\"features-list\">\n<div class=\"features-xsp\">\n<div class=\"collapse-mobile ste-list\">\n<h3>Interfaz ICODE SLIX RF (ISO\/IEC 15693)<\/h3>\n<ul class=\"boxes\">\n<li>Transmisi\u00f3n de datos y suministro de energ\u00eda sin contacto (no se necesita bater\u00eda)<\/li>\n<li>Distancia de funcionamiento: hasta 1,5 m (dependiendo de la geometr\u00eda de la antena)<\/li>\n<li>Frecuencia de funcionamiento: 13,56 MHz (ISM, licencia mundial disponible gratuitamente)<\/li>\n<li>Transferencia de datos r\u00e1pida: hasta 53 kbit\/s<\/li>\n<li>Alta integridad de datos: CRC de 16 bits, encuadre<\/li>\n<li>Verdadero anticolisi\u00f3n<\/li>\n<li>Vigilancia electr\u00f3nica de art\u00edculos (EAS) protegida con contrase\u00f1a<\/li>\n<li>Identificador de familia de aplicaciones (AFI) protegido con contrase\u00f1a<\/li>\n<li>Identificador de formato de almacenamiento de datos (DSFID)<\/li>\n<li>Lectura anticolisi\u00f3n r\u00e1pida adicional<\/li>\n<li>Distancia de escritura igual a distancia de lectura<\/li>\n<\/ul>\n<\/div>\n<div class=\"collapse-mobile ste-list\">\n<h3>EEPROM<\/h3>\n<ul class=\"boxes\">\n<li>1024 bits, organizados en 32 bloques de 4 bytes cada uno<\/li>\n<li>50 a\u00f1os de retenci\u00f3n de datos<\/li>\n<li>Escribir resistencia de 100000 ciclos.<\/li>\n<\/ul>\n<\/div>\n<div class=\"collapse-mobile ste-list\">\n<h3>Seguridad<\/h3>\n<ul class=\"boxes\">\n<li>Identificador \u00fanico para cada dispositivo<\/li>\n<li>Mecanismo de bloqueo para cada bloque de memoria del usuario (protecci\u00f3n contra escritura)<\/li>\n<li>Mecanismo de bloqueo para DSFID, AFI, EAS<\/li>\n<li>Funcionalidad EAS y AFI protegida por contrase\u00f1a (32 bits)<\/li>\n<\/ul>\n<h1 id=\"hero-title\" class=\"sp-hero-title\">NTAG<sup>\u00ae<\/sup>\u00a0213\/215\/216: IC compatible con etiqueta NFC Forum tipo 2 con memoria de usuario de 144\/504\/888 bytes<\/h1>\n<\/div>\n<\/div>\n<\/div>\n<\/div>\n<div class=\"magic-2\">\n<div class=\"auto-hide-last-sibling-br paragraph_1252f paragraph-element\">\n<p>NTAG 213, NTAG 215 y NTAG 216 han sido desarrollados por NXP<sup>\u00ae<\/sup>\u00a0Semiconductores como circuitos integrados de etiquetas NFC est\u00e1ndar para su uso en aplicaciones del mercado masivo, como comercio minorista, juegos y electr\u00f3nica de consumo, en combinaci\u00f3n con dispositivos NFC o dispositivos de acoplamiento de proximidad compatibles con NFC. NTAG 213, NTAG 215 y NTAG 216 (de ahora en adelante, generalmente llamado NTAG 21x) est\u00e1n dise\u00f1ados para cumplir plenamente con las especificaciones NFC Forum Type 2 Tag e ISO\/IEC14443 Type A.<\/p>\n<p>Las aplicaciones de destino incluyen publicidad inteligente en medios impresos y exteriores, aplicaciones SoLoMo, autenticaci\u00f3n de productos, etiquetas NFC para estantes y etiquetas complementarias m\u00f3viles.<\/p>\n<p>Los casos de uso objetivo incluyen publicidad inteligente fuera del hogar, autenticaci\u00f3n de productos, etiquetas complementarias m\u00f3viles y Bluetooth.<sup>\u00ae<\/sup>\u00a0o emparejamiento Wi-Fi, etiquetas electr\u00f3nicas para estantes y tarjetas de presentaci\u00f3n. La memoria NTAG 21x tambi\u00e9n se puede segmentar para implementar m\u00faltiples aplicaciones al mismo tiempo.<\/p>\n<p>Gracias a la alta capacitancia de entrada, los circuitos integrados de etiquetas NTAG 21x est\u00e1n especialmente dise\u00f1ados para aplicaciones que requieren espacios reducidos, sin comprometer el rendimiento. Las peque\u00f1as etiquetas NFC se pueden incrustar m\u00e1s f\u00e1cilmente, por ejemplo, en etiquetas de productos o dispositivos electr\u00f3nicos.<\/p>\n<p>Las especificaciones mec\u00e1nicas y el\u00e9ctricas de NTAG 21x est\u00e1n dise\u00f1adas para cumplir con los requisitos de los fabricantes de incrustaciones y etiquetas.<\/p>\n<h3>Transferencia de energ\u00eda y datos sin contacto<\/h3>\n<p>La comunicaci\u00f3n con NTAG 21x solo se puede establecer cuando el IC est\u00e1 conectado a una antena.<\/p>\n<p>Cuando NTAG 21x se coloca en el campo RF, la interfaz de comunicaci\u00f3n RF de alta velocidad permite la transmisi\u00f3n de datos con una velocidad de baudios de 106 kbit\/s.<\/p>\n<h3>Implementaci\u00f3n sencilla y comodidad para el usuario<\/h3>\n<p>NTAG 21x ofrece funciones espec\u00edficas dise\u00f1adas para mejorar la integraci\u00f3n y la comodidad del usuario:<\/p>\n<ul>\n<li>La capacidad de lectura r\u00e1pida permite escanear el mensaje NDEF completo con un solo comando FAST_READ, lo que reduce la sobrecarga en entornos de producci\u00f3n de alto rendimiento.<\/li>\n<li>El rendimiento de RF mejorado permite una mayor flexibilidad en la elecci\u00f3n de forma, dimensi\u00f3n y materiales.<\/li>\n<li>La opci\u00f3n de un espesor de CI de 75 \u03bcm permite la fabricaci\u00f3n de etiquetas ultrafinas para una integraci\u00f3n m\u00e1s c\u00f3moda, por ejemplo, en revistas o tarjetas de juego.<\/li>\n<\/ul>\n<h3>Seguridad<\/h3>\n<ul>\n<li>UID de 7 bytes programado por el fabricante para cada dispositivo<\/li>\n<li>Contenedor de capacidad preprogramado con bits programables una sola vez<\/li>\n<li>Funci\u00f3n de bloqueo de solo lectura programable en campo<\/li>\n<li>Firma de originalidad basada en ECC<\/li>\n<li>Protecci\u00f3n con contrase\u00f1a de 32 bits para evitar operaciones de memoria no autorizadas<\/li>\n<\/ul>\n<h3>Cumplimiento del tipo de etiqueta 2 del foro NFC<\/h3>\n<p>NTAG 21x IC proporciona total conformidad con la especificaci\u00f3n t\u00e9cnica NFC Forum Tag 2 Type y permite configuraciones de estructura de datos NDEF.<\/p>\n<h3>Anti choques<\/h3>\n<p>Una funci\u00f3n anticolisi\u00f3n inteligente permite operar m\u00e1s de una etiqueta en el campo simult\u00e1neamente. El algoritmo anticolisi\u00f3n selecciona cada etiqueta individualmente y garantiza que la ejecuci\u00f3n de una transacci\u00f3n con una etiqueta seleccionada se realice correctamente sin interferencia de otra etiqueta en el campo.<\/p>\n<div class=\"auto-hide-last-sibling-br paragraph_1252f paragraph-element\"><\/div>\n<div class=\"auto-hide-last-sibling-br paragraph_1252f paragraph-element\"><\/div>\n<\/div>\n<\/div>\n<\/div>\n<\/div>\n<\/div>","protected":false},"excerpt":{"rendered":"<p>Las etiquetas RFID para ropa de lavander\u00eda PPS de 13,56 MHz est\u00e1n ingeniosamente dise\u00f1adas para integrarse o fijarse en ropa de cama, toallas y trajes o uniformes m\u00e9dicos principales que requieren una etiqueta RFID resistente pero de peque\u00f1o di\u00e1metro. La etiqueta cuenta con una construcci\u00f3n de epoxi PPS + que garantiza resistencia bajo condiciones de presi\u00f3n intensa y alta temperatura, lo que la hace especialmente resistente para industrias rigurosas. Adem\u00e1s, ofrecemos etiquetas equipadas con chips de memoria NFC ISO 15693 y 14443, lo que las hace adaptables a una variedad de necesidades.<\/p>","protected":false},"featured_media":121,"template":"","meta":{"_kad_post_transparent":"default","_kad_post_title":"","_kad_post_layout":"default","_kad_post_sidebar_id":"","_kad_post_content_style":"default","_kad_post_vertical_padding":"default","_kad_post_feature":"","_kad_post_feature_position":"","_kad_post_header":false,"_kad_post_footer":false,"_kad_post_classname":""},"product_brand":[],"product_cat":[21,17,53],"product_tag":[39,60,57,45],"class_list":{"0":"post-120","1":"product","2":"type-product","3":"status-publish","4":"has-post-thumbnail","6":"product_cat-pps-rfid-laundry-tag","7":"product_cat-nfc-rfid-laundry-tag","8":"product_cat-rfid-clothes-tag","9":"product_tag-nfc-laundry-tag","10":"product_tag-pps-13-56mhz-rfid-laundry-clothes-tag","11":"product_tag-pps-rfid-laundry-tags","12":"product_tag-pps-washable-nfc-tags","14":"first","15":"instock","16":"shipping-taxable","17":"product-type-simple","18":"entry","19":"content-bg","20":"loop-entry"},"_links":{"self":[{"href":"https:\/\/rfid-laundry-tag.com\/es\/wp-json\/wp\/v2\/product\/120","targetHints":{"allow":["GET"]}}],"collection":[{"href":"https:\/\/rfid-laundry-tag.com\/es\/wp-json\/wp\/v2\/product"}],"about":[{"href":"https:\/\/rfid-laundry-tag.com\/es\/wp-json\/wp\/v2\/types\/product"}],"version-history":[{"count":0,"href":"https:\/\/rfid-laundry-tag.com\/es\/wp-json\/wp\/v2\/product\/120\/revisions"}],"wp:featuredmedia":[{"embeddable":true,"href":"https:\/\/rfid-laundry-tag.com\/es\/wp-json\/wp\/v2\/media\/121"}],"wp:attachment":[{"href":"https:\/\/rfid-laundry-tag.com\/es\/wp-json\/wp\/v2\/media?parent=120"}],"wp:term":[{"taxonomy":"product_brand","embeddable":true,"href":"https:\/\/rfid-laundry-tag.com\/es\/wp-json\/wp\/v2\/product_brand?post=120"},{"taxonomy":"product_cat","embeddable":true,"href":"https:\/\/rfid-laundry-tag.com\/es\/wp-json\/wp\/v2\/product_cat?post=120"},{"taxonomy":"product_tag","embeddable":true,"href":"https:\/\/rfid-laundry-tag.com\/es\/wp-json\/wp\/v2\/product_tag?post=120"}],"curies":[{"name":"wp","href":"https:\/\/api.w.org\/{rel}","templated":true}]}}