{"id":117,"date":"2024-06-12T05:06:31","date_gmt":"2024-06-12T05:06:31","guid":{"rendered":"https:\/\/rfid-laundry-tag.com\/?post_type=product&#038;p=117"},"modified":"2024-08-14T16:49:35","modified_gmt":"2024-08-14T16:49:35","slug":"rfid-laundry-tag-pps-em4305","status":"publish","type":"product","link":"https:\/\/rfid-laundry-tag.com\/es\/rfid-laundry-tag-pps-em4305\/","title":{"rendered":"Etiqueta RFID para lavander\u00eda -PPS-EM4305"},"content":{"rendered":"<div class=\"J_module\">\n<div class=\"ife-detail-decorate-table\">\n<table style=\"border-collapse: collapse; width: 451.23pt;\" border=\"0\" width=\"752\" cellspacing=\"0\" cellpadding=\"0\">\n<tbody>\n<tr style=\"height: 28.00pt;\">\n<td class=\"et2\" style=\"height: 28.00pt; width: 138.60pt;\" width=\"231\" height=\"46\">Nombre del \u00e1rticulo<\/td>\n<td class=\"et3\" style=\"width: 312.60pt;\" width=\"521\">Etiqueta RFID para lavander\u00eda -PPS-EM4305<\/td>\n<\/tr>\n<tr style=\"height: 14.40pt;\">\n<td class=\"et3\" style=\"height: 14.40pt; width: 138.60pt;\" width=\"231\" height=\"24\">Material<\/td>\n<td class=\"et3\" style=\"width: 312.60pt;\" width=\"521\">PPP<\/td>\n<\/tr>\n<tr style=\"height: 14.40pt;\">\n<td class=\"et3\" style=\"height: 14.40pt; width: 138.60pt;\" width=\"231\" height=\"24\">Color<\/td>\n<td class=\"et3\" style=\"width: 312.60pt;\" width=\"521\">Negro<\/td>\n<\/tr>\n<tr style=\"height: 14.40pt;\">\n<td class=\"et3\" style=\"height: 14.40pt; width: 138.60pt;\" width=\"231\" height=\"24\">Cantidad m\u00ednima de pedido<\/td>\n<td class=\"et3\" style=\"width: 312.60pt;\" width=\"521\">500 piezas<\/td>\n<\/tr>\n<tr style=\"height: 42.00pt;\">\n<td class=\"et3\" style=\"height: 42.00pt; width: 138.60pt;\" width=\"231\" height=\"70\">Fabricante\/chip<\/td>\n<td class=\"et3\" style=\"width: 312.60pt;\" width=\"521\">EM4200, TK4100, EM4305, T5577, etc.<\/td>\n<\/tr>\n<tr style=\"height: 14.40pt;\">\n<td class=\"et3\" style=\"height: 14.40pt; width: 138.60pt;\" width=\"231\" height=\"24\">Frecuencia<\/td>\n<td class=\"et3\" style=\"width: 312.60pt;\" width=\"521\">125 kHz<\/td>\n<\/tr>\n<tr style=\"height: 70.00pt;\">\n<td class=\"et3\" style=\"height: 70.00pt; width: 138.60pt;\" width=\"231\" height=\"116\">Tama\u00f1o<\/td>\n<td class=\"et3\" style=\"width: 312.60pt;\" width=\"521\">Di\u00e1metro 14 mm, di\u00e1metro 15 mm, di\u00e1metro 18 mm, di\u00e1metro 20 mm,<\/p>\n<p>Dia22mm, Dia24mm, Dia30mm, etc.<\/td>\n<\/tr>\n<tr style=\"height: 14.40pt;\">\n<td class=\"et3\" style=\"height: 14.40pt; width: 138.60pt;\" width=\"231\" height=\"24\">Leer distancia<\/td>\n<td class=\"et3\" style=\"width: 312.60pt;\" width=\"521\">1~5cm<\/td>\n<\/tr>\n<tr style=\"height: 14.40pt;\">\n<td class=\"et3\" style=\"height: 14.40pt; width: 138.60pt;\" width=\"231\" height=\"24\">Modo de trabajo<\/td>\n<td class=\"et3\" style=\"width: 312.60pt;\" width=\"521\">pasivo<\/td>\n<\/tr>\n<tr style=\"height: 14.40pt;\">\n<td class=\"et3\" style=\"height: 14.40pt; width: 138.60pt;\" width=\"231\" height=\"24\">Temperatura de trabajo<\/td>\n<td class=\"et3\" style=\"width: 312.60pt;\" width=\"521\">-25<span class=\"font0\">\u2103<\/span><span class=\"font2\">~+110<\/span><span class=\"font0\">\u2103<\/span><\/td>\n<\/tr>\n<tr style=\"height: 14.40pt;\">\n<td class=\"et3\" style=\"height: 14.40pt; width: 138.60pt;\" width=\"231\" height=\"24\">Temperatura de almacenamiento<\/td>\n<td class=\"et3\" style=\"width: 312.60pt;\" width=\"521\">-40<span class=\"font0\">\u2103<\/span><span class=\"font2\">~+85<\/span><span class=\"font0\">\u2103<\/span><\/td>\n<\/tr>\n<tr style=\"height: 73.00pt;\">\n<td class=\"et4\" style=\"height: 73.00pt;\" height=\"121\">Especificaciones de funcionamiento<\/td>\n<td class=\"et3\" style=\"width: 312.60pt;\" width=\"521\">Impermeable; resistente a la inmersi\u00f3n en agua salada, alcohol, aceite, 10%HCL; Amon\u00edaco; choque y vibraci\u00f3n<\/td>\n<\/tr>\n<tr style=\"height: 14.40pt;\">\n<td class=\"et3\" style=\"height: 14.40pt; width: 138.60pt;\" width=\"231\" height=\"24\">Caracter\u00edsticas<\/td>\n<td class=\"et3\" style=\"width: 312.60pt;\" width=\"521\">resistente al agua, lavable, resistente a altas temperaturas<\/td>\n<\/tr>\n<tr style=\"height: 14.40pt;\">\n<td class=\"et3\" style=\"height: 14.40pt; width: 138.60pt;\" width=\"231\" height=\"24\">Aplicaciones<\/td>\n<td class=\"et3\" style=\"width: 312.60pt;\" width=\"521\">gesti\u00f3n y seguimiento de lavander\u00eda<\/td>\n<\/tr>\n<\/tbody>\n<\/table>\n<\/div>\n<\/div>\n<div class=\"J_module\">\n<div class=\"detail-decorate-json-renderer-container\">\n<div class=\"magic-1\">\n<div>\n<div><\/div>\n<\/div>\n<div class=\"magic-2\">\n<div>\n<div class=\"auto-hide-last-sibling-br paragraph_1252f paragraph-element\">\n<div class=\"auto-hide-last-sibling-br paragraph_1252f paragraph-element\"><strong>Etiquetas de lavander\u00eda RFID PPS de 125 kHz<\/strong> ofrecen numerosos beneficios cuando se integran en soluciones de etiquetas RFID para lavander\u00eda.<\/div>\n<div class=\"auto-hide-last-sibling-br paragraph_1252f paragraph-element\">Entre estos beneficios se encuentran:<\/div>\n<ol class=\"auto-hide-last-sibling-br\">\n<li>Los precios directos de f\u00e1brica garantizan soluciones rentables.<\/li>\n<li>Calidad garantizada, con pruebas 100% realizadas antes del env\u00edo.<\/li>\n<li>Fiabilidad duradera, certificada para superar los 200 ciclos de lavado o con una garant\u00eda de vida \u00fatil de 2 a\u00f1os despu\u00e9s del env\u00edo.<\/li>\n<li>Durabilidad excepcional, con resistencia al agua, calor, presi\u00f3n y exposici\u00f3n qu\u00edmica.<\/li>\n<li>Tambi\u00e9n proporcionamos una muestra gratuita para pruebas y control de calidad.<\/li>\n<\/ol>\n<div class=\"auto-hide-last-sibling-br paragraph_1252f paragraph-element\"><strong>Etiqueta RFID para lavander\u00eda -PPS-EM4305 Aplicaciones:<\/strong><\/div>\n<ol class=\"auto-hide-last-sibling-br\">\n<li>\n<div class=\"auto-hide-last-sibling-br paragraph_1252f paragraph-element\">Lavander\u00edas industriales: en el \u00e1mbito industrial, el uso de botones de etiquetas de lavander\u00eda RFID facilita el seguimiento de cantidades masivas de ropa.<\/div>\n<\/li>\n<li>\n<div class=\"auto-hide-last-sibling-br paragraph_1252f paragraph-element\">Hospitales y hoteles: estas instituciones a menudo manejan tareas de lavander\u00eda de gran volumen donde estas etiquetas han demostrado ser esenciales para mejorar la eficiencia y agilizar la gesti\u00f3n de inventario.<\/div>\n<\/li>\n<li>\n<div class=\"auto-hide-last-sibling-br paragraph_1252f paragraph-element\">Alquiler de ropa blanca: las empresas que ofrecen servicios de alquiler de ropa blanca adoptan estas etiquetas para ayudar a simplificar la gesti\u00f3n de inventario y garantizar el control de calidad.<\/div>\n<\/li>\n<\/ol>\n<\/div>\n<\/div>\n<\/div>\n<\/div>\n<\/div>\n<\/div>","protected":false},"excerpt":{"rendered":"<div class=\"auto-hide-last-sibling-br paragraph_1252f paragraph-element\">La etiqueta RFID para lavander\u00eda PPS EM4305 est\u00e1 dise\u00f1ada para soportar la inmersi\u00f3n en agua, el contacto con el calor, el estr\u00e9s y la exposici\u00f3n a sustancias qu\u00edmicas, lo que la hace adecuada para circunstancias exigentes. Estas etiquetas se utilizan principalmente en el seguimiento y la validaci\u00f3n de inventarios en una amplia gama de instalaciones, como centros de atenci\u00f3n m\u00e9dica, organizaciones educativas, hoteles e instituciones similares.<\/div>\n<div class=\"auto-hide-last-sibling-br paragraph_1252f paragraph-element\"><\/div>","protected":false},"featured_media":147,"template":"","meta":{"_kad_post_transparent":"default","_kad_post_title":"","_kad_post_layout":"default","_kad_post_sidebar_id":"","_kad_post_content_style":"default","_kad_post_vertical_padding":"default","_kad_post_feature":"","_kad_post_feature_position":"","_kad_post_header":false,"_kad_post_footer":false,"_kad_post_classname":""},"product_brand":[],"product_cat":[21,18],"product_tag":[52,49,70,71],"class_list":{"0":"post-117","1":"product","2":"type-product","3":"status-publish","4":"has-post-thumbnail","6":"product_cat-pps-rfid-laundry-tag","7":"product_cat-125khz-rfid-laundry-tag","8":"product_tag-125khz-pps-rfid-laundry-tag","9":"product_tag-button-rfid-tag","10":"product_tag-rfid-laundry-tag-pps-em4305","11":"product_tag-rfid-tag-pps","13":"first","14":"instock","15":"featured","16":"shipping-taxable","17":"product-type-simple","18":"entry","19":"content-bg","20":"loop-entry"},"_links":{"self":[{"href":"https:\/\/rfid-laundry-tag.com\/es\/wp-json\/wp\/v2\/product\/117","targetHints":{"allow":["GET"]}}],"collection":[{"href":"https:\/\/rfid-laundry-tag.com\/es\/wp-json\/wp\/v2\/product"}],"about":[{"href":"https:\/\/rfid-laundry-tag.com\/es\/wp-json\/wp\/v2\/types\/product"}],"version-history":[{"count":2,"href":"https:\/\/rfid-laundry-tag.com\/es\/wp-json\/wp\/v2\/product\/117\/revisions"}],"predecessor-version":[{"id":1339,"href":"https:\/\/rfid-laundry-tag.com\/es\/wp-json\/wp\/v2\/product\/117\/revisions\/1339"}],"wp:featuredmedia":[{"embeddable":true,"href":"https:\/\/rfid-laundry-tag.com\/es\/wp-json\/wp\/v2\/media\/147"}],"wp:attachment":[{"href":"https:\/\/rfid-laundry-tag.com\/es\/wp-json\/wp\/v2\/media?parent=117"}],"wp:term":[{"taxonomy":"product_brand","embeddable":true,"href":"https:\/\/rfid-laundry-tag.com\/es\/wp-json\/wp\/v2\/product_brand?post=117"},{"taxonomy":"product_cat","embeddable":true,"href":"https:\/\/rfid-laundry-tag.com\/es\/wp-json\/wp\/v2\/product_cat?post=117"},{"taxonomy":"product_tag","embeddable":true,"href":"https:\/\/rfid-laundry-tag.com\/es\/wp-json\/wp\/v2\/product_tag?post=117"}],"curies":[{"name":"wp","href":"https:\/\/api.w.org\/{rel}","templated":true}]}}