{"id":115,"date":"2024-06-12T04:52:26","date_gmt":"2024-06-12T04:52:26","guid":{"rendered":"https:\/\/rfid-laundry-tag.com\/?post_type=product&#038;p=115"},"modified":"2024-08-14T16:51:27","modified_gmt":"2024-08-14T16:51:27","slug":"rfid-laundry-tag-pps-t5577","status":"publish","type":"product","link":"https:\/\/rfid-laundry-tag.com\/es\/rfid-laundry-tag-pps-t5577\/","title":{"rendered":"Etiqueta RFID para lavander\u00eda-PPS-T5577"},"content":{"rendered":"<div class=\"J_module\">\n<div class=\"ife-detail-decorate-table\">\n<table style=\"border-collapse: collapse; width: 451.23pt;\" border=\"0\" width=\"752\" cellspacing=\"0\" cellpadding=\"0\">\n<tbody>\n<tr style=\"height: 28.00pt;\">\n<td class=\"et2\" style=\"height: 28.00pt; width: 138.60pt;\" width=\"231\" height=\"46\">Nombre del \u00e1rticulo<\/td>\n<td class=\"et3\" style=\"width: 312.60pt;\" width=\"521\">Etiqueta RFID para lavander\u00eda-PPS-T5577<\/td>\n<\/tr>\n<tr style=\"height: 14.40pt;\">\n<td class=\"et3\" style=\"height: 14.40pt; width: 138.60pt;\" width=\"231\" height=\"24\">Material<\/td>\n<td class=\"et3\" style=\"width: 312.60pt;\" width=\"521\">PPP<\/td>\n<\/tr>\n<tr style=\"height: 14.40pt;\">\n<td class=\"et3\" style=\"height: 14.40pt; width: 138.60pt;\" width=\"231\" height=\"24\">Color<\/td>\n<td class=\"et3\" style=\"width: 312.60pt;\" width=\"521\">Negro<\/td>\n<\/tr>\n<tr style=\"height: 14.40pt;\">\n<td class=\"et3\" style=\"height: 14.40pt; width: 138.60pt;\" width=\"231\" height=\"24\">Cantidad m\u00ednima de pedido<\/td>\n<td class=\"et3\" style=\"width: 312.60pt;\" width=\"521\">500 piezas<\/td>\n<\/tr>\n<tr style=\"height: 42.00pt;\">\n<td class=\"et3\" style=\"height: 42.00pt; width: 138.60pt;\" width=\"231\" height=\"70\">Fabricante\/chip<\/td>\n<td class=\"et3\" style=\"width: 312.60pt;\" width=\"521\">EM4200, TK4100, EM4305, T5577, etc.<\/td>\n<\/tr>\n<tr style=\"height: 14.40pt;\">\n<td class=\"et3\" style=\"height: 14.40pt; width: 138.60pt;\" width=\"231\" height=\"24\">Frecuencia<\/td>\n<td class=\"et3\" style=\"width: 312.60pt;\" width=\"521\">125 kHz<\/td>\n<\/tr>\n<tr style=\"height: 70.00pt;\">\n<td class=\"et3\" style=\"height: 70.00pt; width: 138.60pt;\" width=\"231\" height=\"116\">Tama\u00f1o<\/td>\n<td class=\"et3\" style=\"width: 312.60pt;\" width=\"521\">Di\u00e1metro 14 mm, di\u00e1metro 15 mm, di\u00e1metro 18 mm, di\u00e1metro 20 mm,<\/p>\n<p>Dia22mm, Dia24mm, Dia30mm, etc.<\/td>\n<\/tr>\n<tr style=\"height: 14.40pt;\">\n<td class=\"et3\" style=\"height: 14.40pt; width: 138.60pt;\" width=\"231\" height=\"24\">Leer distancia<\/td>\n<td class=\"et3\" style=\"width: 312.60pt;\" width=\"521\">1~5cm<\/td>\n<\/tr>\n<tr style=\"height: 14.40pt;\">\n<td class=\"et3\" style=\"height: 14.40pt; width: 138.60pt;\" width=\"231\" height=\"24\">Modo de trabajo<\/td>\n<td class=\"et3\" style=\"width: 312.60pt;\" width=\"521\">pasivo<\/td>\n<\/tr>\n<tr style=\"height: 14.40pt;\">\n<td class=\"et3\" style=\"height: 14.40pt; width: 138.60pt;\" width=\"231\" height=\"24\">Temperatura de trabajo<\/td>\n<td class=\"et3\" style=\"width: 312.60pt;\" width=\"521\">-25<span class=\"font0\">\u2103<\/span><span class=\"font2\">~+110<\/span><span class=\"font0\">\u2103<\/span><\/td>\n<\/tr>\n<tr style=\"height: 14.40pt;\">\n<td class=\"et3\" style=\"height: 14.40pt; width: 138.60pt;\" width=\"231\" height=\"24\">Temperatura de almacenamiento<\/td>\n<td class=\"et3\" style=\"width: 312.60pt;\" width=\"521\">-40<span class=\"font0\">\u2103<\/span><span class=\"font2\">~+85<\/span><span class=\"font0\">\u2103<\/span><\/td>\n<\/tr>\n<tr style=\"height: 73.00pt;\">\n<td class=\"et4\" style=\"height: 73.00pt;\" height=\"121\">Especificaciones de funcionamiento<\/td>\n<td class=\"et3\" style=\"width: 312.60pt;\" width=\"521\">Impermeable; resistente a la inmersi\u00f3n en agua salada, alcohol, aceite, 10%HCL; Amon\u00edaco; choque y vibraci\u00f3n<\/td>\n<\/tr>\n<tr style=\"height: 14.40pt;\">\n<td class=\"et3\" style=\"height: 14.40pt; width: 138.60pt;\" width=\"231\" height=\"24\">Caracter\u00edsticas<\/td>\n<td class=\"et3\" style=\"width: 312.60pt;\" width=\"521\">resistente al agua, lavable, resistente a altas temperaturas<\/td>\n<\/tr>\n<tr style=\"height: 14.40pt;\">\n<td class=\"et3\" style=\"height: 14.40pt; width: 138.60pt;\" width=\"231\" height=\"24\">Aplicaciones<\/td>\n<td class=\"et3\" style=\"width: 312.60pt;\" width=\"521\">gesti\u00f3n y seguimiento de lavander\u00eda<\/td>\n<\/tr>\n<\/tbody>\n<\/table>\n<\/div>\n<p>&nbsp;<\/p>\n<p><strong>El circuito integrado ATA5577<\/strong> es un chip integrado de identificaci\u00f3n de lectura\/escritura sin contacto (IDIC\u00ae<br \/>\n) para aplicaciones en 125 kHz o 134<br \/>\nbanda de frecuencia kHz. Una sola bobina conectada al chip sirve como fuente de alimentaci\u00f3n del IC y es bidireccional.<br \/>\ninterface de comunicaci\u00f3n. La antena y el chip forman juntos un transpondedor o etiqueta. La EEPROM de 363 bits en el chip<br \/>\n(11 bloques de 33 bits cada uno) se leen y escriben en bloques desde una estaci\u00f3n base (lector). Los datos se transmiten desde el<br \/>\nIDIC (enlace ascendente) mediante modulaci\u00f3n de carga. Esto se logra amortiguando el campo de RF con una carga resistiva entre los dos<br \/>\nterminales, \u201cBobina 1 y Bobina 2\u201d. El IC recibe y decodifica comandos de la estaci\u00f3n base en serie (enlace descendente), que son<br \/>\ncodificado como flujos de bits codificados por intervalo de impulsos (PIE) con modulaci\u00f3n de encendido y apagado (OOK) y modulaci\u00f3n de amplitud 100%.<\/p>\n<p><strong>Caracter\u00edsticas del circuito integrado ATA5577<\/strong><br \/>\nEstas son las siguientes caracter\u00edsticas de lectura\/escritura LF RFID IDIC de 100 kHz a 150 kHz:<br \/>\n\u2022 Fuente de alimentaci\u00f3n sin contacto<br \/>\n\u2022 Transmisi\u00f3n de datos de lectura\/escritura sin contacto<br \/>\n\u2022 Radiofrecuencia fRF de 100 kHz a 150 kHz<br \/>\n\u2022 Modo b\u00e1sico o modo extendido<br \/>\n\u2022 Compatible con T5557, ATA5567<br \/>\n\u2022 Reemplazo para e5551\/T5551 en los modos de operaci\u00f3n m\u00e1s comunes<br \/>\n\u2022 Configurable para compatibilidad ISO\/IEC 11784\/785<br \/>\n\u2022 Memoria EEPROM total de 363 bits: 11 bloques (32 bits + 1 bit de bloqueo):<br \/>\n\u2013 Memoria de usuario EEPROM de 7 \u00d7 32 bits, incluida memoria de contrase\u00f1a de 32 bits<br \/>\n\u2013 2 \u00d7 32 bits para identificaci\u00f3n \u00fanica<br \/>\n\u2013 1 \u00d7 registro de opci\u00f3n de 32 bits en EEPROM para configurar la interfaz anal\u00f3gica:<br \/>\n\u2022 Nivel de detecci\u00f3n de reloj y huecos<br \/>\n\u2022 Sincronizaci\u00f3n de enlace descendente mejorada<br \/>\n\u2022 Tensi\u00f3n de fijaci\u00f3n y modulaci\u00f3n<br \/>\n\u2022 Cambio de modulaci\u00f3n suave<br \/>\n\u2022 Escritura de amortiguaci\u00f3n como el T5557\/ATA5567 o con resistencia<br \/>\n\u2022 Protocolo de enlace descendente<br \/>\n\u2013 1 registro de configuraci\u00f3n de 32 bits en EEPROM para configurar:<br \/>\n\u2022 Velocidad de datos<br \/>\n\u2013 RF\/2 a RF\/128, seleccionable en binario o<br \/>\n\u2013 Tarifas modo B\u00e1sico Fijo<br \/>\n\u2022 Modulaci\u00f3n\/codificaci\u00f3n<br \/>\n\u2013 Bif\u00e1sico, Manchester, manipulaci\u00f3n por desplazamiento de frecuencia (FSK), manipulaci\u00f3n por desplazamiento de fase (PSK), sin retorno a cero (NRZ)<br \/>\n\u2022 Otras opciones:<br \/>\n\u2013 Modo de contrase\u00f1a<br \/>\n\u2013 Funci\u00f3n de bloqueo m\u00e1ximo<br \/>\n\u2013 Modo de acceso directo<br \/>\n\u2013 Terminador(es) de secuencia<\/p>\n<\/div>\n<div class=\"J_module\">\n<div class=\"detail-decorate-json-renderer-container\">\n<div class=\"magic-1\">\n<div>\n<div><\/div>\n<\/div>\n<div class=\"magic-2\">\n<div>\n<div class=\"auto-hide-last-sibling-br paragraph_1252f paragraph-element\">\n<div class=\"auto-hide-last-sibling-br paragraph_1252f paragraph-element\"><strong>Etiquetas de lavander\u00eda RFID PPS de 125 kHz<\/strong> ofrecen numerosos beneficios cuando se integran en soluciones de etiquetas RFID para lavander\u00eda.<\/div>\n<div class=\"auto-hide-last-sibling-br paragraph_1252f paragraph-element\">Entre estos beneficios se encuentran:<\/div>\n<ol class=\"auto-hide-last-sibling-br\">\n<li>Los precios directos de f\u00e1brica garantizan soluciones rentables.<\/li>\n<li>Calidad garantizada, con pruebas 100% realizadas antes del env\u00edo.<\/li>\n<li>Fiabilidad duradera, certificada para superar los 200 ciclos de lavado o con una garant\u00eda de vida \u00fatil de 2 a\u00f1os despu\u00e9s del env\u00edo.<\/li>\n<li>Durabilidad excepcional, con resistencia al agua, calor, presi\u00f3n y exposici\u00f3n qu\u00edmica.<\/li>\n<li>Tambi\u00e9n proporcionamos una muestra gratuita para pruebas y control de calidad.<\/li>\n<\/ol>\n<div class=\"auto-hide-last-sibling-br paragraph_1252f paragraph-element\"><strong>Etiqueta RFID para lavander\u00eda -PPS-T5577 Aplicaciones:<\/strong><\/div>\n<ol class=\"auto-hide-last-sibling-br\">\n<li>\n<div class=\"auto-hide-last-sibling-br paragraph_1252f paragraph-element\">Lavander\u00edas industriales: en el \u00e1mbito industrial, el uso de botones de etiquetas de lavander\u00eda RFID facilita el seguimiento de cantidades masivas de ropa.<\/div>\n<\/li>\n<li>\n<div class=\"auto-hide-last-sibling-br paragraph_1252f paragraph-element\">Hospitales y hoteles: estas instituciones a menudo manejan tareas de lavander\u00eda de gran volumen donde estas etiquetas han demostrado ser esenciales para mejorar la eficiencia y agilizar la gesti\u00f3n de inventario.<\/div>\n<\/li>\n<li>\n<div class=\"auto-hide-last-sibling-br paragraph_1252f paragraph-element\">Alquiler de ropa blanca: las empresas que ofrecen servicios de alquiler de ropa blanca adoptan estas etiquetas para ayudar a simplificar la gesti\u00f3n de inventario y garantizar el control de calidad.<\/div>\n<\/li>\n<\/ol>\n<\/div>\n<\/div>\n<\/div>\n<\/div>\n<\/div>\n<\/div>","protected":false},"excerpt":{"rendered":"<div class=\"auto-hide-last-sibling-br paragraph_1252f paragraph-element\">Las etiquetas de lavander\u00eda RFID T5577 PPS, fabricadas con material PPS resistente, est\u00e1n dise\u00f1adas para soportar la inmersi\u00f3n en agua, la exposici\u00f3n al calor, la presi\u00f3n y los productos qu\u00edmicos, lo que las hace perfectas para entornos desafiantes.<\/div>","protected":false},"featured_media":116,"template":"","meta":{"_kad_post_transparent":"default","_kad_post_title":"","_kad_post_layout":"default","_kad_post_sidebar_id":"","_kad_post_content_style":"default","_kad_post_vertical_padding":"default","_kad_post_feature":"","_kad_post_feature_position":"","_kad_post_header":false,"_kad_post_footer":false,"_kad_post_classname":""},"product_brand":[],"product_cat":[21,18],"product_tag":[52,49,58],"class_list":{"0":"post-115","1":"product","2":"type-product","3":"status-publish","4":"has-post-thumbnail","6":"product_cat-pps-rfid-laundry-tag","7":"product_cat-125khz-rfid-laundry-tag","8":"product_tag-125khz-pps-rfid-laundry-tag","9":"product_tag-button-rfid-tag","10":"product_tag-rfid-laundry-tag-pps-t5577","12":"first","13":"instock","14":"shipping-taxable","15":"product-type-simple","16":"entry","17":"content-bg","18":"loop-entry"},"_links":{"self":[{"href":"https:\/\/rfid-laundry-tag.com\/es\/wp-json\/wp\/v2\/product\/115","targetHints":{"allow":["GET"]}}],"collection":[{"href":"https:\/\/rfid-laundry-tag.com\/es\/wp-json\/wp\/v2\/product"}],"about":[{"href":"https:\/\/rfid-laundry-tag.com\/es\/wp-json\/wp\/v2\/types\/product"}],"version-history":[{"count":1,"href":"https:\/\/rfid-laundry-tag.com\/es\/wp-json\/wp\/v2\/product\/115\/revisions"}],"predecessor-version":[{"id":1340,"href":"https:\/\/rfid-laundry-tag.com\/es\/wp-json\/wp\/v2\/product\/115\/revisions\/1340"}],"wp:featuredmedia":[{"embeddable":true,"href":"https:\/\/rfid-laundry-tag.com\/es\/wp-json\/wp\/v2\/media\/116"}],"wp:attachment":[{"href":"https:\/\/rfid-laundry-tag.com\/es\/wp-json\/wp\/v2\/media?parent=115"}],"wp:term":[{"taxonomy":"product_brand","embeddable":true,"href":"https:\/\/rfid-laundry-tag.com\/es\/wp-json\/wp\/v2\/product_brand?post=115"},{"taxonomy":"product_cat","embeddable":true,"href":"https:\/\/rfid-laundry-tag.com\/es\/wp-json\/wp\/v2\/product_cat?post=115"},{"taxonomy":"product_tag","embeddable":true,"href":"https:\/\/rfid-laundry-tag.com\/es\/wp-json\/wp\/v2\/product_tag?post=115"}],"curies":[{"name":"wp","href":"https:\/\/api.w.org\/{rel}","templated":true}]}}