{"id":109,"date":"2024-06-12T04:24:09","date_gmt":"2024-06-12T04:24:09","guid":{"rendered":"https:\/\/rfid-laundry-tag.com\/?post_type=product&#038;p=109"},"modified":"2024-06-12T04:31:34","modified_gmt":"2024-06-12T04:31:34","slug":"nfc-laundry-tag-pps-icode-slix","status":"publish","type":"product","link":"https:\/\/rfid-laundry-tag.com\/es\/nfc-laundry-tag-pps-icode-slix\/","title":{"rendered":"Etiqueta de lavander\u00eda NFC \u2013 PPS- ICODE SLIX"},"content":{"rendered":"<div class=\"J_module\">\n<div class=\"ife-detail-decorate-table\">\n<table class=\"has-title all magic-6\">\n<tbody>\n<tr>\n<td colspan=\"1\" rowspan=\"1\">\n<div class=\"magic-7\" data-spm-anchor-id=\"a2700.details.0.i45.77607d98vZbcDU\"><span class=\"magic-8\" style=\"color: #363535;\">Nombre del \u00e1rticulo<\/span><\/div>\n<\/td>\n<td colspan=\"1\" rowspan=\"1\">\n<div class=\"magic-9\">Etiqueta de lavander\u00eda NFC \u2013 PPS- ICODE SLIX<\/div>\n<\/td>\n<\/tr>\n<tr>\n<td colspan=\"1\" rowspan=\"1\">\n<div class=\"magic-7\"><span class=\"magic-10\" data-spm-anchor-id=\"a2700.pc-decorate.0.i10.28d333330XLbTD\"><span class=\"magic-8\">Material<\/span><\/span><\/div>\n<\/td>\n<td colspan=\"1\" rowspan=\"1\">\n<div class=\"magic-9\"><span class=\"magic-8\">PPP<\/span><\/div>\n<\/td>\n<\/tr>\n<tr>\n<td colspan=\"1\" rowspan=\"1\">\n<div class=\"magic-7\"><span class=\"magic-8\">Color<\/span><\/div>\n<\/td>\n<td colspan=\"1\" rowspan=\"1\">\n<div class=\"magic-9\"><span class=\"magic-8\">Negro, etc.<\/span><\/div>\n<\/td>\n<\/tr>\n<tr>\n<td colspan=\"1\" rowspan=\"1\">Cantidad m\u00ednima de pedido<\/td>\n<td colspan=\"1\" rowspan=\"1\">500 piezas<\/td>\n<\/tr>\n<tr>\n<td colspan=\"1\" rowspan=\"1\">\n<div class=\"magic-7\"><span class=\"magic-8\">Fabricante\/chip<\/span><\/div>\n<\/td>\n<td colspan=\"1\" rowspan=\"1\">\n<div class=\"magic-9\"><span class=\"magic-8\">C\u00f3digo NXP I Slix; Otras opciones: Ntag213, Ntag215, Ntag216, Mifare Ultralight ev1, etc.<\/span><\/div>\n<\/td>\n<\/tr>\n<tr>\n<td colspan=\"1\" rowspan=\"1\">\n<div class=\"magic-7\"><span class=\"magic-8\">Frecuencia<\/span><\/div>\n<\/td>\n<td colspan=\"1\" rowspan=\"1\">\n<div class=\"magic-9\"><span class=\"magic-8\">13,56MHz<\/span><\/div>\n<\/td>\n<\/tr>\n<tr>\n<td colspan=\"1\" rowspan=\"1\">\n<div class=\"magic-7\"><span class=\"magic-8\">Memoria<\/span><\/div>\n<\/td>\n<td colspan=\"1\" rowspan=\"1\">\n<div class=\"magic-9\"><span class=\"magic-8\">1kbytes; Memoria del otro chip: 144 bytes, 504 bytes, 888 bytes, 64 bytes, etc.<\/span><\/div>\n<\/td>\n<\/tr>\n<tr>\n<td colspan=\"1\" rowspan=\"1\">\n<div class=\"magic-7\"><span class=\"magic-8\">Leer distancia<\/span><\/div>\n<\/td>\n<td colspan=\"1\" rowspan=\"1\">\n<div class=\"magic-9\"><span class=\"magic-8\">1~5cm<\/span><\/div>\n<\/td>\n<\/tr>\n<tr>\n<td colspan=\"1\" rowspan=\"1\">\n<div class=\"magic-7\"><span class=\"magic-8\">Modo de trabajo<\/span><\/div>\n<\/td>\n<td colspan=\"1\" rowspan=\"1\">\n<div class=\"magic-9\"><span class=\"magic-8\">pasivo<\/span><\/div>\n<\/td>\n<\/tr>\n<tr>\n<td colspan=\"1\" rowspan=\"1\">\n<div class=\"magic-7\"><span class=\"magic-8\">Temperatura de trabajo<\/span><\/div>\n<\/td>\n<td colspan=\"1\" rowspan=\"1\">\n<div class=\"magic-9\"><span class=\"magic-8\">-25\u2103~+110\u2103<\/span><\/div>\n<\/td>\n<\/tr>\n<tr>\n<td colspan=\"1\" rowspan=\"1\">\n<div class=\"magic-7\"><span class=\"magic-8\">Temperatura de almacenamiento<\/span><\/div>\n<\/td>\n<td colspan=\"1\" rowspan=\"1\">\n<div class=\"magic-9\"><span class=\"magic-8\">-40\u2103~+85\u2103<\/span><\/div>\n<\/td>\n<\/tr>\n<tr>\n<td colspan=\"1\" rowspan=\"1\">\n<div class=\"magic-7\">\n<div><span class=\"magic-8\">\u00a0<\/span><\/div>\n<p><span class=\"magic-8\">Resistencia a la temperatura a corto plazo<\/span><\/p>\n<\/div>\n<\/td>\n<td colspan=\"1\" rowspan=\"1\">\n<div class=\"magic-9\"><span class=\"magic-8\">lavado: 90 \u2103, 15 minutos; presecado del convertidor: 180 \u2103, 30 minutos, 200 veces; planchado: 180 \u2103, 10 segundos, 200 veces; alto<br \/>\nesterilizaci\u00f3n a temperatura: 135 \u2103, 20 minutos<\/span><\/div>\n<\/td>\n<\/tr>\n<tr>\n<td colspan=\"1\" rowspan=\"1\">\n<div class=\"magic-7\"><span class=\"magic-8\">Caracter\u00edsticas<\/span><\/div>\n<\/td>\n<td colspan=\"1\" rowspan=\"1\">\n<div class=\"magic-9\"><span class=\"magic-8\">resistente al agua, lavable, resistente a altas temperaturas<\/span><\/div>\n<\/td>\n<\/tr>\n<tr>\n<td colspan=\"1\" rowspan=\"1\">\n<div class=\"magic-7\"><span class=\"magic-8\">Vida<\/span><\/div>\n<\/td>\n<td colspan=\"1\" rowspan=\"1\">\n<div class=\"magic-9\"><span class=\"magic-8\">lavado 200 veces o 3 a\u00f1os<\/span><\/div>\n<\/td>\n<\/tr>\n<tr>\n<td colspan=\"1\" rowspan=\"1\">\n<div class=\"magic-7\"><span class=\"magic-8\">Aplicaciones<\/span><\/div>\n<\/td>\n<td colspan=\"1\" rowspan=\"1\">\n<div class=\"magic-9\"><span class=\"magic-8\">gesti\u00f3n y seguimiento de lavander\u00eda<\/span><\/div>\n<\/td>\n<\/tr>\n<\/tbody>\n<\/table>\n<\/div>\n<\/div>\n<div class=\"J_module\">\n<div class=\"detail-decorate-json-renderer-container\">\n<div class=\"magic-1\">\n<div>\n<div><\/div>\n<\/div>\n<div class=\"magic-2\">\n<div class=\"auto-hide-last-sibling-br paragraph_1252f paragraph-element\">\n<div class=\"auto-hide-last-sibling-br paragraph_1252f paragraph-element\"><b>Etiqueta de lavander\u00eda NFC - Instalaci\u00f3n PPS-I Code Slix:<\/b><br \/>\nUna vez que una empresa decide que un <b>Lavander\u00eda NFC<\/b> sistema de seguimiento puede beneficiarlos, el siguiente paso es decidir sobre un <b>Etiqueta de lavander\u00eda NFC<\/b>.<br \/>\nEl <b>Etiqueta de lavander\u00eda NFC<\/b> Tambi\u00e9n se puede coser a tu ropa, en ese caso, las funciones NFC o UHF est\u00e1n disponibles dondequiera que est\u00e9s.<\/div>\n<div class=\"auto-hide-last-sibling-br paragraph_1252f paragraph-element\">\n<p>&nbsp;<\/p>\n<p><b>Solicitud de etiqueta NFC para lavander\u00eda \u2013 PPS-I Code Slix:<\/b><br \/>\n\u2013 Lavado industrial.<br \/>\n\u2013 Gesti\u00f3n de uniformes.<br \/>\n\u2013 Gesti\u00f3n de indumentaria m\u00e9dica.<br \/>\n\u2013 Gesti\u00f3n de prendas EPI.<br \/>\n\u2013 Gesti\u00f3n de patrullas de personal.<br \/>\n\u2013 Gesti\u00f3n de equipos contra incendios.<br \/>\n\u2013 Gesti\u00f3n de material de esqu\u00ed.<\/p>\n<\/div>\n<div><\/div>\n<\/div>\n<\/div>\n<div>\n<p>El <strong>ICODE SLIX IC<\/strong> es un chip dedicado para aplicaciones de etiquetas inteligentes como bibliotecas, autenticaci\u00f3n de productos en diferentes industrias como la farmac\u00e9utica, de dispositivos m\u00e9dicos y de alcohol, as\u00ed como para la gesti\u00f3n de producci\u00f3n en diferentes \u00e1reas de la industria. Este IC es la tercera generaci\u00f3n de una familia de productos de IC de etiquetas inteligentes basados en las normas ISO ISO\/IEC 15693 e ISO\/IEC 18000-3, lo que prolonga la exitosa historia de NXP.<sup>\u00ae<\/sup>\u00a0en el \u00e1mbito de los sistemas de identificaci\u00f3n de proximidades.<\/p>\n<h3>Transferencia de energ\u00eda y datos sin contacto<\/h3>\n<p>Siempre que se conecte a un tipo de antena muy simple y f\u00e1cil de producir (como resultado de la frecuencia portadora de 13,56 MHz) hecha de unos pocos devanados impresos, enrollados, grabados o perforados, el ICODE SLIX IC puede funcionar sin l\u00ednea de visi\u00f3n hasta una distancia de 1,5 m (ancho de la puerta). No se necesita bater\u00eda. Cuando la etiqueta inteligente se coloca en el campo de una antena interrogadora, la interfaz de comunicaci\u00f3n RF de alta velocidad permite transmitir datos a una velocidad de hasta 53 kbit\/s.<\/p>\n<h3>Anti choques<\/h3>\n<p>Una funci\u00f3n anticolisi\u00f3n inteligente permite que varias etiquetas funcionen en el campo simult\u00e1neamente. El algoritmo anticolisi\u00f3n selecciona cada etiqueta individualmente y garantiza que la ejecuci\u00f3n de una transacci\u00f3n con una etiqueta seleccionada se realice correctamente sin que otras etiquetas en el campo da\u00f1en los datos.<\/p>\n<h3>Caracter\u00edsticas<\/h3>\n<div id=\"featuresXsp\" class=\"features-list\">\n<div class=\"features-xsp\">\n<div class=\"collapse-mobile ste-list\">\n<h3>Interfaz ICODE SLIX RF (ISO\/IEC 15693)<\/h3>\n<ul class=\"boxes\">\n<li>Transmisi\u00f3n de datos y suministro de energ\u00eda sin contacto (no se necesita bater\u00eda)<\/li>\n<li>Distancia de funcionamiento: hasta 1,5 m (dependiendo de la geometr\u00eda de la antena)<\/li>\n<li>Frecuencia de funcionamiento: 13,56 MHz (ISM, licencia mundial disponible gratuitamente)<\/li>\n<li>Transferencia de datos r\u00e1pida: hasta 53 kbit\/s<\/li>\n<li>Alta integridad de datos: CRC de 16 bits, encuadre<\/li>\n<li>Verdadero anticolisi\u00f3n<\/li>\n<li>Vigilancia electr\u00f3nica de art\u00edculos (EAS) protegida con contrase\u00f1a<\/li>\n<li>Identificador de familia de aplicaciones (AFI) protegido con contrase\u00f1a<\/li>\n<li>Identificador de formato de almacenamiento de datos (DSFID)<\/li>\n<li>Lectura anticolisi\u00f3n r\u00e1pida adicional<\/li>\n<li>Distancia de escritura igual a distancia de lectura<\/li>\n<\/ul>\n<\/div>\n<div class=\"collapse-mobile ste-list\">\n<h3>EEPROM<\/h3>\n<ul class=\"boxes\">\n<li>1024 bits, organizados en 32 bloques de 4 bytes cada uno<\/li>\n<li>50 a\u00f1os de retenci\u00f3n de datos<\/li>\n<li>Escribir resistencia de 100000 ciclos.<\/li>\n<\/ul>\n<\/div>\n<div class=\"collapse-mobile ste-list\">\n<h3>Seguridad<\/h3>\n<ul class=\"boxes\">\n<li>Identificador \u00fanico para cada dispositivo<\/li>\n<li>Mecanismo de bloqueo para cada bloque de memoria del usuario (protecci\u00f3n contra escritura)<\/li>\n<li>Mecanismo de bloqueo para DSFID, AFI, EAS<\/li>\n<li>Funcionalidad EAS y AFI protegida por contrase\u00f1a (32 bits)<\/li>\n<\/ul>\n<\/div>\n<\/div>\n<\/div>\n<\/div>\n<div class=\"magic-2\">\n<div class=\"auto-hide-last-sibling-br paragraph_1252f paragraph-element\">\n<p>&nbsp;<\/p>\n<div class=\"auto-hide-last-sibling-br paragraph_1252f paragraph-element\"><\/div>\n<div class=\"auto-hide-last-sibling-br paragraph_1252f paragraph-element\"><\/div>\n<\/div>\n<\/div>\n<\/div>\n<\/div>\n<\/div>","protected":false},"excerpt":{"rendered":"<p>Las etiquetas de lavander\u00eda ICODE SLIX NFC, dise\u00f1adas con funciones anticolisi\u00f3n y EAS, son una excelente opci\u00f3n para los sectores de lavander\u00eda. Estas etiquetas NFC para lavander\u00eda est\u00e1n dise\u00f1adas para resistir el calor, la presi\u00f3n y la exposici\u00f3n qu\u00edmica que normalmente se encuentran en las industrias de lavander\u00eda y alquiler de textiles. Dadas estas caracter\u00edsticas, sirven como la soluci\u00f3n definitiva para un seguimiento fluido y sin contacto de prendas de vestir dentro de estas industrias.<\/p>","protected":false},"featured_media":110,"template":"","meta":{"_kad_post_transparent":"default","_kad_post_title":"","_kad_post_layout":"default","_kad_post_sidebar_id":"","_kad_post_content_style":"default","_kad_post_vertical_padding":"default","_kad_post_feature":"","_kad_post_feature_position":"","_kad_post_header":false,"_kad_post_footer":false,"_kad_post_classname":""},"product_brand":[],"product_cat":[21,17],"product_tag":[37,39,56,45],"class_list":{"0":"post-109","1":"product","2":"type-product","3":"status-publish","4":"has-post-thumbnail","6":"product_cat-pps-rfid-laundry-tag","7":"product_cat-nfc-rfid-laundry-tag","8":"product_tag-nfc-button","9":"product_tag-nfc-laundry-tag","10":"product_tag-nfc-laundry-tag-pps-icode-slix","11":"product_tag-pps-washable-nfc-tags","13":"first","14":"instock","15":"shipping-taxable","16":"product-type-simple","17":"entry","18":"content-bg","19":"loop-entry"},"_links":{"self":[{"href":"https:\/\/rfid-laundry-tag.com\/es\/wp-json\/wp\/v2\/product\/109","targetHints":{"allow":["GET"]}}],"collection":[{"href":"https:\/\/rfid-laundry-tag.com\/es\/wp-json\/wp\/v2\/product"}],"about":[{"href":"https:\/\/rfid-laundry-tag.com\/es\/wp-json\/wp\/v2\/types\/product"}],"version-history":[{"count":0,"href":"https:\/\/rfid-laundry-tag.com\/es\/wp-json\/wp\/v2\/product\/109\/revisions"}],"wp:featuredmedia":[{"embeddable":true,"href":"https:\/\/rfid-laundry-tag.com\/es\/wp-json\/wp\/v2\/media\/110"}],"wp:attachment":[{"href":"https:\/\/rfid-laundry-tag.com\/es\/wp-json\/wp\/v2\/media?parent=109"}],"wp:term":[{"taxonomy":"product_brand","embeddable":true,"href":"https:\/\/rfid-laundry-tag.com\/es\/wp-json\/wp\/v2\/product_brand?post=109"},{"taxonomy":"product_cat","embeddable":true,"href":"https:\/\/rfid-laundry-tag.com\/es\/wp-json\/wp\/v2\/product_cat?post=109"},{"taxonomy":"product_tag","embeddable":true,"href":"https:\/\/rfid-laundry-tag.com\/es\/wp-json\/wp\/v2\/product_tag?post=109"}],"curies":[{"name":"wp","href":"https:\/\/api.w.org\/{rel}","templated":true}]}}