{"id":86,"date":"2024-06-11T17:44:19","date_gmt":"2024-06-11T17:44:19","guid":{"rendered":"https:\/\/rfid-laundry-tag.com\/?post_type=product&#038;p=86"},"modified":"2024-06-11T17:52:29","modified_gmt":"2024-06-11T17:52:29","slug":"125khz-pps-rfid-laundry-tag","status":"publish","type":"product","link":"https:\/\/rfid-laundry-tag.com\/de\/125khz-pps-rfid-laundry-tag\/","title":{"rendered":"125 kHz PPS RFID W\u00e4scheetikett"},"content":{"rendered":"<div class=\"J_module\">\n<div class=\"ife-detail-decorate-table\">\n<table style=\"border-collapse: collapse; width: 451.23pt;\" border=\"0\" width=\"752\" cellspacing=\"0\" cellpadding=\"0\">\n<tbody>\n<tr style=\"height: 28.00pt;\">\n<td class=\"et2\" style=\"height: 28.00pt; width: 138.60pt;\" width=\"231\" height=\"46\">Artikelname<\/td>\n<td class=\"et3\" style=\"width: 312.60pt;\" width=\"521\">125 kHz PPS RFID W\u00e4scheetikett<\/td>\n<\/tr>\n<tr style=\"height: 14.40pt;\">\n<td class=\"et3\" style=\"height: 14.40pt; width: 138.60pt;\" width=\"231\" height=\"24\">Material<\/td>\n<td class=\"et3\" style=\"width: 312.60pt;\" width=\"521\">PPS<\/td>\n<\/tr>\n<tr style=\"height: 14.40pt;\">\n<td class=\"et3\" style=\"height: 14.40pt; width: 138.60pt;\" width=\"231\" height=\"24\">Farbe<\/td>\n<td class=\"et3\" style=\"width: 312.60pt;\" width=\"521\">Schwarz<\/td>\n<\/tr>\n<tr style=\"height: 14.40pt;\">\n<td class=\"et3\" style=\"height: 14.40pt; width: 138.60pt;\" width=\"231\" height=\"24\">Mindestbestellmenge<\/td>\n<td class=\"et3\" style=\"width: 312.60pt;\" width=\"521\">500 St\u00fcck<\/td>\n<\/tr>\n<tr style=\"height: 42.00pt;\">\n<td class=\"et3\" style=\"height: 42.00pt; width: 138.60pt;\" width=\"231\" height=\"70\">Hersteller\/Chip<\/td>\n<td class=\"et3\" style=\"width: 312.60pt;\" width=\"521\">EM4200, TK4100, EM4305, T5577 usw.<\/td>\n<\/tr>\n<tr style=\"height: 14.40pt;\">\n<td class=\"et3\" style=\"height: 14.40pt; width: 138.60pt;\" width=\"231\" height=\"24\">Frequenz<\/td>\n<td class=\"et3\" style=\"width: 312.60pt;\" width=\"521\">125 kHz<\/td>\n<\/tr>\n<tr style=\"height: 70.00pt;\">\n<td class=\"et3\" style=\"height: 70.00pt; width: 138.60pt;\" width=\"231\" height=\"116\">Gr\u00f6\u00dfe<\/td>\n<td class=\"et3\" style=\"width: 312.60pt;\" width=\"521\">Durchmesser 14 mm, Durchmesser 15 mm, Durchmesser 18 mm, Durchmesser 20 mm, Durchmesser 22 mm, Durchmesser 24 mm, Durchmesser 30 mm usw.<\/td>\n<\/tr>\n<tr style=\"height: 14.40pt;\">\n<td class=\"et3\" style=\"height: 14.40pt; width: 138.60pt;\" width=\"231\" height=\"24\">Lesedistanz<\/td>\n<td class=\"et3\" style=\"width: 312.60pt;\" width=\"521\">1~5 cm<\/td>\n<\/tr>\n<tr style=\"height: 14.40pt;\">\n<td class=\"et3\" style=\"height: 14.40pt; width: 138.60pt;\" width=\"231\" height=\"24\">Arbeitsmodus<\/td>\n<td class=\"et3\" style=\"width: 312.60pt;\" width=\"521\">passiv<\/td>\n<\/tr>\n<tr style=\"height: 14.40pt;\">\n<td class=\"et3\" style=\"height: 14.40pt; width: 138.60pt;\" width=\"231\" height=\"24\">Arbeitstemperatur<\/td>\n<td class=\"et3\" style=\"width: 312.60pt;\" width=\"521\">-25<span class=\"font0\">\u2103<\/span><span class=\"font2\">~+110<\/span><span class=\"font0\">\u2103<\/span><\/td>\n<\/tr>\n<tr style=\"height: 14.40pt;\">\n<td class=\"et3\" style=\"height: 14.40pt; width: 138.60pt;\" width=\"231\" height=\"24\">Lagertemperatur<\/td>\n<td class=\"et3\" style=\"width: 312.60pt;\" width=\"521\">-40<span class=\"font0\">\u2103<\/span><span class=\"font2\">~+85<\/span><span class=\"font0\">\u2103<\/span><\/td>\n<\/tr>\n<tr style=\"height: 73.00pt;\">\n<td class=\"et4\" style=\"height: 73.00pt;\" height=\"121\">Betriebsspezifikationen<\/td>\n<td class=\"et3\" style=\"width: 312.60pt;\" width=\"521\">Wasserdicht; best\u00e4ndig gegen Eintauchen in Salzwasser, Alkohol, \u00d6l, 10%HCL; Ammoniak; St\u00f6\u00dfe und Vibrationen<\/td>\n<\/tr>\n<tr style=\"height: 14.40pt;\">\n<td class=\"et3\" style=\"height: 14.40pt; width: 138.60pt;\" width=\"231\" height=\"24\">Merkmale<\/td>\n<td class=\"et3\" style=\"width: 312.60pt;\" width=\"521\">wasserdicht, waschbar, hochtemperaturbest\u00e4ndig<\/td>\n<\/tr>\n<tr style=\"height: 14.40pt;\">\n<td class=\"et3\" style=\"height: 14.40pt; width: 138.60pt;\" width=\"231\" height=\"24\">Anwendungen<\/td>\n<td class=\"et3\" style=\"width: 312.60pt;\" width=\"521\">W\u00e4schemanagement und -verfolgung<\/td>\n<\/tr>\n<\/tbody>\n<\/table>\n<\/div>\n<\/div>\n<div class=\"J_module\">\n<div class=\"detail-decorate-json-renderer-container\">\n<div class=\"magic-1\">\n<div>\n<div><\/div>\n<\/div>\n<div class=\"magic-2\">\n<div>\n<div class=\"auto-hide-last-sibling-br paragraph_1252f paragraph-element\">\n<div class=\"auto-hide-last-sibling-br paragraph_1252f paragraph-element\">125-kHz-PPS-RFID-W\u00e4scheetiketten bieten zahlreiche Vorteile, wenn sie in RFID-W\u00e4scheetikettenl\u00f6sungen integriert werden.<\/div>\n<div class=\"auto-hide-last-sibling-br paragraph_1252f paragraph-element\">Zu diesen Vorteilen geh\u00f6ren:<\/div>\n<p>&nbsp;<\/p>\n<ol class=\"auto-hide-last-sibling-br\">\n<li>Durch die Direktpreisgestaltung ab Werk werden kosteneffiziente L\u00f6sungen gew\u00e4hrleistet.<\/li>\n<li>Garantierte Qualit\u00e4t durch 100%-Tests vor dem Versand.<\/li>\n<li>Langanhaltende Zuverl\u00e4ssigkeit, zertifiziert f\u00fcr \u00fcber 200 Waschzyklen oder mit einer 2-j\u00e4hrigen Lebensdauergarantie nach Versand.<\/li>\n<li>Au\u00dfergew\u00f6hnliche Haltbarkeit, mit Best\u00e4ndigkeit gegen Wasser, Hitze, Druck und chemische Einwirkung.<\/li>\n<li>F\u00fcr die Qualit\u00e4tssicherung und zum Testen stellen wir Ihnen au\u00dferdem ein kostenloses Muster zur Verf\u00fcgung.<\/li>\n<\/ol>\n<div class=\"auto-hide-last-sibling-br paragraph_1252f paragraph-element\">Anwendungen f\u00fcr RFID-Button-Tags:<\/div>\n<p>&nbsp;<\/p>\n<ol class=\"auto-hide-last-sibling-br\">\n<li>\n<div class=\"auto-hide-last-sibling-br paragraph_1252f paragraph-element\">Industrielle W\u00e4schereien: Im industriellen Bereich erleichtert die Verwendung von RFID-W\u00e4scheetiketten die Nachverfolgung gro\u00dfer W\u00e4schemengen.<\/div>\n<\/li>\n<li>\n<div class=\"auto-hide-last-sibling-br paragraph_1252f paragraph-element\">Krankenh\u00e4user und Hotels: Diese Einrichtungen bew\u00e4ltigen oft gro\u00dfe W\u00e4schemengen, wobei sich diese Etiketten als unverzichtbar f\u00fcr die Verbesserung der Effizienz und Rationalisierung der Bestandsverwaltung erwiesen haben.<\/div>\n<\/li>\n<li>\n<div class=\"auto-hide-last-sibling-br paragraph_1252f paragraph-element\">W\u00e4scheverleih: Firmen, die W\u00e4scheverleihdienste anbieten, verwenden diese Etiketten, um die Bestandsverwaltung zu vereinfachen und die Qualit\u00e4tskontrolle sicherzustellen.<\/div>\n<\/li>\n<\/ol>\n<\/div>\n<\/div>\n<\/div>\n<\/div>\n<\/div>\n<\/div>","protected":false},"excerpt":{"rendered":"<div class=\"auto-hide-last-sibling-br paragraph_1252f paragraph-element\">Der 125-kHz-PPS-Button-RFID-Tag, allgemein bekannt als RFID-Button-Tag, ist ein kompakt gebautes Ger\u00e4t f\u00fcr Anwendungen, die Tags erfordern, die harten Bedingungen standhalten. Wir bieten eine Auswahl an W\u00e4sche-RFID-Tags, die die 125-kHz-LF-, 13,56-MHz-HF- und Gen-2-UHF-Frequenzen verwenden.<\/div>\n<div class=\"auto-hide-last-sibling-br paragraph_1252f paragraph-element\">Diese RFID-W\u00e4scheetiketten sind f\u00fcr die anspruchsvollen W\u00e4schereiabl\u00e4ufe in Hotels und \u00f6ffentlichen Einrichtungen konzipiert und bieten Widerstandsf\u00e4higkeit und Anpassungsf\u00e4higkeit an verschiedene Methoden wie Waschen, Trocknen, chemische Reinigung und B\u00fcgeln.<\/div>","protected":false},"featured_media":87,"template":"","meta":{"_kad_post_transparent":"default","_kad_post_title":"","_kad_post_layout":"default","_kad_post_sidebar_id":"","_kad_post_content_style":"default","_kad_post_vertical_padding":"default","_kad_post_feature":"","_kad_post_feature_position":"","_kad_post_header":false,"_kad_post_footer":false,"_kad_post_classname":""},"product_brand":[],"product_cat":[21,18],"product_tag":[52,51,49],"class_list":{"0":"post-86","1":"product","2":"type-product","3":"status-publish","4":"has-post-thumbnail","6":"product_cat-pps-rfid-laundry-tag","7":"product_cat-125khz-rfid-laundry-tag","8":"product_tag-125khz-pps-rfid-laundry-tag","9":"product_tag-125khz-rfid-laundry-tag","10":"product_tag-button-rfid-tag","12":"first","13":"instock","14":"shipping-taxable","15":"product-type-simple","16":"entry","17":"content-bg","18":"loop-entry"},"_links":{"self":[{"href":"https:\/\/rfid-laundry-tag.com\/de\/wp-json\/wp\/v2\/product\/86","targetHints":{"allow":["GET"]}}],"collection":[{"href":"https:\/\/rfid-laundry-tag.com\/de\/wp-json\/wp\/v2\/product"}],"about":[{"href":"https:\/\/rfid-laundry-tag.com\/de\/wp-json\/wp\/v2\/types\/product"}],"version-history":[{"count":0,"href":"https:\/\/rfid-laundry-tag.com\/de\/wp-json\/wp\/v2\/product\/86\/revisions"}],"wp:featuredmedia":[{"embeddable":true,"href":"https:\/\/rfid-laundry-tag.com\/de\/wp-json\/wp\/v2\/media\/87"}],"wp:attachment":[{"href":"https:\/\/rfid-laundry-tag.com\/de\/wp-json\/wp\/v2\/media?parent=86"}],"wp:term":[{"taxonomy":"product_brand","embeddable":true,"href":"https:\/\/rfid-laundry-tag.com\/de\/wp-json\/wp\/v2\/product_brand?post=86"},{"taxonomy":"product_cat","embeddable":true,"href":"https:\/\/rfid-laundry-tag.com\/de\/wp-json\/wp\/v2\/product_cat?post=86"},{"taxonomy":"product_tag","embeddable":true,"href":"https:\/\/rfid-laundry-tag.com\/de\/wp-json\/wp\/v2\/product_tag?post=86"}],"curies":[{"name":"wp","href":"https:\/\/api.w.org\/{rel}","templated":true}]}}