{"id":83,"date":"2024-06-11T17:35:21","date_gmt":"2024-06-11T17:35:21","guid":{"rendered":"https:\/\/rfid-laundry-tag.com\/?post_type=product&#038;p=83"},"modified":"2024-06-14T16:23:02","modified_gmt":"2024-06-14T16:23:02","slug":"rfid-laundry-button-nfc-tag","status":"publish","type":"product","link":"https:\/\/rfid-laundry-tag.com\/de\/rfid-laundry-button-nfc-tag\/","title":{"rendered":"RFID W\u00e4scheknopf NFC Tag"},"content":{"rendered":"<div class=\"J_module\">\n<div class=\"ife-detail-decorate-table\">\n<table class=\"has-title all magic-6\">\n<tbody>\n<tr>\n<td colspan=\"1\" rowspan=\"1\">\n<div class=\"magic-7\" data-spm-anchor-id=\"a2700.details.0.i45.77607d98vZbcDU\"><span class=\"magic-8\" style=\"color: #363535;\">Artikelname<\/span><\/div>\n<\/td>\n<td colspan=\"1\" rowspan=\"1\">\n<div class=\"magic-9\"><span class=\"magic-8\">RFID W\u00e4scheknopf NFC Tag<\/span><\/div>\n<\/td>\n<\/tr>\n<tr>\n<td colspan=\"1\" rowspan=\"1\">\n<div class=\"magic-7\"><span class=\"magic-10\" data-spm-anchor-id=\"a2700.pc-decorate.0.i10.28d333330XLbTD\"><span class=\"magic-8\">Material<\/span><\/span><\/div>\n<\/td>\n<td colspan=\"1\" rowspan=\"1\">\n<div class=\"magic-9\"><span class=\"magic-8\">PPS<\/span><\/div>\n<\/td>\n<\/tr>\n<tr>\n<td colspan=\"1\" rowspan=\"1\">\n<div class=\"magic-7\"><span class=\"magic-8\">Farbe<\/span><\/div>\n<\/td>\n<td colspan=\"1\" rowspan=\"1\">\n<div class=\"magic-9\"><span class=\"magic-8\">Schwarz<\/span><\/div>\n<\/td>\n<\/tr>\n<tr>\n<td colspan=\"1\" rowspan=\"1\">Mindestbestellmenge<\/td>\n<td colspan=\"1\" rowspan=\"1\">500 St\u00fcck<\/td>\n<\/tr>\n<tr>\n<td colspan=\"1\" rowspan=\"1\">\n<div class=\"magic-7\"><span class=\"magic-8\">Hersteller\/Chip<\/span><\/div>\n<\/td>\n<td colspan=\"1\" rowspan=\"1\">\n<div class=\"magic-9\"><span class=\"magic-8\">NXP Ntag215, Ntag216, NTAG213, Mifare 1k, Mifare Ultralight ev1 usw<\/span><\/div>\n<\/td>\n<\/tr>\n<tr>\n<td colspan=\"1\" rowspan=\"1\">\n<div class=\"magic-7\"><span class=\"magic-8\">Frequenz<\/span><\/div>\n<\/td>\n<td colspan=\"1\" rowspan=\"1\">\n<div class=\"magic-9\"><span class=\"magic-8\">13,56 MHz<\/span><\/div>\n<\/td>\n<\/tr>\n<tr>\n<td colspan=\"1\" rowspan=\"1\">\n<div class=\"magic-7\"><span class=\"magic-8\">Erinnerung<\/span><\/div>\n<\/td>\n<td colspan=\"1\" rowspan=\"1\">\n<div class=\"magic-9\"><span class=\"magic-8\">504Byte\/888Byte\/144 Bytes\/1K Byte\/ 64 Byte<\/span><\/div>\n<\/td>\n<\/tr>\n<tr>\n<td colspan=\"1\" rowspan=\"1\">\n<div class=\"magic-7\"><span class=\"magic-8\">Lesedistanz<\/span><\/div>\n<\/td>\n<td colspan=\"1\" rowspan=\"1\">\n<div class=\"magic-9\"><span class=\"magic-8\">1~5 cm<\/span><\/div>\n<\/td>\n<\/tr>\n<tr>\n<td colspan=\"1\" rowspan=\"1\">\n<div class=\"magic-7\"><span class=\"magic-8\">Arbeitsmodus<\/span><\/div>\n<\/td>\n<td colspan=\"1\" rowspan=\"1\">\n<div class=\"magic-9\"><span class=\"magic-8\">passiv<\/span><\/div>\n<\/td>\n<\/tr>\n<tr>\n<td colspan=\"1\" rowspan=\"1\">\n<div class=\"magic-7\"><span class=\"magic-8\">Arbeitstemperatur<\/span><\/div>\n<\/td>\n<td colspan=\"1\" rowspan=\"1\">\n<div class=\"magic-9\"><span class=\"magic-8\">-25\u2103~+110\u2103<\/span><\/div>\n<\/td>\n<\/tr>\n<tr>\n<td colspan=\"1\" rowspan=\"1\">\n<div class=\"magic-7\"><span class=\"magic-8\">Lagertemperatur<\/span><\/div>\n<\/td>\n<td colspan=\"1\" rowspan=\"1\">\n<div class=\"magic-9\"><span class=\"magic-8\">-40\u2103~+85\u2103<\/span><\/div>\n<\/td>\n<\/tr>\n<tr>\n<td colspan=\"1\" rowspan=\"1\">\n<div class=\"magic-7\">\n<div><span class=\"magic-8\">\u00a0<\/span><\/div>\n<p><span class=\"magic-8\">Kurzzeittemperaturbest\u00e4ndigkeit<\/span><\/p>\n<\/div>\n<\/td>\n<td colspan=\"1\" rowspan=\"1\">\n<div class=\"magic-9\"><span class=\"magic-8\">Waschen: 90 \u00b0C, 15 Minuten; Konverter-Vortrocknen: 180 \u00b0C, 30 Minuten, 200 Mal; B\u00fcgeln: 180 \u00b0C, 10 Sekunden, 200 Mal; hoch<br \/>\nTemperatursterilisation: 135\u2103, 20 Minuten<\/span><\/div>\n<\/td>\n<\/tr>\n<tr>\n<td colspan=\"1\" rowspan=\"1\">\n<div class=\"magic-7\"><span class=\"magic-8\">Merkmale<\/span><\/div>\n<\/td>\n<td colspan=\"1\" rowspan=\"1\">\n<div class=\"magic-9\"><span class=\"magic-8\">wasserdicht, waschbar, hochtemperaturbest\u00e4ndig<\/span><\/div>\n<\/td>\n<\/tr>\n<tr>\n<td colspan=\"1\" rowspan=\"1\">\n<div class=\"magic-7\"><span class=\"magic-8\">Leben<\/span><\/div>\n<\/td>\n<td colspan=\"1\" rowspan=\"1\">\n<div class=\"magic-9\"><span class=\"magic-8\">200 mal waschen oder 3 Jahre<\/span><\/div>\n<\/td>\n<\/tr>\n<tr>\n<td colspan=\"1\" rowspan=\"1\">\n<div class=\"magic-7\"><span class=\"magic-8\">Anwendungen<\/span><\/div>\n<\/td>\n<td colspan=\"1\" rowspan=\"1\">\n<div class=\"magic-9\"><span class=\"magic-8\">W\u00e4schemanagement und -verfolgung<\/span><\/div>\n<\/td>\n<\/tr>\n<\/tbody>\n<\/table>\n<\/div>\n<\/div>\n<div class=\"J_module\">\n<div class=\"detail-decorate-json-renderer-container\">\n<div class=\"magic-1\">\n<div class=\"magic-2\">\n<div class=\"magic-3\">\n<div><\/div>\n<\/div>\n<\/div>\n<p><strong>Chip-Optionen:<\/strong><\/p>\n<ul>\n<li><strong>NXP UCODE 8\/9:<\/strong>\u00a0Kosteng\u00fcnstige Chips, ideal f\u00fcr grundlegendes Tracking und Identifizierung, mit einer Lesereichweite von bis zu 10 Metern.<\/li>\n<li><strong>NTAG213:<\/strong>\u00a0NFC-f\u00e4higer Chip, der die Kommunikation mit Smartphones und anderen NFC-Ger\u00e4ten erm\u00f6glicht, perfekt f\u00fcr Anwendungen wie kontaktlose Zahlungen oder den Zugriff auf Produktinformationen.<\/li>\n<li><strong>Mifare 1k:<\/strong>\u00a0Sicherer Chip mit starken Verschl\u00fcsselungs- und Authentifizierungsfunktionen, geeignet f\u00fcr Zugangskontrolle und sichere Datenspeicherung.<\/li>\n<li><strong>EM4305:<\/strong>\u00a0Kosteng\u00fcnstiger Chip f\u00fcr grundlegende Zutrittskontrollanwendungen mit einer Lesereichweite von bis zu 1 Meter.<\/li>\n<li><strong>T5577:<\/strong>\u00a0Ein weiterer kosteng\u00fcnstiger Chip f\u00fcr Zugangskontroll- und Ticketsysteme, der eine Lesereichweite von bis zu 1 Meter bietet.<\/li>\n<\/ul>\n<h3>Merkmale<\/h3>\n<div id=\"featuresXsp\" class=\"features-list toggle-opacity in\">\n<div class=\"features-xsp\">\n<div class=\"collapse-mobile ste-list-ul\">\n<ul class=\"boxes\">\n<li>Kontaktlose \u00dcbertragung von Daten und Energieversorgung<\/li>\n<li>Betriebsfrequenz von 13,56 MHz<\/li>\n<li>Daten\u00fcbertragung von 106 kbit\/s<\/li>\n<li>Datenintegrit\u00e4t durch 16-Bit CRC, Parit\u00e4t, Bitcodierung, Bitz\u00e4hlung<\/li>\n<li>Reichweite bis zu 100 mm (abh\u00e4ngig von verschiedenen Parametern wie zB Feldst\u00e4rke und Antennengeometrie)<\/li>\n<li>7-Byte Seriennummer (Kaskadenebene 2 gem\u00e4\u00df ISO\/IEC 14443-3)<\/li>\n<li>UID-ASCII-Spiegel zur automatischen Serialisierung von NDEF-Nachrichten<\/li>\n<li>Automatischer NFC-Z\u00e4hler, der bei einem Lesebefehl ausgel\u00f6st wird<\/li>\n<li>NFC-Z\u00e4hler ASCII-Spiegel zum automatischen Hinzuf\u00fcgen des NFC-Z\u00e4hlerwerts zur NDEF-Nachricht<\/li>\n<li>ECC-basierte Originalit\u00e4tssignatur<\/li>\n<li>Schneller Lesebefehl<\/li>\n<li>Echte Kollisionsvermeidung<\/li>\n<li>50 pF Eingangskapazit\u00e4t<\/li>\n<\/ul>\n<\/div>\n<div class=\"collapse-mobile ste-list-ul\">\n<ul class=\"boxes\">\n<li>180, 540 oder 924 Bytes, organisiert in 45, 135 oder 231 Seiten mit 4 Bytes pro Seite<\/li>\n<li>144, 504 oder 888 Byte frei verf\u00fcgbarer Lese-\/Schreibbereich f\u00fcr den Benutzer (36, 126 oder 222 Seiten)<\/li>\n<li>4 Byte initialisierter Capability-Container mit einmalig programmierbaren Zugriffsbits<\/li>\n<li>Vor Ort programmierbare Nur-Lese-Sperrfunktion pro Seite f\u00fcr die ersten 16 Seiten<\/li>\n<li>Vor Ort programmierbare Nur-Lese-Sperrfunktion \u00fcber den ersten 16 Seiten pro Doppelseite f\u00fcr NTAG 213 oder pro 16 Seiten f\u00fcr NTAG 215 und NTAG 216<\/li>\n<li>Konfigurierbarer Passwortschutz mit optionaler Begrenzung der Fehlversuche<\/li>\n<li>Anti-Tearing-Unterst\u00fctzung f\u00fcr Capability Container (CC) und Lock Bits<\/li>\n<li>ECC unterst\u00fctzte Originalit\u00e4tspr\u00fcfung<\/li>\n<li>Datenaufbewahrungsdauer von 10 Jahren<\/li>\n<li>Schreiblebensdauer 100.000 Zyklen<\/li>\n<\/ul>\n<\/div>\n<\/div>\n<\/div>\n<div class=\"magic-2\">\n<div class=\"auto-hide-last-sibling-br paragraph_1252f paragraph-element\">\n<div class=\"auto-hide-last-sibling-br paragraph_1252f paragraph-element\"><strong>Anwendungen f\u00fcr RFID-W\u00e4scheetiketten:<\/strong><\/div>\n<p>&nbsp;<\/p>\n<ol class=\"auto-hide-last-sibling-br\">\n<li>\n<div class=\"auto-hide-last-sibling-br paragraph_1252f paragraph-element\">Industrielle W\u00e4schereien: In einer industriellen Umgebung wird die Verfolgung gro\u00dfer W\u00e4schemengen mit unseren RFID-W\u00e4scheetikettenkn\u00f6pfen zum Kinderspiel.<\/div>\n<\/li>\n<li>\n<div class=\"auto-hide-last-sibling-br paragraph_1252f paragraph-element\">Gesundheitseinrichtungen und Hotels: Institutionen wie diese f\u00fchren h\u00e4ufig zu W\u00e4schereibetrieben mit hohem Volumen, bei dem unsere Etiketten die Effizienz kontinuierlich steigern und die Bestandsverwaltung optimieren.<\/div>\n<\/li>\n<li>\n<div class=\"auto-hide-last-sibling-br paragraph_1252f paragraph-element\">W\u00e4scheverleih: Unternehmen im W\u00e4scheverleihsektor nutzen diese Etiketten, um die Bestandsverwaltung zu vereinfachen und die Qualit\u00e4tskontrolle aufrechtzuerhalten.<\/div>\n<\/li>\n<\/ol>\n<div class=\"auto-hide-last-sibling-br paragraph_1252f paragraph-element\">Wir bieten eine Vielzahl von RFID-W\u00e4scheetiketten in den Frequenzen 125 kHz LF, 13,56 MHz HF und Gen 2 UHF an, die jeweils f\u00fcr unterschiedliche Anforderungen konzipiert sind. Unsere Etiketten, die f\u00fcr ihre Langlebigkeit und Gr\u00f6\u00dfenvielfalt bekannt sind, \u00fcberstehen problemlos die Hochtemperatur-Waschzyklen in \u00f6ffentlichen Waschsalons. Diese RFID-W\u00e4scheetiketten sind so konstruiert, dass sie den strengen Waschprozessen in Hotels und \u00f6ffentlichen Einrichtungen standhalten, und versprechen eine Haltbarkeit, die Waschen, Trocknen, chemischer Reinigung und B\u00fcgeln standh\u00e4lt.<\/div>\n<p>&nbsp;<\/p>\n<div class=\"auto-hide-last-sibling-br paragraph_1252f paragraph-element\">Die Verwendung von PPS-Material bei der Herstellung unserer Etiketten stellt sicher, dass sie Eintauchen in Wasser, Hitze, physischem Druck und Chemikalien standhalten. Diese Etiketten eignen sich perfekt f\u00fcr Inventarisierungsprozesse und \u00dcberpr\u00fcfungen in verschiedenen Sektoren wie Gesundheitswesen, Gastgewerbe, Arbeitskleidung, Bildung und mehr. Sie k\u00f6nnen einfach auf verschiedene Textilartikel wie Bettlaken, Servietten, Handt\u00fccher und zahlreiche Kleidungsst\u00fccke gen\u00e4ht oder in Geh\u00e4use gelegt werden.<\/div>\n<\/div>\n<div class=\"auto-hide-last-sibling-br paragraph_1252f paragraph-element\"><\/div>\n<\/div>\n<\/div>\n<\/div>\n<\/div>","protected":false},"excerpt":{"rendered":"<p>Der RFID-W\u00e4scheknopf NFC-Tag ist f\u00fcr die Identifizierung und \u00dcberwachung im W\u00e4schemanagement konzipiert. Diese Tags k\u00f6nnen bequem an jedem Kleidungsst\u00fcck oder W\u00e4schesack angebracht werden. Jeder NFC-Knopf ist mit einem unverwechselbaren Identifikationszeichen ausgestattet, das mit bestimmten W\u00e4schest\u00fccken verkn\u00fcpft werden kann. Dies macht den Prozess der W\u00e4scheverfolgung rationaler und effizienter.<\/p>","protected":false},"featured_media":156,"template":"","meta":{"_kad_post_transparent":"default","_kad_post_title":"","_kad_post_layout":"default","_kad_post_sidebar_id":"","_kad_post_content_style":"default","_kad_post_vertical_padding":"default","_kad_post_feature":"","_kad_post_feature_position":"","_kad_post_header":false,"_kad_post_footer":false,"_kad_post_classname":""},"product_brand":[],"product_cat":[21,17],"product_tag":[43,35,72,44],"class_list":{"0":"post-83","1":"product","2":"type-product","3":"status-publish","4":"has-post-thumbnail","6":"product_cat-pps-rfid-laundry-tag","7":"product_cat-nfc-rfid-laundry-tag","8":"product_tag-pps-rfid-washable-laundry-tags","9":"product_tag-rfid-button","10":"product_tag-rfid-laundry-button-nfc-tag","11":"product_tag-rfid-washable-laundry-tags","13":"first","14":"instock","15":"shipping-taxable","16":"product-type-simple","17":"entry","18":"content-bg","19":"loop-entry"},"_links":{"self":[{"href":"https:\/\/rfid-laundry-tag.com\/de\/wp-json\/wp\/v2\/product\/83","targetHints":{"allow":["GET"]}}],"collection":[{"href":"https:\/\/rfid-laundry-tag.com\/de\/wp-json\/wp\/v2\/product"}],"about":[{"href":"https:\/\/rfid-laundry-tag.com\/de\/wp-json\/wp\/v2\/types\/product"}],"version-history":[{"count":1,"href":"https:\/\/rfid-laundry-tag.com\/de\/wp-json\/wp\/v2\/product\/83\/revisions"}],"predecessor-version":[{"id":155,"href":"https:\/\/rfid-laundry-tag.com\/de\/wp-json\/wp\/v2\/product\/83\/revisions\/155"}],"wp:featuredmedia":[{"embeddable":true,"href":"https:\/\/rfid-laundry-tag.com\/de\/wp-json\/wp\/v2\/media\/156"}],"wp:attachment":[{"href":"https:\/\/rfid-laundry-tag.com\/de\/wp-json\/wp\/v2\/media?parent=83"}],"wp:term":[{"taxonomy":"product_brand","embeddable":true,"href":"https:\/\/rfid-laundry-tag.com\/de\/wp-json\/wp\/v2\/product_brand?post=83"},{"taxonomy":"product_cat","embeddable":true,"href":"https:\/\/rfid-laundry-tag.com\/de\/wp-json\/wp\/v2\/product_cat?post=83"},{"taxonomy":"product_tag","embeddable":true,"href":"https:\/\/rfid-laundry-tag.com\/de\/wp-json\/wp\/v2\/product_tag?post=83"}],"curies":[{"name":"wp","href":"https:\/\/api.w.org\/{rel}","templated":true}]}}