{"id":731,"date":"2024-07-16T17:14:51","date_gmt":"2024-07-16T17:14:51","guid":{"rendered":"https:\/\/rfid-laundry-tag.com\/?post_type=product&#038;p=731"},"modified":"2024-08-14T16:37:34","modified_gmt":"2024-08-14T16:37:34","slug":"uhf-rfid-dry-inlays-with-nxp-ucode-9","status":"publish","type":"product","link":"https:\/\/rfid-laundry-tag.com\/de\/uhf-rfid-dry-inlays-with-nxp-ucode-9\/","title":{"rendered":"UHF-RFID-Trockeninlays mit NXP Ucode 9"},"content":{"rendered":"<h2>UHF RFID Dry Inlays mit NXP-Ucode 9<\/h2>\n<ul>\n<li><strong>Frequenz:<\/strong>\u00a0860-960 MHz<\/li>\n<li><strong>Protokoll:<\/strong>\u00a0ISO18000-6C<\/li>\n<li><strong>Lesebereich:<\/strong>\u00a0Gro\u00dfe Lesereichweite (bis zu 10 Meter)<\/li>\n<li><strong>Chip-Optionen:<\/strong>\n<ul>\n<li><strong>NXP-Ucode9:<\/strong>\u00a0Hochleistungschip mit erweiterten Sicherheitsfunktionen.<\/li>\n<li><strong>Andere Optionen:<\/strong>\u00a0Alien H3, Monza R6, NXP-Ucode8, NXP-Ucode7<\/li>\n<\/ul>\n<\/li>\n<\/ul>\n<p><strong>Anpassungsoptionen:<\/strong><\/p>\n<p>Wir bieten eine Reihe von Anpassungsoptionen f\u00fcr RFID-Inlays, darunter:<\/p>\n<ul>\n<li><strong>Materialien:<\/strong>\u00a0Beschichtetes Papier, PVC, PET, zerbrechliches Papier usw.<\/li>\n<li><strong>Gr\u00f6\u00dfe:<\/strong>\u00a0Individuell angepasste Gr\u00f6\u00dfe passend f\u00fcr spezifische Produktabmessungen.<\/li>\n<li><strong>Drucken:<\/strong>\u00a0Logodruck, Nummerndruck, Barcodedruck.<\/li>\n<li><strong>Kodierung und Verschl\u00fcsselung:<\/strong>\u00a0Sichere Datenspeicherung und Kommunikation.<\/li>\n<\/ul>\n<p><strong>RFID-Inlays<\/strong>\u00a0sind das Herzst\u00fcck eines RFID-Systems und enthalten den Mikrochip (IC) und die Antenne, die die Kommunikation mit einem Leseger\u00e4t erm\u00f6glichen. Sie werden je nach Aufbau in zwei Haupttypen eingeteilt:<\/p>\n<p><strong>1. RFID-Trockeninlays:<\/strong><\/p>\n<ul>\n<li><strong>Beschreibung:<\/strong>\u00a0Trockeneinlagen sind f\u00fcr die direkte Integration in Materialien oder Substrate konzipiert. Sie haben keine selbstklebende R\u00fcckseite und sind daher ideal f\u00fcr Anwendungen, die eine dauerhafte Befestigung erfordern. Sie haben oft eine laminierte Oberfl\u00e4che.<\/li>\n<li><strong>Hauptmerkmale:<\/strong>\n<ul>\n<li><strong>Kein Klebstoff:<\/strong>\u00a0Macht zus\u00e4tzliche Klebeschritte \u00fcberfl\u00fcssig.<\/li>\n<li><strong>Direkte Integration:<\/strong>\u00a0Einfach in Produkte, Verpackungen oder andere Materialien zu integrieren.<\/li>\n<li><strong>Langlebige Konstruktion:<\/strong>\u00a0Sie sind verschlei\u00dffest und daher f\u00fcr anspruchsvolle Umgebungen geeignet.<\/li>\n<\/ul>\n<\/li>\n<\/ul>\n<p><strong>2. RFID-Nasseinlagen:<\/strong><\/p>\n<ul>\n<li><strong>Beschreibung:<\/strong>\u00a0Nasse Inlays sind mit einer selbstklebenden R\u00fcckseite versehen, sodass sie direkt auf ein Produkt aufgebracht oder in intelligente Etiketten umgewandelt werden k\u00f6nnen. Dies macht sie zu einer kosteng\u00fcnstigen L\u00f6sung f\u00fcr die Etikettierung gro\u00dfer Mengen.<\/li>\n<li><strong>Hauptmerkmale:<\/strong>\n<ul>\n<li><strong>Kleber\u00fccken:<\/strong>\u00a0Erm\u00f6glicht eine einfache Anwendung auf verschiedenen Oberfl\u00e4chen.<\/li>\n<li><strong>Kosteng\u00fcnstig:<\/strong>\u00a0Ideal f\u00fcr Tagging-Projekte mit gro\u00dfem Volumen.<\/li>\n<li><strong>Vielseitige Anwendungen:<\/strong>\u00a0Geeignet f\u00fcr Produkte, die eine tempor\u00e4re oder permanente Kennzeichnung erfordern.<\/li>\n<\/ul>\n<\/li>\n<\/ul>","protected":false},"excerpt":{"rendered":"<p>UHF-RFID-Trockeninlays mit NXP Ucode 9 f\u00fcr verbesserte Sicherheit und Datenspeicherung. Direkt in Materialien integrieren.<\/p>","protected":false},"featured_media":732,"template":"","meta":{"_kad_post_transparent":"default","_kad_post_title":"","_kad_post_layout":"default","_kad_post_sidebar_id":"","_kad_post_content_style":"default","_kad_post_vertical_padding":"default","_kad_post_feature":"","_kad_post_feature_position":"","_kad_post_header":false,"_kad_post_footer":false,"_kad_post_classname":""},"product_brand":[],"product_cat":[189,54],"product_tag":[192,191],"class_list":{"0":"post-731","1":"product","2":"type-product","3":"status-publish","4":"has-post-thumbnail","6":"product_cat-rfid-inlay","7":"product_cat-hot-selling-rfid-tags","8":"product_tag-uhf-rfid-dry-inlays","9":"product_tag-uhf-rfid-dry-inlays-with-nxp-ucode-9","11":"first","12":"instock","13":"shipping-taxable","14":"product-type-simple","15":"entry","16":"content-bg","17":"loop-entry"},"_links":{"self":[{"href":"https:\/\/rfid-laundry-tag.com\/de\/wp-json\/wp\/v2\/product\/731","targetHints":{"allow":["GET"]}}],"collection":[{"href":"https:\/\/rfid-laundry-tag.com\/de\/wp-json\/wp\/v2\/product"}],"about":[{"href":"https:\/\/rfid-laundry-tag.com\/de\/wp-json\/wp\/v2\/types\/product"}],"version-history":[{"count":4,"href":"https:\/\/rfid-laundry-tag.com\/de\/wp-json\/wp\/v2\/product\/731\/revisions"}],"predecessor-version":[{"id":1329,"href":"https:\/\/rfid-laundry-tag.com\/de\/wp-json\/wp\/v2\/product\/731\/revisions\/1329"}],"wp:featuredmedia":[{"embeddable":true,"href":"https:\/\/rfid-laundry-tag.com\/de\/wp-json\/wp\/v2\/media\/732"}],"wp:attachment":[{"href":"https:\/\/rfid-laundry-tag.com\/de\/wp-json\/wp\/v2\/media?parent=731"}],"wp:term":[{"taxonomy":"product_brand","embeddable":true,"href":"https:\/\/rfid-laundry-tag.com\/de\/wp-json\/wp\/v2\/product_brand?post=731"},{"taxonomy":"product_cat","embeddable":true,"href":"https:\/\/rfid-laundry-tag.com\/de\/wp-json\/wp\/v2\/product_cat?post=731"},{"taxonomy":"product_tag","embeddable":true,"href":"https:\/\/rfid-laundry-tag.com\/de\/wp-json\/wp\/v2\/product_tag?post=731"}],"curies":[{"name":"wp","href":"https:\/\/api.w.org\/{rel}","templated":true}]}}