{"id":727,"date":"2024-07-16T17:02:27","date_gmt":"2024-07-16T17:02:27","guid":{"rendered":"https:\/\/rfid-laundry-tag.com\/?post_type=product&#038;p=727"},"modified":"2024-09-16T05:10:50","modified_gmt":"2024-09-16T05:10:50","slug":"alien-h9-9662-rfid-inlay-sticker","status":"publish","type":"product","link":"https:\/\/rfid-laundry-tag.com\/de\/alien-h9-9662-rfid-inlay-sticker\/","title":{"rendered":"Alien H9 9662 RFID-Inlay-Aufkleber"},"content":{"rendered":"<h2>Alien H9 9662 RFID-Inlay-Aufkleber<\/h2>\n<p><strong>Frequenz:<\/strong>\u00a0UHF 860-960 MHz<br \/>\n<strong>Chip:<\/strong> ALIEN Higgs-3,Alien H9<br \/>\n<strong>Protokoll:<\/strong>\u00a0EPC Klasse 1 Gen2, ISO18000-6C<br \/>\n<strong>Erinnerung:<\/strong><\/p>\n<ul>\n<li>EPC: 96 Bit<\/li>\n<li>TID: 32 Bit<\/li>\n<li>Benutzer: 512 Bit<br \/>\n<strong>Leseabstand:<\/strong>\u00a01~8 Meter (abh\u00e4ngig vom Leser)<\/li>\n<\/ul>\n<p><strong>Abmessungen:<\/strong> 82,50 x 25,40 mm<br \/>\n<strong>Formate:<\/strong> Trockeninlay, Nassinlay<br \/>\nHochwertige Fertigung f\u00fcr zuverl\u00e4ssige Leistung in komplexen Umgebungen.<\/p>\n<h4 class=\"alternative\">Highlights der Alien H9 Chips<\/h4>\n<ul>\n<li>Konform mit GS1 Klasse 1 Gen 2 und ISO\/IEC 18000-6C<\/li>\n<li>Weltweiter Betrieb in den RFID-UHF-B\u00e4ndern (840-960 MHz)<\/li>\n<li>1024-Bit NVM\/RAM-Speicher<\/li>\n<li>Bis zu 496 EPC Bits (nominell 96 Bits)<\/li>\n<li>Bis zu 688 Benutzerbits<\/li>\n<li>Eindeutige 48-Bit-TID<\/li>\n<li>32-Bit-Zugriff und 32-Bit-Kill-Pass-<br \/>\nW\u00f6rter<\/li>\n<li>Vorprogrammiert mit einem einzigartigen, unver\u00e4nderten<br \/>\n48-Bit Seriennummer<\/li>\n<li>Der Benutzerspeicher kann permanent blockiert werden.<br \/>\nGesperrt sowie gelesen Passwortschutz<br \/>\ngesch\u00fctzt in 256-Bit-Bl\u00f6cken<\/li>\n<li>Energiesparender Betrieb f\u00fcr Lesen und<br \/>\nProgramm<\/li>\n<li>QuickWrite\u2122 \/ BlastWrite\u2122 \u2013 Hohe Geschwindigkeit<br \/>\nChip- &amp; Massenprogrammierung<\/li>\n<li>Dynamic AuthenticationTM Anti-Klonen \/<br \/>\nF\u00e4lschungssichere Technologie<\/li>\n<li>Au\u00dfergew\u00f6hnliche Reichweite von bis zu 13 m<br \/>\nmit entsprechender Antenne.<\/li>\n<\/ul>\n<p><strong>Anwendungen:<\/strong><\/p>\n<ul>\n<li>Lieferkettenmanagement<\/li>\n<li>Distributionslogistik<\/li>\n<li>Produktauthentifizierung<\/li>\n<li>Bestandsaufnahme und Nachverfolgung von Verm\u00f6genswerten<\/li>\n<li>Gep\u00e4ckabfertigung und -verfolgung<\/li>\n<\/ul>\n<p><strong>Hauptmerkmale:<\/strong><\/p>\n<ul>\n<li>Leistungsstarker UHF-RFID-Inlay-Aufkleber<\/li>\n<li>Gro\u00dfe Lesereichweite und zuverl\u00e4ssige Leistung<\/li>\n<li>Geeignet f\u00fcr verschiedene Anwendungen, die ein robustes RFID-Tracking erfordern<\/li>\n<li>Verwendet das Industriestandardprotokoll EPC Class 1 Gen2<\/li>\n<\/ul>\n<p><strong>Notiz:<\/strong>\u00a0Die tats\u00e4chliche Lesereichweite kann je nach Faktoren wie Leseleistung, Antennendesign, Umgebungsbedingungen und Tag-Ausrichtung variieren.<\/p>\n<h2>H\u00e4ufig gestellte Fragen: Alien H9 9662 RFID Inlay Sticker<\/h2>\n<p><strong>Allgemein<\/strong><\/p>\n<ol>\n<li><strong>Wie gro\u00df ist die Lesereichweite des Alien H9 9662 RFID-Inlay-Aufklebers?<\/strong><br \/>\nDie Lesereichweite des Alien H9 9662 RFID-Inlay-Aufklebers kann je nach Faktoren wie dem verwendeten Leseger\u00e4t, der Antennenkonfiguration und den Umgebungsbedingungen variieren.<\/li>\n<li><strong>Wie hoch ist die Betriebsfrequenz des Alien H9 9662 RFID-Inlay-Stickers?<\/strong><br \/>\nDer Alien H9 9662 RFID-Inlay-Sticker arbeitet im UHF-Frequenzbereich von 865-868 MHz.<\/li>\n<li><strong>Ist das Inlay mit dem EPC Class 1 Gen2-Protokoll kompatibel?<\/strong><br \/>\nJa, der Alien H9 9662 RFID-Inlay-Sticker ist mit dem EPC Class 1 Gen2-Protokoll kompatibel.<\/li>\n<li><strong>Welche Abmessungen hat der Alien H9 9662 RFID-Inlay-Aufkleber?<\/strong><br \/>\nJede Gr\u00f6\u00dfe kann individuell angepasst werden.<\/li>\n<li><strong>Gibt es das Inlay in verschiedenen Formaten, z. B. Trocken- oder Nassinlay?<\/strong><br \/>\nJa, das Inlay ist in den Formaten Trocken- oder Nassinlay erh\u00e4ltlich.<\/li>\n<li><strong>Wie funktioniert der Alien H9 9662 RFID-Inlay-Sticker in komplexen Umgebungen?<\/strong><br \/>\nDer Alien H9 9662 RFID-Inlay-Sticker ist f\u00fcr eine gute Leistung in komplexen Umgebungen konzipiert. Allerdings k\u00f6nnen Faktoren wie Metallinterferenzen, Feuchtigkeit und Temperatur die Lesereichweite beeintr\u00e4chtigen.<\/li>\n<\/ol>\n<p><strong>Bestellung und Verf\u00fcgbarkeit<\/strong><\/p>\n<ol>\n<li><strong>Wo kann ich den Alien H9 9662 RFID-Inlay-Aufkleber kaufen?<\/strong><br \/>\nJa, wir k\u00f6nnen das RFID-Inlay verkaufen, wir haben \u00fcber 12 Jahre Erfahrung in der Herstellung.<\/li>\n<li><strong>Wie lange dauert die Bestellung?<\/strong><br \/>\nErw\u00e4hnen Sie die typische Vorlaufzeit f\u00fcr die Bearbeitung von Bestellungen. Wie \u00fcblich betr\u00e4gt sie etwa 10 Tage<\/li>\n<li><strong>Gibt es Mindestbestellmengen?<\/strong><br \/>\n1000 St\u00fcck<\/li>\n<li><strong>Ist es m\u00f6glich, ein Muster des Alien H9 9662 RFID-Inlay-Aufklebers zu erhalten?<\/strong><br \/>\nJa, kostenlose Proben<\/li>\n<\/ol>\n<p>&nbsp;<\/p>","protected":false},"excerpt":{"rendered":"<p>Alien H9 9662 RFID-Inlay-Aufkleber: Leistungsstarkes UHF-RFID-Inlay f\u00fcr Lieferkettenmanagement, Anlagenverfolgung und mehr.<\/p>","protected":false},"featured_media":728,"template":"","meta":{"_kad_post_transparent":"default","_kad_post_title":"","_kad_post_layout":"default","_kad_post_sidebar_id":"","_kad_post_content_style":"default","_kad_post_vertical_padding":"default","_kad_post_feature":"","_kad_post_feature_position":"","_kad_post_header":false,"_kad_post_footer":false,"_kad_post_classname":""},"product_brand":[],"product_cat":[189,54],"product_tag":[266,267,108],"class_list":{"0":"post-727","1":"product","2":"type-product","3":"status-publish","4":"has-post-thumbnail","6":"product_cat-rfid-inlay","7":"product_cat-hot-selling-rfid-tags","8":"product_tag-9662-rfid-inlay-sticker","9":"product_tag-h9-rfid-inlay","10":"product_tag-rfid-inlay","12":"first","13":"instock","14":"shipping-taxable","15":"product-type-simple","16":"entry","17":"content-bg","18":"loop-entry"},"_links":{"self":[{"href":"https:\/\/rfid-laundry-tag.com\/de\/wp-json\/wp\/v2\/product\/727","targetHints":{"allow":["GET"]}}],"collection":[{"href":"https:\/\/rfid-laundry-tag.com\/de\/wp-json\/wp\/v2\/product"}],"about":[{"href":"https:\/\/rfid-laundry-tag.com\/de\/wp-json\/wp\/v2\/types\/product"}],"version-history":[{"count":2,"href":"https:\/\/rfid-laundry-tag.com\/de\/wp-json\/wp\/v2\/product\/727\/revisions"}],"predecessor-version":[{"id":730,"href":"https:\/\/rfid-laundry-tag.com\/de\/wp-json\/wp\/v2\/product\/727\/revisions\/730"}],"wp:featuredmedia":[{"embeddable":true,"href":"https:\/\/rfid-laundry-tag.com\/de\/wp-json\/wp\/v2\/media\/728"}],"wp:attachment":[{"href":"https:\/\/rfid-laundry-tag.com\/de\/wp-json\/wp\/v2\/media?parent=727"}],"wp:term":[{"taxonomy":"product_brand","embeddable":true,"href":"https:\/\/rfid-laundry-tag.com\/de\/wp-json\/wp\/v2\/product_brand?post=727"},{"taxonomy":"product_cat","embeddable":true,"href":"https:\/\/rfid-laundry-tag.com\/de\/wp-json\/wp\/v2\/product_cat?post=727"},{"taxonomy":"product_tag","embeddable":true,"href":"https:\/\/rfid-laundry-tag.com\/de\/wp-json\/wp\/v2\/product_tag?post=727"}],"curies":[{"name":"wp","href":"https:\/\/api.w.org\/{rel}","templated":true}]}}