{"id":723,"date":"2024-07-16T16:29:22","date_gmt":"2024-07-16T16:29:22","guid":{"rendered":"https:\/\/rfid-laundry-tag.com\/?post_type=product&#038;p=723"},"modified":"2024-08-14T16:40:29","modified_gmt":"2024-08-14T16:40:29","slug":"uhf-rfid-inlay-monza-m4-chips","status":"publish","type":"product","link":"https:\/\/rfid-laundry-tag.com\/de\/uhf-rfid-inlay-monza-m4-chips\/","title":{"rendered":"UHF RFID Inlay Monza M4 Chips"},"content":{"rendered":"<div>\n<ul>\n<li><strong>Produktname:<\/strong>\u00a0UHF-RFID-Inlay Monza M4\/M5-Chips<\/li>\n<li><strong>Material:<\/strong>\u00a0Beschichtetes Papier, PET usw.<\/li>\n<li><strong>Chip:<\/strong>\u00a0Monza M4\/M5<\/li>\n<li><strong>Farbe:<\/strong>\u00a0Wei\u00df<\/li>\n<li><strong>Protokoll:<\/strong>\u00a0Global EPC Klasse 1 Gen2 ISO\/IEC 18000-6C<\/li>\n<li><strong>Frequenz:<\/strong>\u00a0860-960 MHz<\/li>\n<li><strong>Leserbereich:<\/strong>\u00a06\u00a0M\u00a0\u2013\u00a012\u00a0M (abh\u00e4ngig von der Umgebung und der Lese-\/Schreibdistanz)<\/li>\n<li><strong>Arbeitsweise:<\/strong>\u00a0Passiv<\/li>\n<li><strong>Recycling-Arbeit:<\/strong>\u00a0&gt;100000 Mal<\/li>\n<li><strong>Anwendung:<\/strong>\u00a0F\u00e4lschungssichere R\u00fcckverfolgbarkeit, Daten\u00fcbertragung.<\/li>\n<\/ul>\n<p><strong>Beschreibung der UHF-RFID-Inlay-Monza-M4-Chips:<\/strong><\/p>\n<p>Diese UHF-RFID-Inlays mit Monza M4\/M5-Chips sind f\u00fcr eine Vielzahl von Anwendungen konzipiert, die eine zuverl\u00e4ssige Daten\u00fcbertragung und Ma\u00dfnahmen zum Schutz vor F\u00e4lschungen erfordern.<\/p>\n<p><strong>Hauptmerkmale:<\/strong><\/p>\n<ul>\n<li><strong>Dauerhaft:<\/strong>\u00a0Hergestellt aus hochwertigen Materialien f\u00fcr eine l\u00e4ngere Lebensdauer.<\/li>\n<li><strong>Zuverl\u00e4ssig:<\/strong>\u00a0Bietet robuste Leistung f\u00fcr eine genaue Datenerfassung.<\/li>\n<li><strong>Vielseitig:<\/strong>\u00a0Geeignet f\u00fcr unterschiedliche Anwendungen, einschlie\u00dflich Bestandsverfolgung, Anlagenverwaltung und Lieferketten\u00fcberwachung.<\/li>\n<li><strong>Sicher:<\/strong>\u00a0Tr\u00e4gt zum Kampf gegen Produktf\u00e4lschungen bei und gew\u00e4hrleistet die Echtheit des Produkts.<\/li>\n<\/ul>\n<h2>UHF RFID Inlay Monza M4\/M5 Chips: H\u00e4ufig gestellte Fragen<\/h2>\n<p><strong>1. Was ist der Unterschied zwischen Monza M4- und Monza M5-Chips?<\/strong><\/p>\n<p>Die Monza M4- und M5-Chips sind beide leistungsstarke UHF-RFID-Chips. Der Hauptunterschied liegt in ihrer Speicherkapazit\u00e4t:<\/p>\n<ul>\n<li><strong>Monza M4:<\/strong>\u00a0Bietet 128 Bit Benutzerspeicher.<\/li>\n<li><strong>Monza M5:<\/strong>\u00a0Bietet 512 Bit Benutzerspeicher.<\/li>\n<\/ul>\n<p>Dadurch kann der Monza M5 deutlich mehr Daten speichern und eignet sich daher ideal f\u00fcr Anwendungen, die einen gro\u00dfen Datenspeicher erfordern.<\/p>\n<p><strong>2. Welche Vorteile bietet die Verwendung von UHF-RFID-Inlay-Monza-M4-Chips?<\/strong><\/p>\n<p>Monza M4\/M5-Chips bieten zahlreiche Vorteile:<\/p>\n<ul>\n<li><strong>Hohe Lesereichweite:<\/strong>\u00a0Sie bieten hervorragende Lesereichweiten von bis zu 12 Metern unter optimalen Bedingungen.<\/li>\n<li><strong>Schnelle Lese-\/Schreibgeschwindigkeiten:<\/strong>\u00a0Diese Chips erm\u00f6glichen einen schnellen Datenzugriff und optimieren so die Abl\u00e4ufe.<\/li>\n<li><strong>Verbesserte Leistung:<\/strong>\u00a0Sie liefern zuverl\u00e4ssige und konstante Leistung in anspruchsvollen Umgebungen.<\/li>\n<li><strong>Datensicherheit:<\/strong>\u00a0Die Chips verf\u00fcgen \u00fcber Sicherheitsfunktionen zum Schutz sensibler Daten.<\/li>\n<\/ul>\n<p><strong>3. F\u00fcr welche Anwendungsbereiche eignen sich Monza M4\/M5 RFID-Inlays?<\/strong><\/p>\n<p>Diese Inlays eignen sich f\u00fcr zahlreiche Anwendungen, unter anderem:<\/p>\n<ul>\n<li><strong>Bestandsverwaltung:<\/strong>\u00a0Verfolgung von Lagerbest\u00e4nden und Produktbewegungen in Lagern und Einzelhandelsgesch\u00e4ften.<\/li>\n<li><strong>Anlagenverfolgung:<\/strong>\u00a0\u00dcberwachung von Verm\u00f6genswerten, Ger\u00e4ten und Werkzeugen in unterschiedlichen Umgebungen.<\/li>\n<li><strong>Lieferkettenmanagement:<\/strong>\u00a0Verbesserung der Sichtbarkeit und Transparenz der Lieferkette.<\/li>\n<li><strong>F\u00e4lschungsschutz:<\/strong>\u00a0Produktf\u00e4lschungen verhindern und Echtheit sicherstellen.<\/li>\n<li><strong>Zugriffskontrolle:<\/strong>\u00a0Verwalten des Zugriffs auf sichere Bereiche oder Sperrgebiete.<\/li>\n<\/ul>\n<p><strong>4. Wie w\u00e4hle ich das richtige RFID-Inlay f\u00fcr meine spezifische Anwendung aus?<\/strong><\/p>\n<p>Die optimale Wahl des RFID-Inlays h\u00e4ngt von den spezifischen Anforderungen Ihrer Anwendung ab:<\/p>\n<ul>\n<li><strong>Datenspeicherbedarf:<\/strong>\u00a0Wenn Sie umfangreiche Daten speichern m\u00fcssen, sollten Sie den Monza M5 mit seiner gr\u00f6\u00dferen Speicherkapazit\u00e4t in Betracht ziehen.<\/li>\n<li><strong>Lesebereich:<\/strong>\u00a0Bestimmen Sie die erforderliche Lesereichweite, um eine ordnungsgem\u00e4\u00dfe Tag-Identifizierung sicherzustellen.<\/li>\n<li><strong>Umgebungsbedingungen:<\/strong>\u00a0Ber\u00fccksichtigen Sie die Betriebsumgebung (Temperatur, Luftfeuchtigkeit usw.), um ein robustes Inlay auszuw\u00e4hlen.<\/li>\n<li><strong>Anwendungstyp:<\/strong>\u00a0Die konkrete Anwendung (z. B. Bestandsverfolgung, Anlagenverwaltung) beeinflusst die Wahl des Inlays.<\/li>\n<\/ul>\n<p><strong>5. Welche Kosten sind typischerweise mit RFID-Inlays mit Monza M4\/M5-Chips verbunden?<\/strong><\/p>\n<p>Die Kosten f\u00fcr RFID-Inlays variieren je nach Faktoren wie Chiptyp, Inlay-Design, Bestellmenge und zus\u00e4tzlichen Funktionen. Wenden Sie sich an RFID-Hersteller oder -Lieferanten, um genaue Preisinformationen zu erhalten.<\/p>\n<p><strong>6. Sind Monza M4\/M5-Inlays mit Standard-RFID-Leseger\u00e4ten kompatibel?<\/strong><\/p>\n<p>Ja, diese Inlays sind f\u00fcr den Einsatz mit branchen\u00fcblichen RFID-Leseger\u00e4ten im UHF-Frequenzbereich konzipiert.<\/p>\n<p><strong>7. Wo kann ich Monza M4\/M5 RFID-Inlays kaufen?<\/strong><\/p>\n<p>RFID-Inlays mit Monza M4\/M5-Chips sind bei verschiedenen Herstellern und Lieferanten, die auf RFID-Technologie spezialisiert sind, weithin erh\u00e4ltlich.<\/p>\n<p><strong>8. Gibt es Ressourcen, die mir helfen, mehr \u00fcber die RFID-Technologie zu erfahren?<\/strong><\/p>\n<p>Ja, Sie k\u00f6nnen online und \u00fcber RFID-Branchenverb\u00e4nde zahlreiche Ressourcen finden:<\/p>\n<ul>\n<li><strong>RFID-Journal:<\/strong>\u00a0Eine f\u00fchrende Quelle f\u00fcr RFID-Neuigkeiten und -Informationen.<\/li>\n<li><strong>Verband der RFID-Industrie (RFIDIA):<\/strong>\u00a0Eine globale Organisation, die den Einsatz der RFID-Technologie f\u00f6rdert.<\/li>\n<li><strong>Websites der Hersteller:<\/strong>\u00a0Weitere technische Dokumentationen und Support finden Sie auf den Websites der wichtigsten RFID-Chip-Hersteller.<\/li>\n<\/ul>\n<\/div>\n<div class=\"auto-hide-last-sibling-br paragraph_9dc5f paragraph-element\"><\/div>\n<div class=\"auto-hide-last-sibling-br paragraph_9dc5f paragraph-element\"><\/div>","protected":false},"excerpt":{"rendered":"<p>UHF-RFID-Inlay Monza M4-Chips f\u00fcr Inventarisierung, Anlagenverfolgung und F\u00e4lschungsschutz. Hohe Lesereichweiten, schneller Datenzugriff und robuste Leistung.<\/p>","protected":false},"featured_media":724,"template":"","meta":{"_kad_post_transparent":"default","_kad_post_title":"","_kad_post_layout":"default","_kad_post_sidebar_id":"","_kad_post_content_style":"default","_kad_post_vertical_padding":"default","_kad_post_feature":"","_kad_post_feature_position":"","_kad_post_header":false,"_kad_post_footer":false,"_kad_post_classname":""},"product_brand":[],"product_cat":[54,189],"product_tag":[108,190],"class_list":{"0":"post-723","1":"product","2":"type-product","3":"status-publish","4":"has-post-thumbnail","6":"product_cat-hot-selling-rfid-tags","7":"product_cat-rfid-inlay","8":"product_tag-rfid-inlay","9":"product_tag-uhf-rfid-inlay-monza-m4-m5-chips","11":"first","12":"instock","13":"shipping-taxable","14":"product-type-simple","15":"entry","16":"content-bg","17":"loop-entry"},"_links":{"self":[{"href":"https:\/\/rfid-laundry-tag.com\/de\/wp-json\/wp\/v2\/product\/723","targetHints":{"allow":["GET"]}}],"collection":[{"href":"https:\/\/rfid-laundry-tag.com\/de\/wp-json\/wp\/v2\/product"}],"about":[{"href":"https:\/\/rfid-laundry-tag.com\/de\/wp-json\/wp\/v2\/types\/product"}],"version-history":[{"count":4,"href":"https:\/\/rfid-laundry-tag.com\/de\/wp-json\/wp\/v2\/product\/723\/revisions"}],"predecessor-version":[{"id":1331,"href":"https:\/\/rfid-laundry-tag.com\/de\/wp-json\/wp\/v2\/product\/723\/revisions\/1331"}],"wp:featuredmedia":[{"embeddable":true,"href":"https:\/\/rfid-laundry-tag.com\/de\/wp-json\/wp\/v2\/media\/724"}],"wp:attachment":[{"href":"https:\/\/rfid-laundry-tag.com\/de\/wp-json\/wp\/v2\/media?parent=723"}],"wp:term":[{"taxonomy":"product_brand","embeddable":true,"href":"https:\/\/rfid-laundry-tag.com\/de\/wp-json\/wp\/v2\/product_brand?post=723"},{"taxonomy":"product_cat","embeddable":true,"href":"https:\/\/rfid-laundry-tag.com\/de\/wp-json\/wp\/v2\/product_cat?post=723"},{"taxonomy":"product_tag","embeddable":true,"href":"https:\/\/rfid-laundry-tag.com\/de\/wp-json\/wp\/v2\/product_tag?post=723"}],"curies":[{"name":"wp","href":"https:\/\/api.w.org\/{rel}","templated":true}]}}