{"id":70,"date":"2024-06-11T14:43:51","date_gmt":"2024-06-11T14:43:51","guid":{"rendered":"https:\/\/rfid-laundry-tag.com\/?post_type=product&#038;p=70"},"modified":"2024-06-14T13:38:47","modified_gmt":"2024-06-14T13:38:47","slug":"uhf-rfid-laundry-tag-pps-material","status":"publish","type":"product","link":"https:\/\/rfid-laundry-tag.com\/de\/uhf-rfid-laundry-tag-pps-material\/","title":{"rendered":"UHF RFID W\u00e4scheetikett | PPS-Material"},"content":{"rendered":"<div class=\"J_module\">\n<div class=\"ife-detail-decorate-table\">\n<table class=\"has-title all magic-6\">\n<tbody>\n<tr>\n<td colspan=\"1\" rowspan=\"1\">\n<div class=\"magic-7\" data-spm-anchor-id=\"a2700.details.0.i45.77607d98vZbcDU\"><span class=\"magic-8\" style=\"color: #363535;\">Artikelname<\/span><\/div>\n<\/td>\n<td colspan=\"1\" rowspan=\"1\">\n<div class=\"magic-9\"><span class=\"magic-8\">UHF-RFID-W\u00e4scheetikett PPS<\/span><\/div>\n<\/td>\n<\/tr>\n<tr>\n<td colspan=\"1\" rowspan=\"1\">\n<div class=\"magic-7\"><span class=\"magic-10\" data-spm-anchor-id=\"a2700.pc-decorate.0.i10.28d333330XLbTD\"><span class=\"magic-8\">Material<\/span><\/span><\/div>\n<\/td>\n<td colspan=\"1\" rowspan=\"1\">\n<div class=\"magic-9\"><span class=\"magic-8\">PPS<\/span><\/div>\n<\/td>\n<\/tr>\n<tr>\n<td colspan=\"1\" rowspan=\"1\">\n<div class=\"magic-7\"><span class=\"magic-8\">Farbe<\/span><\/div>\n<\/td>\n<td colspan=\"1\" rowspan=\"1\">\n<div class=\"magic-9\"><span class=\"magic-8\">Schwarz<\/span><\/div>\n<\/td>\n<\/tr>\n<tr>\n<td colspan=\"1\" rowspan=\"1\">Mindestbestellmenge<\/td>\n<td colspan=\"1\" rowspan=\"1\">500 St\u00fcck<\/td>\n<\/tr>\n<tr>\n<td colspan=\"1\" rowspan=\"1\">\n<div class=\"magic-7\"><span class=\"magic-8\">Hersteller\/Chip<\/span><\/div>\n<\/td>\n<td colspan=\"1\" rowspan=\"1\">\n<div class=\"magic-9\"><span class=\"magic-8\">NXP UCODE 8, UCODE 9<\/span><\/div>\n<\/td>\n<\/tr>\n<tr>\n<td colspan=\"1\" rowspan=\"1\">\n<div class=\"magic-7\"><span class=\"magic-8\">Frequenz<\/span><\/div>\n<\/td>\n<td colspan=\"1\" rowspan=\"1\">\n<div class=\"magic-9\"><span class=\"magic-8\">860-960MHz\/<\/span><\/div>\n<\/td>\n<\/tr>\n<tr>\n<td colspan=\"1\" rowspan=\"1\">\n<div class=\"magic-7\"><span class=\"magic-8\">Erinnerung<\/span><\/div>\n<\/td>\n<td colspan=\"1\" rowspan=\"1\">\n<div class=\"magic-9\"><span class=\"magic-8\">96 Bit\/128 Bit<\/span><\/div>\n<\/td>\n<\/tr>\n<tr>\n<td colspan=\"1\" rowspan=\"1\">\n<div class=\"magic-7\"><span class=\"magic-8\">Lesedistanz<\/span><\/div>\n<\/td>\n<td colspan=\"1\" rowspan=\"1\">\n<div class=\"magic-9\"><span class=\"magic-8\">1-6 m<\/span><\/div>\n<\/td>\n<\/tr>\n<tr>\n<td colspan=\"1\" rowspan=\"1\">\n<div class=\"magic-7\"><span class=\"magic-8\">Arbeitsmodus<\/span><\/div>\n<\/td>\n<td colspan=\"1\" rowspan=\"1\">\n<div class=\"magic-9\"><span class=\"magic-8\">passiv<\/span><\/div>\n<\/td>\n<\/tr>\n<tr>\n<td colspan=\"1\" rowspan=\"1\">\n<div class=\"magic-7\"><span class=\"magic-8\">Arbeitstemperatur<\/span><\/div>\n<\/td>\n<td colspan=\"1\" rowspan=\"1\">\n<div class=\"magic-9\"><span class=\"magic-8\">-25\u2103~+110\u2103<\/span><\/div>\n<\/td>\n<\/tr>\n<tr>\n<td colspan=\"1\" rowspan=\"1\">\n<div class=\"magic-7\"><span class=\"magic-8\">Lagertemperatur<\/span><\/div>\n<\/td>\n<td colspan=\"1\" rowspan=\"1\">\n<div class=\"magic-9\"><span class=\"magic-8\">-40\u2103~+85\u2103<\/span><\/div>\n<\/td>\n<\/tr>\n<tr>\n<td colspan=\"1\" rowspan=\"1\">\n<div class=\"magic-7\">\n<div><span class=\"magic-8\">\u00a0<\/span><\/div>\n<p><span class=\"magic-8\">Kurzzeittemperaturbest\u00e4ndigkeit<\/span><\/p>\n<\/div>\n<\/td>\n<td colspan=\"1\" rowspan=\"1\">\n<div class=\"magic-9\"><span class=\"magic-8\">Waschen: 90 \u00b0C, 15 Minuten; Konverter-Vortrocknen: 180 \u00b0C, 30 Minuten, 200 Mal; B\u00fcgeln: 180 \u00b0C, 10 Sekunden, 200 Mal; hoch<br \/>\nTemperatursterilisation: 135\u2103, 20 Minuten<\/span><\/div>\n<\/td>\n<\/tr>\n<tr>\n<td colspan=\"1\" rowspan=\"1\">\n<div class=\"magic-7\"><span class=\"magic-8\">Merkmale<\/span><\/div>\n<\/td>\n<td colspan=\"1\" rowspan=\"1\">\n<div class=\"magic-9\"><span class=\"magic-8\">wasserdicht, waschbar, hochtemperaturbest\u00e4ndig<\/span><\/div>\n<\/td>\n<\/tr>\n<tr>\n<td colspan=\"1\" rowspan=\"1\">\n<div class=\"magic-7\"><span class=\"magic-8\">Leben<\/span><\/div>\n<\/td>\n<td colspan=\"1\" rowspan=\"1\">\n<div class=\"magic-9\"><span class=\"magic-8\">200 mal waschen oder 3 Jahre<\/span><\/div>\n<\/td>\n<\/tr>\n<tr>\n<td colspan=\"1\" rowspan=\"1\">\n<div class=\"magic-7\"><span class=\"magic-8\">Anwendungen<\/span><\/div>\n<\/td>\n<td colspan=\"1\" rowspan=\"1\">\n<div class=\"magic-9\"><span class=\"magic-8\">W\u00e4schemanagement und -verfolgung<\/span><\/div>\n<\/td>\n<\/tr>\n<\/tbody>\n<\/table>\n<\/div>\n<\/div>\n<div class=\"J_module\">\n<div class=\"detail-decorate-json-renderer-container\">\n<div class=\"magic-1\">\n<div class=\"magic-2\">\n<div class=\"magic-3\">\n<div><\/div>\n<div class=\"magic-4\">\n<div><strong>RFID-Knopfanh\u00e4nger<\/strong><\/div>\n<div><\/div>\n<\/div>\n<\/div>\n<div>\n<div class=\"auto-hide-last-sibling-br paragraph_1252f paragraph-element\">Die hochtemperaturbest\u00e4ndigen W\u00e4scheetiketten von PPS sind eine hervorragende Tracking-L\u00f6sung f\u00fcr gewerbliche Umgebungen wie Kantinen und Restaurants, in denen st\u00e4ndig gro\u00dfe Mengen Geschirr gehandhabt werden.<\/div>\n<\/div>\n<div>\n<div><\/div>\n<\/div>\n<\/div>\n<p><strong>Chip-Optionen:<\/strong><\/p>\n<p><strong>UCODE 8 von NXP<\/strong> und UCODE 8m ICs sind Produkte der UCODE-Familie. UCODE 8\/8m bieten hohe Leistung und Funktionen f\u00fcr den Einsatz in den anspruchsvollsten RFID-Tagging-Anwendungen.<\/p>\n<p>Besonders gut geeignet f\u00fcr Bestandsverwaltungsanwendungen, wie z. B. Einzelhandel und Mode, mit seiner bew\u00e4hrten HF-Leistung f\u00fcr jeden beliebigen Formfaktor erm\u00f6glicht UCODE 8\/8m gro\u00dfe Lesereichweiten und eine schnelle Bestandsaufnahme einer dichten RFID-Tag-Population. Mit seinem Breitbanddesign bietet es die M\u00f6glichkeit, echte globale RFID-Etiketten mit hoher Leistung herzustellen, die weltweite Vorschriften \u00fcbertrifft.<\/p>\n<p>Das Ger\u00e4t verf\u00fcgt au\u00dferdem \u00fcber eine Selbstanpassungsfunktion, eine Produktstatusflagge f\u00fcr Anwendungen zur elektronischen Artikel\u00fcberwachung (EAS), einen vorserialisierten 96-Bit-EPC, eine Markenkennung und den EPC Gen2v2-konformen Untraceable-Befehl.<\/p>\n<div id=\"featuresXsp\" class=\"features-list toggle-opacity in\">\n<div class=\"features-xsp\">\n<div class=\"collapse-mobile ste-list\">\n<h3>Hauptmerkmale<\/h3>\n<ul class=\"boxes\">\n<li>Leseempfindlichkeit -23dBm<\/li>\n<li>Schreibempfindlichkeit -18dBm<\/li>\n<li>Innovative Funktionalit\u00e4t\n<ul>\n<li>Selbstjustierung<\/li>\n<li>Speicherschutz<\/li>\n<li>Unauffindbar<\/li>\n<li>Vorserialisierung f\u00fcr 96-Bit-EPC<\/li>\n<li>Integriertes Produktstatus-Flag (PSF)<\/li>\n<\/ul>\n<\/li>\n<li>Kompatibel mit Einzelschlitzantenne<\/li>\n<li>Bis zu 128-Bit EPC<\/li>\n<li>96-Bit Unique Tag Identifie (TID) werkseitig gesperrt, einschlie\u00dflich 48-Bit eindeutiger Seriennummer<\/li>\n<li>EPC Gen2v2<\/li>\n<\/ul>\n<\/div>\n<div class=\"collapse-mobile ste-list\">\n<h3>Erinnerung<\/h3>\n<ul class=\"boxes\">\n<li>128-Bit\/96-Bit (UCODE 8\/UCODE 8m) EPC-Speicher<\/li>\n<li>Unterst\u00fctzt Vorserialisierung f\u00fcr 96-Bit-EPC<\/li>\n<li>96-Bit-Tag-ID (TID) werkseitig gesperrt<\/li>\n<li>48-Bit eindeutige Seriennummer, werkseitig in TID kodiert<\/li>\n<li>0-Bit\/32-Bit (UCODE 8\/UCODE 8m) Benutzerspeicher<\/li>\n<li>32-Bit-Kill-Passwort zum dauerhaften Deaktivieren des Tags<\/li>\n<li>32-Bit-Zugangskennwort<\/li>\n<li>Gro\u00dfer Betriebstemperaturbereich: -40\u00a0<sup>\u00b0<\/sup>C bis +85\u00a0<sup>\u00b0<\/sup>C<\/li>\n<li>EPC Gen2v2<\/li>\n<\/ul>\n<p><strong>UCODE 9 von NXP<\/strong><\/p>\n<p>Mit UCODE 9 erhalten anspruchsvolle RAIN RFID-Tagging-Anwendungen einen Schub, sodass Einzelh\u00e4ndler und Smart-Logistik-Unternehmen ihre IoT-Einf\u00fchrung beschleunigen k\u00f6nnen.<\/p>\n<p>Dank seiner verbesserten Leistung erm\u00f6glicht UCODE 9 eine effizientere Bestandsaufnahme. Dar\u00fcber hinaus erm\u00f6glicht UCODE 9 die Wiederverwendung der vorhandenen UCODE 8-Inlay-Antennendesigns, was einen einfachen Migrationspfad von UCODE 8 zu UCODE 9 bietet.<\/p>\n<p>Seine h\u00f6here Chipleistung erm\u00f6glicht kleinere Inlay-Designs, was zur Reduzierung des Kunststoff- und Aluminiumverbrauchs beitr\u00e4gt und somit die \u00f6kologische Nachhaltigkeit f\u00f6rdert.<\/p>\n<div class=\"collapse-mobile ste-list\">\n<h3>Hauptmerkmale<\/h3>\n<ul class=\"boxes\">\n<li>Leseempfindlichkeit: -24 dBm<\/li>\n<li>Schreibempfindlichkeit: -22 dBm<\/li>\n<li>Kodierungsgeschwindigkeit: 32 Bit in 0,96 ms<\/li>\n<li>Drop-In-Antennenersatz f\u00fcr UCODE 8<\/li>\n<li>Selbstjustierend<\/li>\n<li>Speicherschutz<\/li>\n<li>Vorserialisierung von 96-Bit-EPC<\/li>\n<\/ul>\n<\/div>\n<div class=\"collapse-mobile ste-list\">\n<h3>Erinnerung<\/h3>\n<ul class=\"boxes\">\n<li>96-Bit EPC-Speicher<\/li>\n<li>Unterst\u00fctzt die Vorserialisierung von 96-Bit-EPC<\/li>\n<li>96-Bit-Tag-ID (TID) werkseitig gesperrt<\/li>\n<li>48-Bit eindeutige Seriennummer, werkseitig in TID kodiert<\/li>\n<li>32-Bit-Kill-Passwort zum dauerhaften Deaktivieren des Tags<\/li>\n<li>Gro\u00dfer Betriebstemperaturbereich: -40 \u00b0C bis +85 \u00b0C<\/li>\n<li>Lebensdauer von 100.000 Schreibzyklen<\/li>\n<li>20 Jahre Datenaufbewahrung<\/li>\n<\/ul>\n<\/div>\n<div class=\"collapse-mobile ste-list\">\n<h3>Unterst\u00fctzte Funktionen<\/h3>\n<ul class=\"boxes\">\n<li>Alle obligatorischen Befehle der EPC Global Gen2 v2.1-Spezifikation sind implementiert, darunter:\n<ul>\n<li>T\u00f6tungsbefehl<\/li>\n<\/ul>\n<\/li>\n<li>Die folgenden optionalen Befehle sind in \u00dcbereinstimmung mit der EPC-Spezifikation implementiert\n<ul>\n<li>Blockschreiben (2 W\u00f6rter, 32 Bit)<\/li>\n<\/ul>\n<\/li>\n<li>Selbstanpassung zur automatischen Tag-Leistungsoptimierung<\/li>\n<li>Permalock<\/li>\n<\/ul>\n<\/div>\n<\/div>\n<div class=\"collapse-mobile ste-list\"><\/div>\n<\/div>\n<\/div>\n<div class=\"magic-2\">\n<div>\n<div class=\"auto-hide-last-sibling-br paragraph_1252f paragraph-element\"><\/div>\n<div class=\"auto-hide-last-sibling-br paragraph_1252f paragraph-element\"><strong>Anwendungen von RFID-Button-Tags<\/strong><\/div>\n<ol class=\"auto-hide-last-sibling-br\">\n<li>\n<div class=\"auto-hide-last-sibling-br paragraph_1252f paragraph-element\">Industrielle W\u00e4schereien: Im industriellen Bereich wird die Verfolgung gro\u00dfer W\u00e4schemengen durch den Einsatz von RFID-W\u00e4scheetikettenkn\u00f6pfen zu einer m\u00fchelosen Aufgabe.<\/div>\n<\/li>\n<li>\n<div class=\"auto-hide-last-sibling-br paragraph_1252f paragraph-element\">Krankenh\u00e4user und Hotels: In diesen Einrichtungen werden h\u00e4ufig gro\u00dfe W\u00e4schemengen gewaschen. Hier haben sich diese Etiketten als hilfreich bei der Verbesserung der Effizienz und der Bestandsverwaltung erwiesen.<\/div>\n<\/li>\n<li>\n<div class=\"auto-hide-last-sibling-br paragraph_1252f paragraph-element\">W\u00e4scheverleih: Unternehmen, die W\u00e4scheverleihdienste anbieten, verwenden diese Etiketten, um die Bestandsverwaltung zu vereinfachen und die Qualit\u00e4tskontrolle aufrechtzuerhalten.<\/div>\n<\/li>\n<\/ol>\n<div class=\"auto-hide-last-sibling-br paragraph_1252f paragraph-element\"><\/div>\n<\/div>\n<\/div>\n<\/div>\n<\/div>\n<\/div>","protected":false},"excerpt":{"rendered":"<div class=\"auto-hide-last-sibling-br paragraph_1252f paragraph-element\">Der UHF-RFID-W\u00e4sche-Tag, allgemein bekannt als RFID-Knopf-Tag, ist ein langlebiges, ma\u00dfgeschneidertes Ger\u00e4t f\u00fcr Funktionen, die robuste Tags unter schwierigen Bedingungen erfordern. UHF-W\u00e4sche-Transponder sind derzeit marktf\u00fchrend, obwohl es F\u00e4lle gibt, in denen RFID-Knopf-Tags erforderlich sind, die mit mobilen Anwendungen synchronisiert werden k\u00f6nnen. Diese knopff\u00f6rmigen RFID-W\u00e4sche-Transponder erf\u00fcllen diese Anforderungen optimal. Mit ihrer Anpassungsf\u00e4higkeit und au\u00dfergew\u00f6hnlichen Leistung bieten sie enorme Vorteile bei der Verfolgung und Identifizierung von Industrietextilien und W\u00e4sche in verschiedenen Branchen.<\/div>","protected":false},"featured_media":71,"template":"","meta":{"_kad_post_transparent":"default","_kad_post_title":"","_kad_post_layout":"default","_kad_post_sidebar_id":"","_kad_post_content_style":"default","_kad_post_vertical_padding":"default","_kad_post_feature":"","_kad_post_feature_position":"","_kad_post_header":false,"_kad_post_footer":false,"_kad_post_classname":""},"product_brand":[],"product_cat":[21,16],"product_tag":[41,35,33,30],"class_list":{"0":"post-70","1":"product","2":"type-product","3":"status-publish","4":"has-post-thumbnail","6":"product_cat-pps-rfid-laundry-tag","7":"product_cat-uhf-rfid-laundry-tags","8":"product_tag-pps-uhf-rfid-laundry-tag","9":"product_tag-rfid-button","10":"product_tag-rfid-laundry-tag-button","11":"product_tag-uhf-rfid-laundry-tag","13":"first","14":"instock","15":"shipping-taxable","16":"product-type-simple","17":"entry","18":"content-bg","19":"loop-entry"},"_links":{"self":[{"href":"https:\/\/rfid-laundry-tag.com\/de\/wp-json\/wp\/v2\/product\/70","targetHints":{"allow":["GET"]}}],"collection":[{"href":"https:\/\/rfid-laundry-tag.com\/de\/wp-json\/wp\/v2\/product"}],"about":[{"href":"https:\/\/rfid-laundry-tag.com\/de\/wp-json\/wp\/v2\/types\/product"}],"version-history":[{"count":1,"href":"https:\/\/rfid-laundry-tag.com\/de\/wp-json\/wp\/v2\/product\/70\/revisions"}],"predecessor-version":[{"id":150,"href":"https:\/\/rfid-laundry-tag.com\/de\/wp-json\/wp\/v2\/product\/70\/revisions\/150"}],"wp:featuredmedia":[{"embeddable":true,"href":"https:\/\/rfid-laundry-tag.com\/de\/wp-json\/wp\/v2\/media\/71"}],"wp:attachment":[{"href":"https:\/\/rfid-laundry-tag.com\/de\/wp-json\/wp\/v2\/media?parent=70"}],"wp:term":[{"taxonomy":"product_brand","embeddable":true,"href":"https:\/\/rfid-laundry-tag.com\/de\/wp-json\/wp\/v2\/product_brand?post=70"},{"taxonomy":"product_cat","embeddable":true,"href":"https:\/\/rfid-laundry-tag.com\/de\/wp-json\/wp\/v2\/product_cat?post=70"},{"taxonomy":"product_tag","embeddable":true,"href":"https:\/\/rfid-laundry-tag.com\/de\/wp-json\/wp\/v2\/product_tag?post=70"}],"curies":[{"name":"wp","href":"https:\/\/api.w.org\/{rel}","templated":true}]}}