{"id":64,"date":"2024-06-10T16:33:33","date_gmt":"2024-06-10T16:33:33","guid":{"rendered":"https:\/\/rfid-laundry-tag.com\/?post_type=product&#038;p=64"},"modified":"2024-06-11T16:36:19","modified_gmt":"2024-06-11T16:36:19","slug":"nfc-button-ntag213","status":"publish","type":"product","link":"https:\/\/rfid-laundry-tag.com\/de\/nfc-button-ntag213\/","title":{"rendered":"NFC-Taste | Ntag213"},"content":{"rendered":"<div class=\"J_module\">\n<div class=\"ife-detail-decorate-table\">\n<table class=\"has-title all magic-6\">\n<tbody>\n<tr>\n<td colspan=\"1\" rowspan=\"1\">\n<div class=\"magic-7\" data-spm-anchor-id=\"a2700.details.0.i45.77607d98vZbcDU\"><span class=\"magic-8\" style=\"color: #363535;\">Artikelname<\/span><\/div>\n<\/td>\n<td colspan=\"1\" rowspan=\"1\">\n<div class=\"magic-9\">NFC-Taste | Ntag213<\/div>\n<\/td>\n<\/tr>\n<tr>\n<td colspan=\"1\" rowspan=\"1\">\n<div class=\"magic-7\"><span class=\"magic-10\" data-spm-anchor-id=\"a2700.pc-decorate.0.i10.28d333330XLbTD\"><span class=\"magic-8\">Material<\/span><\/span><\/div>\n<\/td>\n<td colspan=\"1\" rowspan=\"1\">\n<div class=\"magic-9\"><span class=\"magic-8\">PPS<\/span><\/div>\n<\/td>\n<\/tr>\n<tr>\n<td colspan=\"1\" rowspan=\"1\">\n<div class=\"magic-7\"><span class=\"magic-8\">Farbe<\/span><\/div>\n<\/td>\n<td colspan=\"1\" rowspan=\"1\">\n<div class=\"magic-9\"><span class=\"magic-8\">Schwarz, Gelb usw.<\/span><\/div>\n<\/td>\n<\/tr>\n<tr>\n<td colspan=\"1\" rowspan=\"1\">Mindestbestellmenge<\/td>\n<td colspan=\"1\" rowspan=\"1\">500 St\u00fcck<\/td>\n<\/tr>\n<tr>\n<td colspan=\"1\" rowspan=\"1\">\n<div class=\"magic-7\"><span class=\"magic-8\">Hersteller\/Chip<\/span><\/div>\n<\/td>\n<td colspan=\"1\" rowspan=\"1\">\n<div class=\"magic-9\"><span class=\"magic-8\">NXP Ntag213 <\/span><\/div>\n<\/td>\n<\/tr>\n<tr>\n<td colspan=\"1\" rowspan=\"1\">\n<div class=\"magic-7\"><span class=\"magic-8\">Frequenz<\/span><\/div>\n<\/td>\n<td colspan=\"1\" rowspan=\"1\">\n<div class=\"magic-9\"><span class=\"magic-8\">13,56 MHz<\/span><\/div>\n<\/td>\n<\/tr>\n<tr>\n<td colspan=\"1\" rowspan=\"1\">\n<div class=\"magic-7\"><span class=\"magic-8\">Erinnerung<\/span><\/div>\n<\/td>\n<td colspan=\"1\" rowspan=\"1\">\n<div class=\"magic-9\"><span class=\"magic-8\">144 Bytes<\/span><\/div>\n<\/td>\n<\/tr>\n<tr>\n<td colspan=\"1\" rowspan=\"1\">\n<div class=\"magic-7\"><span class=\"magic-8\">Lesedistanz<\/span><\/div>\n<\/td>\n<td colspan=\"1\" rowspan=\"1\">\n<div class=\"magic-9\"><span class=\"magic-8\">1~5 cm<\/span><\/div>\n<\/td>\n<\/tr>\n<tr>\n<td colspan=\"1\" rowspan=\"1\">\n<div class=\"magic-7\"><span class=\"magic-8\">Arbeitsmodus<\/span><\/div>\n<\/td>\n<td colspan=\"1\" rowspan=\"1\">\n<div class=\"magic-9\"><span class=\"magic-8\">passiv<\/span><\/div>\n<\/td>\n<\/tr>\n<tr>\n<td colspan=\"1\" rowspan=\"1\">\n<div class=\"magic-7\"><span class=\"magic-8\">Arbeitstemperatur<\/span><\/div>\n<\/td>\n<td colspan=\"1\" rowspan=\"1\">\n<div class=\"magic-9\"><span class=\"magic-8\">-25\u2103~+110\u2103<\/span><\/div>\n<\/td>\n<\/tr>\n<tr>\n<td colspan=\"1\" rowspan=\"1\">\n<div class=\"magic-7\"><span class=\"magic-8\">Lagertemperatur<\/span><\/div>\n<\/td>\n<td colspan=\"1\" rowspan=\"1\">\n<div class=\"magic-9\"><span class=\"magic-8\">-40\u2103~+85\u2103<\/span><\/div>\n<\/td>\n<\/tr>\n<tr>\n<td colspan=\"1\" rowspan=\"1\">\n<div class=\"magic-7\">\n<div><span class=\"magic-8\">\u00a0<\/span><\/div>\n<p><span class=\"magic-8\">Kurzzeittemperaturbest\u00e4ndigkeit<\/span><\/p>\n<\/div>\n<\/td>\n<td colspan=\"1\" rowspan=\"1\">\n<div class=\"magic-9\"><span class=\"magic-8\">Waschen: 90 \u00b0C, 15 Minuten; Konverter-Vortrocknen: 180 \u00b0C, 30 Minuten, 200 Mal; B\u00fcgeln: 180 \u00b0C, 10 Sekunden, 200 Mal; hoch<br \/>\nTemperatursterilisation: 135\u2103, 20 Minuten<\/span><\/div>\n<\/td>\n<\/tr>\n<tr>\n<td colspan=\"1\" rowspan=\"1\">\n<div class=\"magic-7\"><span class=\"magic-8\">Merkmale<\/span><\/div>\n<\/td>\n<td colspan=\"1\" rowspan=\"1\">\n<div class=\"magic-9\"><span class=\"magic-8\">wasserdicht, waschbar, hochtemperaturbest\u00e4ndig<\/span><\/div>\n<\/td>\n<\/tr>\n<tr>\n<td colspan=\"1\" rowspan=\"1\">\n<div class=\"magic-7\"><span class=\"magic-8\">Leben<\/span><\/div>\n<\/td>\n<td colspan=\"1\" rowspan=\"1\">\n<div class=\"magic-9\"><span class=\"magic-8\">200 mal waschen oder 3 Jahre<\/span><\/div>\n<\/td>\n<\/tr>\n<tr>\n<td colspan=\"1\" rowspan=\"1\">\n<div class=\"magic-7\"><span class=\"magic-8\">Anwendungen<\/span><\/div>\n<\/td>\n<td colspan=\"1\" rowspan=\"1\">\n<div class=\"magic-9\"><span class=\"magic-8\">W\u00e4schemanagement und -verfolgung<\/span><\/div>\n<\/td>\n<\/tr>\n<\/tbody>\n<\/table>\n<\/div>\n<\/div>\n<div class=\"J_module\">\n<div class=\"detail-decorate-json-renderer-container\">\n<div class=\"magic-1\">\n<div>\n<div><\/div>\n<div class=\"auto-hide-last-sibling-br paragraph_1252f paragraph-element\"><strong>Datenblatt des NTAG213-Chips des NFC-Buttons:<\/strong><\/div>\n<ul class=\"auto-hide-last-sibling-br\">\n<li>Hersteller: NXP Semiconductors<\/li>\n<li>Chiptyp: NTAG213 (ISO\/IEC 14443 A)<\/li>\n<li>Speicher: 144 Byte Gesamtspeicher, aufgeteilt in 42 Seiten (je 4 Byte)<\/li>\n<li>Lesen und Schreiben zulassen<\/li>\n<li>UID-ASCII-Spiegelfunktion<\/li>\n<li>Integrierte Originalit\u00e4tssignatur<\/li>\n<li>Kompatibel mit NFC Forum Type 2 Tag<\/li>\n<\/ul>\n<\/div>\n<div class=\"magic-2\">\n<div>\n<div class=\"auto-hide-last-sibling-br paragraph_1252f paragraph-element\">\n<div class=\"auto-hide-last-sibling-br paragraph_1252f paragraph-element\">NFC-W\u00e4scheetiketten mit NTAG213-Chips sind eine ausgezeichnete Wahl f\u00fcr Umgebungen, in denen hohe Haltbarkeit und zuverl\u00e4ssige Nachverfolgung erforderlich sind, wie z. B. gewerbliche und industrielle W\u00e4schereien, Lagerh\u00e4user und Logistikunternehmen. Mit ihrem robusten PPS-Kunststoffgeh\u00e4use k\u00f6nnen sie Umweltbelastungen wie Feuchtigkeit, \u00d6len, Chemikalien, hohem Druck und hohen Temperaturen wirksam widerstehen.<\/div>\n<p>&nbsp;<\/p>\n<div class=\"auto-hide-last-sibling-br paragraph_1252f paragraph-element\"><strong>Zu den Hauptvorteilen von NFC-PPS-W\u00e4scheetiketten mit NTAG213-Chips geh\u00f6ren:<\/strong><\/div>\n<div><\/div>\n<div class=\"auto-hide-last-sibling-br paragraph_1252f paragraph-element\"><strong>Passwortgesch\u00fctzter Speicher:<\/strong>\u00a0Mit der Kennwortschutzfunktion von NTAG213 k\u00f6nnen Sie die im Tag gespeicherten Daten sichern und so eine zus\u00e4tzliche Sicherheitsebene hinzuf\u00fcgen, um unbefugten Zugriff oder \u00c4nderungen zu verhindern.<\/div>\n<div class=\"auto-hide-last-sibling-br paragraph_1252f paragraph-element\"><strong>Hervorragende Scan-Distanz:<\/strong>\u00a0Obwohl NFC f\u00fcr die Kommunikation im Nahbereich konzipiert ist, wurde der NTAG213-Chip entwickelt, um eine hervorragende Scan-Reichweite zu bieten und so eine schnellere und genauere Artikelverfolgung zu unterst\u00fctzen.<\/div>\n<div class=\"auto-hide-last-sibling-br paragraph_1252f paragraph-element\"><strong>Echte Antikollisionsfunktion:<\/strong>\u00a0Mit dieser Funktion kann das Leseger\u00e4t mehrere Tags gleichzeitig scannen und mit ihnen interagieren. Dies ist in Situationen n\u00fctzlich, in denen eine gro\u00dfe Anzahl von Artikeln gleichzeitig verfolgt werden muss, wie z. B. bei W\u00e4schestapeln oder Paletten in Lagerh\u00e4usern.<\/div>\n<p>&nbsp;<\/p>\n<div class=\"auto-hide-last-sibling-br paragraph_1252f paragraph-element\"><strong>Flexible Anwendung:<\/strong>\u00a0Die NFC-PPS-W\u00e4scheetiketten k\u00f6nnen auf Stoffe gen\u00e4ht oder an verschiedenen Oberfl\u00e4chen befestigt werden. Daher eignen sie sich vielseitig und eignen sich nicht nur zur Nachverfolgung von W\u00e4sche, sondern auch von Werkzeugen, Ger\u00e4ten oder anderen Gegenst\u00e4nden, die rauen Bedingungen standhalten m\u00fcssen.<\/div>\n<p>&nbsp;<\/p>\n<div class=\"auto-hide-last-sibling-br paragraph_1252f paragraph-element\">Insgesamt tr\u00e4gt die Verwendung dieser langlebigen, vielseitigen und effizienten NFC-PPS-W\u00e4scheetiketten dazu bei, die Betriebsabl\u00e4ufe und die Bestandsverwaltung in zahlreichen Branchen, in denen viele Artikel in hoher St\u00fcckzahl und hoher Frequenz abgewickelt werden, deutlich zu optimieren.<\/div>\n<\/div>\n<\/div>\n<\/div>\n<\/div>\n<\/div>\n<\/div>","protected":false},"excerpt":{"rendered":"<div class=\"auto-hide-last-sibling-br paragraph_1252f paragraph-element\">Der NFC-Button, besser bekannt als PPS RFID Laundry Tag, ist speziell f\u00fcr Anwendungen konzipiert, die einen langlebigen Tag erfordern, der rauen Arbeitsbedingungen standh\u00e4lt.<\/div>\n<div class=\"auto-hide-last-sibling-br paragraph_1252f paragraph-element\">Derzeit tendiert der Gro\u00dfteil des Marktes zum Einsatz von UHF-W\u00e4schetranspondern. In bestimmten Szenarien ist jedoch auch die Verwendung von NFC-W\u00e4scheetiketten erforderlich, die mobile Anwendungen unterst\u00fctzen. Die RFID-W\u00e4schetransponder mit Knopf erf\u00fcllen diese Anforderungen effizient.<\/div>\n<div class=\"auto-hide-last-sibling-br paragraph_1252f paragraph-element\"><\/div>","protected":false},"featured_media":65,"template":"","meta":{"_kad_post_transparent":"default","_kad_post_title":"","_kad_post_layout":"default","_kad_post_sidebar_id":"","_kad_post_content_style":"default","_kad_post_vertical_padding":"default","_kad_post_feature":"","_kad_post_feature_position":"","_kad_post_header":false,"_kad_post_footer":false,"_kad_post_classname":""},"product_brand":[],"product_cat":[21,17],"product_tag":[37,36,35,33],"class_list":{"0":"post-64","1":"product","2":"type-product","3":"status-publish","4":"has-post-thumbnail","6":"product_cat-pps-rfid-laundry-tag","7":"product_cat-nfc-rfid-laundry-tag","8":"product_tag-nfc-button","9":"product_tag-nfc-button-ntag213","10":"product_tag-rfid-button","11":"product_tag-rfid-laundry-tag-button","13":"first","14":"instock","15":"shipping-taxable","16":"product-type-simple","17":"entry","18":"content-bg","19":"loop-entry"},"_links":{"self":[{"href":"https:\/\/rfid-laundry-tag.com\/de\/wp-json\/wp\/v2\/product\/64","targetHints":{"allow":["GET"]}}],"collection":[{"href":"https:\/\/rfid-laundry-tag.com\/de\/wp-json\/wp\/v2\/product"}],"about":[{"href":"https:\/\/rfid-laundry-tag.com\/de\/wp-json\/wp\/v2\/types\/product"}],"version-history":[{"count":0,"href":"https:\/\/rfid-laundry-tag.com\/de\/wp-json\/wp\/v2\/product\/64\/revisions"}],"wp:featuredmedia":[{"embeddable":true,"href":"https:\/\/rfid-laundry-tag.com\/de\/wp-json\/wp\/v2\/media\/65"}],"wp:attachment":[{"href":"https:\/\/rfid-laundry-tag.com\/de\/wp-json\/wp\/v2\/media?parent=64"}],"wp:term":[{"taxonomy":"product_brand","embeddable":true,"href":"https:\/\/rfid-laundry-tag.com\/de\/wp-json\/wp\/v2\/product_brand?post=64"},{"taxonomy":"product_cat","embeddable":true,"href":"https:\/\/rfid-laundry-tag.com\/de\/wp-json\/wp\/v2\/product_cat?post=64"},{"taxonomy":"product_tag","embeddable":true,"href":"https:\/\/rfid-laundry-tag.com\/de\/wp-json\/wp\/v2\/product_tag?post=64"}],"curies":[{"name":"wp","href":"https:\/\/api.w.org\/{rel}","templated":true}]}}