{"id":62,"date":"2024-06-10T16:32:32","date_gmt":"2024-06-10T16:32:32","guid":{"rendered":"https:\/\/rfid-laundry-tag.com\/?post_type=product&#038;p=62"},"modified":"2024-06-10T16:32:32","modified_gmt":"2024-06-10T16:32:32","slug":"rfid-laundry-tag-button","status":"publish","type":"product","link":"https:\/\/rfid-laundry-tag.com\/de\/rfid-laundry-tag-button\/","title":{"rendered":"RFID-W\u00e4scheetikettenknopf"},"content":{"rendered":"<div class=\"J_module\">\n<div class=\"ife-detail-decorate-table\">\n<table class=\"has-title all magic-6\">\n<tbody>\n<tr>\n<td colspan=\"1\" rowspan=\"1\">\n<div class=\"magic-7\" data-spm-anchor-id=\"a2700.details.0.i45.77607d98vZbcDU\"><span class=\"magic-8\" style=\"color: #363535;\">Artikelname<\/span><\/div>\n<\/td>\n<td colspan=\"1\" rowspan=\"1\">\n<div class=\"magic-9\"><span class=\"magic-8\">RFID-W\u00e4scheetikettenknopf<\/span><\/div>\n<\/td>\n<\/tr>\n<tr>\n<td colspan=\"1\" rowspan=\"1\">\n<div class=\"magic-7\"><span class=\"magic-10\" data-spm-anchor-id=\"a2700.pc-decorate.0.i10.28d333330XLbTD\"><span class=\"magic-8\">Material<\/span><\/span><\/div>\n<\/td>\n<td colspan=\"1\" rowspan=\"1\">\n<div class=\"magic-9\"><span class=\"magic-8\">PPS<\/span><\/div>\n<\/td>\n<\/tr>\n<tr>\n<td colspan=\"1\" rowspan=\"1\">\n<div class=\"magic-7\"><span class=\"magic-8\">Farbe<\/span><\/div>\n<\/td>\n<td colspan=\"1\" rowspan=\"1\">\n<div class=\"magic-9\"><span class=\"magic-8\">Schwarz, Gelb usw.<\/span><\/div>\n<\/td>\n<\/tr>\n<tr>\n<td colspan=\"1\" rowspan=\"1\">Mindestbestellmenge<\/td>\n<td colspan=\"1\" rowspan=\"1\">500 St\u00fcck<\/td>\n<\/tr>\n<tr>\n<td colspan=\"1\" rowspan=\"1\">\n<div class=\"magic-7\"><span class=\"magic-8\">Hersteller\/Chip<\/span><\/div>\n<\/td>\n<td colspan=\"1\" rowspan=\"1\">\n<div class=\"magic-9\"><span class=\"magic-8\">NXP UCODE 8, UCODE 9\/NTAG213\/EM4305, T5577 usw<\/span><\/div>\n<\/td>\n<\/tr>\n<tr>\n<td colspan=\"1\" rowspan=\"1\">\n<div class=\"magic-7\"><span class=\"magic-8\">Frequenz<\/span><\/div>\n<\/td>\n<td colspan=\"1\" rowspan=\"1\">\n<div class=\"magic-9\"><span class=\"magic-8\">860-960 MHz\/13,56 MHz\/125 kHz<\/span><\/div>\n<\/td>\n<\/tr>\n<tr>\n<td colspan=\"1\" rowspan=\"1\">\n<div class=\"magic-7\"><span class=\"magic-8\">Erinnerung<\/span><\/div>\n<\/td>\n<td colspan=\"1\" rowspan=\"1\">\n<div class=\"magic-9\"><span class=\"magic-8\">96 Bit\/128 Bit\/144 Byte<\/span><\/div>\n<\/td>\n<\/tr>\n<tr>\n<td colspan=\"1\" rowspan=\"1\">\n<div class=\"magic-7\"><span class=\"magic-8\">Lesedistanz<\/span><\/div>\n<\/td>\n<td colspan=\"1\" rowspan=\"1\">\n<div class=\"magic-9\"><span class=\"magic-8\">1\u20136 m\/1\u20135 cm\/1\u20132 cm<\/span><\/div>\n<\/td>\n<\/tr>\n<tr>\n<td colspan=\"1\" rowspan=\"1\">\n<div class=\"magic-7\"><span class=\"magic-8\">Arbeitsmodus<\/span><\/div>\n<\/td>\n<td colspan=\"1\" rowspan=\"1\">\n<div class=\"magic-9\"><span class=\"magic-8\">passiv<\/span><\/div>\n<\/td>\n<\/tr>\n<tr>\n<td colspan=\"1\" rowspan=\"1\">\n<div class=\"magic-7\"><span class=\"magic-8\">Arbeitstemperatur<\/span><\/div>\n<\/td>\n<td colspan=\"1\" rowspan=\"1\">\n<div class=\"magic-9\"><span class=\"magic-8\">-25\u2103~+110\u2103<\/span><\/div>\n<\/td>\n<\/tr>\n<tr>\n<td colspan=\"1\" rowspan=\"1\">\n<div class=\"magic-7\"><span class=\"magic-8\">Lagertemperatur<\/span><\/div>\n<\/td>\n<td colspan=\"1\" rowspan=\"1\">\n<div class=\"magic-9\"><span class=\"magic-8\">-40\u2103~+85\u2103<\/span><\/div>\n<\/td>\n<\/tr>\n<tr>\n<td colspan=\"1\" rowspan=\"1\">\n<div class=\"magic-7\">\n<div><span class=\"magic-8\">\u00a0<\/span><\/div>\n<p><span class=\"magic-8\">Kurzzeittemperaturbest\u00e4ndigkeit<\/span><\/div>\n<\/td>\n<td colspan=\"1\" rowspan=\"1\">\n<div class=\"magic-9\"><span class=\"magic-8\">Waschen: 90 \u00b0C, 15 Minuten; Konverter-Vortrocknen: 180 \u00b0C, 30 Minuten, 200 Mal; B\u00fcgeln: 180 \u00b0C, 10 Sekunden, 200 Mal; hoch<br \/>\nTemperatursterilisation: 135\u2103, 20 Minuten<\/span><\/div>\n<\/td>\n<\/tr>\n<tr>\n<td colspan=\"1\" rowspan=\"1\">\n<div class=\"magic-7\"><span class=\"magic-8\">Merkmale<\/span><\/div>\n<\/td>\n<td colspan=\"1\" rowspan=\"1\">\n<div class=\"magic-9\"><span class=\"magic-8\">wasserdicht, waschbar, hochtemperaturbest\u00e4ndig<\/span><\/div>\n<\/td>\n<\/tr>\n<tr>\n<td colspan=\"1\" rowspan=\"1\">\n<div class=\"magic-7\"><span class=\"magic-8\">Leben<\/span><\/div>\n<\/td>\n<td colspan=\"1\" rowspan=\"1\">\n<div class=\"magic-9\"><span class=\"magic-8\">200 mal waschen oder 3 Jahre<\/span><\/div>\n<\/td>\n<\/tr>\n<tr>\n<td colspan=\"1\" rowspan=\"1\">\n<div class=\"magic-7\"><span class=\"magic-8\">Anwendungen<\/span><\/div>\n<\/td>\n<td colspan=\"1\" rowspan=\"1\">\n<div class=\"magic-9\"><span class=\"magic-8\">W\u00e4schemanagement und -verfolgung<\/span><\/div>\n<\/td>\n<\/tr>\n<\/tbody>\n<\/table>\n<\/div>\n<\/div>\n<div class=\"J_module\">\n<div class=\"detail-decorate-json-renderer-container\">\n<div class=\"magic-1\">\n<div class=\"magic-2\">\n<div class=\"magic-3\">\n<div><\/div>\n<div class=\"magic-4\"><span class=\"magic-5\" style=\"color: #2196ed;\"><b class=\"magic-10\">RFID-W\u00e4scheetikettenknopf<\/b><\/span><\/p>\n<div><\/div>\n<\/div>\n<\/div>\n<div>\n<div class=\"auto-hide-last-sibling-br paragraph_1252f paragraph-element\">Die hochtemperaturbest\u00e4ndigen W\u00e4scheetiketten von PPS sind eine hervorragende Tracking-L\u00f6sung f\u00fcr gewerbliche Umgebungen wie Kantinen und Restaurants, in denen st\u00e4ndig gro\u00dfe Mengen Geschirr gehandhabt werden:<\/div>\n<p><br class=\"container_e695a wrapper_ad07b undefined\" \/><\/p>\n<ol class=\"auto-hide-last-sibling-br\">\n<li>\n<div class=\"auto-hide-last-sibling-br paragraph_1252f paragraph-element\">Einwandfreie Nachverfolgung: Durch die Anbringung eines RFID-Tags an jedem Geschirrteil mit eindeutigen Identifikationsinformationen (wie Artikeltyp, Hersteller und Kaufdatum) kann der Weg jedes Artikels durch den Sp\u00fclvorgang \u00fcber RFID-Leseger\u00e4te nachverfolgt werden.<\/div>\n<\/li>\n<li>\n<div class=\"auto-hide-last-sibling-br paragraph_1252f paragraph-element\">Hohe Haltbarkeit: Hohe Temperaturen und aggressive Chemikalien stellen f\u00fcr die hochtemperaturbest\u00e4ndigen RFID-Tags von PPS kein Problem dar. Sie sind sorgf\u00e4ltig darauf ausgelegt, solchen Bedingungen standzuhalten, und sind daher die ideale Wahl f\u00fcr die Nachverfolgung von Geschirr in gewerblichen Geschirrsp\u00fclanlagen.<\/div>\n<\/li>\n<li>\n<div class=\"auto-hide-last-sibling-br paragraph_1252f paragraph-element\">Effiziente Bestandsverwaltung: Sobald die einzelnen Artikel gereinigt, desinfiziert und zur Wiederverwendung gelagert wurden, k\u00f6nnen Sie mit RFID-Tags problemlos die Verf\u00fcgbarkeit und den Standort verfolgen. Dies gew\u00e4hrleistet eine ausreichend konstante Versorgung mit sauberem Geschirr und schlie\u00dft die M\u00f6glichkeit von Engp\u00e4ssen oder falscher Handhabung aus.<\/div>\n<\/li>\n<li>\n<div class=\"auto-hide-last-sibling-br paragraph_1252f paragraph-element\">Verbesserte Logistik: Die Implementierung von PPS Laundry RFID-Tags vereinfacht die Bestandsverwaltung und Logistikverfahren in Umgebungen mit hohen Temperaturen, wie z.\u00a0B. gewerblichen Geschirrsp\u00fclanlagen.<\/div>\n<\/li>\n<\/ol>\n<div class=\"auto-hide-last-sibling-br paragraph_1252f paragraph-element\"><strong>Vorteile des RFID-W\u00e4scheknopfs<\/strong><\/div>\n<ol class=\"auto-hide-last-sibling-br\">\n<li>\n<div class=\"auto-hide-last-sibling-br paragraph_1252f paragraph-element\">Effiziente Nachverfolgung: RFID-W\u00e4scheetikettenkn\u00f6pfe vereinfachen die Nachverfolgung von Kleidungsst\u00fccken w\u00e4hrend des gesamten W\u00e4schevorgangs und verbessern so die Betriebseffizienz und Produktivit\u00e4t.<\/div>\n<\/li>\n<li>\n<div class=\"auto-hide-last-sibling-br paragraph_1252f paragraph-element\">F\u00f6rdert die Automatisierung: Diese Schaltfl\u00e4chen tragen dazu bei, den Bedarf an manueller Arbeit und die damit verbundenen potenziellen Fehler zu reduzieren und f\u00f6rdern ein effizientes, automatisiertes System.<\/div>\n<\/li>\n<li>\n<div class=\"auto-hide-last-sibling-br paragraph_1252f paragraph-element\">Langlebig: Diese Kn\u00f6pfe wurden speziell f\u00fcr die rauen Bedingungen beim Waschen entwickelt und sind resistent gegen\u00fcber hohen Temperaturen, Druck und Chemikalien, sodass eine lange Lebensdauer gew\u00e4hrleistet ist.<\/div>\n<\/li>\n<\/ol>\n<div class=\"auto-hide-last-sibling-br paragraph_1252f paragraph-element\"><strong>Funktionen des RFID-W\u00e4scheetiketts<\/strong><\/div>\n<ol class=\"auto-hide-last-sibling-br\">\n<li>\n<div class=\"auto-hide-last-sibling-br paragraph_1252f paragraph-element\">Eindeutige Identifizierung: Jedes Etikett enth\u00e4lt eindeutige Identifizierungsinformationen und erm\u00f6glicht so eine nahtlose Verfolgung einzelner Teile.<\/div>\n<\/li>\n<li>\n<div class=\"auto-hide-last-sibling-br paragraph_1252f paragraph-element\">Hohe Temperaturbest\u00e4ndigkeit: Die RFID Laundry Tag Buttons sind f\u00fcr hohe Temperaturen ausgelegt und daher ideal f\u00fcr den Einsatz in der W\u00e4scherei geeignet.<\/div>\n<\/li>\n<li>\n<div class=\"auto-hide-last-sibling-br paragraph_1252f paragraph-element\">NFC-Funktionen: Einige Tags sind mit NFC-Funktionalit\u00e4t ausgestattet, sodass sie mithilfe mobiler Anwendungen gescannt werden k\u00f6nnen und so eine Fernverfolgung und -verwaltung m\u00f6glich ist.<\/div>\n<\/li>\n<\/ol>\n<div class=\"auto-hide-last-sibling-br paragraph_1252f paragraph-element\"><strong>Anwendungen des RFID-W\u00e4scheknopfs<\/strong><\/div>\n<ol class=\"auto-hide-last-sibling-br\">\n<li>\n<div class=\"auto-hide-last-sibling-br paragraph_1252f paragraph-element\">Industrielle W\u00e4schereien: Im industriellen Bereich wird die Verfolgung gro\u00dfer W\u00e4schemengen durch den Einsatz von RFID-W\u00e4scheetikettenkn\u00f6pfen zu einer m\u00fchelosen Aufgabe.<\/div>\n<\/li>\n<li>\n<div class=\"auto-hide-last-sibling-br paragraph_1252f paragraph-element\">Krankenh\u00e4user und Hotels: In diesen Einrichtungen werden h\u00e4ufig gro\u00dfe W\u00e4schemengen gewaschen. Hier haben sich diese Etiketten als hilfreich bei der Verbesserung der Effizienz und der Bestandsverwaltung erwiesen.<\/div>\n<\/li>\n<li>\n<div class=\"auto-hide-last-sibling-br paragraph_1252f paragraph-element\">W\u00e4scheverleih: Unternehmen, die W\u00e4scheverleihdienste anbieten, verwenden diese Etiketten, um die Bestandsverwaltung zu vereinfachen und die Qualit\u00e4tskontrolle aufrechtzuerhalten.<\/div>\n<\/li>\n<\/ol>\n<div class=\"auto-hide-last-sibling-br paragraph_1252f paragraph-element\"><strong>Produktion eines RFID-W\u00e4scheetikettenknopfes<\/strong><\/div>\n<div class=\"auto-hide-last-sibling-br paragraph_1252f paragraph-element\">Der Produktionsprozess von RFID-W\u00e4scheetikettenkn\u00f6pfen umfasst das Einbetten eines RFID-Chips in ein Kunststoff- oder Harzgeh\u00e4use, um sicherzustellen, dass er wasserdicht ist und den rauen Bedingungen einer W\u00e4schereiumgebung standh\u00e4lt. Bei der Produktion werden fortschrittliche Technologien eingesetzt, um sicherzustellen, dass die Etiketten hohen Temperaturen, Druck und der Einwirkung von Chemikalien standhalten. Jedes Etikett ist mit einer eindeutigen Identifikationsnummer programmiert, damit es w\u00e4hrend seiner Lebensdauer nachverfolgt werden kann.<\/div>\n<\/div>\n<\/div>\n<\/div>\n<\/div>\n<\/div>","protected":false},"excerpt":{"rendered":"<div class=\"auto-hide-last-sibling-br paragraph_1252f paragraph-element\">Der RFID Laundry Button, besser bekannt als PPS RFID Laundry Tag, ist speziell f\u00fcr Anwendungen konzipiert, die einen langlebigen Tag erfordern, der rauen Arbeitsbedingungen standh\u00e4lt.<\/div>\n<div class=\"auto-hide-last-sibling-br paragraph_1252f paragraph-element\">Derzeit tendiert der Gro\u00dfteil des Marktes zum Einsatz von UHF-W\u00e4schetranspondern. In bestimmten Szenarien ist jedoch auch die Verwendung von NFC-W\u00e4scheetiketten erforderlich, die mobile Anwendungen unterst\u00fctzen. Die RFID-W\u00e4schetransponder mit Knopf erf\u00fcllen diese Anforderungen effizient.<\/div>\n<div class=\"auto-hide-last-sibling-br paragraph_1252f paragraph-element\">Aufgrund ihrer Vielseitigkeit und Robustheit sind sie bei der Identifizierung und Verfolgung industrieller W\u00e4sche und Textilien in verschiedenen Branchen \u00e4u\u00dferst n\u00fctzlich. Besonders h\u00e4ufig werden diese \u00e4u\u00dferst langlebigen Etiketten in Hotels, Krankenh\u00e4usern und Unternehmen verwendet, die W\u00e4sche vermieten. Sie tragen ma\u00dfgeblich zur Verbesserung der Betriebseffizienz und der Gesamtproduktivit\u00e4t bei.<\/div>","protected":false},"featured_media":63,"template":"","meta":{"_kad_post_transparent":"default","_kad_post_title":"","_kad_post_layout":"default","_kad_post_sidebar_id":"","_kad_post_content_style":"default","_kad_post_vertical_padding":"default","_kad_post_feature":"","_kad_post_feature_position":"","_kad_post_header":false,"_kad_post_footer":false,"_kad_post_classname":""},"product_brand":[],"product_cat":[21],"product_tag":[35,34,33],"class_list":{"0":"post-62","1":"product","2":"type-product","3":"status-publish","4":"has-post-thumbnail","6":"product_cat-pps-rfid-laundry-tag","7":"product_tag-rfid-button","8":"product_tag-rfid-laundry-button","9":"product_tag-rfid-laundry-tag-button","11":"first","12":"instock","13":"shipping-taxable","14":"product-type-simple","15":"entry","16":"content-bg","17":"loop-entry"},"_links":{"self":[{"href":"https:\/\/rfid-laundry-tag.com\/de\/wp-json\/wp\/v2\/product\/62","targetHints":{"allow":["GET"]}}],"collection":[{"href":"https:\/\/rfid-laundry-tag.com\/de\/wp-json\/wp\/v2\/product"}],"about":[{"href":"https:\/\/rfid-laundry-tag.com\/de\/wp-json\/wp\/v2\/types\/product"}],"version-history":[{"count":0,"href":"https:\/\/rfid-laundry-tag.com\/de\/wp-json\/wp\/v2\/product\/62\/revisions"}],"wp:featuredmedia":[{"embeddable":true,"href":"https:\/\/rfid-laundry-tag.com\/de\/wp-json\/wp\/v2\/media\/63"}],"wp:attachment":[{"href":"https:\/\/rfid-laundry-tag.com\/de\/wp-json\/wp\/v2\/media?parent=62"}],"wp:term":[{"taxonomy":"product_brand","embeddable":true,"href":"https:\/\/rfid-laundry-tag.com\/de\/wp-json\/wp\/v2\/product_brand?post=62"},{"taxonomy":"product_cat","embeddable":true,"href":"https:\/\/rfid-laundry-tag.com\/de\/wp-json\/wp\/v2\/product_cat?post=62"},{"taxonomy":"product_tag","embeddable":true,"href":"https:\/\/rfid-laundry-tag.com\/de\/wp-json\/wp\/v2\/product_tag?post=62"}],"curies":[{"name":"wp","href":"https:\/\/api.w.org\/{rel}","templated":true}]}}