{"id":59,"date":"2024-06-10T15:13:24","date_gmt":"2024-06-10T15:13:24","guid":{"rendered":"https:\/\/rfid-laundry-tag.com\/?post_type=product&#038;p=59"},"modified":"2024-09-08T05:25:57","modified_gmt":"2024-09-08T05:25:57","slug":"uhf-laundry-tag-nxp-u-code-9-chip","status":"publish","type":"product","link":"https:\/\/rfid-laundry-tag.com\/de\/uhf-laundry-tag-nxp-u-code-9-chip\/","title":{"rendered":"UHF-W\u00e4scheetikett | NXP U CODE 9 Chip"},"content":{"rendered":"<div class=\"auto-hide-last-sibling-br paragraph_1252f paragraph-element\">\n<div data-spm-anchor-id=\"a2700.details.0.i57.23b419c7xXORP0\">\n<div class=\"auto-hide-last-sibling-br paragraph_1252f paragraph-element\"><strong>Hauptmerkmale unserer UHF-W\u00e4scheetiketten:<\/strong><\/div>\n<p>&nbsp;<\/p>\n<div class=\"auto-hide-last-sibling-br paragraph_1252f paragraph-element\">-Effizienz: Die Tags liefern eine beispielhafte Leistung und bieten das perfekte Gleichgewicht zwischen Preis-Leistungs-Verh\u00e4ltnis und Effektivit\u00e4t.<\/div>\n<p>&nbsp;<\/p>\n<div class=\"auto-hide-last-sibling-br paragraph_1252f paragraph-element\">-Zuverl\u00e4ssigkeit: Die gleichbleibende Leistung bleibt auch nach Hunderten von Waschg\u00e4ngen erhalten.<\/div>\n<p>&nbsp;<\/p>\n<div class=\"auto-hide-last-sibling-br paragraph_1252f paragraph-element\">-Flexibilit\u00e4t: Diese Etiketten sind flexibel, d\u00fcnn und weich, sodass sie sich leicht auf Textilien n\u00e4hen, einstecken oder mit Hei\u00dfsiegelverfahren anbringen lassen.<\/div>\n<p>&nbsp;<\/p>\n<div class=\"auto-hide-last-sibling-br paragraph_1252f paragraph-element\">-Skalierbare Produktion: Wir gew\u00e4hrleisten eine leistungsstarke Produktionsausbeute von bis zu 4 Millionen Tags pro Monat und unterziehen alle Tags vor der endg\u00fcltigen Auslieferung einer strengen Pr\u00fcfung.<\/div>\n<p>&nbsp;<\/p>\n<div class=\"auto-hide-last-sibling-br paragraph_1252f paragraph-element\">-Haltbarkeit: F\u00fcr unsere Etiketten gilt eine Garantie, die eine Haltbarkeit von 200 industriellen Waschzyklen verspricht.<\/div>\n<p>&nbsp;<\/p>\n<div class=\"auto-hide-last-sibling-br paragraph_1252f paragraph-element\">Im Wesentlichen stellen unsere UHF-W\u00e4scheetiketten eine unschlagbare Kombination aus Haltbarkeit, Kosteneffizienz und zuverl\u00e4ssiger Leistung dar und sind daher die ideale Wahl f\u00fcr alle Ihre Anforderungen zur Textilkennzeichnung.<\/div>\n<div><\/div>\n<\/div>\n<\/div>\n<div>\n<table style=\"border-collapse: collapse; width: 618px; height: 1159px;\" border=\"0\" width=\"634\" cellspacing=\"0\" cellpadding=\"0\">\n<tbody>\n<tr style=\"height: 39.00pt;\">\n<td class=\"et2\" style=\"height: 39.00pt; width: 380.40pt; border-right: .5pt solid #000000;\" colspan=\"3\" width=\"634\" height=\"65\">Technische Daten<\/td>\n<\/tr>\n<tr style=\"height: 27.60pt;\">\n<td class=\"et5\" style=\"height: 27.60pt; width: 106.20pt;\" width=\"177\" height=\"46\">Einhaltung<\/td>\n<td class=\"et5\" style=\"width: 274.20pt;\" colspan=\"2\" width=\"457\">EPC Klasse 1 Gen2, ISO18000-6C<\/td>\n<\/tr>\n<tr style=\"height: 41.40pt;\">\n<td class=\"et5\" style=\"height: 41.40pt; width: 106.20pt;\" width=\"177\" height=\"69\">Frequenz<\/td>\n<td class=\"et5\" style=\"width: 274.20pt;\" colspan=\"2\" width=\"457\">860~928 MHz, FCC, ETIS oder kundenspezifisch<\/td>\n<\/tr>\n<tr style=\"height: 41.40pt;\">\n<td class=\"et5\" style=\"height: 41.40pt; width: 106.20pt;\" width=\"177\" height=\"69\">Typ<\/td>\n<td class=\"et6\" style=\"width: 274.20pt; border-right: .5pt solid #000000;\" colspan=\"2\" width=\"457\">N\u00e4htyp, Heiztyp, H\u00e4ngetyp<\/td>\n<\/tr>\n<tr style=\"height: 27.60pt;\">\n<td class=\"et5\" style=\"height: 27.60pt; width: 106.20pt;\" width=\"177\" height=\"46\">Mikrochip<\/td>\n<td class=\"et5\" style=\"width: 274.20pt;\" colspan=\"2\" width=\"457\">NXP UCODE 8, UCOCE 9<\/td>\n<\/tr>\n<tr style=\"height: 41.40pt;\">\n<td class=\"et5\" style=\"height: 55.80pt; width: 106.20pt;\" rowspan=\"2\" width=\"177\" height=\"93\">Erinnerung<\/td>\n<td class=\"et5\" style=\"width: 274.20pt;\" colspan=\"2\" width=\"457\">UCODE 8: EPC 96\/128bits, Benutzer 0\/32bits, Zugriff<\/td>\n<\/tr>\n<tr style=\"height: 14.40pt;\">\n<td class=\"et5\" style=\"width: 274.20pt;\" colspan=\"2\" width=\"457\">UCODE 9: EPC 96bits, Benutzer 0bits, Zugangspasswort 0bit, Passwort 32bits<\/td>\n<\/tr>\n<tr style=\"height: 27.60pt;\">\n<td class=\"et5\" style=\"height: 27.60pt; width: 106.20pt;\" width=\"177\" height=\"46\">Gr\u00f6\u00dfe<\/td>\n<td class=\"et5\" style=\"width: 75.60pt;\" width=\"126\">55 x 12 x 1,6 mm<\/td>\n<td class=\"et5\" style=\"width: 198.60pt;\" width=\"331\">70 x 15 x 1,6 mm<\/td>\n<\/tr>\n<tr style=\"height: 27.60pt;\">\n<td class=\"et5\" style=\"height: 27.60pt; width: 106.20pt;\" width=\"177\" height=\"46\">Lesebereich<\/td>\n<td class=\"et5\" style=\"width: 75.60pt;\" width=\"126\">Bis zu 5m<\/td>\n<td class=\"et5\" style=\"width: 198.60pt;\" width=\"331\">Bis zu 7 m<\/td>\n<\/tr>\n<tr style=\"height: 27.60pt;\">\n<td class=\"et5\" style=\"height: 27.60pt; width: 106.20pt;\" width=\"177\" height=\"46\">Datenspeicherung<\/td>\n<td class=\"et5\" style=\"width: 274.20pt;\" colspan=\"2\" width=\"457\">50 Jahre<\/td>\n<\/tr>\n<tr style=\"height: 27.60pt;\">\n<td class=\"et5\" style=\"height: 27.60pt; width: 106.20pt;\" width=\"177\" height=\"46\">Lebensdauer<\/td>\n<td class=\"et5\" style=\"width: 274.20pt;\" colspan=\"2\" width=\"457\">200 Waschzyklen oder 2 Jahre<\/td>\n<\/tr>\n<tr style=\"height: 41.40pt;\">\n<td class=\"et5\" style=\"height: 41.40pt; width: 106.20pt;\" width=\"177\" height=\"69\">Material<\/td>\n<td class=\"et5\" style=\"width: 274.20pt;\" colspan=\"2\" width=\"457\">Baumwolle 65% \/ Polyester 30% Mischgewebe<\/td>\n<\/tr>\n<tr style=\"height: 27.60pt;\">\n<td class=\"et5\" style=\"height: 27.60pt; width: 106.20pt;\" width=\"177\" height=\"46\">Produktgewicht<\/td>\n<td class=\"et5\" style=\"width: 274.20pt;\" colspan=\"2\" width=\"457\">Etwa 0,4 ~ 0,5 g<\/td>\n<\/tr>\n<tr style=\"height: 27.60pt;\">\n<td class=\"et5\" style=\"height: 27.60pt; width: 106.20pt;\" width=\"177\" height=\"46\">Lieferformat<\/td>\n<td class=\"et5\" style=\"width: 274.20pt;\" colspan=\"2\" width=\"457\">100-300 St\u00fcck einzeln<\/td>\n<\/tr>\n<tr style=\"height: 27.60pt;\">\n<td class=\"et5\" style=\"height: 27.60pt; width: 106.20pt;\" width=\"177\" height=\"46\">Paket<\/td>\n<td class=\"et5\" style=\"width: 274.20pt;\" colspan=\"2\" width=\"457\">Antistatische Verpackung \/ Karton<\/td>\n<\/tr>\n<tr style=\"height: 14.40pt;\">\n<td class=\"et5\" style=\"height: 14.40pt; width: 106.20pt;\" width=\"177\" height=\"24\">Farbe<\/td>\n<td class=\"et5\" style=\"width: 274.20pt;\" colspan=\"2\" width=\"457\">Wei\u00df<\/td>\n<\/tr>\n<tr style=\"height: 14.40pt;\">\n<td class=\"et8\" style=\"height: 14.40pt; width: 380.40pt;\" colspan=\"3\" width=\"634\" height=\"24\">Elektronische Leistung<\/td>\n<\/tr>\n<tr style=\"height: 41.40pt;\">\n<td class=\"et5\" style=\"height: 220.80pt; width: 106.20pt;\" rowspan=\"5\" width=\"177\" height=\"368\">Leistung des Waschzyklus<\/td>\n<td class=\"et5\" style=\"width: 274.20pt;\" colspan=\"2\" width=\"457\">Waschen: +90\u00b0C (194\u00b0F) \/ 60 Minuten<\/td>\n<\/tr>\n<tr style=\"height: 55.20pt;\">\n<td class=\"et5\" style=\"width: 274.20pt;\" colspan=\"2\" width=\"457\">Trocknen: +180\u00b0C (356\u00b0F) \/ 3 Minuten (Entw\u00e4sserungspresse: 35 bar)<\/td>\n<\/tr>\n<tr style=\"height: 41.40pt;\">\n<td class=\"et5\" style=\"width: 274.20pt;\" colspan=\"2\" width=\"457\">Mangel: 195\u00b0C (383\u00b0F) \/ 30 Sekunden &lt; 18 bar<\/td>\n<\/tr>\n<tr style=\"height: 27.60pt;\">\n<td class=\"et5\" style=\"width: 274.20pt;\" colspan=\"2\" width=\"457\">Wasserextraktionsdruck: 60 bar<\/td>\n<\/tr>\n<tr style=\"height: 55.20pt;\">\n<td class=\"et5\" style=\"width: 274.20pt;\" colspan=\"2\" width=\"457\">Sterilisationsprozess: +134\u00b0C (273\u00b0F) \/ 20 Minuten<\/td>\n<\/tr>\n<tr style=\"height: 69.00pt;\">\n<td class=\"et5\" style=\"height: 69.00pt; width: 106.20pt;\" width=\"177\" height=\"115\">Lebensdauer<\/td>\n<td class=\"et5\" style=\"width: 274.20pt;\" colspan=\"2\" width=\"457\">200-mal industrielle W\u00e4sche mit Wasserextraktions-Presstrocknung<\/td>\n<\/tr>\n<tr style=\"height: 41.40pt;\">\n<td class=\"et5\" style=\"height: 41.40pt; width: 106.20pt;\" width=\"177\" height=\"69\">Chemisch best\u00e4ndig<\/td>\n<td class=\"et5\" style=\"width: 274.20pt;\" colspan=\"2\" width=\"457\">100%-Gepr\u00fcft f\u00fcr normale W\u00e4schel\u00f6sungen.<\/td>\n<\/tr>\n<\/tbody>\n<\/table>\n<\/div>\n<h3 class=\"wp-block-heading\">Installation<\/h3>\n<p><strong>Stichmarkierung<\/strong>: Zum Einn\u00e4hen in den Saum eines Textils. N\u00e4hen Sie das W\u00e4scheetikett abseits der Faltlinien.<br \/>\n<strong>Hei\u00dfsiegel<\/strong>: Wird bei +200 \u00b0C (392 \u00b0F) f\u00fcr 12\u201314 s direkt auf dem Textil hei\u00dfversiegelt.<br \/>\n<strong>Im Beutel<\/strong>: Wird wie ein normales Pflegeetikett aufgen\u00e4ht. N\u00e4hen Sie das W\u00e4scheetikett abseits der Faltlinien auf.<\/p>\n<div class=\"auto-hide-last-sibling-br paragraph_1252f paragraph-element\">Waschbare RFID-W\u00e4scheetiketten sind in vielen Branchen unverzichtbar. Sie erm\u00f6glichen eine effiziente Anlagenverfolgung, Bestandsverwaltung und steigern die allgemeine Betriebsproduktivit\u00e4t. Hier sind einige ihrer Anwendungen in verschiedenen Branchen:<\/div>\n<ol class=\"auto-hide-last-sibling-br\">\n<li>\n<div class=\"auto-hide-last-sibling-br paragraph_1252f paragraph-element\"><strong>Gesundheitspflege<\/strong>: Krankenh\u00e4user und andere medizinische Einrichtungen verwenden RFID-W\u00e4scheetiketten, um riesige Lagerbest\u00e4nde an Bettlaken, Handt\u00fcchern, OP-Kleidung, Uniformen und OP-W\u00e4sche zu verwalten. Dies hilft, Verluste zu reduzieren, W\u00e4schezyklen zu verwalten und sicherzustellen, dass immer saubere, frische W\u00e4sche bei Bedarf verf\u00fcgbar ist.<\/div>\n<\/li>\n<li>\n<div class=\"auto-hide-last-sibling-br paragraph_1252f paragraph-element\"><strong>Hotels<\/strong>: Die Verwaltung der W\u00e4sche ist in der Hotelbranche eine gewaltige Aufgabe, da Tausende von Artikeln \u2013 von Bettw\u00e4sche \u00fcber Handt\u00fccher bis hin zu Vorh\u00e4ngen und Badem\u00e4nteln \u2013 im Umlauf sind. RFID-W\u00e4scheetiketten vereinfachen die Nachverfolgung, sorgen f\u00fcr rechtzeitige Reinigung und Austausch und helfen bei der Erkennung und Verhinderung von Diebstahl.<\/div>\n<\/li>\n<li>\n<div class=\"auto-hide-last-sibling-br paragraph_1252f paragraph-element\"><strong>Restaurants<\/strong>: In der Lebensmittelindustrie k\u00f6nnen RFID-Tags die Verwendung und Reinigung von Uniformen, Tischdecken, Servietten und Kochsch\u00fcrzen \u00fcberwachen. Dies kann die Sauberkeitsstandards verbessern und dazu beitragen, ein gepflegtes, professionelles Erscheinungsbild zu wahren.<\/div>\n<\/li>\n<li>\n<div class=\"auto-hide-last-sibling-br paragraph_1252f paragraph-element\"><strong>Mode- und Bekleidungsindustrie<\/strong>: RFID-Tags spielen eine gro\u00dfe Rolle bei der Verfolgung von Artikeln in der gesamten Lieferkette, von der Produktion bis zum Einzelhandel. Sie k\u00f6nnen wertvolle Informationen wie Herkunft, Transportverlauf und sogar Details zum Stoff und Pflegehinweise liefern.<\/div>\n<\/li>\n<li>\n<div class=\"auto-hide-last-sibling-br paragraph_1252f paragraph-element\"><strong>Arbeitskleidung\/Feuerhemmende Kleidung<\/strong>: Unternehmen k\u00f6nnen RFID-Tags verwenden, um Spezialkleidungsst\u00fccke zu verfolgen und zu verwalten. Dies kann beispielsweise die Sicherstellung umfassen, dass feuerhemmende oder andere Schutzkleidung regelm\u00e4\u00dfig \u00fcberpr\u00fcft, ordnungsgem\u00e4\u00df gereinigt und bei Bedarf ersetzt wird.<\/div>\n<\/li>\n<li>\n<div class=\"auto-hide-last-sibling-br paragraph_1252f paragraph-element\"><strong>Schuhe und Masken<\/strong>: Besonders wichtig in Branchen wie dem Gesundheitswesen und dem Baugewerbe, in denen Sicherheit von entscheidender Bedeutung ist, kann die Nachverfolgung der Verwendung, Reinigung und Wartung von Artikeln wie Masken und Sicherheitsschuhen durch den Einsatz von RFID-Tags vereinfacht werden.<\/div>\n<\/li>\n<li>\n<div class=\"auto-hide-last-sibling-br paragraph_1252f paragraph-element\"><strong>Matten und Wischmopps<\/strong>: Unternehmen, die Reinigungsdienste anbieten oder gro\u00dfe Anlagen verwalten, k\u00f6nnen mit RFID-Tags auf Matten und Wischmopps die Nutzung und Wartung nachverfolgen und so jederzeit saubere und effektive Werkzeuge gew\u00e4hrleisten.<\/div>\n<\/li>\n<\/ol>","protected":false},"excerpt":{"rendered":"<p>UHF-W\u00e4scheetiketten zeichnen sich durch eine au\u00dfergew\u00f6hnliche F\u00e4higkeit aus, trotz strenger Waschprozesse, zu denen Sterilisation, Hei\u00dfw\u00e4sche, Reinigung, Trocknen und B\u00fcgeln geh\u00f6ren, konstant zu funktionieren. Sie sind so konstruiert, dass sie Hunderte von Waschg\u00e4ngen \u00fcberstehen und trotzdem eine hohe RFID-Leistung aufweisen. Diese Konsistenz auch nach zahlreichen W\u00e4schen gew\u00e4hrleistet eine effiziente Nachverfolgung und Bestandsverwaltung w\u00e4hrend der gesamten Lebensdauer von W\u00e4sche, Kleidung und anderen Textilartikeln.<\/p>","protected":false},"featured_media":61,"template":"","meta":{"_kad_post_transparent":"default","_kad_post_title":"","_kad_post_layout":"default","_kad_post_sidebar_id":"","_kad_post_content_style":"default","_kad_post_vertical_padding":"default","_kad_post_feature":"","_kad_post_feature_position":"","_kad_post_header":false,"_kad_post_footer":false,"_kad_post_classname":""},"product_brand":[],"product_cat":[19,16],"product_tag":[25,32,28],"class_list":{"0":"post-59","1":"product","2":"type-product","3":"status-publish","4":"has-post-thumbnail","6":"product_cat-textile-rfid-laundry-tag","7":"product_cat-uhf-rfid-laundry-tags","8":"product_tag-rfid-laundrytags","9":"product_tag-uhf-laundry-tag","10":"product_tag-washable-rfid-tags","12":"first","13":"instock","14":"shipping-taxable","15":"product-type-simple","16":"entry","17":"content-bg","18":"loop-entry"},"_links":{"self":[{"href":"https:\/\/rfid-laundry-tag.com\/de\/wp-json\/wp\/v2\/product\/59","targetHints":{"allow":["GET"]}}],"collection":[{"href":"https:\/\/rfid-laundry-tag.com\/de\/wp-json\/wp\/v2\/product"}],"about":[{"href":"https:\/\/rfid-laundry-tag.com\/de\/wp-json\/wp\/v2\/types\/product"}],"version-history":[{"count":1,"href":"https:\/\/rfid-laundry-tag.com\/de\/wp-json\/wp\/v2\/product\/59\/revisions"}],"predecessor-version":[{"id":1946,"href":"https:\/\/rfid-laundry-tag.com\/de\/wp-json\/wp\/v2\/product\/59\/revisions\/1946"}],"wp:featuredmedia":[{"embeddable":true,"href":"https:\/\/rfid-laundry-tag.com\/de\/wp-json\/wp\/v2\/media\/61"}],"wp:attachment":[{"href":"https:\/\/rfid-laundry-tag.com\/de\/wp-json\/wp\/v2\/media?parent=59"}],"wp:term":[{"taxonomy":"product_brand","embeddable":true,"href":"https:\/\/rfid-laundry-tag.com\/de\/wp-json\/wp\/v2\/product_brand?post=59"},{"taxonomy":"product_cat","embeddable":true,"href":"https:\/\/rfid-laundry-tag.com\/de\/wp-json\/wp\/v2\/product_cat?post=59"},{"taxonomy":"product_tag","embeddable":true,"href":"https:\/\/rfid-laundry-tag.com\/de\/wp-json\/wp\/v2\/product_tag?post=59"}],"curies":[{"name":"wp","href":"https:\/\/api.w.org\/{rel}","templated":true}]}}