{"id":54,"date":"2024-06-10T14:55:28","date_gmt":"2024-06-10T14:55:28","guid":{"rendered":"https:\/\/rfid-laundry-tag.com\/?post_type=product&#038;p=54"},"modified":"2024-09-26T04:26:47","modified_gmt":"2024-09-26T04:26:47","slug":"rfid-tag-for-linen-laundry","status":"publish","type":"product","link":"https:\/\/rfid-laundry-tag.com\/de\/rfid-tag-for-linen-laundry\/","title":{"rendered":"RFID-Tag f\u00fcr W\u00e4sche"},"content":{"rendered":"<div>\n<div class=\"auto-hide-last-sibling-br paragraph_1252f paragraph-element\">\n<h1><strong>RFID-Tag f\u00fcr W\u00e4sche<\/strong><\/h1>\n<p><strong>Physisch:<\/strong><\/p>\n<p>Material: 100% Polyester<\/p>\n<p>Gr\u00f6\u00dfe: 70 mm \u00d7 15 mm x 1,5 mm<\/p>\n<p>Chip: NXP U CODE U8, U9 usw.<\/p>\n<p>Etiketteninstallationsmethode: N\u00e4hen, B\u00fcgeln<\/p>\n<p>Protokoll:ISO18ooo-6C<\/p>\n<p>B\u00fcgeln: 15 Sekunden, bei 210 \u00b0C<\/p>\n<p>Belastung: 2,5 bar<\/p>\n<p>Trocknen: 15 Minuten bei 180\u00b0C<\/p>\n<p>Waschen: 15 Minuten bei 90 \u00b0C.<\/p>\n<p>Waschzyklen: 200+ Zyklen oder 3 Jahre<\/p>\n<p>Lagerbedingungen: -20\u201380 \u00b0C, 5\u201395%RH<\/p>\n<p>&nbsp;<\/p>\n<\/div>\n<div class=\"auto-hide-last-sibling-br paragraph_1252f paragraph-element\">Was unsere UHF-RFID-W\u00e4scheetiketten deutlich von der Vielzahl anderer W\u00e4scheetiketten auf dem Markt unterscheidet, ist ihr elegantes, klares Erscheinungsbild. Sie sind beeindruckend schlank und haben eine unauff\u00e4llige Dicke von 0,55 mm. Damit sind sie die d\u00fcnnsten Etiketten auf dem Markt. Zusammenfassend bieten unsere Etiketten eine fortschrittliche UHF-RFID-L\u00f6sung f\u00fcr Kleidung und stellen eine ideale Kombination aus Erschwinglichkeit, Robustheit und Subtilit\u00e4t dar.<\/div>\n<\/div>\n<div><\/div>\n<div class=\"auto-hide-last-sibling-br paragraph_1252f paragraph-element\">\n<div data-spm-anchor-id=\"a2700.details.0.i57.23b419c7xXORP0\"><span data-spm-anchor-id=\"a2700.details.0.i75.23b419c7xXORP0\"><b>Besonderheit:<\/b><br \/>\n1) UHF-Technologie zum gleichzeitigen Lesen von Hunderten von Tags.<br \/>\n2) Mehr als 2,44 m Leseabstand.<br \/>\n3) Neues mechanisches Design f\u00fcr verbesserte Leistung bei Flachw\u00e4sche.<br \/>\n4) Geeignet f\u00fcr Hochdrucksauger bis 60 bar.<br \/>\n5) Geeignet f\u00fcr die Sterilisation im Autoklav.<br \/>\n6) Kleines, weiches, flexibles Material, ideal f\u00fcr Textilien, Bettw\u00e4sche, Kleidungsst\u00fccke und Accessoires.<\/span><\/div>\n<\/div>\n<div data-spm-anchor-id=\"a2700.details.0.i57.23b419c7xXORP0\"><\/div>\n<div data-spm-anchor-id=\"a2700.details.0.i57.23b419c7xXORP0\">\n<p><img fetchpriority=\"high\" decoding=\"async\" class=\"wp-image-55\" src=\"https:\/\/rfid-laundry-tag.com\/wp-content\/uploads\/2024\/06\/4-300x275.png\" alt=\"RFID Tag for linen laundry\" width=\"605\" height=\"555\" srcset=\"https:\/\/rfid-laundry-tag.com\/wp-content\/uploads\/2024\/06\/4-300x275.png 300w, https:\/\/rfid-laundry-tag.com\/wp-content\/uploads\/2024\/06\/4-600x550.png 600w, https:\/\/rfid-laundry-tag.com\/wp-content\/uploads\/2024\/06\/4-13x12.png 13w, https:\/\/rfid-laundry-tag.com\/wp-content\/uploads\/2024\/06\/4.png 750w\" sizes=\"(max-width: 605px) 100vw, 605px\" \/><\/p>\n<\/div>\n<h3 class=\"wp-block-heading\">Installation<\/h3>\n<p><strong>Stichmarkierung<\/strong>: Zum Einn\u00e4hen in den Saum eines Textils. N\u00e4hen Sie das W\u00e4scheetikett abseits der Faltlinien.<br \/>\n<strong>Hei\u00dfsiegel<\/strong>: Wird bei +200 \u00b0C (392 \u00b0F) f\u00fcr 12\u201314 s direkt auf dem Textil hei\u00dfversiegelt.<br \/>\n<strong>Im Beutel<\/strong>: Wird wie ein normales Pflegeetikett aufgen\u00e4ht. N\u00e4hen Sie das W\u00e4scheetikett abseits der Faltlinien auf.<\/p>\n<h3>Vorteile der Verwendung von RFID-Tags im W\u00e4schemanagement<\/h3>\n<p>Die Integration von RFID-Tags in Ihre W\u00e4schereiabl\u00e4ufe f\u00fchrt zu mehr Effizienz. Die automatische Nachverfolgung erm\u00f6glicht eine Bestandsverwaltung in Echtzeit, minimiert Verluste und gibt den Mitarbeitern mehr Zeit. Diese\u00a0<strong>Textile RFID-Tags<\/strong>\u00a0bieten Unternehmen und Haushalten die M\u00f6glichkeit, Bettw\u00e4sche, Kleidungsst\u00fccke und andere W\u00e4schest\u00fccke mit beispielloser Genauigkeit zu verwalten und zu verfolgen und so sowohl die Servicequalit\u00e4t als auch die Kundenzufriedenheit zu verbessern.<\/p>\n<div class=\"auto-hide-last-sibling-br paragraph_1252f paragraph-element\">\n<div class=\"auto-hide-last-sibling-br paragraph_1252f paragraph-element\">RFID-Tags f\u00fcr W\u00e4sche sind in einer Vielzahl von Branchen unverzichtbar, da sie eine effiziente Anlagenverfolgung, Bestandsverwaltung und Steigerung der allgemeinen Betriebseffizienz erm\u00f6glichen. Hier ein Einblick in ihre Anwendung in verschiedenen Sektoren:<\/div>\n<ul class=\"auto-hide-last-sibling-br\">\n<li>\n<div class=\"auto-hide-last-sibling-br paragraph_1252f paragraph-element\">Gesundheitswesen: Krankenh\u00e4user und andere medizinische Einrichtungen nutzen RFID-W\u00e4scheetiketten zur Verwaltung gro\u00dfer Lagerbest\u00e4nde an Bettw\u00e4sche, Handt\u00fcchern, OP-Kleidung, Uniformen und OP-W\u00e4sche. Dies tr\u00e4gt dazu bei, Verluste zu minimieren, W\u00e4schezyklen zu verwalten und sicherzustellen, dass stets saubere, frische W\u00e4sche je nach Bedarf verf\u00fcgbar ist.<\/div>\n<\/li>\n<li>\n<div class=\"auto-hide-last-sibling-br paragraph_1252f paragraph-element\">Hotels: In der Hotelbranche ist die Verwaltung der W\u00e4sche eine gewaltige Aufgabe, da Tausende von Artikeln wie Bettw\u00e4sche, Handt\u00fccher, Vorh\u00e4nge und Badem\u00e4ntel im Umlauf sind. RFID-W\u00e4scheetiketten helfen dabei, diese Aufgabe zu rationalisieren, eine rechtzeitige Reinigung und einen rechtzeitigen Austausch sicherzustellen und bei der Erkennung und Verhinderung von Diebstahl zu helfen.<\/div>\n<\/li>\n<li>\n<div class=\"auto-hide-last-sibling-br paragraph_1252f paragraph-element\">Restaurants: In der Lebensmittelbranche helfen RFID-Tags dabei, die Nutzung und Sauberkeit von Uniformen, Tischdecken, Servietten und Kochsch\u00fcrzen zu \u00fcberwachen. Dies kann die Sauberkeitsstandards erh\u00f6hen und dazu beitragen, ein ordentliches, professionelles Erscheinungsbild zu wahren.<\/div>\n<\/li>\n<li>\n<div class=\"auto-hide-last-sibling-br paragraph_1252f paragraph-element\">Mode- und Bekleidungsindustrie: In der Modebranche spielen RFID-Tags eine wichtige Rolle bei der Verfolgung von Artikeln in der gesamten Lieferkette von der Produktion bis zur Pr\u00e4sentation im Einzelhandel. Sie k\u00f6nnen wertvolle Informationen wie Herkunft, Transportverlauf und sogar detaillierte Angaben zum Stoff und Pflegehinweise liefern.<\/div>\n<\/li>\n<li>\n<div class=\"auto-hide-last-sibling-br paragraph_1252f paragraph-element\">Arbeitskleidung\/feuerhemmende Kleidung: RFID-Tags werden von Unternehmen verwendet, um Spezialkleidungsst\u00fccke zu verfolgen und zu verwalten. Dazu geh\u00f6rt, sicherzustellen, dass feuerhemmende oder andere Schutzkleidung regelm\u00e4\u00dfig \u00fcberpr\u00fcft, angemessen gereinigt und bei Bedarf ersetzt wird.<\/div>\n<\/li>\n<li>\n<div class=\"auto-hide-last-sibling-br paragraph_1252f paragraph-element\">Schuhe und Masken: Besonders wichtig in Branchen wie dem Gesundheitswesen und dem Baugewerbe, in denen die Sicherheit nicht gef\u00e4hrdet werden darf, wird die Nachverfolgung der Verwendung, Sauberkeit und Wartung von Artikeln wie Masken und Sicherheitsschuhen durch den Einsatz von RFID-Tags vereinfacht.<\/div>\n<\/li>\n<li>\n<div class=\"auto-hide-last-sibling-br paragraph_1252f paragraph-element\">Matten und Wischmopps: Unternehmen, die Reinigungsdienste anbieten oder gro\u00dfe Einrichtungen verwalten, k\u00f6nnen von RFID-Tags auf Matten und Wischmopps profitieren. Sie k\u00f6nnen Nutzung und Wartung nachverfolgen und so jederzeit saubere und effiziente Werkzeuge sicherstellen.<\/div>\n<\/li>\n<\/ul>\n<h3>Umweltfreundlich einkaufen<\/h3>\n<p>Unsere RFID-Tags sind umweltfreundlich konzipiert. Indem Sie die manuelle Handhabung minimieren und die Anzahl verlegter Artikel verringern, k\u00f6nnen Sie dazu beitragen, den CO2-Fu\u00dfabdruck im Zusammenhang mit W\u00e4schereivorg\u00e4ngen zu verringern. Die\u00a0<strong>RFID-W\u00e4scheetiketten<\/strong>\u00a0k\u00f6nnen am Ende ihres Lebenszyklus recycelt werden und tragen so zu nachhaltigen Praktiken bei.<\/p>\n<h3>Was ist UHF-RFID-Technologie?<\/h3>\n<p>RFID (Radio Frequency Identification) ist eine Technologie, die elektromagnetische Felder nutzt, um an Objekten angebrachte Tags automatisch zu identifizieren und zu verfolgen. UHF-RFID arbeitet im Ultrahochfrequenzbereich und erm\u00f6glicht dadurch gr\u00f6\u00dfere Lesereichweiten und eine schnellere Identifizierung, was es ideal f\u00fcr W\u00e4schereianwendungen macht. Die UHF-RFID-Tags k\u00f6nnen an Kleidungsst\u00fccken und W\u00e4sche angen\u00e4ht oder angebracht werden und erm\u00f6glichen so eine effiziente Verfolgung w\u00e4hrend des gesamten Waschvorgangs.<\/p>\n<h3>H\u00e4ufig gestellte Fragen (FAQs)<\/h3>\n<p><strong>F1: Sind RFID-W\u00e4scheetiketten mit allen W\u00e4schereisystemen kompatibel?<\/strong><br \/>\n<strong>A1:<\/strong>\u00a0Ja, unsere RFID-Tags sind f\u00fcr die reibungslose Verwendung mit Standard-RFID-Leseger\u00e4ten in W\u00e4schereien konzipiert.<\/p>\n<p><strong>F2: Wie kann ich gebrauchte RFID-Tags recyceln?<\/strong><br \/>\n<strong>Antwort:<\/strong>\u00a0Nach Ablauf ihrer Lebensdauer k\u00f6nnen Sie die Tags zum Recycling an uns zur\u00fccksenden oder sich an \u00f6rtliche Entsorgungsstellen f\u00fcr Elektroschrott wenden.<\/p>\n<p><strong>F3: Kann ich W\u00e4schest\u00fccke f\u00fcr den pers\u00f6nlichen Gebrauch beschriften?<\/strong><br \/>\n<strong>Antwort Nr. 3:<\/strong>\u00a0Auf jeden Fall! Diese Etiketten k\u00f6nnen auch im Haushalt verwendet werden, um die W\u00e4sche der Familie effizient im Auge zu behalten.<\/p>\n<h3>Warum sollten Sie uns f\u00fcr Ihre RFID-L\u00f6sungen w\u00e4hlen?<\/h3>\n<p>Dank unserer langj\u00e4hrigen Erfahrung in der RFID-Technologie bieten wir hochwertige, langlebige und innovative L\u00f6sungen, die speziell auf die W\u00e4schereibranche zugeschnitten sind. Unsere Produkte sind so konzipiert, dass sie verschiedene betriebliche Anforderungen erf\u00fcllen und gleichzeitig erschwinglich und umweltfreundlich bleiben.<\/p>\n<p>Wir laden Sie ein, Ihren W\u00e4schereibetrieb noch heute umzugestalten, indem Sie in unsere UHF-RFID-W\u00e4scheetiketten f\u00fcr W\u00e4sche investieren. Mit nachweislichen Ergebnissen bei der Verbesserung der Effizienz, der Verwaltung von Textilien und der Gew\u00e4hrleistung der Verantwortlichkeit sind diese Etiketten nicht nur eine Investition in Technologie, sondern auch eine Investition in Seelenfrieden.<\/p>\n<h3>Abschluss<\/h3>\n<p>Indem Sie die Zukunft des W\u00e4schemanagements nutzen und UHF-RFID-Technologie in Ihre Abl\u00e4ufe integrieren, k\u00f6nnen Sie Ihre Effizienz und Zuverl\u00e4ssigkeit deutlich steigern. Verpassen Sie nicht die Chance, Ihre W\u00e4scheverarbeitungskapazit\u00e4ten zu verbessern.<\/p>\n<\/div>","protected":false},"excerpt":{"rendered":"<div class=\"auto-hide-last-sibling-br paragraph_1252f paragraph-element\">Steigern Sie die Effizienz beim W\u00e4schewaschen mit unseren langlebigen UHF-RFID-Tags, die f\u00fcr W\u00e4sche und Kleidungsst\u00fccke entwickelt wurden. Waschbar, temperaturbest\u00e4ndig und ideal zur Nachverfolgung!<\/div>\n<div><\/div>\n<div class=\"auto-hide-last-sibling-br paragraph_1252f paragraph-element\"><\/div>","protected":false},"featured_media":58,"template":"","meta":{"_kad_post_transparent":"default","_kad_post_title":"","_kad_post_layout":"default","_kad_post_sidebar_id":"","_kad_post_content_style":"default","_kad_post_vertical_padding":"default","_kad_post_feature":"","_kad_post_feature_position":"","_kad_post_header":false,"_kad_post_footer":false,"_kad_post_classname":""},"product_brand":[],"product_cat":[19],"product_tag":[25,285,30,28],"class_list":{"0":"post-54","1":"product","2":"type-product","3":"status-publish","4":"has-post-thumbnail","6":"product_cat-textile-rfid-laundry-tag","7":"product_tag-rfid-laundrytags","8":"product_tag-rfid-tag","9":"product_tag-uhf-rfid-laundry-tag","10":"product_tag-washable-rfid-tags","12":"first","13":"instock","14":"shipping-taxable","15":"product-type-simple","16":"entry","17":"content-bg","18":"loop-entry"},"_links":{"self":[{"href":"https:\/\/rfid-laundry-tag.com\/de\/wp-json\/wp\/v2\/product\/54","targetHints":{"allow":["GET"]}}],"collection":[{"href":"https:\/\/rfid-laundry-tag.com\/de\/wp-json\/wp\/v2\/product"}],"about":[{"href":"https:\/\/rfid-laundry-tag.com\/de\/wp-json\/wp\/v2\/types\/product"}],"version-history":[{"count":3,"href":"https:\/\/rfid-laundry-tag.com\/de\/wp-json\/wp\/v2\/product\/54\/revisions"}],"predecessor-version":[{"id":2684,"href":"https:\/\/rfid-laundry-tag.com\/de\/wp-json\/wp\/v2\/product\/54\/revisions\/2684"}],"wp:featuredmedia":[{"embeddable":true,"href":"https:\/\/rfid-laundry-tag.com\/de\/wp-json\/wp\/v2\/media\/58"}],"wp:attachment":[{"href":"https:\/\/rfid-laundry-tag.com\/de\/wp-json\/wp\/v2\/media?parent=54"}],"wp:term":[{"taxonomy":"product_brand","embeddable":true,"href":"https:\/\/rfid-laundry-tag.com\/de\/wp-json\/wp\/v2\/product_brand?post=54"},{"taxonomy":"product_cat","embeddable":true,"href":"https:\/\/rfid-laundry-tag.com\/de\/wp-json\/wp\/v2\/product_cat?post=54"},{"taxonomy":"product_tag","embeddable":true,"href":"https:\/\/rfid-laundry-tag.com\/de\/wp-json\/wp\/v2\/product_tag?post=54"}],"curies":[{"name":"wp","href":"https:\/\/api.w.org\/{rel}","templated":true}]}}