{"id":49,"date":"2024-06-09T15:22:23","date_gmt":"2024-06-09T15:22:23","guid":{"rendered":"https:\/\/rfid-laundry-tag.com\/?post_type=product&#038;p=49"},"modified":"2024-09-08T05:30:18","modified_gmt":"2024-09-08T05:30:18","slug":"washable-rfid-laundry-tags","status":"publish","type":"product","link":"https:\/\/rfid-laundry-tag.com\/de\/washable-rfid-laundry-tags\/","title":{"rendered":"Waschbare RFID-W\u00e4scheetiketten"},"content":{"rendered":"<div class=\"auto-hide-last-sibling-br paragraph_1252f paragraph-element\">\n<div>\n<div class=\"auto-hide-last-sibling-br paragraph_1252f paragraph-element\">Unsere waschbaren RFID-W\u00e4scheetiketten, auch bekannt als waschbare RFID-W\u00e4scheetiketten f\u00fcr Bekleidung, bieten im Vergleich zu herk\u00f6mmlichen RFID-W\u00e4scheetiketten eine vielseitige Alternative. Diese speziell entwickelten Etiketten \u00fcberstehen mehr als 50 Haushaltswaschg\u00e4nge mit nur geringf\u00fcgiger Verringerung der RFID-Leistung im Bereich von 10% bis 15%. Als kosteng\u00fcnstige L\u00f6sung eignen sich diese wasserdichten RFID-Etiketten f\u00fcr den Verleih und Einzelhandel, einschlie\u00dflich Kleidungsst\u00fccken, Schuhen und Bettw\u00e4sche.<\/div>\n<p>&nbsp;<\/p>\n<div class=\"auto-hide-last-sibling-br paragraph_1252f paragraph-element\">Dank ihrer einzigartigen Struktur und dem Schutz des RFID-Chips sind diese Tags \u00e4u\u00dferst robust und \u00fcberstehen mehr als 50 Waschg\u00e4nge. Sie k\u00f6nnen diskret in einer Naht versteckt oder in ein Pflegeetikett integriert werden, sodass sie praktisch unbemerkt bleiben.<\/div>\n<p>&nbsp;<\/p>\n<div class=\"auto-hide-last-sibling-br paragraph_1252f paragraph-element\">Ein besonderes Merkmal unserer waschbaren RFID-W\u00e4scheetiketten, das sie von anderen waschbaren W\u00e4scheetiketten unterscheidet, ist ihr schlankes, transparentes Design mit einer Dicke von nur 0,55 mm. Es handelt sich um das d\u00fcnnste auf dem Markt. Insgesamt bietet es eine innovative UHF-RFID-L\u00f6sung f\u00fcr Bekleidung und bietet eine Kombination aus Kosteneffizienz, Haltbarkeit und Diskretion.<\/div>\n<div><\/div>\n<\/div>\n<div data-spm-anchor-id=\"a2700.details.0.i57.23b419c7xXORP0\"><span data-spm-anchor-id=\"a2700.details.0.i75.23b419c7xXORP0\"><b>Besonderheit:<\/b><br \/>\n1) UHF-Technologie zum gleichzeitigen Lesen von Hunderten von Tags.<br \/>\n2) Mehr als 2,44 m Leseabstand.<br \/>\n3) Neues mechanisches Design f\u00fcr verbesserte Leistung bei Flachw\u00e4sche.<br \/>\n4) Geeignet f\u00fcr Hochdrucksauger bis 60 bar.<br \/>\n5) Geeignet f\u00fcr die Sterilisation im Autoklav.<br \/>\n6) Kleines, weiches, flexibles Material, ideal f\u00fcr Textilien, Bettw\u00e4sche, Kleidungsst\u00fccke und Accessoires.<\/span><\/div>\n<\/div>\n<div data-spm-anchor-id=\"a2700.details.0.i57.23b419c7xXORP0\"><\/div>\n<div data-spm-anchor-id=\"a2700.details.0.i57.23b419c7xXORP0\">\n<div class=\"text-title\"><span data-spm-anchor-id=\"a2700.details.0.i77.23b419c7xXORP0\">Physisch:<\/span><\/div>\n<div class=\"text-content\" data-spm-anchor-id=\"a2700.details.0.i54.23b419c7xXORP0\">\n<div>Gr\u00f6\u00dfe: 70 mm \u00d7 15 mm x 1,5 mm<\/div>\n<div>Chip: UHF<\/div>\n<div>Methode zur Etiketteninstallation: N\u00e4hen, B\u00fcgeln<\/div>\n<div>Protokoll: ISO18ooo-6C EPC C1G2<\/div>\n<div>B\u00fcgeln: 15 Sekunden, bei 210 \u00b0C<\/div>\n<div>Belastung: 2,5 bar<\/div>\n<div>Trocknen: 15 Minuten bei 180\u00b0C<\/div>\n<div><span data-spm-anchor-id=\"a2700.details.0.i78.23b419c7xXORP0\">Waschen: 15 Minuten bei 90 \u00b0C.<\/span><\/div>\n<div>Waschzyklen: 200+ Zyklen oder 3 Jahre<br \/>\nLagerbedingungen: -20\u201380 \u00b0C, 5\u201395%RH<\/div>\n<\/div>\n<\/div>\n<h3 class=\"wp-block-heading\">Installation<\/h3>\n<p><strong>Stichmarkierung<\/strong>: Zum Einn\u00e4hen in den Saum eines Textils. N\u00e4hen Sie das W\u00e4scheetikett abseits der Faltlinien.<br \/>\n<strong>Hei\u00dfsiegel<\/strong>: Wird bei +200 \u00b0C (392 \u00b0F) f\u00fcr 12\u201314 s direkt auf dem Textil hei\u00dfversiegelt.<br \/>\n<strong>Im Beutel<\/strong>: Wird wie ein normales Pflegeetikett aufgen\u00e4ht. N\u00e4hen Sie das W\u00e4scheetikett abseits der Faltlinien auf.<\/p>\n<div class=\"auto-hide-last-sibling-br paragraph_1252f paragraph-element\">Waschbare RFID-W\u00e4scheetiketten sind in vielen Branchen unverzichtbar. Sie erm\u00f6glichen eine effiziente Anlagenverfolgung, Bestandsverwaltung und steigern die allgemeine Betriebsproduktivit\u00e4t. Hier sind einige ihrer Anwendungen in verschiedenen Branchen:<\/div>\n<ol class=\"auto-hide-last-sibling-br\">\n<li>\n<div class=\"auto-hide-last-sibling-br paragraph_1252f paragraph-element\"><strong>Gesundheitspflege<\/strong>: Krankenh\u00e4user und andere medizinische Einrichtungen verwenden RFID-W\u00e4scheetiketten, um riesige Lagerbest\u00e4nde an Bettlaken, Handt\u00fcchern, OP-Kleidung, Uniformen und OP-W\u00e4sche zu verwalten. Dies hilft, Verluste zu reduzieren, W\u00e4schezyklen zu verwalten und sicherzustellen, dass immer saubere, frische W\u00e4sche bei Bedarf verf\u00fcgbar ist.<\/div>\n<\/li>\n<li>\n<div class=\"auto-hide-last-sibling-br paragraph_1252f paragraph-element\"><strong>Hotels<\/strong>: Die Verwaltung der W\u00e4sche ist in der Hotelbranche eine gewaltige Aufgabe, da Tausende von Artikeln \u2013 von Bettw\u00e4sche \u00fcber Handt\u00fccher bis hin zu Vorh\u00e4ngen und Badem\u00e4nteln \u2013 im Umlauf sind. RFID-W\u00e4scheetiketten vereinfachen die Nachverfolgung, sorgen f\u00fcr rechtzeitige Reinigung und Austausch und helfen bei der Erkennung und Verhinderung von Diebstahl.<\/div>\n<\/li>\n<li>\n<div class=\"auto-hide-last-sibling-br paragraph_1252f paragraph-element\"><strong>Restaurants<\/strong>: In der Lebensmittelindustrie k\u00f6nnen RFID-Tags die Verwendung und Reinigung von Uniformen, Tischdecken, Servietten und Kochsch\u00fcrzen \u00fcberwachen. Dies kann die Sauberkeitsstandards verbessern und dazu beitragen, ein gepflegtes, professionelles Erscheinungsbild zu wahren.<\/div>\n<\/li>\n<li>\n<div class=\"auto-hide-last-sibling-br paragraph_1252f paragraph-element\"><strong>Mode- und Bekleidungsindustrie<\/strong>: RFID-Tags spielen eine gro\u00dfe Rolle bei der Verfolgung von Artikeln in der gesamten Lieferkette, von der Produktion bis zum Einzelhandel. Sie k\u00f6nnen wertvolle Informationen wie Herkunft, Transportverlauf und sogar Details zum Stoff und Pflegehinweise liefern.<\/div>\n<\/li>\n<li>\n<div class=\"auto-hide-last-sibling-br paragraph_1252f paragraph-element\"><strong>Arbeitskleidung\/Feuerhemmende Kleidung<\/strong>: Unternehmen k\u00f6nnen RFID-Tags verwenden, um Spezialkleidungsst\u00fccke zu verfolgen und zu verwalten. Dies kann beispielsweise die Sicherstellung umfassen, dass feuerhemmende oder andere Schutzkleidung regelm\u00e4\u00dfig \u00fcberpr\u00fcft, ordnungsgem\u00e4\u00df gereinigt und bei Bedarf ersetzt wird.<\/div>\n<\/li>\n<li>\n<div class=\"auto-hide-last-sibling-br paragraph_1252f paragraph-element\"><strong>Schuhe und Masken<\/strong>: Besonders wichtig in Branchen wie dem Gesundheitswesen und dem Baugewerbe, in denen Sicherheit von entscheidender Bedeutung ist, kann die Nachverfolgung der Verwendung, Reinigung und Wartung von Artikeln wie Masken und Sicherheitsschuhen durch den Einsatz von RFID-Tags vereinfacht werden.<\/div>\n<\/li>\n<li>\n<div class=\"auto-hide-last-sibling-br paragraph_1252f paragraph-element\"><strong>Matten und Wischmopps<\/strong>: Unternehmen, die Reinigungsdienste anbieten oder gro\u00dfe Anlagen verwalten, k\u00f6nnen mit RFID-Tags auf Matten und Wischmopps die Nutzung und Wartung nachverfolgen und so jederzeit saubere und effektive Werkzeuge gew\u00e4hrleisten.<\/div>\n<\/li>\n<\/ol>","protected":false},"excerpt":{"rendered":"<div class=\"auto-hide-last-sibling-br paragraph_1252f paragraph-element\">Unsere waschbaren RFID-W\u00e4scheetiketten, auch bekannt als RFID-W\u00e4scheetiketten, zeichnen sich durch eine Mischung aus Weichheit und Festigkeit aus und werden mit einer widerstandsf\u00e4higen Gummiau\u00dfenseite hergestellt. Es handelt sich um Kleidungsst\u00fccketiketten, die sowohl flexibel als auch robust sind \u2013 sie halten bis zu 200 Waschzyklen und einem Druck von bis zu 60 Bar stand.<\/div>\n<div class=\"auto-hide-last-sibling-br paragraph_1252f paragraph-element\">Unsere UHF-RFID-W\u00e4scheetiketten zeichnen sich durch ihre hervorragenden Lesef\u00e4higkeiten aus und k\u00f6nnen aus mehreren Metern Entfernung effektiv erkannt werden. Ihre Abmessungen variieren zwischen 1,5 und 3 Zoll in der L\u00e4nge und 1,5 bis 1 Zoll in der Breite, um unterschiedlichen Anforderungen gerecht zu werden.<\/div>\n<div class=\"auto-hide-last-sibling-br paragraph_1252f paragraph-element\">Diese waschbaren RFID-Tags werden h\u00e4ufig im medizinischen Bereich verwendet und oft an den Kitteln von \u00c4rzten und Krankenschwestern angebracht. Dar\u00fcber hinaus finden sie Anwendung bei anderen Berufsbekleidungen, Kost\u00fcmen und mietbaren Artikeln wie Matten. Diese Vielseitigkeit und Haltbarkeit machen sie zur idealen Wahl f\u00fcr unterschiedliche Umgebungen.<\/div>","protected":false},"featured_media":51,"template":"","meta":{"_kad_post_transparent":"default","_kad_post_title":"","_kad_post_layout":"default","_kad_post_sidebar_id":"","_kad_post_content_style":"default","_kad_post_vertical_padding":"default","_kad_post_feature":"","_kad_post_feature_position":"","_kad_post_header":false,"_kad_post_footer":false,"_kad_post_classname":""},"product_brand":[],"product_cat":[19,16],"product_tag":[25,27,29,28],"class_list":{"0":"post-49","1":"product","2":"type-product","3":"status-publish","4":"has-post-thumbnail","6":"product_cat-textile-rfid-laundry-tag","7":"product_cat-uhf-rfid-laundry-tags","8":"product_tag-rfid-laundrytags","9":"product_tag-uhf-rfid-textile-laundry-tag","10":"product_tag-washable-rfid-laundry-tags","11":"product_tag-washable-rfid-tags","13":"first","14":"instock","15":"shipping-taxable","16":"product-type-simple","17":"entry","18":"content-bg","19":"loop-entry"},"_links":{"self":[{"href":"https:\/\/rfid-laundry-tag.com\/de\/wp-json\/wp\/v2\/product\/49","targetHints":{"allow":["GET"]}}],"collection":[{"href":"https:\/\/rfid-laundry-tag.com\/de\/wp-json\/wp\/v2\/product"}],"about":[{"href":"https:\/\/rfid-laundry-tag.com\/de\/wp-json\/wp\/v2\/types\/product"}],"version-history":[{"count":1,"href":"https:\/\/rfid-laundry-tag.com\/de\/wp-json\/wp\/v2\/product\/49\/revisions"}],"predecessor-version":[{"id":1954,"href":"https:\/\/rfid-laundry-tag.com\/de\/wp-json\/wp\/v2\/product\/49\/revisions\/1954"}],"wp:featuredmedia":[{"embeddable":true,"href":"https:\/\/rfid-laundry-tag.com\/de\/wp-json\/wp\/v2\/media\/51"}],"wp:attachment":[{"href":"https:\/\/rfid-laundry-tag.com\/de\/wp-json\/wp\/v2\/media?parent=49"}],"wp:term":[{"taxonomy":"product_brand","embeddable":true,"href":"https:\/\/rfid-laundry-tag.com\/de\/wp-json\/wp\/v2\/product_brand?post=49"},{"taxonomy":"product_cat","embeddable":true,"href":"https:\/\/rfid-laundry-tag.com\/de\/wp-json\/wp\/v2\/product_cat?post=49"},{"taxonomy":"product_tag","embeddable":true,"href":"https:\/\/rfid-laundry-tag.com\/de\/wp-json\/wp\/v2\/product_tag?post=49"}],"curies":[{"name":"wp","href":"https:\/\/api.w.org\/{rel}","templated":true}]}}