{"id":40,"date":"2024-06-03T15:49:08","date_gmt":"2024-06-03T15:49:08","guid":{"rendered":"https:\/\/rfid-laundry-tag.com\/?post_type=product&#038;p=40"},"modified":"2024-09-08T05:31:52","modified_gmt":"2024-09-08T05:31:52","slug":"washable-uhf-rfid-laundry-tag","status":"publish","type":"product","link":"https:\/\/rfid-laundry-tag.com\/de\/washable-uhf-rfid-laundry-tag\/","title":{"rendered":"Waschbarer UHF-RFID-W\u00e4scheanh\u00e4nger"},"content":{"rendered":"<h2>Waschbar <strong>UHF<\/strong> RFID-W\u00e4scheetikett<\/h2>\n<p>Der RFID-W\u00e4scheanh\u00e4nger aus Textilmaterial mit den Abmessungen 70 x 15 mm und ausgestattet mit einem NXP U CODE 9-Chip ist ein optimiertes Werkzeug f\u00fcr die effiziente Verfolgung und Verwaltung von Textilien wie Bettw\u00e4sche, Uniformen, Handt\u00fcchern und mehr.<\/p>\n<div class=\"auto-hide-last-sibling-br paragraph_1252f paragraph-element\">Hauptmerkmale:<\/div>\n<ol class=\"auto-hide-last-sibling-br\">\n<li>\n<div class=\"auto-hide-last-sibling-br paragraph_1252f paragraph-element\"><strong>Material und Gr\u00f6\u00dfe<\/strong>: Dieser RFID-Tag besteht aus einem textilfreundlichen Material und misst 70 mm x 15 mm, eine Gr\u00f6\u00dfe, die sich ideal f\u00fcr die diskrete Kennzeichnung verschiedener Stoffarten eignet, ohne ihre \u00e4sthetischen oder taktilen Eigenschaften zu beeintr\u00e4chtigen.<\/div>\n<\/li>\n<li>\n<div class=\"auto-hide-last-sibling-br paragraph_1252f paragraph-element\"><strong>RFID-Chip<\/strong>: Der eingebettete NXP U CODE 9-Chip sorgt f\u00fcr hohe Leistung und zuverl\u00e4ssige Funktionalit\u00e4t. Dieser Mikrochip erm\u00f6glicht die Daten\u00fcbertragung \u00fcber gro\u00dfe Entfernungen und verf\u00fcgt \u00fcber eine umfangreiche Speicherkapazit\u00e4t zum Speichern von Artikelinformationen.<\/div>\n<\/li>\n<li>\n<div class=\"auto-hide-last-sibling-br paragraph_1252f paragraph-element\"><strong>Haltbarkeit<\/strong>: Trotz der weichen und flexiblen Textilkonstruktion ist dieser RFID-W\u00e4scheanh\u00e4nger so konzipiert, dass er intensiven Wasch-, B\u00fcgel- und Pressvorg\u00e4ngen standh\u00e4lt. Er h\u00e4lt Wasser, Hitze und Druck stand und beh\u00e4lt trotz wiederholter industrieller Waschzyklen seine Integrit\u00e4t und Funktion.<\/div>\n<\/li>\n<li>\n<div class=\"auto-hide-last-sibling-br paragraph_1252f paragraph-element\"><strong>Effizienz<\/strong>: Die NXP U CODE 9-Chiptechnologie erm\u00f6glicht schnelles und genaues Scannen des Tags, selbst bei Massenlesung. Dies f\u00fchrt zu einer schnellen Verarbeitung, verk\u00fcrzt die Betriebszeit und verbessert die Produktivit\u00e4t im Textilmanagement.<\/div>\n<\/li>\n<li>\n<div class=\"auto-hide-last-sibling-br paragraph_1252f paragraph-element\"><strong>Anwendung<\/strong>: Diese RFID-Tags werden in erster Linie in Textilien eingen\u00e4ht oder hei\u00dfversiegelt, bevor sie in Betrieb genommen werden. Nach dem Anbringen k\u00f6nnen die Tags dank ihrer drahtlosen Tracking-Funktion problemlos automatisierte Bestandsverwaltung, Prozesskontrolle und Verlustverh\u00fctung erm\u00f6glichen.<\/div>\n<\/li>\n<\/ol>\n<h3 class=\"wp-block-heading\">Installation<\/h3>\n<p><strong>Stichmarkierung<\/strong>: Zum Einn\u00e4hen in den Saum eines Textils. N\u00e4hen Sie das W\u00e4scheetikett abseits der Faltlinien.<br \/>\n<strong>Hei\u00dfsiegel<\/strong>: Wird bei +200 \u00b0C (392 \u00b0F) f\u00fcr 12\u201314 s direkt auf dem Textil hei\u00dfversiegelt.<br \/>\n<strong>Im Beutel<\/strong>: Wird wie ein normales Pflegeetikett aufgen\u00e4ht. N\u00e4hen Sie das W\u00e4scheetikett abseits der Faltlinien auf.<\/p>\n<figure id=\"attachment_42\" aria-describedby=\"caption-attachment-42\" style=\"width: 718px\" class=\"wp-caption alignnone\"><img fetchpriority=\"high\" decoding=\"async\" class=\"wp-image-42\" src=\"https:\/\/rfid-laundry-tag.com\/wp-content\/uploads\/2024\/06\/srchttp___cbu01.alicdn.com_img_ibank_2019_649_165_12443561946_2073715636.jpgreferhttp___cbu01.alicdn-300x160.webp\" alt=\"Washable UHF RFID Laundry Tag\" width=\"718\" height=\"383\" srcset=\"https:\/\/rfid-laundry-tag.com\/wp-content\/uploads\/2024\/06\/srchttp___cbu01.alicdn.com_img_ibank_2019_649_165_12443561946_2073715636.jpgreferhttp___cbu01.alicdn-300x160.webp 300w, https:\/\/rfid-laundry-tag.com\/wp-content\/uploads\/2024\/06\/srchttp___cbu01.alicdn.com_img_ibank_2019_649_165_12443561946_2073715636.jpgreferhttp___cbu01.alicdn-600x320.webp 600w, https:\/\/rfid-laundry-tag.com\/wp-content\/uploads\/2024\/06\/srchttp___cbu01.alicdn.com_img_ibank_2019_649_165_12443561946_2073715636.jpgreferhttp___cbu01.alicdn-18x10.webp 18w, https:\/\/rfid-laundry-tag.com\/wp-content\/uploads\/2024\/06\/srchttp___cbu01.alicdn.com_img_ibank_2019_649_165_12443561946_2073715636.jpgreferhttp___cbu01.alicdn.webp 750w\" sizes=\"(max-width: 718px) 100vw, 718px\" \/><figcaption id=\"caption-attachment-42\" class=\"wp-caption-text\">Waschbarer UHF-RFID-W\u00e4scheanh\u00e4nger<\/figcaption><\/figure>\n<div class=\"auto-hide-last-sibling-br paragraph_1252f paragraph-element\"><strong>RFID-W\u00e4scheetiketten<\/strong> sind in vielen Branchen unverzichtbar, da sie eine effiziente Anlagenverfolgung und Bestandsverwaltung erm\u00f6glichen und die allgemeine Betriebsproduktivit\u00e4t steigern. Hier sind einige ihrer Anwendungen in verschiedenen Branchen:<\/div>\n<ol class=\"auto-hide-last-sibling-br\">\n<li>\n<div class=\"auto-hide-last-sibling-br paragraph_1252f paragraph-element\"><strong>Gesundheitspflege<\/strong>: Krankenh\u00e4user und andere medizinische Einrichtungen verwenden RFID-W\u00e4scheetiketten, um riesige Lagerbest\u00e4nde an Bettlaken, Handt\u00fcchern, OP-Kleidung, Uniformen und OP-W\u00e4sche zu verwalten. Dies hilft, Verluste zu reduzieren, W\u00e4schezyklen zu verwalten und sicherzustellen, dass immer saubere, frische W\u00e4sche bei Bedarf verf\u00fcgbar ist.<\/div>\n<\/li>\n<li>\n<div class=\"auto-hide-last-sibling-br paragraph_1252f paragraph-element\"><strong>Hotels<\/strong>: Die Verwaltung der W\u00e4sche ist in der Hotelbranche eine gewaltige Aufgabe, da Tausende von Artikeln \u2013 von Bettw\u00e4sche \u00fcber Handt\u00fccher bis hin zu Vorh\u00e4ngen und Badem\u00e4nteln \u2013 im Umlauf sind. RFID-W\u00e4scheetiketten vereinfachen die Nachverfolgung, sorgen f\u00fcr rechtzeitige Reinigung und Austausch und helfen bei der Erkennung und Verhinderung von Diebstahl.<\/div>\n<\/li>\n<li>\n<div class=\"auto-hide-last-sibling-br paragraph_1252f paragraph-element\"><strong>Restaurants<\/strong>: In der Lebensmittelindustrie k\u00f6nnen RFID-Tags die Verwendung und Reinigung von Uniformen, Tischdecken, Servietten und Kochsch\u00fcrzen \u00fcberwachen. Dies kann die Sauberkeitsstandards verbessern und dazu beitragen, ein gepflegtes, professionelles Erscheinungsbild zu wahren.<\/div>\n<\/li>\n<li>\n<div class=\"auto-hide-last-sibling-br paragraph_1252f paragraph-element\"><strong>Mode- und Bekleidungsindustrie<\/strong>: RFID-Tags spielen eine gro\u00dfe Rolle bei der Verfolgung von Artikeln in der gesamten Lieferkette, von der Produktion bis zum Einzelhandel. Sie k\u00f6nnen wertvolle Informationen wie Herkunft, Transportverlauf und sogar Details zum Stoff und Pflegehinweise liefern.<\/div>\n<\/li>\n<li>\n<div class=\"auto-hide-last-sibling-br paragraph_1252f paragraph-element\"><strong>Arbeitskleidung\/Feuerhemmende Kleidung<\/strong>: Unternehmen k\u00f6nnen RFID-Tags verwenden, um Spezialkleidungsst\u00fccke zu verfolgen und zu verwalten. Dies kann beispielsweise die Sicherstellung umfassen, dass feuerhemmende oder andere Schutzkleidung regelm\u00e4\u00dfig \u00fcberpr\u00fcft, ordnungsgem\u00e4\u00df gereinigt und bei Bedarf ersetzt wird.<\/div>\n<\/li>\n<li>\n<div class=\"auto-hide-last-sibling-br paragraph_1252f paragraph-element\"><strong>Schuhe und Masken<\/strong>: Besonders wichtig in Branchen wie dem Gesundheitswesen und dem Baugewerbe, in denen Sicherheit von entscheidender Bedeutung ist, kann die Nachverfolgung der Verwendung, Reinigung und Wartung von Artikeln wie Masken und Sicherheitsschuhen durch den Einsatz von RFID-Tags vereinfacht werden.<\/div>\n<\/li>\n<li>\n<div class=\"auto-hide-last-sibling-br paragraph_1252f paragraph-element\"><strong>Matten und Wischmopps<\/strong>: Unternehmen, die Reinigungsdienste anbieten oder gro\u00dfe Anlagen verwalten, k\u00f6nnen mit RFID-Tags auf Matten und Wischmopps die Nutzung und Wartung nachverfolgen und so jederzeit saubere und effektive Werkzeuge gew\u00e4hrleisten.<\/div>\n<\/li>\n<\/ol>","protected":false},"excerpt":{"rendered":"<h3 class=\"wp-block-heading\">Waschbarer UHF-RFID-W\u00e4scheanh\u00e4nger<\/h3>\n<p>1. Flexibel, d\u00fcnn, glatt und robust.<br \/>\n2. Gro\u00dfe Lesereichweite und Massenleseleistung.<br \/>\n3. Garantiert 200 Waschzyklen durch Sterilisation, Entw\u00e4sserung, Erhitzen des B\u00fcgeleisens unter einem Druck von 60 Bar und Erhitzen auf 200 \u00b0C.<br \/>\n4. Geeignet zum N\u00e4hen, Hei\u00dfsiegeln, Verpacken oder Aufh\u00e4ngen.<br \/>\n5. On-Demand-Service: Laserlogo mit EPC-Kodierung im RFID-Chip.<\/p>","protected":false},"featured_media":41,"template":"","meta":{"_kad_post_transparent":"default","_kad_post_title":"","_kad_post_layout":"default","_kad_post_sidebar_id":"","_kad_post_content_style":"default","_kad_post_vertical_padding":"default","_kad_post_feature":"","_kad_post_feature_position":"","_kad_post_header":false,"_kad_post_footer":false,"_kad_post_classname":""},"product_brand":[],"product_cat":[19,16],"product_tag":[25,23,26],"class_list":{"0":"post-40","1":"product","2":"type-product","3":"status-publish","4":"has-post-thumbnail","6":"product_cat-textile-rfid-laundry-tag","7":"product_cat-uhf-rfid-laundry-tags","8":"product_tag-rfid-laundrytags","9":"product_tag-rfid-linen-tags","10":"product_tag-washable-uhf-rfid-laundry-tag","12":"first","13":"instock","14":"shipping-taxable","15":"product-type-simple","16":"entry","17":"content-bg","18":"loop-entry"},"_links":{"self":[{"href":"https:\/\/rfid-laundry-tag.com\/de\/wp-json\/wp\/v2\/product\/40","targetHints":{"allow":["GET"]}}],"collection":[{"href":"https:\/\/rfid-laundry-tag.com\/de\/wp-json\/wp\/v2\/product"}],"about":[{"href":"https:\/\/rfid-laundry-tag.com\/de\/wp-json\/wp\/v2\/types\/product"}],"version-history":[{"count":1,"href":"https:\/\/rfid-laundry-tag.com\/de\/wp-json\/wp\/v2\/product\/40\/revisions"}],"predecessor-version":[{"id":1957,"href":"https:\/\/rfid-laundry-tag.com\/de\/wp-json\/wp\/v2\/product\/40\/revisions\/1957"}],"wp:featuredmedia":[{"embeddable":true,"href":"https:\/\/rfid-laundry-tag.com\/de\/wp-json\/wp\/v2\/media\/41"}],"wp:attachment":[{"href":"https:\/\/rfid-laundry-tag.com\/de\/wp-json\/wp\/v2\/media?parent=40"}],"wp:term":[{"taxonomy":"product_brand","embeddable":true,"href":"https:\/\/rfid-laundry-tag.com\/de\/wp-json\/wp\/v2\/product_brand?post=40"},{"taxonomy":"product_cat","embeddable":true,"href":"https:\/\/rfid-laundry-tag.com\/de\/wp-json\/wp\/v2\/product_cat?post=40"},{"taxonomy":"product_tag","embeddable":true,"href":"https:\/\/rfid-laundry-tag.com\/de\/wp-json\/wp\/v2\/product_tag?post=40"}],"curies":[{"name":"wp","href":"https:\/\/api.w.org\/{rel}","templated":true}]}}