{"id":37,"date":"2024-06-03T15:44:26","date_gmt":"2024-06-03T15:44:26","guid":{"rendered":"https:\/\/rfid-laundry-tag.com\/?post_type=product&#038;p=37"},"modified":"2024-09-27T17:21:11","modified_gmt":"2024-09-27T17:21:11","slug":"laundry-rfid-linen-tags","status":"publish","type":"product","link":"https:\/\/rfid-laundry-tag.com\/de\/laundry-rfid-linen-tags\/","title":{"rendered":"W\u00e4sche-RFID-W\u00e4scheetiketten"},"content":{"rendered":"<h2>W\u00e4sche-RFID-W\u00e4scheetiketten<\/h2>\n<p>Der RFID-W\u00e4scheanh\u00e4nger aus Textilmaterial mit den Abmessungen 70 x 15 mm und ausgestattet mit einem NXP U CODE 9-Chip ist ein optimiertes Werkzeug f\u00fcr die effiziente Verfolgung und Verwaltung von Textilien wie Bettw\u00e4sche, Uniformen, Handt\u00fcchern und mehr.<\/p>\n<div class=\"auto-hide-last-sibling-br paragraph_1252f paragraph-element\">Hauptmerkmale:<\/div>\n<ol class=\"auto-hide-last-sibling-br\">\n<li>\n<div class=\"auto-hide-last-sibling-br paragraph_1252f paragraph-element\"><strong>Material und Gr\u00f6\u00dfe<\/strong>: Dieser RFID-Tag besteht aus einem textilfreundlichen Material und misst 70 mm x 15 mm, eine Gr\u00f6\u00dfe, die sich ideal f\u00fcr die diskrete Kennzeichnung verschiedener Stoffarten eignet, ohne ihre \u00e4sthetischen oder taktilen Eigenschaften zu beeintr\u00e4chtigen.<\/div>\n<\/li>\n<li>\n<div class=\"auto-hide-last-sibling-br paragraph_1252f paragraph-element\"><strong>RFID-Chip<\/strong>: Der eingebettete NXP U CODE 9-Chip sorgt f\u00fcr hohe Leistung und zuverl\u00e4ssige Funktionalit\u00e4t. Dieser Mikrochip erm\u00f6glicht die Daten\u00fcbertragung \u00fcber gro\u00dfe Entfernungen und verf\u00fcgt \u00fcber eine umfangreiche Speicherkapazit\u00e4t zum Speichern von Artikelinformationen.<\/div>\n<\/li>\n<li>\n<div class=\"auto-hide-last-sibling-br paragraph_1252f paragraph-element\"><strong>Haltbarkeit<\/strong>: Trotz der weichen und flexiblen Textilkonstruktion ist dieser RFID-W\u00e4scheanh\u00e4nger so konzipiert, dass er intensiven Wasch-, B\u00fcgel- und Pressvorg\u00e4ngen standh\u00e4lt. Er h\u00e4lt Wasser, Hitze und Druck stand und beh\u00e4lt trotz wiederholter industrieller Waschzyklen seine Integrit\u00e4t und Funktion.<\/div>\n<\/li>\n<li>\n<div class=\"auto-hide-last-sibling-br paragraph_1252f paragraph-element\"><strong>Effizienz<\/strong>: Die NXP U CODE 9-Chiptechnologie erm\u00f6glicht schnelles und genaues Scannen des Tags, selbst bei Massenlesung. Dies f\u00fchrt zu einer schnellen Verarbeitung, verk\u00fcrzt die Betriebszeit und verbessert die Produktivit\u00e4t im Textilmanagement.<\/div>\n<\/li>\n<li>\n<div class=\"auto-hide-last-sibling-br paragraph_1252f paragraph-element\"><strong>Anwendung<\/strong>: Diese RFID-Tags werden in erster Linie in Textilien eingen\u00e4ht oder hei\u00dfversiegelt, bevor sie in Betrieb genommen werden. Nach dem Anbringen k\u00f6nnen die Tags dank ihrer drahtlosen Tracking-Funktion problemlos automatisierte Bestandsverwaltung, Prozesskontrolle und Verlustverh\u00fctung erm\u00f6glichen.<\/div>\n<\/li>\n<\/ol>\n<div class=\"auto-hide-last-sibling-br paragraph_1252f paragraph-element\">Warum R\u00fcckverfolgbarkeit in der Textilindustrie eine entscheidende Rolle spielt. Hier eine Zusammenfassung der wichtigsten Punkte:<\/div>\n<div><\/div>\n<ol class=\"auto-hide-last-sibling-br\">\n<li>\n<div class=\"auto-hide-last-sibling-br paragraph_1252f paragraph-element\">Qualit\u00e4tskontrolle: Die R\u00fcckverfolgbarkeit erm\u00f6glicht den Herstellern die \u00dcberwachung der Qualit\u00e4t ihrer Textilien auf jeder Produktionsebene und damit die fr\u00fchzeitige Erkennung und Behebung von Qualit\u00e4tsproblemen.<\/div>\n<\/li>\n<li>\n<div class=\"auto-hide-last-sibling-br paragraph_1252f paragraph-element\">Produktsicherheit: Durch die R\u00fcckverfolgbarkeit wird die Sicherheit von Textilien gew\u00e4hrleistet. Sie erm\u00f6glicht es Herstellern, Produkte im Falle von sch\u00e4dlichen Chemikalien oder M\u00e4ngeln schnell zu identifizieren und aus den Regalen zu nehmen.<\/div>\n<\/li>\n<li>\n<div class=\"auto-hide-last-sibling-br paragraph_1252f paragraph-element\">Einhaltung gesetzlicher Vorschriften: Durch die R\u00fcckverfolgbarkeit kann die Einhaltung strenger Textilvorschriften sichergestellt werden. Hersteller k\u00f6nnen dadurch rechtliche Auseinandersetzungen und Reputationssch\u00e4den vermeiden.<\/div>\n<\/li>\n<li>\n<div class=\"auto-hide-last-sibling-br paragraph_1252f paragraph-element\">Transparenz in der Lieferkette: Verbraucher verlangen heute Transparenz \u00fcber die Herkunft ihrer Produkte, den Herstellungsprozess und die Einhaltung ethischer und nachhaltiger Praktiken. Die R\u00fcckverfolgbarkeit erf\u00fcllt genau diese Forderung.<\/div>\n<\/li>\n<li>\n<div class=\"auto-hide-last-sibling-br paragraph_1252f paragraph-element\">Nachhaltigkeit und Umweltfreundlichkeit: Die Textilindustrie steht unter erheblichem Druck, nachhaltiger zu werden und Umweltsch\u00e4den zu begrenzen. Die R\u00fcckverfolgbarkeit hilft Herstellern, die Herkunft von Materialien nachzuverfolgen und die Umweltauswirkungen ihrer Produktionsprozesse zu bewerten. Dies kann dazu beitragen, Abfall zu minimieren und umweltfreundlichere Praktiken umzusetzen.<\/div>\n<\/li>\n<li>\n<div class=\"auto-hide-last-sibling-br paragraph_1252f paragraph-element\">F\u00e4lschungspr\u00e4vention: Die R\u00fcckverfolgbarkeit ist entscheidend f\u00fcr die Best\u00e4tigung der Produktechtheit, verhindert so F\u00e4lschungen und sch\u00fctzt den Ruf der Marke.<\/div>\n<\/li>\n<li>\n<div class=\"auto-hide-last-sibling-br paragraph_1252f paragraph-element\">Effizientes R\u00fcckrufmanagement: Durch die R\u00fcckverfolgbarkeit k\u00f6nnen Hersteller bei Produktr\u00fcckrufen aufgrund von Sicherheits- oder Qualit\u00e4tsbedenken betroffene Produkte und Verbraucher schnell identifizieren. Dadurch werden das Ausma\u00df und die Auswirkungen von Produktr\u00fcckrufen begrenzt.<\/div>\n<\/li>\n<li>\n<div class=\"auto-hide-last-sibling-br paragraph_1252f paragraph-element\">Kostensenkung: R\u00fcckverfolgbarkeitssysteme helfen dabei, Ineffizienzen im Produktionsprozess zu erkennen und so Kosten zu senken. Hersteller k\u00f6nnen damit Materialien und Prozesse verfolgen, Abl\u00e4ufe optimieren und Abfall reduzieren.<\/div>\n<\/li>\n<li>\n<div class=\"auto-hide-last-sibling-br paragraph_1252f paragraph-element\">Markenreputation: R\u00fcckverfolgbarkeit und Transparenz f\u00f6rdern das Verbrauchervertrauen, was das Image einer Marke erheblich verbessern kann.<\/div>\n<\/li>\n<li>\n<div class=\"auto-hide-last-sibling-br paragraph_1252f paragraph-element\">Risikomanagement: Durch die R\u00fcckverfolgbarkeit k\u00f6nnen Risiken im Zusammenhang mit Lieferkettenunterbrechungen, Qualit\u00e4tsproblemen oder Produktr\u00fcckrufen vorausschauend gemanagt werden. So werden im Krisenfall m\u00f6gliche finanzielle Sch\u00e4den und Reputationssch\u00e4den verringert.<\/div>\n<\/li>\n<\/ol>\n<div class=\"auto-hide-last-sibling-br paragraph_1252f paragraph-element\">Offensichtlich bietet die R\u00fcckverfolgbarkeit in der Textilindustrie enorme Vorteile. Sie steigert nicht nur die Betriebseffizienz, sondern erf\u00fcllt auch die Erwartungen der Verbraucher in Bezug auf Sicherheit, Qualit\u00e4t und ethische Beschaffung.<\/div>","protected":false},"excerpt":{"rendered":"<p>Langlebige RFID-W\u00e4scheetiketten: flexibel, robust, mit gro\u00dfer Lesereichweite. Garantiert 200 W\u00e4schen, zum Aufn\u00e4hen, Hei\u00dfsiegeln oder Aufh\u00e4ngen geeignet. Ideal f\u00fcr den Einsatz in der W\u00e4scherei.<\/p>","protected":false},"featured_media":39,"template":"","meta":{"_kad_post_transparent":"default","_kad_post_title":"","_kad_post_layout":"default","_kad_post_sidebar_id":"","_kad_post_content_style":"default","_kad_post_vertical_padding":"default","_kad_post_feature":"","_kad_post_feature_position":"","_kad_post_header":false,"_kad_post_footer":false,"_kad_post_classname":""},"product_brand":[],"product_cat":[19,16],"product_tag":[22,24,25,23],"class_list":{"0":"post-37","1":"product","2":"type-product","3":"status-publish","4":"has-post-thumbnail","6":"product_cat-textile-rfid-laundry-tag","7":"product_cat-uhf-rfid-laundry-tags","8":"product_tag-laundry-rfid-linen-tags","9":"product_tag-laundry-rfid-tags","10":"product_tag-rfid-laundrytags","11":"product_tag-rfid-linen-tags","13":"first","14":"instock","15":"shipping-taxable","16":"product-type-simple","17":"entry","18":"content-bg","19":"loop-entry"},"_links":{"self":[{"href":"https:\/\/rfid-laundry-tag.com\/de\/wp-json\/wp\/v2\/product\/37","targetHints":{"allow":["GET"]}}],"collection":[{"href":"https:\/\/rfid-laundry-tag.com\/de\/wp-json\/wp\/v2\/product"}],"about":[{"href":"https:\/\/rfid-laundry-tag.com\/de\/wp-json\/wp\/v2\/types\/product"}],"version-history":[{"count":3,"href":"https:\/\/rfid-laundry-tag.com\/de\/wp-json\/wp\/v2\/product\/37\/revisions"}],"predecessor-version":[{"id":2713,"href":"https:\/\/rfid-laundry-tag.com\/de\/wp-json\/wp\/v2\/product\/37\/revisions\/2713"}],"wp:featuredmedia":[{"embeddable":true,"href":"https:\/\/rfid-laundry-tag.com\/de\/wp-json\/wp\/v2\/media\/39"}],"wp:attachment":[{"href":"https:\/\/rfid-laundry-tag.com\/de\/wp-json\/wp\/v2\/media?parent=37"}],"wp:term":[{"taxonomy":"product_brand","embeddable":true,"href":"https:\/\/rfid-laundry-tag.com\/de\/wp-json\/wp\/v2\/product_brand?post=37"},{"taxonomy":"product_cat","embeddable":true,"href":"https:\/\/rfid-laundry-tag.com\/de\/wp-json\/wp\/v2\/product_cat?post=37"},{"taxonomy":"product_tag","embeddable":true,"href":"https:\/\/rfid-laundry-tag.com\/de\/wp-json\/wp\/v2\/product_tag?post=37"}],"curies":[{"name":"wp","href":"https:\/\/api.w.org\/{rel}","templated":true}]}}