{"id":356,"date":"2024-06-28T11:08:54","date_gmt":"2024-06-28T11:08:54","guid":{"rendered":"https:\/\/rfid-laundry-tag.com\/?post_type=product&#038;p=356"},"modified":"2024-08-14T15:55:26","modified_gmt":"2024-08-14T15:55:26","slug":"rfid-windshield-sticker-for-vehicle-tracking","status":"publish","type":"product","link":"https:\/\/rfid-laundry-tag.com\/de\/rfid-windshield-sticker-for-vehicle-tracking\/","title":{"rendered":"RFID-Windschutzscheibenaufkleber zur Fahrzeugverfolgung"},"content":{"rendered":"<h2>RFID-Windschutzscheibenaufkleber zur Fahrzeugverfolgung<\/h2>\n<div class=\"J_module\">\n<div class=\"ife-detail-decorate-table\">\n<table class=\"all magic-10\">\n<tbody>\n<tr>\n<td colspan=\"1\" rowspan=\"1\">\n<div class=\"magic-11\">Chip<\/div>\n<\/td>\n<td colspan=\"1\" rowspan=\"1\">\n<div class=\"magic-12\">Alien H9, H10, U9 usw.<\/div>\n<\/td>\n<\/tr>\n<tr>\n<td colspan=\"1\" rowspan=\"1\">\n<div class=\"magic-11\">Frequenz<\/div>\n<\/td>\n<td colspan=\"1\" rowspan=\"1\">\n<div class=\"magic-12\">860\uff5e960MHz<\/div>\n<\/td>\n<\/tr>\n<tr>\n<td colspan=\"1\" rowspan=\"1\">\n<div class=\"magic-11\">Material<\/div>\n<\/td>\n<td colspan=\"1\" rowspan=\"1\">\n<div class=\"magic-12\">Beschichtetes Papier\/PET\/Synthetisches Papier\/Thermopapier\/Anpassung<\/div>\n<\/td>\n<\/tr>\n<tr>\n<td colspan=\"1\" rowspan=\"1\">\n<div class=\"magic-11\">Arbeitsweise<\/div>\n<\/td>\n<td colspan=\"1\" rowspan=\"1\">\n<div class=\"magic-12\">Passiv<\/div>\n<\/td>\n<\/tr>\n<tr>\n<td colspan=\"1\" rowspan=\"1\">\n<div class=\"magic-11\">IC Leben<\/div>\n<\/td>\n<td colspan=\"1\" rowspan=\"1\">\n<div class=\"magic-12\">100.000 Programmierzyklen, 10 Jahre Datenerhaltung<\/div>\n<\/td>\n<\/tr>\n<tr>\n<td colspan=\"1\" rowspan=\"1\">\n<div class=\"magic-11\">Betriebstemperatur\/Luftfeuchtigkeit<\/div>\n<\/td>\n<td colspan=\"1\" rowspan=\"1\">\n<div class=\"magic-12\">-25 bis 50 \u00b0C\/201 TP3T bis 801 TP3T relative Luftfeuchtigkeit<\/div>\n<\/td>\n<\/tr>\n<tr>\n<td colspan=\"1\" rowspan=\"1\">\n<div class=\"magic-11\">Lagertemperatur\/Luftfeuchtigkeit<\/div>\n<\/td>\n<td colspan=\"1\" rowspan=\"1\">\n<div class=\"magic-12\">+23 \u00b0C \u00b1 5 \u00b0C\/50% \u00b1 10% RH (ohne Kondensation).<\/div>\n<\/td>\n<\/tr>\n<tr>\n<td colspan=\"1\" rowspan=\"1\">\n<div class=\"magic-11\">Antenne<\/div>\n<\/td>\n<td colspan=\"1\" rowspan=\"1\">\n<div class=\"magic-12\">Aluminium-\u00c4tzung, 94,8 x 8,1 mm<\/div>\n<\/td>\n<\/tr>\n<tr>\n<td colspan=\"1\" rowspan=\"1\">\n<div class=\"magic-11\">Nasseinlage\/Etikettengr\u00f6\u00dfe<\/div>\n<\/td>\n<td colspan=\"1\" rowspan=\"1\">\n<div class=\"magic-12\">98*15mm oder Anpassung<\/div>\n<\/td>\n<\/tr>\n<tr>\n<td colspan=\"1\" rowspan=\"1\">\n<div class=\"magic-11\">Drucken<\/div>\n<\/td>\n<td colspan=\"1\" rowspan=\"1\">\n<div class=\"magic-12\">Vollfarbdruck, Logo, Barcode, QR-Code usw.<\/div>\n<\/td>\n<\/tr>\n<tr>\n<td colspan=\"1\" rowspan=\"1\">\n<div class=\"magic-11\">Probe<\/div>\n<\/td>\n<td colspan=\"1\" rowspan=\"1\">\n<div class=\"magic-12\">Eine Probe ist f\u00fcr Ihren Qualit\u00e4tstest kostenlos<\/div>\n<\/td>\n<\/tr>\n<tr>\n<td colspan=\"1\" rowspan=\"1\">\n<div class=\"magic-11\">Protokoll<\/div>\n<\/td>\n<td colspan=\"1\" rowspan=\"1\">\n<div class=\"magic-12\">ISO\/IEC 18000-6C EPC Klasse 1 Gen2<\/div>\n<\/td>\n<\/tr>\n<tr>\n<td colspan=\"1\" rowspan=\"1\">\n<div class=\"magic-11\">Verpackung<\/div>\n<\/td>\n<td colspan=\"1\" rowspan=\"1\">\n<div class=\"magic-12\">1000-5000 St\u00fcck\/Rolle, 4 Rollen\/Karton<\/div>\n<\/td>\n<\/tr>\n<tr>\n<td colspan=\"1\" rowspan=\"1\">\n<div class=\"magic-11\">Herkunftsort<\/div>\n<\/td>\n<td colspan=\"1\" rowspan=\"1\">\n<div class=\"magic-12\">Chengdu, China<\/div>\n<\/td>\n<\/tr>\n<tr>\n<td colspan=\"1\" rowspan=\"4\">\n<div class=\"magic-11\">Anwendung\/L\u00f6sung<\/div>\n<\/td>\n<td colspan=\"1\" rowspan=\"1\">\n<div class=\"magic-12\">Sichere Zutrittskontrolle\/Bargeldloses Bezahlen Mitgliedschafts- und Treueprogramme<\/div>\n<\/td>\n<\/tr>\n<tr>\n<td colspan=\"1\" rowspan=\"1\">\n<div class=\"magic-12\" data-spm-anchor-id=\"a2700.details.0.i80.59c943e8HVzkHD\">Eventzugang und Branding\/Social Media\/Einzelhandel<\/div>\n<\/td>\n<\/tr>\n<tr>\n<td colspan=\"1\" rowspan=\"1\">\n<div class=\"magic-12\">Umwelt\/Spiele &amp; Spielzeug Standort\/Elektronik\/Messen<\/div>\n<\/td>\n<\/tr>\n<tr>\n<td colspan=\"1\" rowspan=\"1\">\n<div class=\"magic-12\">Events\/Anrufanfrage\/Visitenkarten<\/div>\n<\/td>\n<\/tr>\n<\/tbody>\n<\/table>\n<p>&nbsp;<\/p>\n<\/div>\n<\/div>\n<div class=\"J_module\">\n<div class=\"auto-hide-last-sibling-br paragraph_9dc5f paragraph-element\">\n<p><strong>Zu den Anwendungsgebieten von RFID-Windschutzscheibenaufklebern geh\u00f6ren:<\/strong><\/p>\n<ol>\n<li><strong>Fahrzeugzugangskontrolle<\/strong>: RFID-Windschutzscheibenaufkleber k\u00f6nnen f\u00fcr die automatisierte Ein- und Ausfahrt auf Parkpl\u00e4tzen, in geschlossenen Wohnanlagen, an Mautstellen und anderen Bereichen mit kontrolliertem Zugang verwendet werden.<\/li>\n<li><strong>Fahrzeugverfolgung<\/strong>: RFID-Windschutzscheibenaufkleber k\u00f6nnen zur Verfolgung und Verwaltung von Fahrzeugen innerhalb einer Einrichtung verwendet werden, beispielsweise bei Autovermietungen oder Parkh\u00e4usern.<\/li>\n<li><strong>Elektronische Mauterhebung<\/strong>: RFID-Windschutzscheibenaufkleber k\u00f6nnen f\u00fcr elektronische Mautsysteme verwendet werden und erm\u00f6glichen es Fahrzeugen, Mautstellen schnell und effizient zu passieren, ohne anhalten und bar bezahlen zu m\u00fcssen.<\/li>\n<li><strong>Flottenmanagement<\/strong>: RFID-Windschutzscheibenaufkleber k\u00f6nnen zur Verfolgung und Verwaltung von Fahrzeugflotten verwendet werden, sodass Unternehmen ihre Abl\u00e4ufe \u00fcberwachen und optimieren k\u00f6nnen.<\/li>\n<li><strong>Parkraumbewirtschaftung<\/strong>: RFID-Windschutzscheibenaufkleber k\u00f6nnen zum Verfolgen und Verwalten von Parkpl\u00e4tzen auf Parkpl\u00e4tzen oder in Parkh\u00e4usern verwendet werden und liefern Echtzeitinformationen zu verf\u00fcgbaren Parkpl\u00e4tzen.<\/li>\n<li><strong>Fahrzeugidentifikation<\/strong>: RFID-Windschutzscheibenaufkleber k\u00f6nnen zur Fahrzeugidentifizierung bei Veranstaltungen, Rennen oder anderen Situationen verwendet werden, in denen eine schnelle und genaue Identifizierung erforderlich ist.<\/li>\n<\/ol>\n<p>Insgesamt bieten RFID-Windschutzscheibenaufkleber eine praktische und effiziente M\u00f6glichkeit zur Verfolgung und Verwaltung von Fahrzeugen in zahlreichen Anwendungsbereichen und sorgen f\u00fcr mehr Sicherheit, Komfort und Automatisierung bei fahrzeugbezogenen Prozessen.<\/p>\n<\/div>\n<div><\/div>\n<div class=\"auto-hide-last-sibling-br paragraph_9dc5f paragraph-element\"><\/div>\n<div><\/div>\n<\/div>\n<div><\/div>\n<div><strong>Warum uns w\u00e4hlen?<\/strong><\/div>\n<div><\/div>\n<div>Wir sind der f\u00fchrende Anbieter von RFID-Technologie mit \u00fcber 11 Jahren Erfahrung und bringen mit branchenf\u00fchrenden Produkten, L\u00f6sungen und Technologien fortschrittliche Effizienz, Zuverl\u00e4ssigkeit und Genauigkeit in die globalen Lieferketten unserer Kunden. Als Hersteller auf globaler Ebene bieten wir unseren Kunden eine Plattform mit grundlegenden Technologien, darunter Zugangskontrolle, Tierkennzeichnung, Near Field Communication (NFC), verschiedene RFID-Leseger\u00e4te und -L\u00f6sungen. Unsere L\u00f6sungen bieten hochkonfigurierbare Anwendungsframeworks und elegante Benutzeroberfl\u00e4chen mit fortschrittlicher Analyse, die durchg\u00e4ngige Business Intelligence und Datentransparenz in mehreren Branchen erm\u00f6glichen.<\/div>","protected":false},"excerpt":{"rendered":"<p>RFID-Windschutzscheibenaufkleber sind RFID-Tags, die f\u00fcr die Anbringung an der Windschutzscheibe eines Fahrzeugs zu verschiedenen Verfolgungs- und Identifikationszwecken vorgesehen sind.<\/p>","protected":false},"featured_media":357,"template":"","meta":{"_kad_post_transparent":"default","_kad_post_title":"","_kad_post_layout":"default","_kad_post_sidebar_id":"","_kad_post_content_style":"default","_kad_post_vertical_padding":"default","_kad_post_feature":"","_kad_post_feature_position":"","_kad_post_header":false,"_kad_post_footer":false,"_kad_post_classname":""},"product_brand":[],"product_cat":[54],"product_tag":[157,98],"class_list":{"0":"post-356","1":"product","2":"type-product","3":"status-publish","4":"has-post-thumbnail","6":"product_cat-hot-selling-rfid-tags","7":"product_tag-rfid-windshield-sticker-for-vehicle-tracking","8":"product_tag-uhf-rfid-label","10":"first","11":"instock","12":"shipping-taxable","13":"product-type-simple","14":"entry","15":"content-bg","16":"loop-entry"},"_links":{"self":[{"href":"https:\/\/rfid-laundry-tag.com\/de\/wp-json\/wp\/v2\/product\/356","targetHints":{"allow":["GET"]}}],"collection":[{"href":"https:\/\/rfid-laundry-tag.com\/de\/wp-json\/wp\/v2\/product"}],"about":[{"href":"https:\/\/rfid-laundry-tag.com\/de\/wp-json\/wp\/v2\/types\/product"}],"version-history":[{"count":1,"href":"https:\/\/rfid-laundry-tag.com\/de\/wp-json\/wp\/v2\/product\/356\/revisions"}],"predecessor-version":[{"id":1306,"href":"https:\/\/rfid-laundry-tag.com\/de\/wp-json\/wp\/v2\/product\/356\/revisions\/1306"}],"wp:featuredmedia":[{"embeddable":true,"href":"https:\/\/rfid-laundry-tag.com\/de\/wp-json\/wp\/v2\/media\/357"}],"wp:attachment":[{"href":"https:\/\/rfid-laundry-tag.com\/de\/wp-json\/wp\/v2\/media?parent=356"}],"wp:term":[{"taxonomy":"product_brand","embeddable":true,"href":"https:\/\/rfid-laundry-tag.com\/de\/wp-json\/wp\/v2\/product_brand?post=356"},{"taxonomy":"product_cat","embeddable":true,"href":"https:\/\/rfid-laundry-tag.com\/de\/wp-json\/wp\/v2\/product_cat?post=356"},{"taxonomy":"product_tag","embeddable":true,"href":"https:\/\/rfid-laundry-tag.com\/de\/wp-json\/wp\/v2\/product_tag?post=356"}],"curies":[{"name":"wp","href":"https:\/\/api.w.org\/{rel}","templated":true}]}}