{"id":352,"date":"2024-06-28T10:26:38","date_gmt":"2024-06-28T10:26:38","guid":{"rendered":"https:\/\/rfid-laundry-tag.com\/?post_type=product&#038;p=352"},"modified":"2024-06-28T10:52:24","modified_gmt":"2024-06-28T10:52:24","slug":"custom-paper-nfc-sticker-ntag213","status":"publish","type":"product","link":"https:\/\/rfid-laundry-tag.com\/de\/custom-paper-nfc-sticker-ntag213\/","title":{"rendered":"Benutzerdefinierter NFC-Papieraufkleber Ntag213"},"content":{"rendered":"<div>\n<div><strong>NFC-Sticker mit NXP NTAG213<\/strong> Chips werden h\u00e4ufig f\u00fcr verschiedene Anwendungen wie Marketing, Zugangskontrolle und Produktauthentifizierung verwendet. Durch die anpassbaren Optionen f\u00fcr Oberfl\u00e4che, Form, Gr\u00f6\u00dfe und Druck sind sie vielseitig f\u00fcr unterschiedliche Anforderungen geeignet.<\/div>\n<\/div>\n<div>Der Chip und die Antenne sind nach oben gerichtet und unter einer Schicht aus wei\u00dfem Papier oder wasserfestem Kunststoff angebracht, was f\u00fcr zus\u00e4tzliche Haltbarkeit und Widerstandsf\u00e4higkeit gegen kurzzeitigen Kontakt mit Wasser sorgt. Der NFC-Aufkleber verf\u00fcgt auf der R\u00fcckseite \u00fcber eine Klebeschicht zur Befestigung auf flachen, nicht metallischen Oberfl\u00e4chen.<\/div>\n<div>\n<div><\/div>\n<div><\/div>\n<div class=\"auto-hide-last-sibling-br paragraph_9dc5f paragraph-element\">Der NTAG213-Chip bietet eine Reihe von Vorteilen, wie zum Beispiel:<\/div>\n<ul class=\"auto-hide-last-sibling-br\">\n<li>Kontaktlose Energie- und Daten\u00fcbertragung<\/li>\n<li>Schnelle Lesef\u00e4higkeit<\/li>\n<li>Verbesserte HF-Leistung<\/li>\n<li>Sicherheitsfunktionen, einschlie\u00dflich Passwortschutz und Antikollisionsfunktionen<\/li>\n<li>Volle \u00dcbereinstimmung mit den Spezifikationen des NFC Forum Tag Typ 2<\/li>\n<\/ul>\n<\/div>\n<div>\n<table class=\"all magic-9\">\n<tbody>\n<tr>\n<td colspan=\"1\" rowspan=\"1\">\n<div class=\"magic-10\">Material<\/div>\n<\/td>\n<td colspan=\"1\" rowspan=\"1\">\n<div class=\"magic-11\" data-spm-anchor-id=\"a2700.details.0.i85.504d267eS1Hb6u\">PET, PVC, beschichtetes Papier usw.<\/div>\n<\/td>\n<\/tr>\n<tr>\n<td colspan=\"1\" rowspan=\"1\">\n<div class=\"magic-10\">Chip<\/div>\n<\/td>\n<td colspan=\"1\" rowspan=\"1\">\n<div class=\"magic-11\">Ntag213\/Ntag215\/Ntag216 usw.<\/div>\n<\/td>\n<\/tr>\n<tr>\n<td colspan=\"1\" rowspan=\"1\">\n<div class=\"magic-10\">Frequenz<\/div>\n<\/td>\n<td colspan=\"1\" rowspan=\"1\">\n<div class=\"magic-11\">13,56 MHz<\/div>\n<\/td>\n<\/tr>\n<tr>\n<td colspan=\"1\" rowspan=\"1\">\n<div class=\"magic-10\">Protokoll<\/div>\n<\/td>\n<td colspan=\"1\" rowspan=\"1\">\n<div class=\"magic-11\">ISO 14443A<\/div>\n<\/td>\n<\/tr>\n<tr>\n<td colspan=\"1\" rowspan=\"1\">\n<div class=\"magic-10\">Gr\u00f6\u00dfe<\/div>\n<\/td>\n<td colspan=\"1\" rowspan=\"1\">\n<div class=\"magic-11\">Durchmesser 25, 30, 35mm oder Sondergr\u00f6\u00dfe<\/div>\n<\/td>\n<\/tr>\n<tr>\n<td colspan=\"1\" rowspan=\"1\">\n<div class=\"magic-10\">Besonderheit<\/div>\n<\/td>\n<td colspan=\"1\" rowspan=\"1\">\n<div class=\"magic-11\">Wasserfest, strapazierf\u00e4hig, individueller Druck<\/div>\n<\/td>\n<\/tr>\n<tr>\n<td colspan=\"1\" rowspan=\"1\">\n<div class=\"magic-10\">Probe<\/div>\n<\/td>\n<td colspan=\"1\" rowspan=\"1\">\n<div class=\"magic-11\">frei verf\u00fcgbar<\/div>\n<\/td>\n<\/tr>\n<tr>\n<td colspan=\"1\" rowspan=\"1\">\n<div class=\"magic-10\">Leseabstand<\/div>\n<\/td>\n<td colspan=\"1\" rowspan=\"1\">\n<div class=\"magic-11\" data-spm-anchor-id=\"a2700.details.0.i84.504d267eS1Hb6u\">0-10 cm<\/div>\n<\/td>\n<\/tr>\n<\/tbody>\n<\/table>\n<\/div>\n<div><\/div>\n<div>\n<p>einige h\u00e4ufig gestellte Fragen zu benutzerdefinierten NFC-Papieraufklebern mit Ntag213-Technologie:<\/p>\n<ol>\n<li>Was ist ein NFC-Sticker?\n<ul>\n<li>Ein NFC-Sticker ist ein kleines Klebeetikett, in das ein NFC-Chip (Near Field Communication) wie der NXP NTAG213 eingebettet ist. Diese Sticker k\u00f6nnen von NFC-f\u00e4higen Ger\u00e4ten gescannt werden, um verschiedene Aktionen auszul\u00f6sen oder Informationen zu \u00fcbertragen.<\/li>\n<\/ul>\n<\/li>\n<li>Wie k\u00f6nnen benutzerdefinierte NFC-Aufkleber aus Papier verwendet werden?\n<ul>\n<li>Benutzerdefinierte NFC-Aufkleber aus Papier k\u00f6nnen f\u00fcr eine Vielzahl von Zwecken verwendet werden, einschlie\u00dflich Tracking-Management, Zugangskontrolle in Einrichtungen wie Fabriken, Lagerh\u00e4usern, Hotels, Krankenh\u00e4usern und Freizeitparks, Einzelhandelsanwendungen, Werbung, Produktauthentifizierung und E-Ticketing.<\/li>\n<\/ul>\n<\/li>\n<li>Welche Personalisierungsoptionen gibt es f\u00fcr NFC-Sticker aus Papier?\n<ul>\n<li>Individuelle NFC-Aufkleber aus Papier k\u00f6nnen wahlweise mit gl\u00e4nzender oder matter Oberfl\u00e4che und in verschiedenen Formen und Gr\u00f6\u00dfen gedruckt werden. Sie k\u00f6nnen Logos, Buchstaben, Zahlen und Barcodes in den Farben CMYK und Schwarz enthalten. Dar\u00fcber hinaus erm\u00f6glicht eine Klebeschicht auf der R\u00fcckseite eine einfache Anbringung auf flachen, nicht metallischen Oberfl\u00e4chen.<\/li>\n<\/ul>\n<\/li>\n<li>Sind NFC-Aufkleber aus Papier haltbar?\n<ul>\n<li>NFC-Papieraufkleber mit Ntag213-Chips sind mit einer Schutzschicht versehen, die den NFC-Chip und die Antenne bedeckt und so f\u00fcr zus\u00e4tzliche Haltbarkeit und Widerstandsf\u00e4higkeit gegen kurze Wassereinwirkung sorgt. F\u00fcr eine l\u00e4ngere Haltbarkeit sind auch wasserdichte Kunststoffoptionen erh\u00e4ltlich.<\/li>\n<\/ul>\n<\/li>\n<li>Welchen Vorteil bietet die Verwendung der NFC-Technologie in Aufklebern?\n<ul>\n<li>Der Einsatz der NFC-Technologie in Aufklebern erm\u00f6glicht eine bequeme und kontaktlose Interaktion mit NFC-f\u00e4higen Ger\u00e4ten. Dies erm\u00f6glicht einen schnellen und einfachen Informationsaustausch, eine Authentifizierung oder das Ausl\u00f6sen von Aktionen, ohne dass ein physischer Kontakt zwischen den Ger\u00e4ten erforderlich ist.<\/li>\n<\/ul>\n<\/li>\n<\/ol>\n<\/div>\n<div class=\"text-content\">\n<div data-spm-anchor-id=\"a2700.details.0.i46.6f4d7d7dnursE7\"><\/div>\n<\/div>\n<div>\n<div class=\"text-content\">\n<div><\/div>\n<div data-spm-anchor-id=\"a2700.details.0.i48.6f4d7d7dnursE7\"><\/div>\n<\/div>\n<\/div>","protected":false},"excerpt":{"rendered":"<p><strong>Benutzerdefinierter NFC-Papieraufkleber Ntag213<\/strong> ist ein spezieller IC-Typ, der mit dem NFC Forum Type 2 Tag kompatibel ist und \u00fcber 144 Byte Benutzerspeicher verf\u00fcgt. Er ist vielseitig einsetzbar und eignet sich f\u00fcr verschiedene Anwendungen in Branchen wie Einzelhandel, Gaming und Unterhaltungselektronik.<\/p>","protected":false},"featured_media":353,"template":"","meta":{"_kad_post_transparent":"default","_kad_post_title":"","_kad_post_layout":"default","_kad_post_sidebar_id":"","_kad_post_content_style":"default","_kad_post_vertical_padding":"default","_kad_post_feature":"","_kad_post_feature_position":"","_kad_post_header":false,"_kad_post_footer":false,"_kad_post_classname":""},"product_brand":[],"product_cat":[54],"product_tag":[153,154],"class_list":{"0":"post-352","1":"product","2":"type-product","3":"status-publish","4":"has-post-thumbnail","6":"product_cat-hot-selling-rfid-tags","7":"product_tag-custom-paper-nfc-sticker-ntag213","8":"product_tag-nfc-sticker-ntag213","10":"first","11":"instock","12":"shipping-taxable","13":"product-type-simple","14":"entry","15":"content-bg","16":"loop-entry"},"_links":{"self":[{"href":"https:\/\/rfid-laundry-tag.com\/de\/wp-json\/wp\/v2\/product\/352","targetHints":{"allow":["GET"]}}],"collection":[{"href":"https:\/\/rfid-laundry-tag.com\/de\/wp-json\/wp\/v2\/product"}],"about":[{"href":"https:\/\/rfid-laundry-tag.com\/de\/wp-json\/wp\/v2\/types\/product"}],"version-history":[{"count":0,"href":"https:\/\/rfid-laundry-tag.com\/de\/wp-json\/wp\/v2\/product\/352\/revisions"}],"wp:featuredmedia":[{"embeddable":true,"href":"https:\/\/rfid-laundry-tag.com\/de\/wp-json\/wp\/v2\/media\/353"}],"wp:attachment":[{"href":"https:\/\/rfid-laundry-tag.com\/de\/wp-json\/wp\/v2\/media?parent=352"}],"wp:term":[{"taxonomy":"product_brand","embeddable":true,"href":"https:\/\/rfid-laundry-tag.com\/de\/wp-json\/wp\/v2\/product_brand?post=352"},{"taxonomy":"product_cat","embeddable":true,"href":"https:\/\/rfid-laundry-tag.com\/de\/wp-json\/wp\/v2\/product_cat?post=352"},{"taxonomy":"product_tag","embeddable":true,"href":"https:\/\/rfid-laundry-tag.com\/de\/wp-json\/wp\/v2\/product_tag?post=352"}],"curies":[{"name":"wp","href":"https:\/\/api.w.org\/{rel}","templated":true}]}}