{"id":350,"date":"2024-06-28T10:12:21","date_gmt":"2024-06-28T10:12:21","guid":{"rendered":"https:\/\/rfid-laundry-tag.com\/?post_type=product&#038;p=350"},"modified":"2024-06-28T10:24:29","modified_gmt":"2024-06-28T10:24:29","slug":"anti-metal-nfc-label-nxp-mifare-1k","status":"publish","type":"product","link":"https:\/\/rfid-laundry-tag.com\/de\/anti-metal-nfc-label-nxp-mifare-1k\/","title":{"rendered":"Anti-Metall-NFC-Label NXP Mifare 1k"},"content":{"rendered":"<h2>Anti-Metall-NFC-Label NXP Mifare 1k<\/h2>\n<table class=\"hight-light-first-column all magic-11\">\n<tbody>\n<tr>\n<td colspan=\"1\" rowspan=\"1\">\n<div class=\"magic-12\" data-spm-anchor-id=\"a2700.details.0.i57.12287cd6Tl6d8d\">Gr\u00f6\u00dfe<\/div>\n<\/td>\n<td colspan=\"4\" rowspan=\"1\">\n<div class=\"magic-13\">Durchmesser 25 mm, Durchmesser 30 mm usw.<\/div>\n<\/td>\n<\/tr>\n<tr>\n<td colspan=\"1\" rowspan=\"1\">\n<div class=\"magic-12\">Farbe<\/div>\n<\/td>\n<td colspan=\"4\" rowspan=\"1\">\n<div class=\"magic-16\">Schwarz, Wei\u00df, Gelb, Rot oder benutzerdefiniert<\/div>\n<\/td>\n<\/tr>\n<tr>\n<td colspan=\"1\" rowspan=\"1\">\n<div class=\"magic-12\">Chip<\/div>\n<\/td>\n<td colspan=\"4\" rowspan=\"1\">\n<div class=\"magic-13\">NTAG213, NTAG215, NTAG216<\/div>\n<\/td>\n<\/tr>\n<tr>\n<td colspan=\"1\" rowspan=\"1\">\n<div class=\"magic-12\">Frequenz<\/div>\n<\/td>\n<td colspan=\"4\" rowspan=\"1\">\n<div class=\"magic-13\">13,56 MHz<\/div>\n<\/td>\n<\/tr>\n<tr>\n<td colspan=\"1\" rowspan=\"1\">\n<div class=\"magic-12\">Protokoll<\/div>\n<\/td>\n<td colspan=\"4\" rowspan=\"1\">\n<div class=\"magic-13\">ISO14443A, NFC-Forum Typ 2<\/div>\n<\/td>\n<\/tr>\n<tr>\n<td colspan=\"1\" rowspan=\"1\">\n<div class=\"magic-12\">Material<\/div>\n<\/td>\n<td colspan=\"4\" rowspan=\"1\">\n<div class=\"magic-13\">ABS<\/div>\n<\/td>\n<\/tr>\n<tr>\n<td colspan=\"1\" rowspan=\"1\">\n<div class=\"magic-12\">Betriebstemperatur<\/div>\n<\/td>\n<td colspan=\"4\" rowspan=\"1\">\n<div class=\"magic-13\">-20 bis 85 Grad C<\/div>\n<\/td>\n<\/tr>\n<tr>\n<td colspan=\"1\" rowspan=\"1\">\n<div class=\"magic-12\">Anwendung<\/div>\n<\/td>\n<td colspan=\"4\" rowspan=\"1\">\n<div class=\"magic-16\">W\u00e4schekette, aggressive Chemikalien, Zahlungsger\u00e4t, Einsatz im Freien, Chemie, Industrie, Logistik, Streifendienst, Mitgliedschaft, Versandbeh\u00e4lter, Paletten usw.<\/div>\n<\/td>\n<\/tr>\n<tr>\n<td colspan=\"1\" rowspan=\"1\">\n<div class=\"magic-12\">Wasserdichtigkeit<\/div>\n<\/td>\n<td colspan=\"4\" rowspan=\"1\">\n<div class=\"magic-16\">IP67<\/div>\n<\/td>\n<\/tr>\n<tr>\n<td colspan=\"1\" rowspan=\"1\">\n<div class=\"magic-12\">Lesebereich<\/div>\n<\/td>\n<td colspan=\"4\" rowspan=\"1\">\n<div class=\"magic-16\">5-10cm, abh\u00e4ngig vom Leseger\u00e4t<\/div>\n<\/td>\n<\/tr>\n<tr>\n<td colspan=\"1\" rowspan=\"1\">\n<div class=\"magic-12\">Handwerk<\/div>\n<\/td>\n<td colspan=\"4\" rowspan=\"1\">\n<div class=\"magic-16\">Lasergravierte Seriennummer, Barcode usw.<\/div>\n<\/td>\n<\/tr>\n<tr>\n<td colspan=\"1\" rowspan=\"1\">\n<div class=\"magic-12\">Montage<\/div>\n<\/td>\n<td colspan=\"4\" rowspan=\"1\">\n<div class=\"magic-16\">Durch Kleben, Schrauben oder Nieten<\/div>\n<\/td>\n<\/tr>\n<\/tbody>\n<\/table>\n<p>&nbsp;<\/p>\n<div class=\"auto-hide-last-sibling-br paragraph_9dc5f paragraph-element\">Aufgrund ihrer Flexibilit\u00e4t und der F\u00e4higkeit, auf Metalloberfl\u00e4chen zu funktionieren, haben Anti-Metall-NFC-Etiketten NXP Mifare 1k ein breites Anwendungsspektrum in verschiedenen Bereichen. So werden sie in verschiedenen Sektoren eingesetzt:<\/div>\n<div><\/div>\n<ul class=\"auto-hide-last-sibling-br\">\n<li>\n<div class=\"auto-hide-last-sibling-br paragraph_9dc5f paragraph-element\"><strong>Logistikmanagement<\/strong>: Diese Aufkleber erm\u00f6glichen eine effiziente Verfolgung und Echtzeitortung von Waren w\u00e4hrend des Transports. Sie verbessern die Effizienz der Lieferkette und vereinfachen das Logistikmanagement, indem sie eine kontinuierliche Sichtbarkeit der Sendungen bieten.<\/div>\n<\/li>\n<li>\n<div class=\"auto-hide-last-sibling-br paragraph_9dc5f paragraph-element\"><strong>Verm\u00f6gensverwaltung<\/strong>: Sie spielen eine wesentliche Rolle bei der Verfolgung und Verwaltung von Unternehmensverm\u00f6gen wie Maschinen, Werkzeugen und B\u00fcroausstattung. Sie erm\u00f6glichen eine schnelle und genaue Identifizierung und \u00dcberpr\u00fcfung von Verm\u00f6genswerten und verringern so das Risiko von Verlust, Diebstahl oder Verlegung.<\/div>\n<\/li>\n<li>\n<div class=\"auto-hide-last-sibling-br paragraph_9dc5f paragraph-element\"><strong>Lieferkettenmanagement<\/strong>: NFC-Aufkleber dienen zur Verfolgung von Produkten in jeder Phase der Lieferkette. Dies sorgt f\u00fcr Transparenz und verhindert wirksam, dass gef\u00e4lschte Waren auf den Markt gelangen.<\/div>\n<\/li>\n<li>\n<div class=\"auto-hide-last-sibling-br paragraph_9dc5f paragraph-element\"><strong>Fahrzeugmanagement<\/strong>: Die Aufkleber werden bei der Verwaltung von Flottenfahrzeugen verwendet und bieten eine einfache M\u00f6glichkeit, die Bewegungen des Fahrzeugs zu verfolgen und zu \u00fcberwachen und so eine effiziente Routenoptimierung zu gew\u00e4hrleisten.<\/div>\n<\/li>\n<li>\n<div class=\"auto-hide-last-sibling-br paragraph_9dc5f paragraph-element\"><strong>Lagerverwaltung<\/strong>: Sie rationalisieren die Abl\u00e4ufe, indem sie eine Echtzeitverfolgung des Lagerbestands erm\u00f6glichen und so den Prozess der Lagerverwaltung sehr effizient gestalten.<\/div>\n<\/li>\n<li>\n<div class=\"auto-hide-last-sibling-br paragraph_9dc5f paragraph-element\"><strong>Produkt\u00fcberpr\u00fcfung<\/strong>: NFC-Aufkleber k\u00f6nnen zur Authentifizierung von Produkten verwendet werden und bieten eine einfache M\u00f6glichkeit, festzustellen, ob es sich bei einem Produkt um ein Original oder eine F\u00e4lschung handelt.<\/div>\n<\/li>\n<li>\n<div class=\"auto-hide-last-sibling-br paragraph_9dc5f paragraph-element\"><strong>Anlagenverfolgung<\/strong>: Sie vereinfachen die Verfolgung von Verm\u00f6genswerten in Echtzeit, was besonders bei hochwertigen Gegenst\u00e4nden oder wichtigen Ger\u00e4ten n\u00fctzlich ist, die h\u00e4ufig bewegt werden.<\/div>\n<\/li>\n<li>\n<div class=\"auto-hide-last-sibling-br paragraph_9dc5f paragraph-element\"><strong>Bestandsverwaltung<\/strong>: Die Aufkleber unterst\u00fctzen die Bestandsverwaltung in Lagern oder Einzelhandelsgesch\u00e4ften, indem sie manuelle Kontrollen reduzieren und eine genaue Z\u00e4hlung gew\u00e4hrleisten.<\/div>\n<\/li>\n<li>\n<div class=\"auto-hide-last-sibling-br paragraph_9dc5f paragraph-element\"><strong>Zahlung<\/strong>: NFC-Sticker kommen im bargeldlosen Zahlungsverkehr zum Einsatz und erm\u00f6glichen schnelles und sicheres Bezahlen per Fingertipp, zum Beispiel bei Bezahlsystemen per Armband.<\/div>\n<\/li>\n<li>\n<div class=\"auto-hide-last-sibling-br paragraph_9dc5f paragraph-element\"><strong>Soziale Medien<\/strong>: NFC-Sticker k\u00f6nnen so programmiert werden, dass sie Social-Media-Konten oder Hashtags starten und so ein nahtloses Social-Media-Erlebnis mit nur einer Ber\u00fchrung erm\u00f6glichen.<\/div>\n<\/li>\n<li>\n<div class=\"auto-hide-last-sibling-br paragraph_9dc5f paragraph-element\"><strong>Armb\u00e4nder<\/strong>: Wird bei Veranstaltungen verwendet, bei denen einfacher Zugang und sichere Zahlungen erforderlich sind, wie etwa Musikfestivals, Messen und Sportveranstaltungen.<\/div>\n<\/li>\n<\/ul>\n<div class=\"auto-hide-last-sibling-br paragraph_9dc5f paragraph-element\">Das oben Genannte ist nur ein kleiner Einblick in die Vielseitigkeit des Anti-Metal-NFC-Labels NXP Mifare 1k. Die M\u00f6glichkeiten sind endlos, und jede Anwendung ist darauf ausgelegt, mehr Effizienz, Sicherheit und Komfort zu bieten.<\/div>\n<div><\/div>\n<div>\n<p>Es sind auch RFID-Tags f\u00fcr Metall verf\u00fcgbar, die f\u00fcr die Verwendung auf Metallobjekten konzipiert sind. Diese Tags sind in der Regel mit einer speziellen Kleber\u00fcckseite oder Befestigungsmethode versehen, um eine ordnungsgem\u00e4\u00dfe und st\u00f6rungsfreie Befestigung an der Metalloberfl\u00e4che zu gew\u00e4hrleisten.<\/p>\n<p>Letztendlich h\u00e4ngt die Entscheidung zwischen der Verwendung eines Anti-Metall-RFID-Tags oder eines On-Metal-RFID-Tags von der jeweiligen Anwendung und der Art der Metalloberfl\u00e4che ab, auf der der Tag angebracht wird. Es ist wichtig, die Umgebung und die Anforderungen Ihres RFID-Systems sorgf\u00e4ltig zu ber\u00fccksichtigen, um eine optimale Leistung sicherzustellen.<\/p>\n<\/div>","protected":false},"excerpt":{"rendered":"<p>Anti-Metall-NFC-Etikett NXP Mifare 1k. Ein Anti-Metall-RFID-Tag ist speziell f\u00fcr die Montage auf Metalloberfl\u00e4chen konzipiert. Diese Tags bestehen aus einem speziellen Abschirmmaterial, das verhindert, dass das Metall die Funktionalit\u00e4t des Tags beeintr\u00e4chtigt. Dies erm\u00f6glicht ein zuverl\u00e4ssiges und genaues Lesen des RFID-Tags, selbst wenn es auf Metalloberfl\u00e4chen angebracht wird.<\/p>","protected":false},"featured_media":351,"template":"","meta":{"_kad_post_transparent":"default","_kad_post_title":"","_kad_post_layout":"default","_kad_post_sidebar_id":"","_kad_post_content_style":"default","_kad_post_vertical_padding":"default","_kad_post_feature":"","_kad_post_feature_position":"","_kad_post_header":false,"_kad_post_footer":false,"_kad_post_classname":""},"product_brand":[],"product_cat":[54],"product_tag":[152,145,144],"class_list":{"0":"post-350","1":"product","2":"type-product","3":"status-publish","4":"has-post-thumbnail","6":"product_cat-hot-selling-rfid-tags","7":"product_tag-anti-metal-nfc-label-nxp-mifare-1k","8":"product_tag-anti-metal-nfc-tag","9":"product_tag-anti-metal-rfid-nfc-sticker","11":"first","12":"instock","13":"shipping-taxable","14":"product-type-simple","15":"entry","16":"content-bg","17":"loop-entry"},"_links":{"self":[{"href":"https:\/\/rfid-laundry-tag.com\/de\/wp-json\/wp\/v2\/product\/350","targetHints":{"allow":["GET"]}}],"collection":[{"href":"https:\/\/rfid-laundry-tag.com\/de\/wp-json\/wp\/v2\/product"}],"about":[{"href":"https:\/\/rfid-laundry-tag.com\/de\/wp-json\/wp\/v2\/types\/product"}],"version-history":[{"count":0,"href":"https:\/\/rfid-laundry-tag.com\/de\/wp-json\/wp\/v2\/product\/350\/revisions"}],"wp:featuredmedia":[{"embeddable":true,"href":"https:\/\/rfid-laundry-tag.com\/de\/wp-json\/wp\/v2\/media\/351"}],"wp:attachment":[{"href":"https:\/\/rfid-laundry-tag.com\/de\/wp-json\/wp\/v2\/media?parent=350"}],"wp:term":[{"taxonomy":"product_brand","embeddable":true,"href":"https:\/\/rfid-laundry-tag.com\/de\/wp-json\/wp\/v2\/product_brand?post=350"},{"taxonomy":"product_cat","embeddable":true,"href":"https:\/\/rfid-laundry-tag.com\/de\/wp-json\/wp\/v2\/product_cat?post=350"},{"taxonomy":"product_tag","embeddable":true,"href":"https:\/\/rfid-laundry-tag.com\/de\/wp-json\/wp\/v2\/product_tag?post=350"}],"curies":[{"name":"wp","href":"https:\/\/api.w.org\/{rel}","templated":true}]}}