{"id":346,"date":"2024-06-28T09:57:16","date_gmt":"2024-06-28T09:57:16","guid":{"rendered":"https:\/\/rfid-laundry-tag.com\/?post_type=product&#038;p=346"},"modified":"2024-08-14T16:42:15","modified_gmt":"2024-08-14T16:42:15","slug":"iso14443a-on-duty-rfid-token","status":"publish","type":"product","link":"https:\/\/rfid-laundry-tag.com\/de\/iso14443a-on-duty-rfid-token\/","title":{"rendered":"ISO14443A On Duty RFID-Token Mifare 1k-Chip"},"content":{"rendered":"<h2>ISO14443A RFID-Token f\u00fcr den Dienst<\/h2>\n<h4>Robuster 13,56-MHz-Tag zur Anlagenverfolgung<\/h4>\n<p>Dieses schwarze ABS-Scheibenetikett ist eine zuverl\u00e4ssige Wahl f\u00fcr die Anlagenverfolgung und bietet ein robustes Design f\u00fcr anspruchsvolle Umgebungen.<\/p>\n<p><strong>Anpassung:<\/strong><\/p>\n<ul>\n<li>Wir bieten individuellen Siebdruck mit Ihren Angaben an. Kontaktieren Sie uns bez\u00fcglich Preis und Verf\u00fcgbarkeit.<\/li>\n<\/ul>\n<p><strong>Funktionen des On Duty RFID Token Mifare 1k-Chips:<\/strong><\/p>\n<ul>\n<li><strong>Durchmesser:<\/strong> 25 mm, 30 mm, 35 mm<\/li>\n<li><strong>Dicke:<\/strong> 2,3 mm, 2,5 mm, 3 mm, 4,5 mm usw. (+\/- 0,1 mm)<\/li>\n<li><strong>Loch:<\/strong>\u00a03,3 mm (+\/- 0,1 mm)<\/li>\n<li><strong>Material:<\/strong>\u00a0ABS, Ultraschallgeschwei\u00dft<\/li>\n<li><strong>Gewicht:<\/strong>\u00a02,0 g<\/li>\n<li><strong>Betriebstemperatur:<\/strong>\u00a0-25\u00b0C bis +70\u00b0C<\/li>\n<li><strong>Empfindlichkeit:<\/strong>\u00a027\u00a0Mikrot. RMS bei RT f\u00fcr Lesemodus bei 125\u00a0kHz<\/li>\n<\/ul>\n<p><strong>Mifare 1k S50 Classic \/ ISO14443A Eigenschaften:<\/strong><\/p>\n<ul>\n<li><strong>Betriebsfrequenz:<\/strong>\u00a013,56 MHz<\/li>\n<li><strong>Erinnerung:<\/strong>\u00a01 KB EEPROM Lesen\/Schreiben, organisiert als 16 Sektoren mit je 4 Bl\u00f6cken (je 16 Bytes)<\/li>\n<li><strong>Typische Transaktionszeit:<\/strong>\u00a0&lt;100 ms<\/li>\n<li><strong>Feste Seriennummer:<\/strong>\u00a0Eindeutig, 4 Byte<\/li>\n<li><strong>Ausdauer schreiben:<\/strong>\u00a0Mindestens 100.000 Zyklen<\/li>\n<\/ul>","protected":false},"excerpt":{"rendered":"<p>Dieser robuste schwarze ISO14443A On Duty RFID Token Mifare 1k-Chip ist Teil einer Reihe passiver, kontaktloser Transponder, die f\u00fcr eine zuverl\u00e4ssige Anlagenverfolgung entwickelt wurden. Entspricht dem Mifare 1k S50 Classic \/ ISO14443A-Standard und enth\u00e4lt eine eindeutige 4-Byte-Identifikationsnummer.<\/p>","protected":false},"featured_media":347,"template":"","meta":{"_kad_post_transparent":"default","_kad_post_title":"","_kad_post_layout":"default","_kad_post_sidebar_id":"","_kad_post_content_style":"default","_kad_post_vertical_padding":"default","_kad_post_feature":"","_kad_post_feature_position":"","_kad_post_header":false,"_kad_post_footer":false,"_kad_post_classname":""},"product_brand":[],"product_cat":[54],"product_tag":[150,126],"class_list":{"0":"post-346","1":"product","2":"type-product","3":"status-publish","4":"has-post-thumbnail","6":"product_cat-hot-selling-rfid-tags","7":"product_tag-iso14443a-on-duty-rfid-token-mifare-1k-chip","8":"product_tag-rfid-patrol-disc-tag","10":"first","11":"instock","12":"shipping-taxable","13":"product-type-simple","14":"entry","15":"content-bg","16":"loop-entry"},"_links":{"self":[{"href":"https:\/\/rfid-laundry-tag.com\/de\/wp-json\/wp\/v2\/product\/346","targetHints":{"allow":["GET"]}}],"collection":[{"href":"https:\/\/rfid-laundry-tag.com\/de\/wp-json\/wp\/v2\/product"}],"about":[{"href":"https:\/\/rfid-laundry-tag.com\/de\/wp-json\/wp\/v2\/types\/product"}],"version-history":[{"count":1,"href":"https:\/\/rfid-laundry-tag.com\/de\/wp-json\/wp\/v2\/product\/346\/revisions"}],"predecessor-version":[{"id":1332,"href":"https:\/\/rfid-laundry-tag.com\/de\/wp-json\/wp\/v2\/product\/346\/revisions\/1332"}],"wp:featuredmedia":[{"embeddable":true,"href":"https:\/\/rfid-laundry-tag.com\/de\/wp-json\/wp\/v2\/media\/347"}],"wp:attachment":[{"href":"https:\/\/rfid-laundry-tag.com\/de\/wp-json\/wp\/v2\/media?parent=346"}],"wp:term":[{"taxonomy":"product_brand","embeddable":true,"href":"https:\/\/rfid-laundry-tag.com\/de\/wp-json\/wp\/v2\/product_brand?post=346"},{"taxonomy":"product_cat","embeddable":true,"href":"https:\/\/rfid-laundry-tag.com\/de\/wp-json\/wp\/v2\/product_cat?post=346"},{"taxonomy":"product_tag","embeddable":true,"href":"https:\/\/rfid-laundry-tag.com\/de\/wp-json\/wp\/v2\/product_tag?post=346"}],"curies":[{"name":"wp","href":"https:\/\/api.w.org\/{rel}","templated":true}]}}